{"id":119,"date":"2025-06-23T10:56:01","date_gmt":"2025-06-23T10:56:01","guid":{"rendered":"https:\/\/ktvwd.com\/au\/?page_id=119"},"modified":"2025-09-15T04:07:44","modified_gmt":"2025-09-15T04:07:44","slug":"about","status":"publish","type":"page","link":"https:\/\/ktvworkingdrone.com\/se\/about\/","title":{"rendered":"About"},"content":{"rendered":"\t\t<div data-elementor-type=\"wp-page\" data-elementor-id=\"119\" class=\"elementor elementor-119\" data-elementor-post-type=\"page\">\n\t\t\t\t<div class=\"elementor-element elementor-element-3ccbcb40 e-flex e-con-boxed e-con e-parent\" data-id=\"3ccbcb40\" data-element_type=\"container\" data-e-type=\"container\" data-settings=\"{&quot;background_background&quot;:&quot;classic&quot;,&quot;background_motion_fx_motion_fx_scrolling&quot;:&quot;yes&quot;,&quot;background_motion_fx_translateY_effect&quot;:&quot;yes&quot;,&quot;background_motion_fx_translateY_direction&quot;:&quot;negative&quot;,&quot;background_motion_fx_translateY_speed&quot;:{&quot;unit&quot;:&quot;px&quot;,&quot;size&quot;:7.5,&quot;sizes&quot;:[]},&quot;background_motion_fx_translateY_affectedRange&quot;:{&quot;unit&quot;:&quot;%&quot;,&quot;size&quot;:&quot;&quot;,&quot;sizes&quot;:{&quot;start&quot;:0,&quot;end&quot;:100}},&quot;background_motion_fx_devices&quot;:[&quot;desktop&quot;,&quot;tablet&quot;,&quot;mobile&quot;]}\">\n\t\t\t\t\t<div class=\"e-con-inner\">\n\t\t<div class=\"elementor-element elementor-element-324d77be e-con-full e-flex e-con e-child\" data-id=\"324d77be\" data-element_type=\"container\" data-e-type=\"container\">\n\t\t\t\t<div class=\"elementor-element elementor-element-0e8aa88 elementor-widget elementor-widget-heading\" data-id=\"0e8aa88\" data-element_type=\"widget\" data-e-type=\"widget\" data-widget_type=\"heading.default\">\n\t\t\t\t<div class=\"elementor-widget-container\">\n\t\t\t\t\t<h1 class=\"elementor-heading-title elementor-size-default\">Om oss\n<\/h1>\t\t\t\t<\/div>\n\t\t\t\t<\/div>\n\t\t\t\t<div class=\"elementor-element elementor-element-6a3ee961 elementor-widget elementor-widget-heading\" data-id=\"6a3ee961\" data-element_type=\"widget\" data-e-type=\"widget\" data-widget_type=\"heading.default\">\n\t\t\t\t<div class=\"elementor-widget-container\">\n\t\t\t\t\t<h1 class=\"elementor-heading-title elementor-size-default\">P\u00e5 KTV Working Drone \u00e4r v\u00e5rt fr\u00e4msta m\u00e5l att g\u00f6ra en positiv skillnad och f\u00f6rb\u00e4ttra m\u00e4nniskors dagliga arbetsmilj\u00f6.<\/h1>\t\t\t\t<\/div>\n\t\t\t\t<\/div>\n\t\t\t\t<div class=\"elementor-element elementor-element-62ccd76 elementor-widget__width-inherit elementor-widget elementor-widget-text-editor\" data-id=\"62ccd76\" data-element_type=\"widget\" data-e-type=\"widget\" data-widget_type=\"text-editor.default\">\n\t\t\t\t<div class=\"elementor-widget-container\">\n\t\t\t\t\t\t\t\t\t<p>Vi \u00e4r engagerade i att fr\u00e4mja s\u00e4kerhet och v\u00e4lbefinnande f\u00f6r dem som arbetar p\u00e5 h\u00f6jd \u2013 s\u00e5som liftoperat\u00f6rer, st\u00e4llningsbyggare och fasadkl\u00e4ttrare. Dessa fysiskt kr\u00e4vande yrken leder ofta till belastningsskador och inneb\u00e4r betydande risker varje dag.<br \/>Vi \u00e4r dedikerade till att st\u00f6tta denna yrkesgrupp och f\u00f6rb\u00e4ttra deras arbetsvillkor genom v\u00e5ra innovativa dr\u00f6narbaserade l\u00f6sningar.<\/p>\t\t\t\t\t\t\t\t<\/div>\n\t\t\t\t<\/div>\n\t\t\t\t<\/div>\n\t\t\t\t\t<\/div>\n\t\t\t\t<\/div>\n\t\t<div class=\"elementor-element elementor-element-713adac e-flex e-con-boxed e-con e-child\" data-id=\"713adac\" data-element_type=\"container\" data-e-type=\"container\" data-settings=\"{&quot;background_background&quot;:&quot;classic&quot;}\">\n\t\t\t\t\t<div class=\"e-con-inner\">\n\t\t<div class=\"elementor-element elementor-element-5306d65 e-con-full e-flex e-con e-child\" data-id=\"5306d65\" data-element_type=\"container\" data-e-type=\"container\" data-settings=\"{&quot;background_background&quot;:&quot;classic&quot;,&quot;background_motion_fx_motion_fx_scrolling&quot;:&quot;yes&quot;,&quot;background_motion_fx_translateY_effect&quot;:&quot;yes&quot;,&quot;background_motion_fx_translateY_speed&quot;:{&quot;unit&quot;:&quot;px&quot;,&quot;size&quot;:2,&quot;sizes&quot;:[]},&quot;background_motion_fx_translateY_affectedRange&quot;:{&quot;unit&quot;:&quot;%&quot;,&quot;size&quot;:&quot;&quot;,&quot;sizes&quot;:{&quot;start&quot;:0,&quot;end&quot;:100}},&quot;background_motion_fx_devices&quot;:[&quot;desktop&quot;,&quot;tablet&quot;,&quot;mobile&quot;]}\">\n\t\t\t\t<\/div>\n\t\t<div class=\"elementor-element elementor-element-a7f12c1 e-con-full e-flex e-con e-child\" data-id=\"a7f12c1\" data-element_type=\"container\" data-e-type=\"container\">\n\t\t\t\t<div class=\"elementor-element elementor-element-9300e28 elementor-widget__width-inherit elementor-widget elementor-widget-heading\" data-id=\"9300e28\" data-element_type=\"widget\" data-e-type=\"widget\" data-widget_type=\"heading.default\">\n\t\t\t\t<div class=\"elementor-widget-container\">\n\t\t\t\t\t<div class=\"elementor-heading-title elementor-size-default\">KTV Working Drone<\/div>\t\t\t\t<\/div>\n\t\t\t\t<\/div>\n\t\t\t\t<div class=\"elementor-element elementor-element-d367c3c elementor-widget elementor-widget-heading\" data-id=\"d367c3c\" data-element_type=\"widget\" data-e-type=\"widget\" data-widget_type=\"heading.default\">\n\t\t\t\t<div class=\"elementor-widget-container\">\n\t\t\t\t\t<h1 class=\"elementor-heading-title elementor-size-default\">V\u00e5r historia\n<\/h1>\t\t\t\t<\/div>\n\t\t\t\t<\/div>\n\t\t\t\t<div class=\"elementor-element elementor-element-f39802b elementor-widget elementor-widget-heading\" data-id=\"f39802b\" data-element_type=\"widget\" data-e-type=\"widget\" data-widget_type=\"heading.default\">\n\t\t\t\t<div class=\"elementor-widget-container\">\n\t\t\t\t\t<h2 class=\"elementor-heading-title elementor-size-default\">Om grundaren och utvecklingen av reng\u00f6ringsbranschen<\/h2>\t\t\t\t<\/div>\n\t\t\t\t<\/div>\n\t\t\t\t<div class=\"elementor-element elementor-element-aa3ec1d elementor-widget elementor-widget-text-editor\" data-id=\"aa3ec1d\" data-element_type=\"widget\" data-e-type=\"widget\" data-widget_type=\"text-editor.default\">\n\t\t\t\t<div class=\"elementor-widget-container\">\n\t\t\t\t\t\t\t\t\t<p><strong>Kennet Nilsen grundade KTV 1992, och sedan dess har f\u00f6retaget utvecklats till en ledande leverant\u00f6r av fasad- och f\u00f6nsterreng\u00f6ringstj\u00e4nster, med \u00f6ver tre decenniers erfarenhet.<\/strong><\/p><p>I takt med att f\u00f6retaget v\u00e4xte breddades tj\u00e4nsteutbudet f\u00f6r att \u00e4ven omfatta offshore- och landbaserade industrier, med fokus p\u00e5 professionell reng\u00f6ring och ytbehandling. Detta lade grunden till utvecklingen av KTV Working Drone \u2013 en banbrytande dr\u00f6narbaserad l\u00f6sning designad f\u00f6r att betj\u00e4na en bred skara industrier.<\/p><p>\u00c5r 2022 etablerade sig KTV Working Drone som en pionj\u00e4r inom fasad- och f\u00f6nsterreng\u00f6ring. Teamet har under flera \u00e5r utvecklat avancerad utrustning, toppmoderna system och effektiva rutiner f\u00f6r att kunna erbjuda kunder \u00f6ver hela v\u00e4rlden en s\u00e4krare och mer enhetlig l\u00f6sning. Stor vikt har lagts vid att s\u00e4kerst\u00e4lla h\u00f6g servicekvalitet i alla l\u00e4nder d\u00e4r vi verkar, och vi str\u00e4var kontinuerligt efter att leverera excellens i allt vi g\u00f6r.<\/p><p>Forskning och utveckling \u00e4r k\u00e4rnan i KTV Working Drones verksamhet. Vi \u00e4r dedikerade till att st\u00e4ndigt utveckla v\u00e5r teknologi och arbetar n\u00e4ra v\u00e5ra partners f\u00f6r att n\u00e5 detta m\u00e5l. Vi erk\u00e4nner den avg\u00f6rande roll som v\u00e5ra partners spelar i v\u00e5r utveckling och \u00e4r \u00f6vertygade om att delade erfarenheter \u00e4r nyckeln till gemensam tillv\u00e4xt. N\u00e4r vi forts\u00e4tter att expandera v\u00e5r n\u00e4rvaro globalt, f\u00f6rblir vi fast beslutna att dra nytta av v\u00e5ra partners expertis f\u00f6r att ytterligare st\u00e4rka v\u00e5ra f\u00f6rm\u00e5gor.<\/p>\t\t\t\t\t\t\t\t<\/div>\n\t\t\t\t<\/div>\n\t\t\t\t<\/div>\n\t\t\t\t\t<\/div>\n\t\t\t\t<\/div>\n\t\t<div class=\"elementor-element elementor-element-35deff6a e-flex e-con-boxed e-con e-child\" data-id=\"35deff6a\" data-element_type=\"container\" data-e-type=\"container\" data-settings=\"{&quot;background_background&quot;:&quot;classic&quot;}\">\n\t\t\t\t\t<div class=\"e-con-inner\">\n\t\t<div class=\"elementor-element elementor-element-7af4db00 e-con-full e-flex e-con e-child\" data-id=\"7af4db00\" data-element_type=\"container\" data-e-type=\"container\">\n\t\t\t\t<div class=\"elementor-element elementor-element-769d2840 elementor-widget__width-inherit elementor-widget elementor-widget-heading\" data-id=\"769d2840\" data-element_type=\"widget\" data-e-type=\"widget\" data-widget_type=\"heading.default\">\n\t\t\t\t<div class=\"elementor-widget-container\">\n\t\t\t\t\t<div class=\"elementor-heading-title elementor-size-default\">V\u00e4rldens f\u00f6rsta arbetande dr\u00f6nare\n<\/div>\t\t\t\t<\/div>\n\t\t\t\t<\/div>\n\t\t\t\t<div class=\"elementor-element elementor-element-60fdaf22 elementor-widget elementor-widget-heading\" data-id=\"60fdaf22\" data-element_type=\"widget\" data-e-type=\"widget\" data-widget_type=\"heading.default\">\n\t\t\t\t<div class=\"elementor-widget-container\">\n\t\t\t\t\t<h2 class=\"elementor-heading-title elementor-size-default\">S\u00e4tter standarden f\u00f6r arbetsdr\u00f6nare<\/h2>\t\t\t\t<\/div>\n\t\t\t\t<\/div>\n\t\t\t\t<div class=\"elementor-element elementor-element-2234112 elementor-widget elementor-widget-text-editor\" data-id=\"2234112\" data-element_type=\"widget\" data-e-type=\"widget\" data-widget_type=\"text-editor.default\">\n\t\t\t\t<div class=\"elementor-widget-container\">\n\t\t\t\t\t\t\t\t\t<p><strong>KTV Working Drone v\u00e4xte fram ur KTV Group, som grundades 1992 av Kennet Nilsen. Med mer \u00e4n 30 \u00e5rs erfarenhet av fasad- och f\u00f6nsterreng\u00f6ring har KTV Group byggt upp en stark expertis och ett internationellt renomm\u00e9 inom sitt omr\u00e5de.<\/strong><\/p><p>Id\u00e9n om att utveckla en innovativ och effektiv metod f\u00f6r fasad- och f\u00f6nsterreng\u00f6ring f\u00f6ddes 2015. Det kr\u00e4vdes omfattande anpassningar f\u00f6r att dr\u00f6naren skulle fungera kommersiellt, men resultatet blev en unik dr\u00f6nare med specialanpassad monteringsutrustning och skr\u00e4ddarsydd reng\u00f6ringsteknik. Dessutom utvecklades en patents\u00f6kt s\u00e4kerhetsl\u00f6sning som f\u00f6rhindrar att dr\u00f6naren faller under drift.<\/p><p>Dr\u00f6naren har genomg\u00e5tt omfattande tester och kommersialiserats f\u00f6r f\u00f6nster- och fasadreng\u00f6ring, och har sedan 2020 anv\u00e4nts operativt av KTV Group i Norge.<\/p><p>\u00c5r 2022 var KTV Working Drone redo f\u00f6r lansering, och kommersialiseringsprocessen tog fart. Idag \u00e4r KTV Working Drone etablerad n\u00e4stan \u00f6ver hela v\u00e4rlden och v\u00e5rt partnern\u00e4tverk v\u00e4xer snabbt.<\/p><p>Framtiden erbjuder stora m\u00f6jligheter f\u00f6r vidareutveckling. Vi ser framf\u00f6r oss att v\u00e5ra dr\u00f6nare snart kan utf\u00f6ra mindre reparationer, specialinspektioner och \u00e4ven avancerad ytbehandling.<\/p>\t\t\t\t\t\t\t\t<\/div>\n\t\t\t\t<\/div>\n\t\t\t\t<\/div>\n\t\t\t\t<div class=\"elementor-element elementor-element-72f4a6b6 elementor-widget__width-inherit elementor-widget elementor-widget-image\" data-id=\"72f4a6b6\" data-element_type=\"widget\" data-e-type=\"widget\" data-widget_type=\"image.default\">\n\t\t\t\t<div class=\"elementor-widget-container\">\n\t\t\t\t\t\t\t\t\t\t\t\t\t\t\t<img fetchpriority=\"high\" decoding=\"async\" width=\"1080\" height=\"1080\" src=\"https:\/\/ktvworkingdrone.com\/se\/wp-content\/uploads\/sites\/437\/2025\/07\/lovaasen_400_8_2.jpg\" class=\"attachment-full size-full wp-image-2586\" alt=\"Image of KTV Working Drone\" srcset=\"https:\/\/ktvworkingdrone.com\/se\/wp-content\/uploads\/sites\/437\/2025\/07\/lovaasen_400_8_2.jpg 1080w, https:\/\/ktvworkingdrone.com\/se\/wp-content\/uploads\/sites\/437\/2025\/07\/lovaasen_400_8_2-300x300.jpg 300w, https:\/\/ktvworkingdrone.com\/se\/wp-content\/uploads\/sites\/437\/2025\/07\/lovaasen_400_8_2-1024x1024.jpg 1024w, https:\/\/ktvworkingdrone.com\/se\/wp-content\/uploads\/sites\/437\/2025\/07\/lovaasen_400_8_2-150x150.jpg 150w, https:\/\/ktvworkingdrone.com\/se\/wp-content\/uploads\/sites\/437\/2025\/07\/lovaasen_400_8_2-768x768.jpg 768w\" sizes=\"(max-width: 1080px) 100vw, 1080px\" \/>\t\t\t\t\t\t\t\t\t\t\t\t\t\t\t<\/div>\n\t\t\t\t<\/div>\n\t\t\t\t\t<\/div>\n\t\t\t\t<\/div>\n\t\t<div class=\"elementor-element elementor-element-2c50860 e-flex e-con-boxed e-con e-child\" data-id=\"2c50860\" data-element_type=\"container\" data-e-type=\"container\" data-settings=\"{&quot;background_background&quot;:&quot;classic&quot;}\">\n\t\t\t\t\t<div class=\"e-con-inner\">\n\t\t<div class=\"elementor-element elementor-element-a8142db e-con-full e-flex e-con e-child\" data-id=\"a8142db\" data-element_type=\"container\" data-e-type=\"container\">\n\t\t\t\t<div class=\"elementor-element elementor-element-d578baa elementor-widget elementor-widget-heading\" data-id=\"d578baa\" data-element_type=\"widget\" data-e-type=\"widget\" data-widget_type=\"heading.default\">\n\t\t\t\t<div class=\"elementor-widget-container\">\n\t\t\t\t\t<div class=\"elementor-heading-title elementor-size-default\">M\u00e5nga f\u00f6rdelar med att anv\u00e4nda KTV Working Drone\n<\/div>\t\t\t\t<\/div>\n\t\t\t\t<\/div>\n\t\t\t\t<div class=\"elementor-element elementor-element-8ba04fe elementor-widget elementor-widget-heading\" data-id=\"8ba04fe\" data-element_type=\"widget\" data-e-type=\"widget\" data-widget_type=\"heading.default\">\n\t\t\t\t<div class=\"elementor-widget-container\">\n\t\t\t\t\t<h2 class=\"elementor-heading-title elementor-size-default\">H\u00e5llbarhet<\/h2>\t\t\t\t<\/div>\n\t\t\t\t<\/div>\n\t\t\t\t<div class=\"elementor-element elementor-element-3f37e6c elementor-widget elementor-widget-text-editor\" data-id=\"3f37e6c\" data-element_type=\"widget\" data-e-type=\"widget\" data-widget_type=\"text-editor.default\">\n\t\t\t\t<div class=\"elementor-widget-container\">\n\t\t\t\t\t\t\t\t\t<p><strong>V\u00e5r teknik \u00e4r utformad f\u00f6r att ta bort personal fr\u00e5n riskfyllda arbetsmilj\u00f6er och eliminerar behovet av st\u00e4llningar och skylifts.<\/strong><br \/><strong>I de flesta fall minskar den totala tiden f\u00f6r arbetet avsev\u00e4rt.<\/strong><\/p><p>Vi har \u00e4ven utvecklat KTV PowerCleaner, en h\u00f6gtryckstv\u00e4tt som drivs helt av batteri och \u00e4r 100 % elektrisk. Denna maskin \u00e4r unik i sin klass och \u00e4r utrustad med ett rentvattensystem som minimerar behovet av kemikalier och d\u00e4rmed minskar milj\u00f6p\u00e5verkan.<\/p>\t\t\t\t\t\t\t\t<\/div>\n\t\t\t\t<\/div>\n\t\t\t\t<\/div>\n\t\t<div class=\"elementor-element elementor-element-7eb44f9 e-con-full e-flex e-con e-child\" data-id=\"7eb44f9\" data-element_type=\"container\" data-e-type=\"container\">\n\t\t<div class=\"elementor-element elementor-element-5c62223 e-con-full e-flex e-con e-child\" data-id=\"5c62223\" data-element_type=\"container\" data-e-type=\"container\">\n\t\t\t\t<div class=\"elementor-element elementor-element-bae15b3 elementor-widget elementor-widget-text-editor\" data-id=\"bae15b3\" data-element_type=\"widget\" data-e-type=\"widget\" data-widget_type=\"text-editor.default\">\n\t\t\t\t<div class=\"elementor-widget-container\">\n\t\t\t\t\t\t\t\t\t<h3><strong>H\u00e5llbara reng\u00f6ringsmetoder<\/strong><\/h3><p><strong>V\u00e5ra reng\u00f6ringsmetoder utvecklades redan 2015 med ett tydligt fokus p\u00e5 h\u00e5llbarhet och ytskydd. M\u00e5let \u00e4r att s\u00e4nka vatten\u00adtrycket vid reng\u00f6ring och undvika all mekanisk kontakt med ytor.<\/strong><\/p><p>KTV SelfCleaner och KTV WindowCleaner \u00e4r system som \u00e4r utformade f\u00f6r att bevara fasader och f\u00f6nster \u00f6ver tid \u2013 de f\u00f6rhindrar ytskador samtidigt som de s\u00e4kerst\u00e4ller renhet.<\/p><p>Byggnader och infrastruktur inom fastighet, olje- och gasindustrin, energi och offentlig sektor har ofta livscykler p\u00e5 \u00f6ver 100 \u00e5r. D\u00e4rf\u00f6r \u00e4r valet av underh\u00e5llsmetoder avg\u00f6rande f\u00f6r h\u00e5llbarheten.<\/p><p>Vi f\u00f6rst\u00e5r vikten av l\u00e5ngsiktigt underh\u00e5ll, och v\u00e5ra l\u00f6sningar \u00e4r bland de mest h\u00e5llbara metoder som finns tillg\u00e4ngliga idag.<\/p>\t\t\t\t\t\t\t\t<\/div>\n\t\t\t\t<\/div>\n\t\t\t\t<\/div>\n\t\t<div class=\"elementor-element elementor-element-dd3df47 e-con-full e-flex e-con e-child\" data-id=\"dd3df47\" data-element_type=\"container\" data-e-type=\"container\">\n\t\t\t\t<div class=\"elementor-element elementor-element-55e29c6 elementor-widget elementor-widget-text-editor\" data-id=\"55e29c6\" data-element_type=\"widget\" data-e-type=\"widget\" data-widget_type=\"text-editor.default\">\n\t\t\t\t<div class=\"elementor-widget-container\">\n\t\t\t\t\t\t\t\t\t<h3><strong>Digital compliance &amp; dokumentation<\/strong><\/h3><p><span data-sheets-root=\"1\">V\u00e5rt Bluetag CRM-system \u00e4r fullt kompatibelt med ISO 14001, ISO 45001 och ISO 9001.<br \/><br \/>Alla uppdrag och projekt dokumenteras med checklistor, riskbed\u00f6mningar, rapporter och bilder.<br \/><br \/>Denna dokumentation \u00e4r tillg\u00e4nglig online f\u00f6r kunder redan fr\u00e5n projektets start, vilket s\u00e4kerst\u00e4ller transparens, sp\u00e5rbarhet och kvalitetskontroll i varje steg.<\/span><\/p>\t\t\t\t\t\t\t\t<\/div>\n\t\t\t\t<\/div>\n\t\t\t\t<\/div>\n\t\t\t\t<\/div>\n\t\t\t\t\t<\/div>\n\t\t\t\t<\/div>\n\t\t<div class=\"elementor-element elementor-element-1b3d2a2 e-flex e-con-boxed e-con e-parent\" data-id=\"1b3d2a2\" data-element_type=\"container\" data-e-type=\"container\" data-settings=\"{&quot;background_background&quot;:&quot;classic&quot;}\">\n\t\t\t\t\t<div class=\"e-con-inner\">\n\t\t<div class=\"elementor-element elementor-element-9116d19 e-con-full e-flex e-con e-child\" data-id=\"9116d19\" data-element_type=\"container\" data-e-type=\"container\" data-settings=\"{&quot;background_background&quot;:&quot;classic&quot;,&quot;background_motion_fx_motion_fx_scrolling&quot;:&quot;yes&quot;,&quot;background_motion_fx_translateX_effect&quot;:&quot;yes&quot;,&quot;background_motion_fx_translateX_speed&quot;:{&quot;unit&quot;:&quot;px&quot;,&quot;size&quot;:2.5,&quot;sizes&quot;:[]},&quot;background_motion_fx_translateX_affectedRange&quot;:{&quot;unit&quot;:&quot;%&quot;,&quot;size&quot;:&quot;&quot;,&quot;sizes&quot;:{&quot;start&quot;:0,&quot;end&quot;:100}},&quot;background_motion_fx_devices&quot;:[&quot;desktop&quot;,&quot;tablet&quot;,&quot;mobile&quot;]}\">\n\t\t\t\t<div class=\"elementor-element elementor-element-837f121 elementor-widget elementor-widget-heading\" data-id=\"837f121\" data-element_type=\"widget\" data-e-type=\"widget\" data-widget_type=\"heading.default\">\n\t\t\t\t<div class=\"elementor-widget-container\">\n\t\t\t\t\t<h2 class=\"elementor-heading-title elementor-size-default\">Framtida utveckling\n<\/h2>\t\t\t\t<\/div>\n\t\t\t\t<\/div>\n\t\t\t\t<div class=\"elementor-element elementor-element-3b58751 elementor-widget elementor-widget-heading\" data-id=\"3b58751\" data-element_type=\"widget\" data-e-type=\"widget\" data-widget_type=\"heading.default\">\n\t\t\t\t<div class=\"elementor-widget-container\">\n\t\t\t\t\t<h2 class=\"elementor-heading-title elementor-size-default\">Vad \u00e4r n\u00e4sta steg<\/h2>\t\t\t\t<\/div>\n\t\t\t\t<\/div>\n\t\t\t\t<\/div>\n\t\t<div class=\"elementor-element elementor-element-fb151a5 e-con-full e-flex e-con e-child\" data-id=\"fb151a5\" data-element_type=\"container\" data-e-type=\"container\" data-settings=\"{&quot;background_background&quot;:&quot;classic&quot;}\">\n\t\t\t\t<div class=\"elementor-element elementor-element-c8bc14c elementor-widget elementor-widget-text-editor\" data-id=\"c8bc14c\" data-element_type=\"widget\" data-e-type=\"widget\" data-widget_type=\"text-editor.default\">\n\t\t\t\t<div class=\"elementor-widget-container\">\n\t\t\t\t\t\t\t\t\t<ul><li><strong>Sprutm\u00e5lning<\/strong><br \/>Med fortsatt utveckling, ut\u00f6kade tester och nya partnerskap med f\u00e4rgtillverkare n\u00e4rmar vi oss den slutliga testfasen.<\/li><li><strong>H\u00f6gre h\u00f6jder<\/strong><br \/>P\u00e5 KTV Working Drone \u00e4r vi stolta \u00f6ver att kunna erbjuda innovativ teknologi som g\u00f6r det m\u00f6jligt f\u00f6r v\u00e5ra dr\u00f6nare att s\u00e4kert utf\u00f6ra uppgifter p\u00e5 h\u00f6jder upp till 600 meter (2000 fot) och \u00e4nnu h\u00f6gre. V\u00e5rt patenterade taks\u00e4kerhetssystem garanterar s\u00e4kerheten f\u00f6r b\u00e5de dr\u00f6naren och de som befinner sig p\u00e5 marken. Vi tror att m\u00f6jligheterna f\u00f6r v\u00e5ra dr\u00f6nare \u00e4r o\u00e4ndliga och \u00e4r dedikerade till att st\u00e4ndigt t\u00e4nja p\u00e5 gr\u00e4nserna f\u00f6r vad som \u00e4r m\u00f6jligt.<\/li><li><strong>Autonoma dr\u00f6nare<\/strong><br \/>Vi arbetar m\u00e5lmedvetet f\u00f6r att g\u00f6ra det m\u00f6jligt f\u00f6r dr\u00f6naren att utf\u00f6ra uppgifter helt autonomt. Detta \u00e4r redan uppn\u00e5tt f\u00f6r enklare fasader, d\u00e4r dr\u00f6naren kan arbeta utan pilot. V\u00e5rt m\u00e5l \u00e4r att l\u00f6sa detta \u00e4ven f\u00f6r komplexa byggnader och strukturer.<\/li><li><strong>Fj\u00e4rrstyrda kontrollrum<\/strong><br \/>Som en del av v\u00e5ra planer avser vi att etablera kontrollrum f\u00f6r dr\u00f6narpiloter, vilket g\u00f6r det m\u00f6jligt att operera dr\u00f6nare globalt via Internet. Denna utveckling kommer att ge dr\u00f6narpiloter m\u00f6jlighet att erbjuda fj\u00e4rrsupport, utf\u00f6ra specialiserade uppdrag, arbeta \u00e4nnu s\u00e4krare och leverera tj\u00e4nster i v\u00e4rldsklass \u2013 var som helst ifr\u00e5n.<\/li><\/ul>\t\t\t\t\t\t\t\t<\/div>\n\t\t\t\t<\/div>\n\t\t\t\t<div class=\"elementor-element elementor-element-87473ee elementor-widget elementor-widget-spacer\" data-id=\"87473ee\" data-element_type=\"widget\" data-e-type=\"widget\" data-widget_type=\"spacer.default\">\n\t\t\t\t<div class=\"elementor-widget-container\">\n\t\t\t\t\t\t\t<div class=\"elementor-spacer\">\n\t\t\t<div class=\"elementor-spacer-inner\"><\/div>\n\t\t<\/div>\n\t\t\t\t\t\t<\/div>\n\t\t\t\t<\/div>\n\t\t\t\t<\/div>\n\t\t\t\t\t<\/div>\n\t\t\t\t<\/div>\n\t\t\t\t<\/div>\n\t\t","protected":false},"excerpt":{"rendered":"<p>Learn about KTV Working Drone, the company behind innovative drone cleaning solutions for buildings, infrastructure and industrial projects.<\/p>\n","protected":false},"author":9,"featured_media":1316,"parent":0,"menu_order":0,"comment_status":"closed","ping_status":"closed","template":"","meta":{"_seopress_robots_primary_cat":"","_seopress_titles_title":"About us | KTV Working Drone","_seopress_titles_desc":"Learn about KTV Working Drone, the company behind innovative drone cleaning solutions for buildings, infrastructure and industrial projects.","_seopress_robots_index":"","footnotes":""},"class_list":["post-119","page","type-page","status-publish","has-post-thumbnail","hentry"],"_links":{"self":[{"href":"https:\/\/ktvworkingdrone.com\/se\/wp-json\/wp\/v2\/pages\/119","targetHints":{"allow":["GET"]}}],"collection":[{"href":"https:\/\/ktvworkingdrone.com\/se\/wp-json\/wp\/v2\/pages"}],"about":[{"href":"https:\/\/ktvworkingdrone.com\/se\/wp-json\/wp\/v2\/types\/page"}],"author":[{"embeddable":true,"href":"https:\/\/ktvworkingdrone.com\/se\/wp-json\/wp\/v2\/users\/9"}],"replies":[{"embeddable":true,"href":"https:\/\/ktvworkingdrone.com\/se\/wp-json\/wp\/v2\/comments?post=119"}],"version-history":[{"count":22,"href":"https:\/\/ktvworkingdrone.com\/se\/wp-json\/wp\/v2\/pages\/119\/revisions"}],"predecessor-version":[{"id":8752,"href":"https:\/\/ktvworkingdrone.com\/se\/wp-json\/wp\/v2\/pages\/119\/revisions\/8752"}],"wp:featuredmedia":[{"embeddable":true,"href":"https:\/\/ktvworkingdrone.com\/se\/wp-json\/wp\/v2\/media\/1316"}],"wp:attachment":[{"href":"https:\/\/ktvworkingdrone.com\/se\/wp-json\/wp\/v2\/media?parent=119"}],"curies":[{"name":"wp","href":"https:\/\/api.w.org\/{rel}","templated":true}]}}