{"id":113,"date":"2025-06-23T10:56:16","date_gmt":"2025-06-23T10:56:16","guid":{"rendered":"https:\/\/ktvwd.com\/au\/?page_id=113"},"modified":"2025-09-11T06:57:51","modified_gmt":"2025-09-11T06:57:51","slug":"safety","status":"publish","type":"page","link":"https:\/\/ktvworkingdrone.com\/se\/safety\/","title":{"rendered":"Safety"},"content":{"rendered":"\t\t<div data-elementor-type=\"wp-page\" data-elementor-id=\"113\" class=\"elementor elementor-113\" data-elementor-post-type=\"page\">\n\t\t\t\t<div class=\"elementor-element elementor-element-7cb154c e-flex e-con-boxed e-con e-parent\" data-id=\"7cb154c\" data-element_type=\"container\" data-e-type=\"container\" data-settings=\"{&quot;background_background&quot;:&quot;classic&quot;,&quot;background_motion_fx_motion_fx_scrolling&quot;:&quot;yes&quot;,&quot;background_motion_fx_translateY_effect&quot;:&quot;yes&quot;,&quot;background_motion_fx_translateY_direction&quot;:&quot;negative&quot;,&quot;background_motion_fx_translateY_speed&quot;:{&quot;unit&quot;:&quot;px&quot;,&quot;size&quot;:7.5,&quot;sizes&quot;:[]},&quot;background_motion_fx_translateY_affectedRange&quot;:{&quot;unit&quot;:&quot;%&quot;,&quot;size&quot;:&quot;&quot;,&quot;sizes&quot;:{&quot;start&quot;:0,&quot;end&quot;:100}},&quot;background_motion_fx_devices&quot;:[&quot;desktop&quot;,&quot;tablet&quot;,&quot;mobile&quot;]}\">\n\t\t\t\t\t<div class=\"e-con-inner\">\n\t\t<div class=\"elementor-element elementor-element-eb84d2c e-con-full e-flex e-con e-child\" data-id=\"eb84d2c\" data-element_type=\"container\" data-e-type=\"container\">\n\t\t\t\t<div class=\"elementor-element elementor-element-8aa4843 elementor-widget elementor-widget-heading\" data-id=\"8aa4843\" data-element_type=\"widget\" data-e-type=\"widget\" data-widget_type=\"heading.default\">\n\t\t\t\t<div class=\"elementor-widget-container\">\n\t\t\t\t\t<h1 class=\"elementor-heading-title elementor-size-default\">S\u00e4kerheten alltid f\u00f6rst<span style=\"letter-spacing: -1.12px\"><\/span><\/h1>\t\t\t\t<\/div>\n\t\t\t\t<\/div>\n\t\t\t\t<div class=\"elementor-element elementor-element-dab0597 elementor-widget__width-inherit elementor-widget elementor-widget-text-editor\" data-id=\"dab0597\" data-element_type=\"widget\" data-e-type=\"widget\" data-widget_type=\"text-editor.default\">\n\t\t\t\t<div class=\"elementor-widget-container\">\n\t\t\t\t\t\t\t\t\t<p>P\u00e5 KTV Working Drone \u00e4r s\u00e4kerhet v\u00e5r h\u00f6gsta prioritet. Vi \u00e4r fullt engagerade i att uppr\u00e4tth\u00e5lla en trygg och s\u00e4ker milj\u00f6 f\u00f6r alla medlemmar i v\u00e5rt team, v\u00e5ra partners, franchisetagare och kunder.<\/p>\t\t\t\t\t\t\t\t<\/div>\n\t\t\t\t<\/div>\n\t\t\t\t<\/div>\n\t\t\t\t\t<\/div>\n\t\t\t\t<\/div>\n\t\t<div class=\"elementor-element elementor-element-6814491 e-flex e-con-boxed e-con e-parent\" data-id=\"6814491\" data-element_type=\"container\" data-e-type=\"container\" data-settings=\"{&quot;background_background&quot;:&quot;classic&quot;}\">\n\t\t\t\t\t<div class=\"e-con-inner\">\n\t\t<div class=\"elementor-element elementor-element-044dab1 e-con-full e-flex e-con e-child\" data-id=\"044dab1\" data-element_type=\"container\" data-e-type=\"container\">\n\t\t\t\t<div class=\"elementor-element elementor-element-5cb7ec6 elementor-widget elementor-widget-image\" data-id=\"5cb7ec6\" data-element_type=\"widget\" data-e-type=\"widget\" data-widget_type=\"image.default\">\n\t\t\t\t<div class=\"elementor-widget-container\">\n\t\t\t\t\t\t\t\t\t\t\t\t\t\t\t<img fetchpriority=\"high\" decoding=\"async\" width=\"1920\" height=\"1440\" src=\"https:\/\/ktvworkingdrone.com\/se\/wp-content\/uploads\/sites\/437\/2025\/06\/P1005965.jpg\" class=\"attachment-full size-full wp-image-1200\" alt=\"Image of KTV Working Drone and operator\" srcset=\"https:\/\/ktvworkingdrone.com\/se\/wp-content\/uploads\/sites\/437\/2025\/06\/P1005965.jpg 1920w, https:\/\/ktvworkingdrone.com\/se\/wp-content\/uploads\/sites\/437\/2025\/06\/P1005965-300x225.jpg 300w, https:\/\/ktvworkingdrone.com\/se\/wp-content\/uploads\/sites\/437\/2025\/06\/P1005965-1024x768.jpg 1024w, https:\/\/ktvworkingdrone.com\/se\/wp-content\/uploads\/sites\/437\/2025\/06\/P1005965-768x576.jpg 768w, https:\/\/ktvworkingdrone.com\/se\/wp-content\/uploads\/sites\/437\/2025\/06\/P1005965-1536x1152.jpg 1536w\" sizes=\"(max-width: 1920px) 100vw, 1920px\" \/>\t\t\t\t\t\t\t\t\t\t\t\t\t\t\t<\/div>\n\t\t\t\t<\/div>\n\t\t\t\t<\/div>\n\t\t<div class=\"elementor-element elementor-element-f376895 e-con-full e-flex e-con e-child\" data-id=\"f376895\" data-element_type=\"container\" data-e-type=\"container\">\n\t\t\t\t<div class=\"elementor-element elementor-element-dc156b1 elementor-widget__width-inherit elementor-widget elementor-widget-heading\" data-id=\"dc156b1\" data-element_type=\"widget\" data-e-type=\"widget\" data-widget_type=\"heading.default\">\n\t\t\t\t<div class=\"elementor-widget-container\">\n\t\t\t\t\t<div class=\"elementor-heading-title elementor-size-default\">KTV Working Drone<\/div>\t\t\t\t<\/div>\n\t\t\t\t<\/div>\n\t\t\t\t<div class=\"elementor-element elementor-element-8098b6d elementor-widget elementor-widget-heading\" data-id=\"8098b6d\" data-element_type=\"widget\" data-e-type=\"widget\" data-widget_type=\"heading.default\">\n\t\t\t\t<div class=\"elementor-widget-container\">\n\t\t\t\t\t<h1 class=\"elementor-heading-title elementor-size-default\">S\u00e4kerhets\u00e5tagande<\/h1>\t\t\t\t<\/div>\n\t\t\t\t<\/div>\n\t\t\t\t<div class=\"elementor-element elementor-element-3cf6c94 elementor-widget elementor-widget-text-editor\" data-id=\"3cf6c94\" data-element_type=\"widget\" data-e-type=\"widget\" data-widget_type=\"text-editor.default\">\n\t\t\t\t<div class=\"elementor-widget-container\">\n\t\t\t\t\t\t\t\t\t<p><strong>P\u00e5 KTV Working Drone \u00e4r s\u00e4kerhet v\u00e5r h\u00f6gsta prioritet. Vi \u00e4r fullt engagerade i att uppr\u00e4tth\u00e5lla en trygg och s\u00e4ker milj\u00f6 f\u00f6r alla i v\u00e5rt team, v\u00e5ra partners, franchisetagare och kunder.<\/strong><\/p><p><strong>Vi har utvecklat en detaljerad s\u00e4kerhetspolicy som m\u00e5ste f\u00f6ljas strikt f\u00f6r att s\u00e4kerst\u00e4lla att alla inblandade i v\u00e5ra operationer f\u00f6rblir trygga. Vi kommer att forts\u00e4tta arbeta outtr\u00f6ttligt f\u00f6r att garantera denna s\u00e4kerhet.<\/strong><\/p>\t\t\t\t\t\t\t\t<\/div>\n\t\t\t\t<\/div>\n\t\t\t\t<div class=\"elementor-element elementor-element-f8eba88 elementor-widget elementor-widget-text-editor\" data-id=\"f8eba88\" data-element_type=\"widget\" data-e-type=\"widget\" data-widget_type=\"text-editor.default\">\n\t\t\t\t<div class=\"elementor-widget-container\">\n\t\t\t\t\t\t\t\t\t<p>KTV Working Drone till\u00e4mpar n\u00f6dv\u00e4ndiga s\u00e4kerhetsrutiner och f\u00f6rsiktighets\u00e5tg\u00e4rder enligt de s\u00e4kerhetsstandarder som fastst\u00e4llts i f\u00f6retagets globala s\u00e4kerhetspolicy, inklusive men inte begr\u00e4nsat till:<\/p>\n<p><ul><li>Minimera v\u00e5r p\u00e5verkan p\u00e5 milj\u00f6n<\/li><li>Inte skada eller st\u00f6ra utomst\u00e5ende personer<\/li><li>Inte orsaka skador p\u00e5 egendom, byggnader, fordon eller andra tillg\u00e5ngar<\/li><li>Alltid verka i enlighet med globala riktlinjer f\u00f6r integritet och dataskydd<\/li><\/ul><\/p>\n\n\n\n<p>KTV Working Drone verkar i enlighet med den v\u00e4letablerade s\u00e4kerhetskulturen inom luftfarten. Genom l\u00e4rande, utveckling och anpassning av v\u00e5ra tj\u00e4nster str\u00e4var vi efter positiv tillv\u00e4xt f\u00f6r b\u00e5de varum\u00e4rket och branschen.<\/p>\t\t\t\t\t\t\t\t<\/div>\n\t\t\t\t<\/div>\n\t\t\t\t<\/div>\n\t\t\t\t\t<\/div>\n\t\t\t\t<\/div>\n\t\t\t\t<\/div>\n\t\t","protected":false},"excerpt":{"rendered":"<p>KTV Working Drone removes the need for risky work at height. Our drone technology improves safety, reduces accidents and protects workers and property.<\/p>\n","protected":false},"author":9,"featured_media":1316,"parent":0,"menu_order":0,"comment_status":"closed","ping_status":"closed","template":"","meta":{"_seopress_robots_primary_cat":"","_seopress_titles_title":"Drone cleaning safety | KTV Working Drone","_seopress_titles_desc":"KTV Working Drone removes the need for risky work at height. Our drone technology improves safety, reduces accidents and protects workers and property.","_seopress_robots_index":"","footnotes":""},"class_list":["post-113","page","type-page","status-publish","has-post-thumbnail","hentry"],"_links":{"self":[{"href":"https:\/\/ktvworkingdrone.com\/se\/wp-json\/wp\/v2\/pages\/113","targetHints":{"allow":["GET"]}}],"collection":[{"href":"https:\/\/ktvworkingdrone.com\/se\/wp-json\/wp\/v2\/pages"}],"about":[{"href":"https:\/\/ktvworkingdrone.com\/se\/wp-json\/wp\/v2\/types\/page"}],"author":[{"embeddable":true,"href":"https:\/\/ktvworkingdrone.com\/se\/wp-json\/wp\/v2\/users\/9"}],"replies":[{"embeddable":true,"href":"https:\/\/ktvworkingdrone.com\/se\/wp-json\/wp\/v2\/comments?post=113"}],"version-history":[{"count":8,"href":"https:\/\/ktvworkingdrone.com\/se\/wp-json\/wp\/v2\/pages\/113\/revisions"}],"predecessor-version":[{"id":8696,"href":"https:\/\/ktvworkingdrone.com\/se\/wp-json\/wp\/v2\/pages\/113\/revisions\/8696"}],"wp:featuredmedia":[{"embeddable":true,"href":"https:\/\/ktvworkingdrone.com\/se\/wp-json\/wp\/v2\/media\/1316"}],"wp:attachment":[{"href":"https:\/\/ktvworkingdrone.com\/se\/wp-json\/wp\/v2\/media?parent=113"}],"curies":[{"name":"wp","href":"https:\/\/api.w.org\/{rel}","templated":true}]}}