{"id":285,"date":"2025-06-23T17:18:35","date_gmt":"2025-06-23T17:18:35","guid":{"rendered":"https:\/\/ktvwd.com\/au\/?page_id=285"},"modified":"2025-09-26T10:26:05","modified_gmt":"2025-09-26T10:26:05","slug":"whistleblower","status":"publish","type":"page","link":"https:\/\/ktvworkingdrone.com\/pt\/whistleblower\/","title":{"rendered":"Whistleblower"},"content":{"rendered":"\t\t<div data-elementor-type=\"wp-page\" data-elementor-id=\"285\" class=\"elementor elementor-285\" data-elementor-post-type=\"page\">\n\t\t\t\t<div class=\"elementor-element elementor-element-7cb154c e-flex e-con-boxed e-con e-parent\" data-id=\"7cb154c\" data-element_type=\"container\" data-e-type=\"container\" data-settings=\"{&quot;background_background&quot;:&quot;classic&quot;,&quot;background_motion_fx_motion_fx_scrolling&quot;:&quot;yes&quot;,&quot;background_motion_fx_translateY_effect&quot;:&quot;yes&quot;,&quot;background_motion_fx_translateY_direction&quot;:&quot;negative&quot;,&quot;background_motion_fx_translateY_speed&quot;:{&quot;unit&quot;:&quot;px&quot;,&quot;size&quot;:7.5,&quot;sizes&quot;:[]},&quot;shape_divider_bottom&quot;:&quot;waves&quot;,&quot;background_motion_fx_translateY_affectedRange&quot;:{&quot;unit&quot;:&quot;%&quot;,&quot;size&quot;:&quot;&quot;,&quot;sizes&quot;:{&quot;start&quot;:0,&quot;end&quot;:100}},&quot;background_motion_fx_devices&quot;:[&quot;desktop&quot;,&quot;tablet&quot;,&quot;mobile&quot;]}\">\n\t\t\t\t\t<div class=\"e-con-inner\">\n\t\t\t\t<div class=\"elementor-shape elementor-shape-bottom\" aria-hidden=\"true\" data-negative=\"false\">\n\t\t\t<svg xmlns=\"http:\/\/www.w3.org\/2000\/svg\" viewBox=\"0 0 1000 100\" preserveAspectRatio=\"none\">\n\t<path class=\"elementor-shape-fill\" d=\"M421.9,6.5c22.6-2.5,51.5,0.4,75.5,5.3c23.6,4.9,70.9,23.5,100.5,35.7c75.8,32.2,133.7,44.5,192.6,49.7\n\tc23.6,2.1,48.7,3.5,103.4-2.5c54.7-6,106.2-25.6,106.2-25.6V0H0v30.3c0,0,72,32.6,158.4,30.5c39.2-0.7,92.8-6.7,134-22.4\n\tc21.2-8.1,52.2-18.2,79.7-24.2C399.3,7.9,411.6,7.5,421.9,6.5z\"\/>\n<\/svg>\t\t<\/div>\n\t\t<div class=\"elementor-element elementor-element-eb84d2c e-con-full e-flex e-con e-child\" data-id=\"eb84d2c\" data-element_type=\"container\" data-e-type=\"container\">\n\t\t\t\t<div class=\"elementor-element elementor-element-8aa4843 elementor-widget elementor-widget-heading\" data-id=\"8aa4843\" data-element_type=\"widget\" data-e-type=\"widget\" data-widget_type=\"heading.default\">\n\t\t\t\t<div class=\"elementor-widget-container\">\n\t\t\t\t\t<h1 class=\"elementor-heading-title elementor-size-default\">Sistema de den\u00fancia<\/h1>\t\t\t\t<\/div>\n\t\t\t\t<\/div>\n\t\t\t\t<\/div>\n\t\t\t\t\t<\/div>\n\t\t\t\t<\/div>\n\t\t<div class=\"elementor-element elementor-element-6b5382d e-flex e-con-boxed e-con e-parent\" data-id=\"6b5382d\" data-element_type=\"container\" data-e-type=\"container\" data-settings=\"{&quot;background_background&quot;:&quot;classic&quot;}\">\n\t\t\t\t\t<div class=\"e-con-inner\">\n\t\t<div class=\"elementor-element elementor-element-69e511c e-con-full e-flex e-con e-child\" data-id=\"69e511c\" data-element_type=\"container\" data-e-type=\"container\">\n\t\t\t\t<div class=\"elementor-element elementor-element-f6ed45e elementor-widget elementor-widget-text-editor\" data-id=\"f6ed45e\" data-element_type=\"widget\" data-e-type=\"widget\" data-widget_type=\"text-editor.default\">\n\t\t\t\t<div class=\"elementor-widget-container\">\n\t\t\t\t\t\t\t\t\t<p class=\"elementor-heading-title elementor-size-default\">Formul\u00e1rio de den\u00fancia KTV Working Drone<\/p>\t\t\t\t\t\t\t\t<\/div>\n\t\t\t\t<\/div>\n\t\t\t\t<div class=\"elementor-element elementor-element-3280975 elementor-widget elementor-widget-heading\" data-id=\"3280975\" data-element_type=\"widget\" data-e-type=\"widget\" data-widget_type=\"heading.default\">\n\t\t\t\t<div class=\"elementor-widget-container\">\n\t\t\t\t\t<h1 class=\"elementor-heading-title elementor-size-default\">Denunciante<\/h1>\t\t\t\t<\/div>\n\t\t\t\t<\/div>\n\t\t\t\t<div class=\"elementor-element elementor-element-7282db6 elementor-widget elementor-widget-text-editor\" data-id=\"7282db6\" data-element_type=\"widget\" data-e-type=\"widget\" data-widget_type=\"text-editor.default\">\n\t\t\t\t<div class=\"elementor-widget-container\">\n\t\t\t\t\t\t\t\t\t<p><strong>A den\u00fancia refere-se a quando um indiv\u00edduo relata uma condi\u00e7\u00e3o censur\u00e1vel relacionada com as opera\u00e7\u00f5es de uma organiza\u00e7\u00e3o. Isto pode incluir n\u00e3o s\u00f3 os colaboradores, mas tamb\u00e9m os trabalhadores contratados, fornecedores, contratados ou outras partes externas ligadas \u00e0 organiza\u00e7\u00e3o.<\/strong><\/p><p>Todos, sejam colaboradores, trabalhadores contratados, fornecedores ou partes externas, t\u00eam o direito de comunicar condi\u00e7\u00f5es censur\u00e1veis \u200b\u200bdas quais tenham conhecimento em rela\u00e7\u00e3o \u00e0s atividades da organiza\u00e7\u00e3o.<\/p><p><strong>Condi\u00e7\u00f5es censur\u00e1veis \u200b\u200b\u200b\u200breferem-se a:<\/strong><\/p><ul><li>Viola\u00e7\u00f5es de leis e regulamentos (normas legais)<\/li><li>Viola\u00e7\u00f5es das diretrizes \u00e9ticas internas e escritas da empresa<\/li><li>Viola\u00e7\u00f5es de normas \u00e9ticas amplamente reconhecidas pela sociedade<\/li><\/ul><p>Um relat\u00f3rio de den\u00fancia \u00e9 a notifica\u00e7\u00e3o real sobre uma condi\u00e7\u00e3o censur\u00e1vel.<\/p>\t\t\t\t\t\t\t\t<\/div>\n\t\t\t\t<\/div>\n\t\t\t\t<div class=\"elementor-element elementor-element-1e8f9ab elementor-widget elementor-widget-text-editor\" data-id=\"1e8f9ab\" data-element_type=\"widget\" data-e-type=\"widget\" data-widget_type=\"text-editor.default\">\n\t\t\t\t<div class=\"elementor-widget-container\">\n\t\t\t\t\t\t\t\t\t<h4><strong>Como preparar e enviar um relat\u00f3rio sobre condi\u00e7\u00f5es inaceit\u00e1veis<\/strong><\/h4><p><strong>Prepare informa\u00e7\u00e3o concreta e clara:<\/strong><\/p><ul><li>Descreva o sucedido: Seja espec\u00edfico sobre os acontecimentos, datas, pessoas envolvidas e as consequ\u00eancias.<\/li><li>Documenta\u00e7\u00e3o: Re\u00fana provas relevantes, como e-mails, mensagens, fotografias, relat\u00f3rios ou outros materiais de apoio.<\/li><li>Objetividade: Atenha-se aos factos e evite especula\u00e7\u00f5es ou suposi\u00e7\u00f5es.<\/li><\/ul><p><strong>Se for funcion\u00e1rio da KTV Working Drone, siga os procedimentos internos de den\u00fancia:<\/strong><\/p><ul><li>Verifique as diretrizes da sua empresa: Descubra se a sua organiza\u00e7\u00e3o tem um procedimento espec\u00edfico para comunicar preocupa\u00e7\u00f5es e siga-o se estiver em conformidade com as normas de den\u00fancia.<\/li><li>Utilize os canais corretos: Denuncie ao seu supervisor imediato, RH, um representante de seguran\u00e7a ou outra pessoa respons\u00e1vel por tratar de tais assuntos. Se tal n\u00e3o for seguro, considere os canais externos de den\u00fancia.<\/li><\/ul>\t\t\t\t\t\t\t\t<\/div>\n\t\t\t\t<\/div>\n\t\t\t\t<div class=\"elementor-element elementor-element-adb5ad8 elementor-widget elementor-widget-text-editor\" data-id=\"adb5ad8\" data-element_type=\"widget\" data-e-type=\"widget\" data-widget_type=\"text-editor.default\">\n\t\t\t\t<div class=\"elementor-widget-container\">\n\t\t\t\t\t\t\t\t\t<h4><strong>Qual \u00e9 a diferen\u00e7a entre um relat\u00f3rio de den\u00fancia e uma reclama\u00e7\u00e3o?<\/strong><\/h4><p><strong>A den\u00fancia ocorre<\/strong> quando um funcion\u00e1rio, trabalhador contratado, fornecedor ou parte externa reporta uma condi\u00e7\u00e3o inaceit\u00e1vel relacionada com as opera\u00e7\u00f5es de uma organiza\u00e7\u00e3o. Uma condi\u00e7\u00e3o inaceit\u00e1vel \u00e9 definida como uma viola\u00e7\u00e3o de leis e regulamentos, uma viola\u00e7\u00e3o das diretrizes \u00e9ticas escritas da empresa ou uma viola\u00e7\u00e3o de normas \u00e9ticas amplamente aceites na sociedade.<\/p><p>N\u00e3o importa o nome do relat\u00f3rio ou a forma como \u00e9 categorizado (como desvio, reclama\u00e7\u00e3o, preocupa\u00e7\u00e3o, relato, etc.). \u00c9 o conte\u00fado do relat\u00f3rio e a natureza do problema que determinam se este se qualifica como den\u00fancia.<\/p><p><strong>Uma queixa ocorre<\/strong> quando um indiv\u00edduo, seja funcion\u00e1rio ou parte externa, expressa insatisfa\u00e7\u00e3o com algo, mas isso n\u00e3o envolve necessariamente uma condi\u00e7\u00e3o inaceit\u00e1vel. O conte\u00fado da queixa determinar\u00e1 se constitui uma den\u00fancia. Por exemplo, pode acontecer que o assunto da reclama\u00e7\u00e3o seja, na verdade, uma viola\u00e7\u00e3o legal ou uma viola\u00e7\u00e3o das diretrizes \u00e9ticas internas da empresa.<\/p><p><em><strong>Se algu\u00e9m apresentar uma queixa sobre um problema que se venha a revelar posteriormente uma viola\u00e7\u00e3o legal ou \u00e9tica, esta qualifica-se. como um relat\u00f3rio de den\u00fancia.&#8221;<\/strong><\/em><\/p>\t\t\t\t\t\t\t\t<\/div>\n\t\t\t\t<\/div>\n\t\t\t\t<\/div>\n\t\t<div class=\"elementor-element elementor-element-4b6c95f e-con-full e-flex e-con e-child\" data-id=\"4b6c95f\" data-element_type=\"container\" data-e-type=\"container\" data-settings=\"{&quot;background_background&quot;:&quot;classic&quot;}\">\n\t\t\t\t<div class=\"elementor-element elementor-element-1e467bf elementor-widget elementor-widget-text-editor\" data-id=\"1e467bf\" data-element_type=\"widget\" data-e-type=\"widget\" data-widget_type=\"text-editor.default\">\n\t\t\t\t<div class=\"elementor-widget-container\">\n\t\t\t\t\t\t\t\t\t<h4><strong>Pontos a considerar antes de denunciar<\/strong><\/h4><p><strong>Procure aconselhamento junto de algu\u00e9m da sua confian\u00e7a.<\/strong><\/p><ul><li>Os representantes sindicais, os delegados de seguran\u00e7a ou um colega de confian\u00e7a podem ser boas pessoas para discutir a situa\u00e7\u00e3o antes de avan\u00e7ar.<\/li><li>Tamb\u00e9m pode ser \u00fatil contactar um advogado, especialmente se o caso for complexo.<\/li><\/ul><p><strong>Considere o que pretende alcan\u00e7ar.<\/strong><\/p><ul><li>Que mudan\u00e7as ou melhorias espera alcan\u00e7ar com a den\u00fancia?<\/li><li>Pense nas a\u00e7\u00f5es ou no seguimento que espera.<\/li><\/ul><p><strong>Prepare-se para uma resposta.<\/strong><\/p><ul><li>A KTV Working Drone \u00e9 obrigada a investigar o assunto sob diversas perspetivas.<\/li><li>Esteja preparado para perguntas complementares ou contra-argumentos.<\/li><\/ul><p><strong>Denunciar pode ser uma experi\u00eancia de isolamento.<\/strong><\/p><ul><li>Pode ser stressante passar pelo processo de den\u00fancia sozinho. Partilhe as suas preocupa\u00e7\u00f5es com algu\u00e9m da sua confian\u00e7a para ter apoio durante todo o processo.<\/li><li>Lembre-se que tem direitos que o protegem de retalia\u00e7\u00f5es.<\/li><\/ul>\t\t\t\t\t\t\t\t<\/div>\n\t\t\t\t<\/div>\n\t\t\t\t<div class=\"elementor-element elementor-element-0d81a4b elementor-widget elementor-widget-spacer\" data-id=\"0d81a4b\" data-element_type=\"widget\" data-e-type=\"widget\" data-widget_type=\"spacer.default\">\n\t\t\t\t<div class=\"elementor-widget-container\">\n\t\t\t\t\t\t\t<div class=\"elementor-spacer\">\n\t\t\t<div class=\"elementor-spacer-inner\"><\/div>\n\t\t<\/div>\n\t\t\t\t\t\t<\/div>\n\t\t\t\t<\/div>\n\t\t\t\t<div class=\"elementor-element elementor-element-7b855ad elementor-widget elementor-widget-heading\" data-id=\"7b855ad\" data-element_type=\"widget\" data-e-type=\"widget\" data-widget_type=\"heading.default\">\n\t\t\t\t<div class=\"elementor-widget-container\">\n\t\t\t\t\t<h2 class=\"elementor-heading-title elementor-size-default\">Formul\u00e1rio<\/h2>\t\t\t\t<\/div>\n\t\t\t\t<\/div>\n\t\t\t\t<div class=\"elementor-element elementor-element-e68a9d2 elementor-button-align-stretch elementor-widget elementor-widget-form\" data-id=\"e68a9d2\" data-element_type=\"widget\" data-e-type=\"widget\" data-settings=\"{&quot;button_width&quot;:&quot;70&quot;,&quot;step_next_label&quot;:&quot;Next&quot;,&quot;step_previous_label&quot;:&quot;Previous&quot;,&quot;step_type&quot;:&quot;number_text&quot;,&quot;step_icon_shape&quot;:&quot;circle&quot;}\" data-widget_type=\"form.default\">\n\t\t\t\t<div class=\"elementor-widget-container\">\n\t\t\t\t\t\t\t<form class=\"elementor-form\" method=\"post\" name=\"Whistleblower form\" aria-label=\"Whistleblower form\">\n\t\t\t<input type=\"hidden\" name=\"post_id\" value=\"285\"\/>\n\t\t\t<input type=\"hidden\" name=\"form_id\" value=\"e68a9d2\"\/>\n\t\t\t<input type=\"hidden\" name=\"referer_title\" value=\"Whistleblower\" \/>\n\n\t\t\t\t\t\t\t<input type=\"hidden\" name=\"queried_id\" value=\"285\"\/>\n\t\t\t\n\t\t\t<div class=\"elementor-form-fields-wrapper elementor-labels-above\">\n\t\t\t\t\t\t\t\t<div class=\"elementor-field-type-checkbox elementor-field-group elementor-column elementor-field-group-field_72e438b elementor-col-100\">\n\t\t\t\t\t\t\t\t\t\t\t\t<label for=\"form-field-field_72e438b\" class=\"elementor-field-label\">\n\t\t\t\t\t\t\t\tN\u00e3o \u00e9 necess\u00e1rio informar o nome ou outras informa\u00e7\u00f5es de contacto, podendo submeter o formul\u00e1rio de forma totalmente an\u00f3nima.\t\t\t\t\t\t\t<\/label>\n\t\t\t\t\t\t<div class=\"elementor-field-subgroup  elementor-subgroup-inline\"><span class=\"elementor-field-option\"><input type=\"checkbox\" value=\"Clique aqui se desejar enviar anonimamente.\" id=\"form-field-field_72e438b-0\" name=\"form_fields[field_72e438b]\"> <label for=\"form-field-field_72e438b-0\">Clique aqui se desejar enviar anonimamente.<\/label><\/span><\/div>\t\t\t\t<\/div>\n\t\t\t\t\t\t\t\t<div class=\"elementor-field-type-text elementor-field-group elementor-column elementor-field-group-field_3f608aa elementor-col-100\">\n\t\t\t\t\t\t\t\t\t\t\t\t<label for=\"form-field-field_3f608aa\" class=\"elementor-field-label\">\n\t\t\t\t\t\t\t\tNome\t\t\t\t\t\t\t<\/label>\n\t\t\t\t\t\t\t\t\t\t\t\t\t\t<input size=\"1\" type=\"text\" name=\"form_fields[field_3f608aa]\" id=\"form-field-field_3f608aa\" class=\"elementor-field elementor-size-lg  elementor-field-textual\" placeholder=\"Nome\">\n\t\t\t\t\t\t\t\t\t\t\t<\/div>\n\t\t\t\t\t\t\t\t<div class=\"elementor-field-type-email elementor-field-group elementor-column elementor-field-group-email elementor-col-100\">\n\t\t\t\t\t\t\t\t\t\t\t\t<label for=\"form-field-email\" class=\"elementor-field-label\">\n\t\t\t\t\t\t\t\tE-mail\t\t\t\t\t\t\t<\/label>\n\t\t\t\t\t\t\t\t\t\t\t\t\t\t<input size=\"1\" type=\"email\" name=\"form_fields[email]\" id=\"form-field-email\" class=\"elementor-field elementor-size-lg  elementor-field-textual\" placeholder=\"E-mail\">\n\t\t\t\t\t\t\t\t\t\t\t<\/div>\n\t\t\t\t\t\t\t\t<div class=\"elementor-field-type-tel elementor-field-group elementor-column elementor-field-group-field_c06ebad elementor-col-100\">\n\t\t\t\t\t\t\t\t\t\t\t\t<label for=\"form-field-field_c06ebad\" class=\"elementor-field-label\">\n\t\t\t\t\t\t\t\tTelefone\t\t\t\t\t\t\t<\/label>\n\t\t\t\t\t\t\t\t<input size=\"1\" type=\"tel\" name=\"form_fields[field_c06ebad]\" id=\"form-field-field_c06ebad\" class=\"elementor-field elementor-size-lg  elementor-field-textual\" placeholder=\"Telefone\" pattern=\"[0-9()#&amp;+*-=.]+\" title=\"Only numbers and phone characters (#, -, *, etc) are accepted.\">\n\n\t\t\t\t\t\t<\/div>\n\t\t\t\t\t\t\t\t<div class=\"elementor-field-type-text elementor-field-group elementor-column elementor-field-group-field_b844046 elementor-col-100 elementor-field-required elementor-mark-required\">\n\t\t\t\t\t\t\t\t\t\t\t\t<label for=\"form-field-field_b844046\" class=\"elementor-field-label\">\n\t\t\t\t\t\t\t\tAssunto\t\t\t\t\t\t\t<\/label>\n\t\t\t\t\t\t\t\t\t\t\t\t\t\t<input size=\"1\" type=\"text\" name=\"form_fields[field_b844046]\" id=\"form-field-field_b844046\" class=\"elementor-field elementor-size-lg  elementor-field-textual\" placeholder=\"O assunto do seu relat\u00f3rio\" required=\"required\">\n\t\t\t\t\t\t\t\t\t\t\t<\/div>\n\t\t\t\t\t\t\t\t<div class=\"elementor-field-type-textarea elementor-field-group elementor-column elementor-field-group-message elementor-col-100 elementor-field-required elementor-mark-required\">\n\t\t\t\t\t\t\t\t\t\t\t\t<label for=\"form-field-message\" class=\"elementor-field-label\">\n\t\t\t\t\t\t\t\tO que pretende relatar?\t\t\t\t\t\t\t<\/label>\n\t\t\t\t\t\t<textarea class=\"elementor-field-textual elementor-field  elementor-size-lg\" name=\"form_fields[message]\" id=\"form-field-message\" rows=\"20\" placeholder=\"Descreva com a maior precis\u00e3o poss\u00edvel e tente responder \u00e0s seguintes quest\u00f5es: quem, o qu\u00ea, onde, quando e como. Tente distinguir entre o que sabe e o que pensa.\" required=\"required\"><\/textarea>\t\t\t\t<\/div>\n\t\t\t\t\t\t\t\t<div class=\"elementor-field-type-upload elementor-field-group elementor-column elementor-field-group-field_6170cdf elementor-col-100\">\n\t\t\t\t\t\t\t\t\t\t\t\t<label for=\"form-field-field_6170cdf\" class=\"elementor-field-label\">\n\t\t\t\t\t\t\t\tUpload de arquivo\t\t\t\t\t\t\t<\/label>\n\t\t\t\t\t\t\t\t<input type=\"file\" name=\"form_fields[field_6170cdf][]\" id=\"form-field-field_6170cdf\" class=\"elementor-field elementor-size-lg  elementor-upload-field\" multiple=\"multiple\" data-maxsize=\"8\" data-maxsize-message=\"This file exceeds the maximum allowed size.\">\n\n\t\t\t\t\t\t<\/div>\n\t\t\t\t\t\t\t\t<div class=\"elementor-field-type-text\">\n\t\t\t\t\t<input size=\"1\" type=\"text\" name=\"form_fields[field_596ae44]\" id=\"form-field-field_596ae44\" class=\"elementor-field elementor-size-lg \" style=\"display:none !important;\">\t\t\t\t<\/div>\n\t\t\t\t\t\t\t\t<div class=\"elementor-field-type-recaptcha_v3 elementor-field-group elementor-column elementor-field-group-field_6e089f1 elementor-col-100 recaptcha_v3-bottomright\">\n\t\t\t\t\t<div class=\"elementor-field\" id=\"form-field-field_6e089f1\"><div class=\"elementor-g-recaptcha\" data-sitekey=\"6LcJSf4gAAAAAI5anZHmpRi58skKEidlMv2p3Jga\" data-type=\"v3\" data-action=\"Form\" data-badge=\"bottomright\" data-size=\"invisible\"><\/div><\/div>\t\t\t\t<\/div>\n\t\t\t\t\t\t\t\t<div class=\"elementor-field-group elementor-column elementor-field-type-submit elementor-col-70 e-form__buttons\">\n\t\t\t\t\t<button class=\"elementor-button elementor-size-md\" type=\"submit\">\n\t\t\t\t\t\t<span class=\"elementor-button-content-wrapper\">\n\t\t\t\t\t\t\t\t\t\t\t\t\t\t\t<span class=\"elementor-button-icon\">\n\t\t\t\t\t\t\t\t\t<svg aria-hidden=\"true\" class=\"e-font-icon-svg e-fas-arrow-alt-circle-right\" viewBox=\"0 0 512 512\" xmlns=\"http:\/\/www.w3.org\/2000\/svg\"><path d=\"M256 8c137 0 248 111 248 248S393 504 256 504 8 393 8 256 119 8 256 8zM140 300h116v70.9c0 10.7 13 16.1 20.5 8.5l114.3-114.9c4.7-4.7 4.7-12.2 0-16.9l-114.3-115c-7.6-7.6-20.5-2.2-20.5 8.5V212H140c-6.6 0-12 5.4-12 12v64c0 6.6 5.4 12 12 12z\"><\/path><\/svg>\t\t\t\t\t\t\t\t\t\t\t\t\t\t\t\t\t<\/span>\n\t\t\t\t\t\t\t\t\t\t\t\t\t\t\t\t\t\t\t\t\t\t<span class=\"elementor-button-text\">Enviar formul\u00e1rio<\/span>\n\t\t\t\t\t\t\t\t\t\t\t\t\t<\/span>\n\t\t\t\t\t<\/button>\n\t\t\t\t<\/div>\n\t\t\t<\/div>\n\t\t<\/form>\n\t\t\t\t\t\t<\/div>\n\t\t\t\t<\/div>\n\t\t\t\t<div class=\"elementor-element elementor-element-5083bb6 elementor-widget elementor-widget-spacer\" data-id=\"5083bb6\" data-element_type=\"widget\" data-e-type=\"widget\" data-widget_type=\"spacer.default\">\n\t\t\t\t<div class=\"elementor-widget-container\">\n\t\t\t\t\t\t\t<div class=\"elementor-spacer\">\n\t\t\t<div class=\"elementor-spacer-inner\"><\/div>\n\t\t<\/div>\n\t\t\t\t\t\t<\/div>\n\t\t\t\t<\/div>\n\t\t\t\t<\/div>\n\t\t\t\t\t<\/div>\n\t\t\t\t<\/div>\n\t\t\t\t<\/div>\n\t\t","protected":false},"excerpt":{"rendered":"<p>Report unethical behavior safely and anonymously. KTV Working Drone provides a secure whistleblower channel to protect integrity and transparency.<\/p>\n","protected":false},"author":9,"featured_media":1316,"parent":0,"menu_order":0,"comment_status":"closed","ping_status":"closed","template":"","meta":{"_seopress_robots_primary_cat":"","_seopress_titles_title":"Whistleblower reporting channel | KTV Working Drone","_seopress_titles_desc":"Report unethical behavior safely and anonymously. KTV Working Drone provides a secure whistleblower channel to protect integrity and transparency.","_seopress_robots_index":"","footnotes":""},"class_list":["post-285","page","type-page","status-publish","has-post-thumbnail","hentry"],"_links":{"self":[{"href":"https:\/\/ktvworkingdrone.com\/pt\/wp-json\/wp\/v2\/pages\/285","targetHints":{"allow":["GET"]}}],"collection":[{"href":"https:\/\/ktvworkingdrone.com\/pt\/wp-json\/wp\/v2\/pages"}],"about":[{"href":"https:\/\/ktvworkingdrone.com\/pt\/wp-json\/wp\/v2\/types\/page"}],"author":[{"embeddable":true,"href":"https:\/\/ktvworkingdrone.com\/pt\/wp-json\/wp\/v2\/users\/9"}],"replies":[{"embeddable":true,"href":"https:\/\/ktvworkingdrone.com\/pt\/wp-json\/wp\/v2\/comments?post=285"}],"version-history":[{"count":24,"href":"https:\/\/ktvworkingdrone.com\/pt\/wp-json\/wp\/v2\/pages\/285\/revisions"}],"predecessor-version":[{"id":8872,"href":"https:\/\/ktvworkingdrone.com\/pt\/wp-json\/wp\/v2\/pages\/285\/revisions\/8872"}],"wp:featuredmedia":[{"embeddable":true,"href":"https:\/\/ktvworkingdrone.com\/pt\/wp-json\/wp\/v2\/media\/1316"}],"wp:attachment":[{"href":"https:\/\/ktvworkingdrone.com\/pt\/wp-json\/wp\/v2\/media?parent=285"}],"curies":[{"name":"wp","href":"https:\/\/api.w.org\/{rel}","templated":true}]}}