{"id":119,"date":"2025-06-23T10:56:01","date_gmt":"2025-06-23T10:56:01","guid":{"rendered":"https:\/\/ktvwd.com\/au\/?page_id=119"},"modified":"2025-09-04T03:08:48","modified_gmt":"2025-09-04T03:08:48","slug":"about","status":"publish","type":"page","link":"https:\/\/ktvworkingdrone.com\/pt\/about\/","title":{"rendered":"About"},"content":{"rendered":"\t\t<div data-elementor-type=\"wp-page\" data-elementor-id=\"119\" class=\"elementor elementor-119\" data-elementor-post-type=\"page\">\n\t\t\t\t<div class=\"elementor-element elementor-element-3ccbcb40 e-flex e-con-boxed e-con e-parent\" data-id=\"3ccbcb40\" data-element_type=\"container\" data-e-type=\"container\" data-settings=\"{&quot;background_background&quot;:&quot;classic&quot;,&quot;background_motion_fx_motion_fx_scrolling&quot;:&quot;yes&quot;,&quot;background_motion_fx_translateY_effect&quot;:&quot;yes&quot;,&quot;background_motion_fx_translateY_direction&quot;:&quot;negative&quot;,&quot;background_motion_fx_translateY_speed&quot;:{&quot;unit&quot;:&quot;px&quot;,&quot;size&quot;:7.5,&quot;sizes&quot;:[]},&quot;background_motion_fx_translateY_affectedRange&quot;:{&quot;unit&quot;:&quot;%&quot;,&quot;size&quot;:&quot;&quot;,&quot;sizes&quot;:{&quot;start&quot;:0,&quot;end&quot;:100}},&quot;background_motion_fx_devices&quot;:[&quot;desktop&quot;,&quot;tablet&quot;,&quot;mobile&quot;]}\">\n\t\t\t\t\t<div class=\"e-con-inner\">\n\t\t<div class=\"elementor-element elementor-element-324d77be e-con-full e-flex e-con e-child\" data-id=\"324d77be\" data-element_type=\"container\" data-e-type=\"container\">\n\t\t\t\t<div class=\"elementor-element elementor-element-0e8aa88 elementor-widget elementor-widget-heading\" data-id=\"0e8aa88\" data-element_type=\"widget\" data-e-type=\"widget\" data-widget_type=\"heading.default\">\n\t\t\t\t<div class=\"elementor-widget-container\">\n\t\t\t\t\t<h1 class=\"elementor-heading-title elementor-size-default\">Sobre n\u00f3s\n<\/h1>\t\t\t\t<\/div>\n\t\t\t\t<\/div>\n\t\t\t\t<div class=\"elementor-element elementor-element-6a3ee961 elementor-widget elementor-widget-heading\" data-id=\"6a3ee961\" data-element_type=\"widget\" data-e-type=\"widget\" data-widget_type=\"heading.default\">\n\t\t\t\t<div class=\"elementor-widget-container\">\n\t\t\t\t\t<h1 class=\"elementor-heading-title elementor-size-default\">Na KTV Working Drone, o nosso principal objetivo \u00e9 causar um impacto positivo e melhorar a experi\u00eancia de trabalho di\u00e1ria das pessoas.\n<\/h1>\t\t\t\t<\/div>\n\t\t\t\t<\/div>\n\t\t\t\t<div class=\"elementor-element elementor-element-62ccd76 elementor-widget__width-inherit elementor-widget elementor-widget-text-editor\" data-id=\"62ccd76\" data-element_type=\"widget\" data-e-type=\"widget\" data-widget_type=\"text-editor.default\">\n\t\t\t\t<div class=\"elementor-widget-container\">\n\t\t\t\t\t\t\t\t\t<p>Estamos empenhados em promover a seguran\u00e7a e o bem-estar de quem trabalha em altura, incluindo os operadores de elevadores, andaimes e escaladores de fachadas. Estes trabalhos fisicamente exigentes resultam frequentemente em les\u00f5es por stress e representam riscos significativos todos os dias. Dedicamo-nos a apoiar este grupo e a melhorar as suas condi\u00e7\u00f5es de trabalho atrav\u00e9s de solu\u00e7\u00f5es inovadoras baseadas em drones.<\/p>\t\t\t\t\t\t\t\t<\/div>\n\t\t\t\t<\/div>\n\t\t\t\t<\/div>\n\t\t\t\t\t<\/div>\n\t\t\t\t<\/div>\n\t\t<div class=\"elementor-element elementor-element-713adac e-flex e-con-boxed e-con e-child\" data-id=\"713adac\" data-element_type=\"container\" data-e-type=\"container\" data-settings=\"{&quot;background_background&quot;:&quot;classic&quot;}\">\n\t\t\t\t\t<div class=\"e-con-inner\">\n\t\t<div class=\"elementor-element elementor-element-5306d65 e-con-full e-flex e-con e-child\" data-id=\"5306d65\" data-element_type=\"container\" data-e-type=\"container\" data-settings=\"{&quot;background_background&quot;:&quot;classic&quot;,&quot;background_motion_fx_motion_fx_scrolling&quot;:&quot;yes&quot;,&quot;background_motion_fx_translateY_effect&quot;:&quot;yes&quot;,&quot;background_motion_fx_translateY_speed&quot;:{&quot;unit&quot;:&quot;px&quot;,&quot;size&quot;:2,&quot;sizes&quot;:[]},&quot;background_motion_fx_translateY_affectedRange&quot;:{&quot;unit&quot;:&quot;%&quot;,&quot;size&quot;:&quot;&quot;,&quot;sizes&quot;:{&quot;start&quot;:0,&quot;end&quot;:100}},&quot;background_motion_fx_devices&quot;:[&quot;desktop&quot;,&quot;tablet&quot;,&quot;mobile&quot;]}\">\n\t\t\t\t<\/div>\n\t\t<div class=\"elementor-element elementor-element-a7f12c1 e-con-full e-flex e-con e-child\" data-id=\"a7f12c1\" data-element_type=\"container\" data-e-type=\"container\">\n\t\t\t\t<div class=\"elementor-element elementor-element-9300e28 elementor-widget__width-inherit elementor-widget elementor-widget-heading\" data-id=\"9300e28\" data-element_type=\"widget\" data-e-type=\"widget\" data-widget_type=\"heading.default\">\n\t\t\t\t<div class=\"elementor-widget-container\">\n\t\t\t\t\t<div class=\"elementor-heading-title elementor-size-default\">KTV Working Drone<\/div>\t\t\t\t<\/div>\n\t\t\t\t<\/div>\n\t\t\t\t<div class=\"elementor-element elementor-element-d367c3c elementor-widget elementor-widget-heading\" data-id=\"d367c3c\" data-element_type=\"widget\" data-e-type=\"widget\" data-widget_type=\"heading.default\">\n\t\t\t\t<div class=\"elementor-widget-container\">\n\t\t\t\t\t<h1 class=\"elementor-heading-title elementor-size-default\">A nossa hist\u00f3ria\n<\/h1>\t\t\t\t<\/div>\n\t\t\t\t<\/div>\n\t\t\t\t<div class=\"elementor-element elementor-element-f39802b elementor-widget elementor-widget-heading\" data-id=\"f39802b\" data-element_type=\"widget\" data-e-type=\"widget\" data-widget_type=\"heading.default\">\n\t\t\t\t<div class=\"elementor-widget-container\">\n\t\t\t\t\t<h2 class=\"elementor-heading-title elementor-size-default\">Sobre o fundador e a evolu\u00e7\u00e3o da limpeza<\/h2>\t\t\t\t<\/div>\n\t\t\t\t<\/div>\n\t\t\t\t<div class=\"elementor-element elementor-element-aa3ec1d elementor-widget elementor-widget-text-editor\" data-id=\"aa3ec1d\" data-element_type=\"widget\" data-e-type=\"widget\" data-widget_type=\"text-editor.default\">\n\t\t\t\t<div class=\"elementor-widget-container\">\n\t\t\t\t\t\t\t\t\t<h5>Kennet Nilsen fundou a KTV em 1992 e, desde ent\u00e3o, a empresa tornou-se l\u00edder no fornecimento de servi\u00e7os de limpeza de fachadas e janelas, com mais de tr\u00eas d\u00e9cadas de experi\u00eancia.<\/h5><p>\u00c0 medida que a empresa se expandia, diversificava a sua oferta para servir as ind\u00fastrias offshore e terrestres, com foco na limpeza profissional e tratamento de superf\u00edcies. Isto levou ao desenvolvimento do KTV Working Drone, uma solu\u00e7\u00e3o de ponta baseada em drones, concebida para servir uma vasta gama de ind\u00fastrias.<\/p><p>Em 2022, a KTV Working Drone emergiu como pioneira no setor da limpeza de fachadas e janelas. A equipa dedicou v\u00e1rios anos \u00e0 cria\u00e7\u00e3o de equipamentos avan\u00e7ados, sistemas de ponta e procedimentos simplificados, para servir os clientes em todo o mundo com uma abordagem mais segura e unificada. A empresa preocupou-se muito em garantir que os clientes de diferentes pa\u00edses recebessem um servi\u00e7o de primeira qualidade e continua a procurar a excel\u00eancia nas suas opera\u00e7\u00f5es.<\/p><p>A investiga\u00e7\u00e3o e o desenvolvimento s\u00e3o a ess\u00eancia das opera\u00e7\u00f5es da KTV Working Drone. Dedicamo-nos a fazer avan\u00e7ar a Nossa tecnologia e a colabora\u00e7\u00e3o estreita com os nossos parceiros para atingir este objetivo. Reconhecemos o papel crucial que os nossos parceiros desempenham no nosso desenvolvimento e acreditamos que a partilha das nossas experi\u00eancias \u00e9 essencial para o crescimento m\u00fatuo. \u00c0 medida que continuamos a expandir a nossa presen\u00e7a em todo o mundo, mantemos o compromisso de alavancar a expertise dos nossos parceiros para melhorar as nossas capacidades.<\/p>\t\t\t\t\t\t\t\t<\/div>\n\t\t\t\t<\/div>\n\t\t\t\t<\/div>\n\t\t\t\t\t<\/div>\n\t\t\t\t<\/div>\n\t\t<div class=\"elementor-element elementor-element-35deff6a e-flex e-con-boxed e-con e-child\" data-id=\"35deff6a\" data-element_type=\"container\" data-e-type=\"container\" data-settings=\"{&quot;background_background&quot;:&quot;classic&quot;}\">\n\t\t\t\t\t<div class=\"e-con-inner\">\n\t\t<div class=\"elementor-element elementor-element-7af4db00 e-con-full e-flex e-con e-child\" data-id=\"7af4db00\" data-element_type=\"container\" data-e-type=\"container\">\n\t\t\t\t<div class=\"elementor-element elementor-element-769d2840 elementor-widget__width-inherit elementor-widget elementor-widget-heading\" data-id=\"769d2840\" data-element_type=\"widget\" data-e-type=\"widget\" data-widget_type=\"heading.default\">\n\t\t\t\t<div class=\"elementor-widget-container\">\n\t\t\t\t\t<div class=\"elementor-heading-title elementor-size-default\">O primeiro drone funcional do mundo<\/div>\t\t\t\t<\/div>\n\t\t\t\t<\/div>\n\t\t\t\t<div class=\"elementor-element elementor-element-60fdaf22 elementor-widget elementor-widget-heading\" data-id=\"60fdaf22\" data-element_type=\"widget\" data-e-type=\"widget\" data-widget_type=\"heading.default\">\n\t\t\t\t<div class=\"elementor-widget-container\">\n\t\t\t\t\t<h2 class=\"elementor-heading-title elementor-size-default\">Definir o padr\u00e3o para drones funcionais<\/h2>\t\t\t\t<\/div>\n\t\t\t\t<\/div>\n\t\t\t\t<div class=\"elementor-element elementor-element-2234112 elementor-widget elementor-widget-text-editor\" data-id=\"2234112\" data-element_type=\"widget\" data-e-type=\"widget\" data-widget_type=\"text-editor.default\">\n\t\t\t\t<div class=\"elementor-widget-container\">\n\t\t\t\t\t\t\t\t\t<p><span data-sheets-root=\"1\"><strong>O KTV Working Drone surgiu do Grupo KTV, fundado em 1992 por Kennet Nilsen. O Grupo KTV conta com mais de 30 anos de experi\u00eancia na limpeza de fachadas e janelas, sendo especialista na sua \u00e1rea.<\/strong><br \/><br \/>O KTV Working Drone surgiu da ideia de encontrar uma forma inovadora e eficiente de limpar fachadas e janelas. Isto aconteceu em 2015. Foram necess\u00e1rias muitas modifica\u00e7\u00f5es para que o drone funcionasse corretamente para a limpeza, incluindo a comercial. O resultado \u00e9 um drone exclusivo, com equipamentos de montagem personalizados e adaptados de forma \u00fanica, com equipamentos de limpeza especialmente concebidos. Uma solu\u00e7\u00e3o de seguran\u00e7a com patente pendente para evitar que o drone caia durante a opera\u00e7\u00e3o tamb\u00e9m foi desenvolvida.<br \/><br \/>O drone foi extensivamente testado e comercializado para limpeza de janelas e fachadas, e tem sido utilizado operacionalmente desde 2020 pelo Grupo KTV na Noruega.<br \/><br \/>Em 2022, o KTV Working Drone estava pronto e o processo de comercializa\u00e7\u00e3o teve in\u00edcio. Hoje, o KTV Working Drone est\u00e1 presente em quase todo o mundo e a rede de parceiros est\u00e1 a crescer. Rapidamente.<br \/><br \/>O futuro reserva muitas oportunidades de desenvolvimento para o Drone de Trabalho KTV. Acreditamos que em breve os nossos drones ser\u00e3o capazes de realizar pequenas repara\u00e7\u00f5es, inspe\u00e7\u00f5es especiais e at\u00e9 mesmo tratamento de superf\u00edcies.<\/span><\/p>\t\t\t\t\t\t\t\t<\/div>\n\t\t\t\t<\/div>\n\t\t\t\t<\/div>\n\t\t\t\t<div class=\"elementor-element elementor-element-72f4a6b6 elementor-widget__width-inherit elementor-widget elementor-widget-image\" data-id=\"72f4a6b6\" data-element_type=\"widget\" data-e-type=\"widget\" data-widget_type=\"image.default\">\n\t\t\t\t<div class=\"elementor-widget-container\">\n\t\t\t\t\t\t\t\t\t\t\t\t\t\t\t<img fetchpriority=\"high\" decoding=\"async\" width=\"1080\" height=\"1080\" src=\"https:\/\/ktvworkingdrone.com\/pt\/wp-content\/uploads\/sites\/350\/2025\/07\/lovaasen_400_8_2.jpg\" class=\"attachment-full size-full wp-image-2586\" alt=\"Image of KTV Working Drone\" srcset=\"https:\/\/ktvworkingdrone.com\/pt\/wp-content\/uploads\/sites\/350\/2025\/07\/lovaasen_400_8_2.jpg 1080w, https:\/\/ktvworkingdrone.com\/pt\/wp-content\/uploads\/sites\/350\/2025\/07\/lovaasen_400_8_2-300x300.jpg 300w, https:\/\/ktvworkingdrone.com\/pt\/wp-content\/uploads\/sites\/350\/2025\/07\/lovaasen_400_8_2-1024x1024.jpg 1024w, https:\/\/ktvworkingdrone.com\/pt\/wp-content\/uploads\/sites\/350\/2025\/07\/lovaasen_400_8_2-150x150.jpg 150w, https:\/\/ktvworkingdrone.com\/pt\/wp-content\/uploads\/sites\/350\/2025\/07\/lovaasen_400_8_2-768x768.jpg 768w\" sizes=\"(max-width: 1080px) 100vw, 1080px\" \/>\t\t\t\t\t\t\t\t\t\t\t\t\t\t\t<\/div>\n\t\t\t\t<\/div>\n\t\t\t\t\t<\/div>\n\t\t\t\t<\/div>\n\t\t<div class=\"elementor-element elementor-element-2c50860 e-flex e-con-boxed e-con e-child\" data-id=\"2c50860\" data-element_type=\"container\" data-e-type=\"container\" data-settings=\"{&quot;background_background&quot;:&quot;classic&quot;}\">\n\t\t\t\t\t<div class=\"e-con-inner\">\n\t\t<div class=\"elementor-element elementor-element-a8142db e-con-full e-flex e-con e-child\" data-id=\"a8142db\" data-element_type=\"container\" data-e-type=\"container\">\n\t\t\t\t<div class=\"elementor-element elementor-element-d578baa elementor-widget elementor-widget-heading\" data-id=\"d578baa\" data-element_type=\"widget\" data-e-type=\"widget\" data-widget_type=\"heading.default\">\n\t\t\t\t<div class=\"elementor-widget-container\">\n\t\t\t\t\t<div class=\"elementor-heading-title elementor-size-default\">Muitas vantagens com a utiliza\u00e7\u00e3o do Drone de Trabalho KTV\n<\/div>\t\t\t\t<\/div>\n\t\t\t\t<\/div>\n\t\t\t\t<div class=\"elementor-element elementor-element-8ba04fe elementor-widget elementor-widget-heading\" data-id=\"8ba04fe\" data-element_type=\"widget\" data-e-type=\"widget\" data-widget_type=\"heading.default\">\n\t\t\t\t<div class=\"elementor-widget-container\">\n\t\t\t\t\t<h2 class=\"elementor-heading-title elementor-size-default\">Sustentabilidade<\/h2>\t\t\t\t<\/div>\n\t\t\t\t<\/div>\n\t\t\t\t<div class=\"elementor-element elementor-element-3f37e6c elementor-widget elementor-widget-text-editor\" data-id=\"3f37e6c\" data-element_type=\"widget\" data-e-type=\"widget\" data-widget_type=\"text-editor.default\">\n\t\t\t\t<div class=\"elementor-widget-container\">\n\t\t\t\t\t\t\t\t\t<p><span data-sheets-root=\"1\"><strong>A nossa tecnologia foi concebida para remover pessoas de ambientes de trabalho perigosos, eliminando a necessidade de andaimes e elevadores a\u00e9reos. Na maioria dos casos, o tempo total necess\u00e1rio para as opera\u00e7\u00f5es \u00e9 significativamente reduzido.<\/strong><br \/><br \/>Desenvolvemos tamb\u00e9m a KTV PowerCleaner, uma lavadora de alta press\u00e3o alimentada inteiramente por bateria, tornando-a 100% el\u00e9trica. Esta m\u00e1quina \u00e9 \u00fanica na sua categoria e possui um sistema de \u00e1gua pura que minimiza a necessidade de produtos qu\u00edmicos, reduzindo o impacto ambiental.<\/span><\/p>\t\t\t\t\t\t\t\t<\/div>\n\t\t\t\t<\/div>\n\t\t\t\t<\/div>\n\t\t<div class=\"elementor-element elementor-element-7eb44f9 e-con-full e-flex e-con e-child\" data-id=\"7eb44f9\" data-element_type=\"container\" data-e-type=\"container\">\n\t\t<div class=\"elementor-element elementor-element-5c62223 e-con-full e-flex e-con e-child\" data-id=\"5c62223\" data-element_type=\"container\" data-e-type=\"container\">\n\t\t\t\t<div class=\"elementor-element elementor-element-bae15b3 elementor-widget elementor-widget-text-editor\" data-id=\"bae15b3\" data-element_type=\"widget\" data-e-type=\"widget\" data-widget_type=\"text-editor.default\">\n\t\t\t\t<div class=\"elementor-widget-container\">\n\t\t\t\t\t\t\t\t\t<h3>M\u00e9todos de limpeza sustent\u00e1veis<\/h3><p><strong>Os nossos m\u00e9todos de limpeza foram desenvolvidos em 2015, com um foco claro na sustentabilidade e na prote\u00e7\u00e3o das superf\u00edcies. O nosso objetivo \u00e9 reduzir a press\u00e3o da \u00e1gua durante a limpeza e evitar qualquer contacto mec\u00e2nico com as superf\u00edcies.<\/strong><\/p><p>Os sistemas KTV SelfCleaner e KTV WindowCleaner foram concebidos para preservar as fachadas e janelas ao longo do tempo, prevenindo danos na superf\u00edcie e mantendo a limpeza.<\/p><p>Os edif\u00edcios e as infraestruturas dos setores imobili\u00e1rio, de petr\u00f3leo e g\u00e1s, energia e obras p\u00fablicas t\u00eam, normalmente, ciclos de vida superiores a 100 anos. Isto torna a sele\u00e7\u00e3o do m\u00e9todo de manuten\u00e7\u00e3o crucial para a sustentabilidade.<\/p><p>Compreendemos a manuten\u00e7\u00e3o a longo prazo e as nossas solu\u00e7\u00f5es est\u00e3o entre os m\u00e9todos mais sustent\u00e1veis \u200b\u200bdispon\u00edveis atualmente<\/p>\t\t\t\t\t\t\t\t<\/div>\n\t\t\t\t<\/div>\n\t\t\t\t<\/div>\n\t\t<div class=\"elementor-element elementor-element-dd3df47 e-con-full e-flex e-con e-child\" data-id=\"dd3df47\" data-element_type=\"container\" data-e-type=\"container\">\n\t\t\t\t<div class=\"elementor-element elementor-element-55e29c6 elementor-widget elementor-widget-text-editor\" data-id=\"55e29c6\" data-element_type=\"widget\" data-e-type=\"widget\" data-widget_type=\"text-editor.default\">\n\t\t\t\t<div class=\"elementor-widget-container\">\n\t\t\t\t\t\t\t\t\t<h3><strong>Conformidade e documenta\u00e7\u00e3o digital<br \/><\/strong><\/h3><p>O nosso sistema Bluetag CRM est\u00e1 em total conformidade com as normas ISO 14001, ISO 45001 e ISO 9001.<\/p><p>Todos os trabalhos e projetos s\u00e3o documentados com listas de verifica\u00e7\u00e3o, avalia\u00e7\u00f5es de risco, relat\u00f3rios e imagens.<\/p><p>Esta documenta\u00e7\u00e3o est\u00e1 dispon\u00edvel online para os clientes desde o in\u00edcio do projeto, garantindo transpar\u00eancia, rastreabilidade e controlo de qualidade em todas as fases.<\/p>\t\t\t\t\t\t\t\t<\/div>\n\t\t\t\t<\/div>\n\t\t\t\t<\/div>\n\t\t\t\t<\/div>\n\t\t\t\t\t<\/div>\n\t\t\t\t<\/div>\n\t\t<div class=\"elementor-element elementor-element-1b3d2a2 e-flex e-con-boxed e-con e-parent\" data-id=\"1b3d2a2\" data-element_type=\"container\" data-e-type=\"container\" data-settings=\"{&quot;background_background&quot;:&quot;classic&quot;}\">\n\t\t\t\t\t<div class=\"e-con-inner\">\n\t\t<div class=\"elementor-element elementor-element-9116d19 e-con-full e-flex e-con e-child\" data-id=\"9116d19\" data-element_type=\"container\" data-e-type=\"container\" data-settings=\"{&quot;background_background&quot;:&quot;classic&quot;,&quot;background_motion_fx_motion_fx_scrolling&quot;:&quot;yes&quot;,&quot;background_motion_fx_translateX_effect&quot;:&quot;yes&quot;,&quot;background_motion_fx_translateX_speed&quot;:{&quot;unit&quot;:&quot;px&quot;,&quot;size&quot;:2.5,&quot;sizes&quot;:[]},&quot;background_motion_fx_translateX_affectedRange&quot;:{&quot;unit&quot;:&quot;%&quot;,&quot;size&quot;:&quot;&quot;,&quot;sizes&quot;:{&quot;start&quot;:0,&quot;end&quot;:100}},&quot;background_motion_fx_devices&quot;:[&quot;desktop&quot;,&quot;tablet&quot;,&quot;mobile&quot;]}\">\n\t\t\t\t<div class=\"elementor-element elementor-element-837f121 elementor-widget elementor-widget-heading\" data-id=\"837f121\" data-element_type=\"widget\" data-e-type=\"widget\" data-widget_type=\"heading.default\">\n\t\t\t\t<div class=\"elementor-widget-container\">\n\t\t\t\t\t<h2 class=\"elementor-heading-title elementor-size-default\">Desenvolvimento futuro\n<\/h2>\t\t\t\t<\/div>\n\t\t\t\t<\/div>\n\t\t\t\t<div class=\"elementor-element elementor-element-3b58751 elementor-widget elementor-widget-heading\" data-id=\"3b58751\" data-element_type=\"widget\" data-e-type=\"widget\" data-widget_type=\"heading.default\">\n\t\t\t\t<div class=\"elementor-widget-container\">\n\t\t\t\t\t<h2 class=\"elementor-heading-title elementor-size-default\">Pr\u00f3ximo passo<\/h2>\t\t\t\t<\/div>\n\t\t\t\t<\/div>\n\t\t\t\t<\/div>\n\t\t<div class=\"elementor-element elementor-element-fb151a5 e-con-full e-flex e-con e-child\" data-id=\"fb151a5\" data-element_type=\"container\" data-e-type=\"container\" data-settings=\"{&quot;background_background&quot;:&quot;classic&quot;}\">\n\t\t\t\t<div class=\"elementor-element elementor-element-c8bc14c elementor-widget elementor-widget-text-editor\" data-id=\"c8bc14c\" data-element_type=\"widget\" data-e-type=\"widget\" data-widget_type=\"text-editor.default\">\n\t\t\t\t<div class=\"elementor-widget-container\">\n\t\t\t\t\t\t\t\t\t<ul><li><strong>Pintura com spray<\/strong><br \/>Com o desenvolvimento cont\u00ednuo, testes alargados e novas parcerias com fabricantes de tintas, estamos a aproximar-nos da fase final de testes.<\/li><li><strong>Altitudes mais elevadas<\/strong><br \/>Na KTV Working Drone, orgulhamo-nos de oferecer tecnologia inovadora que permite aos nossos drones realizar tarefas em seguran\u00e7a a altitudes de 600 metros ou mais. O nosso sistema de seguran\u00e7a de teto de \u00faltima gera\u00e7\u00e3o garante a seguran\u00e7a tanto do drone como de quem est\u00e1 em terra. Acreditamos que as possibilidades para os nossos drones s\u00e3o infinitas e dedicamo-nos a expandir os limites do que \u00e9 poss\u00edvel.<\/li><li><strong>Drone aut\u00f3nomo<\/strong><br \/>Estamos a trabalhar a 100% para permitir que o drone execute tarefas de forma aut\u00f3noma. J\u00e1 conseguimos isso para fachadas simples, onde o drone opera sem piloto. O nosso objetivo \u00e9 resolver isso tamb\u00e9m para edif\u00edcios e estruturas complexas.<\/li><li><strong>Salas de controlo remoto<\/strong><br \/>Como parte dos nossos planos, pretendemos estabelecer salas de controlo para pilotos de drones, permitindo-lhes operar drones globalmente atrav\u00e9s da internet. Este avan\u00e7o permitir\u00e1 aos pilotos de drones oferecer apoio remoto, realizar tarefas especializadas e operar com mais seguran\u00e7a e prestar servi\u00e7os excecionais a partir de qualquer parte do mundo.&#8221;<\/li><\/ul>\t\t\t\t\t\t\t\t<\/div>\n\t\t\t\t<\/div>\n\t\t\t\t<div class=\"elementor-element elementor-element-87473ee elementor-widget elementor-widget-spacer\" data-id=\"87473ee\" data-element_type=\"widget\" data-e-type=\"widget\" data-widget_type=\"spacer.default\">\n\t\t\t\t<div class=\"elementor-widget-container\">\n\t\t\t\t\t\t\t<div class=\"elementor-spacer\">\n\t\t\t<div class=\"elementor-spacer-inner\"><\/div>\n\t\t<\/div>\n\t\t\t\t\t\t<\/div>\n\t\t\t\t<\/div>\n\t\t\t\t<\/div>\n\t\t\t\t\t<\/div>\n\t\t\t\t<\/div>\n\t\t\t\t<\/div>\n\t\t","protected":false},"excerpt":{"rendered":"<p>Learn about KTV Working Drone, the company behind innovative drone cleaning solutions for buildings, infrastructure and industrial projects.<\/p>\n","protected":false},"author":9,"featured_media":1316,"parent":0,"menu_order":0,"comment_status":"closed","ping_status":"closed","template":"","meta":{"_seopress_robots_primary_cat":"","_seopress_titles_title":"About us | KTV Working Drone","_seopress_titles_desc":"Learn about KTV Working Drone, the company behind innovative drone cleaning solutions for buildings, infrastructure and industrial projects.","_seopress_robots_index":"","footnotes":""},"class_list":["post-119","page","type-page","status-publish","has-post-thumbnail","hentry"],"_links":{"self":[{"href":"https:\/\/ktvworkingdrone.com\/pt\/wp-json\/wp\/v2\/pages\/119","targetHints":{"allow":["GET"]}}],"collection":[{"href":"https:\/\/ktvworkingdrone.com\/pt\/wp-json\/wp\/v2\/pages"}],"about":[{"href":"https:\/\/ktvworkingdrone.com\/pt\/wp-json\/wp\/v2\/types\/page"}],"author":[{"embeddable":true,"href":"https:\/\/ktvworkingdrone.com\/pt\/wp-json\/wp\/v2\/users\/9"}],"replies":[{"embeddable":true,"href":"https:\/\/ktvworkingdrone.com\/pt\/wp-json\/wp\/v2\/comments?post=119"}],"version-history":[{"count":22,"href":"https:\/\/ktvworkingdrone.com\/pt\/wp-json\/wp\/v2\/pages\/119\/revisions"}],"predecessor-version":[{"id":8633,"href":"https:\/\/ktvworkingdrone.com\/pt\/wp-json\/wp\/v2\/pages\/119\/revisions\/8633"}],"wp:featuredmedia":[{"embeddable":true,"href":"https:\/\/ktvworkingdrone.com\/pt\/wp-json\/wp\/v2\/media\/1316"}],"wp:attachment":[{"href":"https:\/\/ktvworkingdrone.com\/pt\/wp-json\/wp\/v2\/media?parent=119"}],"curies":[{"name":"wp","href":"https:\/\/api.w.org\/{rel}","templated":true}]}}