{"id":113,"date":"2025-06-23T10:56:16","date_gmt":"2025-06-23T10:56:16","guid":{"rendered":"https:\/\/ktvwd.com\/au\/?page_id=113"},"modified":"2025-09-04T04:37:05","modified_gmt":"2025-09-04T04:37:05","slug":"safety","status":"publish","type":"page","link":"https:\/\/ktvworkingdrone.com\/pt\/safety\/","title":{"rendered":"Safety"},"content":{"rendered":"\t\t<div data-elementor-type=\"wp-page\" data-elementor-id=\"113\" class=\"elementor elementor-113\" data-elementor-post-type=\"page\">\n\t\t\t\t<div class=\"elementor-element elementor-element-7cb154c e-flex e-con-boxed e-con e-parent\" data-id=\"7cb154c\" data-element_type=\"container\" data-e-type=\"container\" data-settings=\"{&quot;background_background&quot;:&quot;classic&quot;,&quot;background_motion_fx_motion_fx_scrolling&quot;:&quot;yes&quot;,&quot;background_motion_fx_translateY_effect&quot;:&quot;yes&quot;,&quot;background_motion_fx_translateY_direction&quot;:&quot;negative&quot;,&quot;background_motion_fx_translateY_speed&quot;:{&quot;unit&quot;:&quot;px&quot;,&quot;size&quot;:7.5,&quot;sizes&quot;:[]},&quot;background_motion_fx_translateY_affectedRange&quot;:{&quot;unit&quot;:&quot;%&quot;,&quot;size&quot;:&quot;&quot;,&quot;sizes&quot;:{&quot;start&quot;:0,&quot;end&quot;:100}},&quot;background_motion_fx_devices&quot;:[&quot;desktop&quot;,&quot;tablet&quot;,&quot;mobile&quot;]}\">\n\t\t\t\t\t<div class=\"e-con-inner\">\n\t\t<div class=\"elementor-element elementor-element-eb84d2c e-con-full e-flex e-con e-child\" data-id=\"eb84d2c\" data-element_type=\"container\" data-e-type=\"container\">\n\t\t\t\t<div class=\"elementor-element elementor-element-8aa4843 elementor-widget elementor-widget-heading\" data-id=\"8aa4843\" data-element_type=\"widget\" data-e-type=\"widget\" data-widget_type=\"heading.default\">\n\t\t\t\t<div class=\"elementor-widget-container\">\n\t\t\t\t\t<h1 class=\"elementor-heading-title elementor-size-default\">Seguran\u00e7a sempre em primeiro lugar\n<\/h1>\t\t\t\t<\/div>\n\t\t\t\t<\/div>\n\t\t\t\t<div class=\"elementor-element elementor-element-dab0597 elementor-widget__width-inherit elementor-widget elementor-widget-text-editor\" data-id=\"dab0597\" data-element_type=\"widget\" data-e-type=\"widget\" data-widget_type=\"text-editor.default\">\n\t\t\t\t<div class=\"elementor-widget-container\">\n\t\t\t\t\t\t\t\t\t<p>Na KTV Working Drone, a seguran\u00e7a \u00e9 a nossa maior prioridade. Estamos totalmente empenhados em manter um ambiente seguro para todos os membros da nossa equipa, os nossos parceiros, franchisados \u200b\u200be clientes.<\/p>\t\t\t\t\t\t\t\t<\/div>\n\t\t\t\t<\/div>\n\t\t\t\t<\/div>\n\t\t\t\t\t<\/div>\n\t\t\t\t<\/div>\n\t\t<div class=\"elementor-element elementor-element-6814491 e-flex e-con-boxed e-con e-parent\" data-id=\"6814491\" data-element_type=\"container\" data-e-type=\"container\" data-settings=\"{&quot;background_background&quot;:&quot;classic&quot;}\">\n\t\t\t\t\t<div class=\"e-con-inner\">\n\t\t<div class=\"elementor-element elementor-element-044dab1 e-con-full e-flex e-con e-child\" data-id=\"044dab1\" data-element_type=\"container\" data-e-type=\"container\">\n\t\t\t\t<div class=\"elementor-element elementor-element-5cb7ec6 elementor-widget elementor-widget-image\" data-id=\"5cb7ec6\" data-element_type=\"widget\" data-e-type=\"widget\" data-widget_type=\"image.default\">\n\t\t\t\t<div class=\"elementor-widget-container\">\n\t\t\t\t\t\t\t\t\t\t\t\t\t\t\t<img fetchpriority=\"high\" decoding=\"async\" width=\"1920\" height=\"1440\" src=\"https:\/\/ktvworkingdrone.com\/pt\/wp-content\/uploads\/sites\/350\/2025\/06\/P1005965.jpg\" class=\"attachment-full size-full wp-image-1200\" alt=\"Image of KTV Working Drone and operator\" srcset=\"https:\/\/ktvworkingdrone.com\/pt\/wp-content\/uploads\/sites\/350\/2025\/06\/P1005965.jpg 1920w, https:\/\/ktvworkingdrone.com\/pt\/wp-content\/uploads\/sites\/350\/2025\/06\/P1005965-300x225.jpg 300w, https:\/\/ktvworkingdrone.com\/pt\/wp-content\/uploads\/sites\/350\/2025\/06\/P1005965-1024x768.jpg 1024w, https:\/\/ktvworkingdrone.com\/pt\/wp-content\/uploads\/sites\/350\/2025\/06\/P1005965-768x576.jpg 768w, https:\/\/ktvworkingdrone.com\/pt\/wp-content\/uploads\/sites\/350\/2025\/06\/P1005965-1536x1152.jpg 1536w\" sizes=\"(max-width: 1920px) 100vw, 1920px\" \/>\t\t\t\t\t\t\t\t\t\t\t\t\t\t\t<\/div>\n\t\t\t\t<\/div>\n\t\t\t\t<\/div>\n\t\t<div class=\"elementor-element elementor-element-f376895 e-con-full e-flex e-con e-child\" data-id=\"f376895\" data-element_type=\"container\" data-e-type=\"container\">\n\t\t\t\t<div class=\"elementor-element elementor-element-dc156b1 elementor-widget__width-inherit elementor-widget elementor-widget-heading\" data-id=\"dc156b1\" data-element_type=\"widget\" data-e-type=\"widget\" data-widget_type=\"heading.default\">\n\t\t\t\t<div class=\"elementor-widget-container\">\n\t\t\t\t\t<div class=\"elementor-heading-title elementor-size-default\">KTV Working Drone<\/div>\t\t\t\t<\/div>\n\t\t\t\t<\/div>\n\t\t\t\t<div class=\"elementor-element elementor-element-8098b6d elementor-widget elementor-widget-heading\" data-id=\"8098b6d\" data-element_type=\"widget\" data-e-type=\"widget\" data-widget_type=\"heading.default\">\n\t\t\t\t<div class=\"elementor-widget-container\">\n\t\t\t\t\t<h1 class=\"elementor-heading-title elementor-size-default\">Declara\u00e7\u00e3o de Seguran\u00e7a<\/h1>\t\t\t\t<\/div>\n\t\t\t\t<\/div>\n\t\t\t\t<div class=\"elementor-element elementor-element-3cf6c94 elementor-widget elementor-widget-text-editor\" data-id=\"3cf6c94\" data-element_type=\"widget\" data-e-type=\"widget\" data-widget_type=\"text-editor.default\">\n\t\t\t\t<div class=\"elementor-widget-container\">\n\t\t\t\t\t\t\t\t\t<p><strong>Na KTV Working Drone, a seguran\u00e7a \u00e9 a nossa maior prioridade. Estamos totalmente empenhados em manter um ambiente seguro para todos os membros da nossa equipa, os nossos parceiros, franchisados \u200b\u200be clientes.<\/strong><\/p><p><strong>Desenvolvemos uma pol\u00edtica de seguran\u00e7a detalhada que deve ser seguida de forma rigorosa para garantir a seguran\u00e7a de todos os envolvidos nas nossas opera\u00e7\u00f5es. Continuaremos a trabalhar incansavelmente para garantir essa seguran\u00e7a.<\/strong><\/p>\t\t\t\t\t\t\t\t<\/div>\n\t\t\t\t<\/div>\n\t\t\t\t<div class=\"elementor-element elementor-element-f8eba88 elementor-widget elementor-widget-text-editor\" data-id=\"f8eba88\" data-element_type=\"widget\" data-e-type=\"widget\" data-widget_type=\"text-editor.default\">\n\t\t\t\t<div class=\"elementor-widget-container\">\n\t\t\t\t\t\t\t\t\t<p>A KTV Working Drone implementa os procedimentos\/precau\u00e7\u00f5es de seguran\u00e7a necess\u00e1rios de acordo com as normas de seguran\u00e7a definidas na pol\u00edtica global de seguran\u00e7a da empresa, incluindo, entre outros:<\/p><ul><li aria-level=\"1\">Minimizar o nosso impacto no ambiente<\/li><li aria-level=\"1\">N\u00e3o ferir ou perturbar pessoas n\u00e3o envolvidas<\/li><li aria-level=\"1\">N\u00e3o causar danos a propriedades, edif\u00edcios, ve\u00edculos e outros bens<\/li><li aria-level=\"1\">Operar sempre dentro das diretrizes da Lei Global de Privacidade<\/li><\/ul><p>A KTV Working Drone ir\u00e1 operar de acordo com a cultura consolidada na avia\u00e7\u00e3o. Ao aprender, desenvolver e adaptar os nossos servi\u00e7os, procuraremos um crescimento positivo para a marca e para o setor.<\/p>\t\t\t\t\t\t\t\t<\/div>\n\t\t\t\t<\/div>\n\t\t\t\t<\/div>\n\t\t\t\t\t<\/div>\n\t\t\t\t<\/div>\n\t\t\t\t<\/div>\n\t\t","protected":false},"excerpt":{"rendered":"<p>KTV Working Drone removes the need for risky work at height. Our drone technology improves safety, reduces accidents and protects workers and property.<\/p>\n","protected":false},"author":9,"featured_media":1316,"parent":0,"menu_order":0,"comment_status":"closed","ping_status":"closed","template":"","meta":{"_seopress_robots_primary_cat":"","_seopress_titles_title":"Drone cleaning safety | KTV Working Drone","_seopress_titles_desc":"KTV Working Drone removes the need for risky work at height. Our drone technology improves safety, reduces accidents and protects workers and property.","_seopress_robots_index":"","footnotes":""},"class_list":["post-113","page","type-page","status-publish","has-post-thumbnail","hentry"],"_links":{"self":[{"href":"https:\/\/ktvworkingdrone.com\/pt\/wp-json\/wp\/v2\/pages\/113","targetHints":{"allow":["GET"]}}],"collection":[{"href":"https:\/\/ktvworkingdrone.com\/pt\/wp-json\/wp\/v2\/pages"}],"about":[{"href":"https:\/\/ktvworkingdrone.com\/pt\/wp-json\/wp\/v2\/types\/page"}],"author":[{"embeddable":true,"href":"https:\/\/ktvworkingdrone.com\/pt\/wp-json\/wp\/v2\/users\/9"}],"replies":[{"embeddable":true,"href":"https:\/\/ktvworkingdrone.com\/pt\/wp-json\/wp\/v2\/comments?post=113"}],"version-history":[{"count":8,"href":"https:\/\/ktvworkingdrone.com\/pt\/wp-json\/wp\/v2\/pages\/113\/revisions"}],"predecessor-version":[{"id":8671,"href":"https:\/\/ktvworkingdrone.com\/pt\/wp-json\/wp\/v2\/pages\/113\/revisions\/8671"}],"wp:featuredmedia":[{"embeddable":true,"href":"https:\/\/ktvworkingdrone.com\/pt\/wp-json\/wp\/v2\/media\/1316"}],"wp:attachment":[{"href":"https:\/\/ktvworkingdrone.com\/pt\/wp-json\/wp\/v2\/media?parent=113"}],"curies":[{"name":"wp","href":"https:\/\/api.w.org\/{rel}","templated":true}]}}