{"id":906,"date":"2025-06-26T07:22:17","date_gmt":"2025-06-26T07:22:17","guid":{"rendered":"https:\/\/ktvwd.com\/au\/?page_id=906"},"modified":"2025-06-26T07:38:23","modified_gmt":"2025-06-26T07:38:23","slug":"jobs-dronepilot","status":"publish","type":"page","link":"https:\/\/ktvworkingdrone.com\/pl\/jobs-dronepilot\/","title":{"rendered":"Drone pilot"},"content":{"rendered":"\t\t<div data-elementor-type=\"wp-page\" data-elementor-id=\"906\" class=\"elementor elementor-906\" data-elementor-post-type=\"page\">\n\t\t\t\t<div class=\"elementor-element elementor-element-4c4b70e e-flex e-con-boxed e-con e-parent\" data-id=\"4c4b70e\" data-element_type=\"container\" data-e-type=\"container\" data-settings=\"{&quot;background_background&quot;:&quot;video&quot;,&quot;background_motion_fx_translateY_effect&quot;:&quot;yes&quot;,&quot;background_motion_fx_translateY_direction&quot;:&quot;negative&quot;,&quot;background_motion_fx_translateY_speed&quot;:{&quot;unit&quot;:&quot;px&quot;,&quot;size&quot;:7.5,&quot;sizes&quot;:[]},&quot;background_video_link&quot;:&quot;https:\\\/\\\/vimeo.com\\\/713580406&quot;,&quot;background_play_on_mobile&quot;:&quot;yes&quot;,&quot;shape_divider_bottom&quot;:&quot;waves&quot;,&quot;background_motion_fx_translateY_affectedRange&quot;:{&quot;unit&quot;:&quot;%&quot;,&quot;size&quot;:&quot;&quot;,&quot;sizes&quot;:{&quot;start&quot;:0,&quot;end&quot;:100}},&quot;background_motion_fx_devices&quot;:[&quot;desktop&quot;,&quot;tablet&quot;,&quot;mobile&quot;]}\">\n\t\t\t\t\t<div class=\"e-con-inner\">\n\t\t<div class=\"elementor-background-video-container\">\n\t\t\t\t\t\t\t<div class=\"elementor-background-video-embed\" role=\"presentation\"><\/div>\n\t\t\t\t\t\t<\/div>\t\t<div class=\"elementor-shape elementor-shape-bottom\" aria-hidden=\"true\" data-negative=\"false\">\n\t\t\t<svg xmlns=\"http:\/\/www.w3.org\/2000\/svg\" viewBox=\"0 0 1000 100\" preserveAspectRatio=\"none\">\n\t<path class=\"elementor-shape-fill\" d=\"M421.9,6.5c22.6-2.5,51.5,0.4,75.5,5.3c23.6,4.9,70.9,23.5,100.5,35.7c75.8,32.2,133.7,44.5,192.6,49.7\n\tc23.6,2.1,48.7,3.5,103.4-2.5c54.7-6,106.2-25.6,106.2-25.6V0H0v30.3c0,0,72,32.6,158.4,30.5c39.2-0.7,92.8-6.7,134-22.4\n\tc21.2-8.1,52.2-18.2,79.7-24.2C399.3,7.9,411.6,7.5,421.9,6.5z\"\/>\n<\/svg>\t\t<\/div>\n\t\t<div class=\"elementor-element elementor-element-c537d6c e-con-full e-flex e-con e-child\" data-id=\"c537d6c\" data-element_type=\"container\" data-e-type=\"container\">\n\t\t\t\t<div class=\"elementor-element elementor-element-d35c80b elementor-widget elementor-widget-heading\" data-id=\"d35c80b\" data-element_type=\"widget\" data-e-type=\"widget\" data-widget_type=\"heading.default\">\n\t\t\t\t<div class=\"elementor-widget-container\">\n\t\t\t\t\t<h1 class=\"elementor-heading-title elementor-size-default\">Drone pilot<\/h1>\t\t\t\t<\/div>\n\t\t\t\t<\/div>\n\t\t\t\t<div class=\"elementor-element elementor-element-caf6f3b elementor-widget__width-inherit elementor-widget elementor-widget-text-editor\" data-id=\"caf6f3b\" data-element_type=\"widget\" data-e-type=\"widget\" data-widget_type=\"text-editor.default\">\n\t\t\t\t<div class=\"elementor-widget-container\">\n\t\t\t\t\t\t\t\t\t<p>KTV Working Drone<\/p>\t\t\t\t\t\t\t\t<\/div>\n\t\t\t\t<\/div>\n\t\t\t\t<\/div>\n\t\t\t\t\t<\/div>\n\t\t\t\t<\/div>\n\t\t<div class=\"elementor-element elementor-element-f77bba3 e-flex e-con-boxed e-con e-parent\" data-id=\"f77bba3\" data-element_type=\"container\" data-e-type=\"container\" data-settings=\"{&quot;background_background&quot;:&quot;classic&quot;}\">\n\t\t\t\t\t<div class=\"e-con-inner\">\n\t\t<div class=\"elementor-element elementor-element-f67a9be e-con-full e-flex e-con e-child\" data-id=\"f67a9be\" data-element_type=\"container\" data-e-type=\"container\">\n\t\t\t\t<div class=\"elementor-element elementor-element-91fa996 elementor-widget elementor-widget-video\" data-id=\"91fa996\" data-element_type=\"widget\" data-e-type=\"widget\" data-settings=\"{&quot;video_type&quot;:&quot;vimeo&quot;}\" data-widget_type=\"video.default\">\n\t\t\t\t<div class=\"elementor-widget-container\">\n\t\t\t\t\t\t\t<div class=\"elementor-wrapper elementor-open-inline\">\n\t\t\t<iframe class=\"elementor-video-iframe\" allowfullscreen allow=\"clipboard-write\" title=\"vimeo Video Player\" src=\"https:\/\/player.vimeo.com\/video\/811005023?color&amp;autopause=0&amp;loop=0&amp;muted=0&amp;title=1&amp;portrait=1&amp;byline=1#t=\"><\/iframe>\t\t<\/div>\n\t\t\t\t\t\t<\/div>\n\t\t\t\t<\/div>\n\t\t\t\t<div class=\"elementor-element elementor-element-959b0f3 elementor-widget elementor-widget-button\" data-id=\"959b0f3\" data-element_type=\"widget\" data-e-type=\"widget\" data-widget_type=\"button.default\">\n\t\t\t\t<div class=\"elementor-widget-container\">\n\t\t\t\t\t\t\t\t\t<div class=\"elementor-button-wrapper\">\n\t\t\t\t\t<a class=\"elementor-button elementor-button-link elementor-size-sm\" href=\"https:\/\/ktvworkingdrone.com\/gallery\/\">\n\t\t\t\t\t\t<span class=\"elementor-button-content-wrapper\">\n\t\t\t\t\t\t<span class=\"elementor-button-icon\">\n\t\t\t\t<svg aria-hidden=\"true\" class=\"e-font-icon-svg e-fas-video\" viewBox=\"0 0 576 512\" xmlns=\"http:\/\/www.w3.org\/2000\/svg\"><path d=\"M336.2 64H47.8C21.4 64 0 85.4 0 111.8v288.4C0 426.6 21.4 448 47.8 448h288.4c26.4 0 47.8-21.4 47.8-47.8V111.8c0-26.4-21.4-47.8-47.8-47.8zm189.4 37.7L416 177.3v157.4l109.6 75.5c21.2 14.6 50.4-.3 50.4-25.8V127.5c0-25.4-29.1-40.4-50.4-25.8z\"><\/path><\/svg>\t\t\t<\/span>\n\t\t\t\t\t\t\t\t\t<span class=\"elementor-button-text\">Flere videoer her<\/span>\n\t\t\t\t\t<\/span>\n\t\t\t\t\t<\/a>\n\t\t\t\t<\/div>\n\t\t\t\t\t\t\t\t<\/div>\n\t\t\t\t<\/div>\n\t\t\t\t<div class=\"elementor-element elementor-element-5ee3952 elementor-widget elementor-widget-spacer\" data-id=\"5ee3952\" data-element_type=\"widget\" data-e-type=\"widget\" data-widget_type=\"spacer.default\">\n\t\t\t\t<div class=\"elementor-widget-container\">\n\t\t\t\t\t\t\t<div class=\"elementor-spacer\">\n\t\t\t<div class=\"elementor-spacer-inner\"><\/div>\n\t\t<\/div>\n\t\t\t\t\t\t<\/div>\n\t\t\t\t<\/div>\n\t\t\t\t<\/div>\n\t\t<div class=\"elementor-element elementor-element-19ddd63 e-con-full e-flex e-con e-child\" data-id=\"19ddd63\" data-element_type=\"container\" data-e-type=\"container\">\n\t\t\t\t<div class=\"elementor-element elementor-element-01cf468 elementor-widget elementor-widget-heading\" data-id=\"01cf468\" data-element_type=\"widget\" data-e-type=\"widget\" data-widget_type=\"heading.default\">\n\t\t\t\t<div class=\"elementor-widget-container\">\n\t\t\t\t\t<h2 class=\"elementor-heading-title elementor-size-default\">(English below)<\/h2>\t\t\t\t<\/div>\n\t\t\t\t<\/div>\n\t\t\t\t<div class=\"elementor-element elementor-element-1cff900 elementor-widget elementor-widget-heading\" data-id=\"1cff900\" data-element_type=\"widget\" data-e-type=\"widget\" data-widget_type=\"heading.default\">\n\t\t\t\t<div class=\"elementor-widget-container\">\n\t\t\t\t\t<h1 class=\"elementor-heading-title elementor-size-default\">Ledig stilling som dronepilot<\/h1>\t\t\t\t<\/div>\n\t\t\t\t<\/div>\n\t\t\t\t<div class=\"elementor-element elementor-element-2080467 elementor-widget elementor-widget-text-editor\" data-id=\"2080467\" data-element_type=\"widget\" data-e-type=\"widget\" data-widget_type=\"text-editor.default\">\n\t\t\t\t<div class=\"elementor-widget-container\">\n\t\t\t\t\t\t\t\t\t<h3><strong>KTV Working Drone s\u00f8ker erfaren dronepilot.<\/strong><\/h3><p>Jobben vil best\u00e5 i operativ utf\u00f8relse av varierte droneoppdrag, i tillegg til oppl\u00e6ring av andre piloter og kvalitetssikring av franchisetakere.<\/p><p>Her f\u00e5r du en unik mulighet til \u00e5 ta del i et sv\u00e6rt spennende oppstartseventyr hvor man ogs\u00e5 vil f\u00e5 mulighet til \u00e5 delta i videreutviklingen av KTV Working Drone. Vi jobber med flere prosjekter og nyutviklinger.<\/p><p>Det m\u00e5 p\u00e5regnes en del reisevirksomhet rundt i hele verden.<\/p><p>Vi ser etter en person med god teknisk forst\u00e5else, piloterfaring, erfaring med logistikk og personen m\u00e5 kunne ta ansvar og jobbe selvstendig.<\/p><p>Oppl\u00e6ring og tilsyn er en del av stillingen, og man m\u00e5 v\u00e6re flink p\u00e5 kommunikasjon og ha gode muntlige og skriftlige norsk- og engelskkunnskaper.<\/p><p><strong>\u00d8nskelige kvalifikasjoner:<\/strong><\/p><ul><li>Erfaring som dronepilot<\/li><li>Teknisk kompetanse fortrinnsvis med droner<\/li><li>L\u00f8sningsorientert og ansvarsbevisst<\/li><li>Selvg\u00e5ende, strukturert og m\u00e5lrettet<\/li><li>H\u00f8y arbeidskapasitet og gjennomf\u00f8ringsevne<\/li><li>Gode muntlige og fortrinnsvis skriftlige ferdigheter i norsk og engelsk<\/li><\/ul><p><strong><br \/>Vi tilbyr den rette kandidaten:<\/strong><\/p><ul><li>Konkurransedyktige betingelser, med gode forsikrings- og pensjonsordninger<\/li><li>Mye ansvar og utviklingsmuligheter<\/li><li>Ta del i spennende innovasjonsprosjekter med store muligheter<\/li><li>Mulighet til \u00e5 jobbe internasjonalt<\/li><\/ul><p><span style=\"color: var( --e-global-color-text ); font-family: var( --e-global-typography-text-font-family ), sans-serif; font-size: var( --e-global-typography-text-font-size ); font-weight: var( --e-global-typography-text-font-weight );\"><br \/>Kvinner oppfordres til \u00e5 s\u00f8ke.<\/span><\/p><p><b>Ansettelsesform:<\/b> Fast<br \/><b>Stillingsprosent:<\/b> 100%<br \/><b>S\u00f8knadsfrist:<\/b> Snarest<\/p><p><b>S\u00f8knad og kontaktperson<\/b><br \/>S\u00f8knad med CV og kort s\u00f8knadsbrev sendes til post@ktvwd.com. Merk s\u00f8knaden med \u00abS\u00f8knad dronepilot KTV Working Drone\u00bb.<\/p><p>Sp\u00f8rsm\u00e5l om stillingen kan rettes til daglig leder Kennet Nilsen, p\u00e5 telefon 98 26 70 60 eller e-post post@ktvwd.com<\/p><p>For mer informasjon om v\u00e5re arbeidsdroner, se www.ktvworkingdrone.com<\/p>\t\t\t\t\t\t\t\t<\/div>\n\t\t\t\t<\/div>\n\t\t\t\t<\/div>\n\t\t\t\t\t<\/div>\n\t\t\t\t<\/div>\n\t\t<div class=\"elementor-element elementor-element-9785154 e-flex e-con-boxed e-con e-parent\" data-id=\"9785154\" data-element_type=\"container\" data-e-type=\"container\" data-settings=\"{&quot;background_background&quot;:&quot;classic&quot;}\">\n\t\t\t\t\t<div class=\"e-con-inner\">\n\t\t<div class=\"elementor-element elementor-element-f973459 e-con-full e-flex e-con e-child\" data-id=\"f973459\" data-element_type=\"container\" data-e-type=\"container\">\n\t\t\t\t<div class=\"elementor-element elementor-element-fe97d79 elementor-widget elementor-widget-video\" data-id=\"fe97d79\" data-element_type=\"widget\" data-e-type=\"widget\" data-settings=\"{&quot;video_type&quot;:&quot;vimeo&quot;}\" data-widget_type=\"video.default\">\n\t\t\t\t<div class=\"elementor-widget-container\">\n\t\t\t\t\t\t\t<div class=\"elementor-wrapper elementor-open-inline\">\n\t\t\t<iframe class=\"elementor-video-iframe\" allowfullscreen allow=\"clipboard-write\" title=\"vimeo Video Player\" src=\"https:\/\/player.vimeo.com\/video\/811005023?color&amp;autopause=0&amp;loop=0&amp;muted=0&amp;title=1&amp;portrait=1&amp;byline=1#t=\"><\/iframe>\t\t<\/div>\n\t\t\t\t\t\t<\/div>\n\t\t\t\t<\/div>\n\t\t\t\t<div class=\"elementor-element elementor-element-8702167 elementor-widget elementor-widget-button\" data-id=\"8702167\" data-element_type=\"widget\" data-e-type=\"widget\" data-widget_type=\"button.default\">\n\t\t\t\t<div class=\"elementor-widget-container\">\n\t\t\t\t\t\t\t\t\t<div class=\"elementor-button-wrapper\">\n\t\t\t\t\t<a class=\"elementor-button elementor-button-link elementor-size-sm\" href=\"https:\/\/ktvworkingdrone.com\/gallery\/\">\n\t\t\t\t\t\t<span class=\"elementor-button-content-wrapper\">\n\t\t\t\t\t\t<span class=\"elementor-button-icon\">\n\t\t\t\t<svg aria-hidden=\"true\" class=\"e-font-icon-svg e-fas-video\" viewBox=\"0 0 576 512\" xmlns=\"http:\/\/www.w3.org\/2000\/svg\"><path d=\"M336.2 64H47.8C21.4 64 0 85.4 0 111.8v288.4C0 426.6 21.4 448 47.8 448h288.4c26.4 0 47.8-21.4 47.8-47.8V111.8c0-26.4-21.4-47.8-47.8-47.8zm189.4 37.7L416 177.3v157.4l109.6 75.5c21.2 14.6 50.4-.3 50.4-25.8V127.5c0-25.4-29.1-40.4-50.4-25.8z\"><\/path><\/svg>\t\t\t<\/span>\n\t\t\t\t\t\t\t\t\t<span class=\"elementor-button-text\">More videoes here<\/span>\n\t\t\t\t\t<\/span>\n\t\t\t\t\t<\/a>\n\t\t\t\t<\/div>\n\t\t\t\t\t\t\t\t<\/div>\n\t\t\t\t<\/div>\n\t\t\t\t<div class=\"elementor-element elementor-element-1974c86 elementor-widget elementor-widget-spacer\" data-id=\"1974c86\" data-element_type=\"widget\" data-e-type=\"widget\" data-widget_type=\"spacer.default\">\n\t\t\t\t<div class=\"elementor-widget-container\">\n\t\t\t\t\t\t\t<div class=\"elementor-spacer\">\n\t\t\t<div class=\"elementor-spacer-inner\"><\/div>\n\t\t<\/div>\n\t\t\t\t\t\t<\/div>\n\t\t\t\t<\/div>\n\t\t\t\t<\/div>\n\t\t<div class=\"elementor-element elementor-element-cac984f e-con-full e-flex e-con e-child\" data-id=\"cac984f\" data-element_type=\"container\" data-e-type=\"container\">\n\t\t\t\t<div class=\"elementor-element elementor-element-1e64159 elementor-widget elementor-widget-heading\" data-id=\"1e64159\" data-element_type=\"widget\" data-e-type=\"widget\" data-widget_type=\"heading.default\">\n\t\t\t\t<div class=\"elementor-widget-container\">\n\t\t\t\t\t<h1 class=\"elementor-heading-title elementor-size-default\">Vacant position as a drone pilot<\/h1>\t\t\t\t<\/div>\n\t\t\t\t<\/div>\n\t\t\t\t<div class=\"elementor-element elementor-element-120c6d8 elementor-widget elementor-widget-text-editor\" data-id=\"120c6d8\" data-element_type=\"widget\" data-e-type=\"widget\" data-widget_type=\"text-editor.default\">\n\t\t\t\t<div class=\"elementor-widget-container\">\n\t\t\t\t\t\t\t\t\t<p><strong>KTV Working Drone is seeking an experienced drone pilot for operational execution of various drone operations, as well as training of other pilots and quality assurance of franchisees.<\/strong><\/p><p>This is a unique opportunity to participate in a very exciting start-up adventure where you will also have the opportunity to participate in the further development of KTV Working Drone. We are working on several projects and innovations.<\/p><p>There will be some travel required around the world.<\/p><p>We are looking for a person with good technical understanding, pilot experience, experience with logistics, and the ability to take responsibility and work independently.<\/p><p>Training and supervision are part of the position, and the person must be skilled in communication and have good oral and written Norwegian and English skills.<\/p><p><strong>Desired qualifications:<\/strong><\/p><ul><li>Experience as a drone pilot<\/li><li>Technical competence preferably with drones<\/li><li>Solution-oriented and responsible<\/li><li>Self-driven, structured, and goal-oriented<\/li><li>High work capacity and ability to complete tasks<\/li><li>Good oral and preferably written skills in Norwegian and English<\/li><\/ul><p><strong><br \/>We offer the right candidate:<\/strong><\/p><ul><li>Competitive terms, with good insurance and pension schemes<\/li><li>Much responsibility and development opportunities<\/li><li>Participation in exciting innovation projects with great opportunities<\/li><li>Opportunity to work internationally<\/li><\/ul><p>Women are encouraged to apply.<\/p><p><strong>Employment form:<\/strong> Permanent<br \/><strong>Position percentage:<\/strong> 100%<br \/><strong>Application deadline:<\/strong> As soon as possible<\/p><p><strong>Application and contact information<br \/><\/strong>Application with CV and a brief cover letter should be sent to <a href=\"mailto:post@ktvwd.com\" target=\"_new\">post@ktvwd.com<\/a>. Please mark the application: &#8220;Application drone pilot KTV Working Drone&#8221;.<\/p><p>Questions about the position can be directed to CEO Kennet Nilsen, by phone 98 26 70 60 or email <a href=\"mailto:post@ktvwd.com\" target=\"_new\">post@ktvwd.com<\/a><\/p><p>For more information about our working drones, please visit <a href=\"http:\/\/www.ktvworkingdrone.com\/\" target=\"_new\">www.ktvworkingdrone.com<\/a>.<\/p>\t\t\t\t\t\t\t\t<\/div>\n\t\t\t\t<\/div>\n\t\t\t\t<\/div>\n\t\t\t\t\t<\/div>\n\t\t\t\t<\/div>\n\t\t\t\t<\/div>\n\t\t","protected":false},"excerpt":{"rendered":"<p>Demoside Designpartner<\/p>\n","protected":false},"author":9,"featured_media":0,"parent":0,"menu_order":0,"comment_status":"closed","ping_status":"closed","template":"","meta":{"_seopress_robots_primary_cat":"","_seopress_titles_title":"","_seopress_titles_desc":"","_seopress_robots_index":"","footnotes":""},"class_list":["post-906","page","type-page","status-publish","hentry"],"_links":{"self":[{"href":"https:\/\/ktvworkingdrone.com\/pl\/wp-json\/wp\/v2\/pages\/906","targetHints":{"allow":["GET"]}}],"collection":[{"href":"https:\/\/ktvworkingdrone.com\/pl\/wp-json\/wp\/v2\/pages"}],"about":[{"href":"https:\/\/ktvworkingdrone.com\/pl\/wp-json\/wp\/v2\/types\/page"}],"author":[{"embeddable":true,"href":"https:\/\/ktvworkingdrone.com\/pl\/wp-json\/wp\/v2\/users\/9"}],"replies":[{"embeddable":true,"href":"https:\/\/ktvworkingdrone.com\/pl\/wp-json\/wp\/v2\/comments?post=906"}],"version-history":[{"count":0,"href":"https:\/\/ktvworkingdrone.com\/pl\/wp-json\/wp\/v2\/pages\/906\/revisions"}],"wp:attachment":[{"href":"https:\/\/ktvworkingdrone.com\/pl\/wp-json\/wp\/v2\/media?parent=906"}],"curies":[{"name":"wp","href":"https:\/\/api.w.org\/{rel}","templated":true}]}}