{"id":285,"date":"2025-06-23T17:18:35","date_gmt":"2025-06-23T17:18:35","guid":{"rendered":"https:\/\/ktvwd.com\/au\/?page_id=285"},"modified":"2025-09-26T10:55:34","modified_gmt":"2025-09-26T10:55:34","slug":"whistleblower","status":"publish","type":"page","link":"https:\/\/ktvworkingdrone.com\/pl\/whistleblower\/","title":{"rendered":"Whistleblower"},"content":{"rendered":"\t\t<div data-elementor-type=\"wp-page\" data-elementor-id=\"285\" class=\"elementor elementor-285\" data-elementor-post-type=\"page\">\n\t\t\t\t<div class=\"elementor-element elementor-element-7cb154c e-flex e-con-boxed e-con e-parent\" data-id=\"7cb154c\" data-element_type=\"container\" data-e-type=\"container\" data-settings=\"{&quot;background_background&quot;:&quot;classic&quot;,&quot;background_motion_fx_motion_fx_scrolling&quot;:&quot;yes&quot;,&quot;background_motion_fx_translateY_effect&quot;:&quot;yes&quot;,&quot;background_motion_fx_translateY_direction&quot;:&quot;negative&quot;,&quot;background_motion_fx_translateY_speed&quot;:{&quot;unit&quot;:&quot;px&quot;,&quot;size&quot;:7.5,&quot;sizes&quot;:[]},&quot;shape_divider_bottom&quot;:&quot;waves&quot;,&quot;background_motion_fx_translateY_affectedRange&quot;:{&quot;unit&quot;:&quot;%&quot;,&quot;size&quot;:&quot;&quot;,&quot;sizes&quot;:{&quot;start&quot;:0,&quot;end&quot;:100}},&quot;background_motion_fx_devices&quot;:[&quot;desktop&quot;,&quot;tablet&quot;,&quot;mobile&quot;]}\">\n\t\t\t\t\t<div class=\"e-con-inner\">\n\t\t\t\t<div class=\"elementor-shape elementor-shape-bottom\" aria-hidden=\"true\" data-negative=\"false\">\n\t\t\t<svg xmlns=\"http:\/\/www.w3.org\/2000\/svg\" viewBox=\"0 0 1000 100\" preserveAspectRatio=\"none\">\n\t<path class=\"elementor-shape-fill\" d=\"M421.9,6.5c22.6-2.5,51.5,0.4,75.5,5.3c23.6,4.9,70.9,23.5,100.5,35.7c75.8,32.2,133.7,44.5,192.6,49.7\n\tc23.6,2.1,48.7,3.5,103.4-2.5c54.7-6,106.2-25.6,106.2-25.6V0H0v30.3c0,0,72,32.6,158.4,30.5c39.2-0.7,92.8-6.7,134-22.4\n\tc21.2-8.1,52.2-18.2,79.7-24.2C399.3,7.9,411.6,7.5,421.9,6.5z\"\/>\n<\/svg>\t\t<\/div>\n\t\t<div class=\"elementor-element elementor-element-eb84d2c e-con-full e-flex e-con e-child\" data-id=\"eb84d2c\" data-element_type=\"container\" data-e-type=\"container\">\n\t\t\t\t<div class=\"elementor-element elementor-element-8aa4843 elementor-widget elementor-widget-heading\" data-id=\"8aa4843\" data-element_type=\"widget\" data-e-type=\"widget\" data-widget_type=\"heading.default\">\n\t\t\t\t<div class=\"elementor-widget-container\">\n\t\t\t\t\t<h1 class=\"elementor-heading-title elementor-size-default\">Whistleblower system<\/h1>\t\t\t\t<\/div>\n\t\t\t\t<\/div>\n\t\t\t\t<\/div>\n\t\t\t\t\t<\/div>\n\t\t\t\t<\/div>\n\t\t<div class=\"elementor-element elementor-element-6b5382d e-flex e-con-boxed e-con e-parent\" data-id=\"6b5382d\" data-element_type=\"container\" data-e-type=\"container\" data-settings=\"{&quot;background_background&quot;:&quot;classic&quot;}\">\n\t\t\t\t\t<div class=\"e-con-inner\">\n\t\t<div class=\"elementor-element elementor-element-69e511c e-con-full e-flex e-con e-child\" data-id=\"69e511c\" data-element_type=\"container\" data-e-type=\"container\">\n\t\t\t\t<div class=\"elementor-element elementor-element-f6ed45e elementor-widget elementor-widget-text-editor\" data-id=\"f6ed45e\" data-element_type=\"widget\" data-e-type=\"widget\" data-widget_type=\"text-editor.default\">\n\t\t\t\t<div class=\"elementor-widget-container\">\n\t\t\t\t\t\t\t\t\t<p class=\"elementor-heading-title elementor-size-default\">Formularz sygnalisty KTV Working Drone<\/p>\t\t\t\t\t\t\t\t<\/div>\n\t\t\t\t<\/div>\n\t\t\t\t<div class=\"elementor-element elementor-element-3280975 elementor-widget elementor-widget-heading\" data-id=\"3280975\" data-element_type=\"widget\" data-e-type=\"widget\" data-widget_type=\"heading.default\">\n\t\t\t\t<div class=\"elementor-widget-container\">\n\t\t\t\t\t<h1 class=\"elementor-heading-title elementor-size-default\">Sygnalista\n<\/h1>\t\t\t\t<\/div>\n\t\t\t\t<\/div>\n\t\t\t\t<div class=\"elementor-element elementor-element-7282db6 elementor-widget elementor-widget-text-editor\" data-id=\"7282db6\" data-element_type=\"widget\" data-e-type=\"widget\" data-widget_type=\"text-editor.default\">\n\t\t\t\t<div class=\"elementor-widget-container\">\n\t\t\t\t\t\t\t\t\t<p><strong>Sygnalizowanie odnosi si\u0119 do sytuacji, gdy osoba zg\u0142asza nagann\u0105 praktyk\u0119 zwi\u0105zan\u0105 z dzia\u0142alno\u015bci\u0105 organizacji. Mo\u017ce to dotyczy\u0107 nie tylko pracownik\u00f3w, ale tak\u017ce zatrudnionych wsp\u00f3\u0142pracownik\u00f3w, dostawc\u00f3w, wykonawc\u00f3w czy innych stron zewn\u0119trznych powi\u0105zanych z organizacj\u0105.<\/strong><\/p><p>Ka\u017cdy \u2013 niezale\u017cnie czy jest pracownikiem, wsp\u00f3\u0142pracownikiem, dostawc\u0105 czy stron\u0105 zewn\u0119trzn\u0105 \u2013 ma prawo zg\u0142osi\u0107 nagann\u0105 praktyk\u0119, o kt\u00f3rej dowie si\u0119 w zwi\u0105zku z dzia\u0142alno\u015bci\u0105 organizacji.<\/p><p><strong>Naganne praktyki obejmuj\u0105:<\/strong><\/p><ul><li>Naruszenia prawa i przepis\u00f3w (regu\u0142 prawnych),<\/li><li>Z\u0142amanie wewn\u0119trznych, pisemnych wytycznych etycznych firmy,<\/li><li>Naruszenia norm etycznych powszechnie uznawanych w spo\u0142ecze\u0144stwie.<\/li><\/ul><p>Zg\u0142oszenie sygnalisty to faktyczne powiadomienie dotycz\u0105ce nagannej praktyki.<\/p>\t\t\t\t\t\t\t\t<\/div>\n\t\t\t\t<\/div>\n\t\t\t\t<div class=\"elementor-element elementor-element-1e8f9ab elementor-widget elementor-widget-text-editor\" data-id=\"1e8f9ab\" data-element_type=\"widget\" data-e-type=\"widget\" data-widget_type=\"text-editor.default\">\n\t\t\t\t<div class=\"elementor-widget-container\">\n\t\t\t\t\t\t\t\t\t<h4><strong>Jak przygotowa\u0107 i z\u0142o\u017cy\u0107 zg\u0142oszenie dotycz\u0105ce niedopuszczalnych praktyk<\/strong><\/h4><p><strong>Przygotuj konkretne i jasne informacje:<\/strong><\/p><ul><li>Opisz, co si\u0119 wydarzy\u0142o: podaj szczeg\u00f3\u0142y dotycz\u0105ce zdarze\u0144, dat, os\u00f3b zaanga\u017cowanych i konsekwencji.<\/li><li>Dokumentacja: zgromad\u017a odpowiednie dowody, takie jak e-maile, wiadomo\u015bci, zdj\u0119cia, raporty lub inne materia\u0142y wspieraj\u0105ce.<\/li><li>Obiektywizm: trzymaj si\u0119 fakt\u00f3w i unikaj spekulacji czy za\u0142o\u017ce\u0144.<\/li><\/ul><p><strong>Je\u015bli jeste\u015b pracownikiem KTV Working Drone, post\u0119puj zgodnie z wewn\u0119trznymi procedurami zg\u0142aszania:<\/strong><\/p><ul><li>Sprawd\u017a wytyczne swojej firmy: dowiedz si\u0119, czy organizacja posiada okre\u015blon\u0105 procedur\u0119 zg\u0142aszania nieprawid\u0142owo\u015bci i stosuj j\u0105, je\u015bli jest zgodna z przepisami dotycz\u0105cymi sygnalist\u00f3w.<\/li><li>U\u017cywaj w\u0142a\u015bciwych kana\u0142\u00f3w: zg\u0142o\u015b si\u0119 do bezpo\u015bredniego prze\u0142o\u017conego, dzia\u0142u HR, przedstawiciela ds. bezpiecze\u0144stwa lub innej osoby odpowiedzialnej za takie sprawy. Je\u015bli nie jest to bezpieczne, rozwa\u017c skorzystanie z zewn\u0119trznych kana\u0142\u00f3w zg\u0142aszania.<\/li><\/ul>\t\t\t\t\t\t\t\t<\/div>\n\t\t\t\t<\/div>\n\t\t\t\t<div class=\"elementor-element elementor-element-adb5ad8 elementor-widget elementor-widget-text-editor\" data-id=\"adb5ad8\" data-element_type=\"widget\" data-e-type=\"widget\" data-widget_type=\"text-editor.default\">\n\t\t\t\t<div class=\"elementor-widget-container\">\n\t\t\t\t\t\t\t\t\t<h4><strong>Jaka jest r\u00f3\u017cnica mi\u0119dzy zg\u0142oszeniem sygnalisty a skarg\u0105?<\/strong><\/h4><p><strong>Sygnalizowanie ma<\/strong> miejsce wtedy, gdy pracownik, osoba zatrudniona na kontrakcie, dostawca lub strona zewn\u0119trzna zg\u0142asza niedopuszczaln\u0105 praktyk\u0119 zwi\u0105zan\u0105 z dzia\u0142alno\u015bci\u0105 organizacji. Niedopuszczalna praktyka jest definiowana jako naruszenie prawa i przepis\u00f3w, z\u0142amanie pisemnych wytycznych etycznych firmy lub naruszenie powszechnie uznanych norm etycznych w spo\u0142ecze\u0144stwie.<\/p><p>Nie ma znaczenia, jak nazwane jest zg\u0142oszenie ani jak zostanie zakwalifikowane (np. jako odchylenie, skarga, obawa, raport itp.). To tre\u015b\u0107 zg\u0142oszenia i charakter problemu decyduj\u0105 o tym, czy kwalifikuje si\u0119 ono jako sygnalizowanie.<\/p><p><strong>Skarga natomiast ma<\/strong> miejsce wtedy, gdy osoba \u2013 pracownik lub podmiot zewn\u0119trzny \u2013 wyra\u017ca niezadowolenie z jakiego\u015b powodu, ale niekoniecznie dotyczy to niedopuszczalnej praktyki. To tre\u015b\u0107 skargi przes\u0105dza, czy stanowi ona przypadek sygnalizowania. Na przyk\u0142ad mo\u017ce si\u0119 okaza\u0107, \u017ce to, co zosta\u0142o zg\u0142oszone jako skarga, faktycznie jest naruszeniem prawa lub wewn\u0119trznych wytycznych etycznych firmy.<\/p><p><em><strong>Je\u015bli kto\u015b z\u0142o\u017cy skarg\u0119 dotycz\u0105c\u0105 problemu, kt\u00f3ry p\u00f3\u017aniej oka\u017ce si\u0119 naruszeniem prawa lub zasad etycznych, zostanie to zakwalifikowane jako zg\u0142oszenie sygnalisty.<\/strong><\/em><\/p>\t\t\t\t\t\t\t\t<\/div>\n\t\t\t\t<\/div>\n\t\t\t\t<\/div>\n\t\t<div class=\"elementor-element elementor-element-4b6c95f e-con-full e-flex e-con e-child\" data-id=\"4b6c95f\" data-element_type=\"container\" data-e-type=\"container\" data-settings=\"{&quot;background_background&quot;:&quot;classic&quot;}\">\n\t\t\t\t<div class=\"elementor-element elementor-element-1e467bf elementor-widget elementor-widget-text-editor\" data-id=\"1e467bf\" data-element_type=\"widget\" data-e-type=\"widget\" data-widget_type=\"text-editor.default\">\n\t\t\t\t<div class=\"elementor-widget-container\">\n\t\t\t\t\t\t\t\t\t<h4><strong>Rzeczy, kt\u00f3re warto rozwa\u017cy\u0107 przed dokonaniem zg\u0142oszenia<\/strong><\/h4><p><strong>Zasi\u0119gnij porady u osoby, kt\u00f3rej ufasz.<\/strong><\/p><ul><li>Przedstawiciele zwi\u0105zk\u00f3w zawodowych, delegaci ds. bezpiecze\u0144stwa lub zaufany wsp\u00f3\u0142pracownik mog\u0105 by\u0107 odpowiednimi osobami do om\u00f3wienia sytuacji przed podj\u0119ciem dalszych krok\u00f3w.<\/li><li>Pomocne mo\u017ce by\u0107 r\u00f3wnie\u017c skontaktowanie si\u0119 z prawnikiem, szczeg\u00f3lnie je\u015bli sprawa jest z\u0142o\u017cona.<\/li><\/ul><p><strong>Zastan\u00f3w si\u0119, co chcesz osi\u0105gn\u0105\u0107.<\/strong><\/p><ul><li>Jakie zmiany lub ulepszenia masz nadziej\u0119 wprowadzi\u0107 poprzez zg\u0142oszenie?<\/li><li>Przemy\u015bl dzia\u0142ania lub dalsze kroki, kt\u00f3rych oczekujesz.<\/li><\/ul><p><strong>Przygotuj si\u0119 na reakcj\u0119.<\/strong><\/p><ul><li>KTV Working Drone ma obowi\u0105zek zbada\u0107 spraw\u0119 z wielu perspektyw.<\/li><li>B\u0105d\u017a gotowy na pytania uzupe\u0142niaj\u0105ce lub kontrargumenty.<\/li><\/ul><p><strong>Pami\u0119taj, \u017ce zg\u0142aszanie mo\u017ce by\u0107 trudnym do\u015bwiadczeniem.<\/strong><\/p><ul><li>Proces zg\u0142aszania mo\u017ce by\u0107 stresuj\u0105cy i izoluj\u0105cy. Podziel si\u0119 swoimi obawami z kim\u015b, komu ufasz, aby mie\u0107 wsparcie na ka\u017cdym etapie.<\/li><li>Pami\u0119taj, \u017ce przys\u0142uguj\u0105 Ci prawa chroni\u0105ce przed odwetem.<\/li><\/ul>\t\t\t\t\t\t\t\t<\/div>\n\t\t\t\t<\/div>\n\t\t\t\t<div class=\"elementor-element elementor-element-0d81a4b elementor-widget elementor-widget-spacer\" data-id=\"0d81a4b\" data-element_type=\"widget\" data-e-type=\"widget\" data-widget_type=\"spacer.default\">\n\t\t\t\t<div class=\"elementor-widget-container\">\n\t\t\t\t\t\t\t<div class=\"elementor-spacer\">\n\t\t\t<div class=\"elementor-spacer-inner\"><\/div>\n\t\t<\/div>\n\t\t\t\t\t\t<\/div>\n\t\t\t\t<\/div>\n\t\t\t\t<div class=\"elementor-element elementor-element-7b855ad elementor-widget elementor-widget-heading\" data-id=\"7b855ad\" data-element_type=\"widget\" data-e-type=\"widget\" data-widget_type=\"heading.default\">\n\t\t\t\t<div class=\"elementor-widget-container\">\n\t\t\t\t\t<h2 class=\"elementor-heading-title elementor-size-default\">Formularz\n<\/h2>\t\t\t\t<\/div>\n\t\t\t\t<\/div>\n\t\t\t\t<div class=\"elementor-element elementor-element-e68a9d2 elementor-button-align-stretch elementor-widget elementor-widget-form\" data-id=\"e68a9d2\" data-element_type=\"widget\" data-e-type=\"widget\" data-settings=\"{&quot;button_width&quot;:&quot;70&quot;,&quot;step_next_label&quot;:&quot;Next&quot;,&quot;step_previous_label&quot;:&quot;Previous&quot;,&quot;step_type&quot;:&quot;number_text&quot;,&quot;step_icon_shape&quot;:&quot;circle&quot;}\" data-widget_type=\"form.default\">\n\t\t\t\t<div class=\"elementor-widget-container\">\n\t\t\t\t\t\t\t<form class=\"elementor-form\" method=\"post\" name=\"Whistleblower form\" aria-label=\"Whistleblower form\">\n\t\t\t<input type=\"hidden\" name=\"post_id\" value=\"285\"\/>\n\t\t\t<input type=\"hidden\" name=\"form_id\" value=\"e68a9d2\"\/>\n\t\t\t<input type=\"hidden\" name=\"referer_title\" value=\"Whistleblower\" \/>\n\n\t\t\t\t\t\t\t<input type=\"hidden\" name=\"queried_id\" value=\"285\"\/>\n\t\t\t\n\t\t\t<div class=\"elementor-form-fields-wrapper elementor-labels-above\">\n\t\t\t\t\t\t\t\t<div class=\"elementor-field-type-checkbox elementor-field-group elementor-column elementor-field-group-field_72e438b elementor-col-100\">\n\t\t\t\t\t\t\t\t\t\t\t\t<label for=\"form-field-field_72e438b\" class=\"elementor-field-label\">\n\t\t\t\t\t\t\t\tPodanie imienia i innych danych kontaktowych nie jest wymagane \u2013 formularz mo\u017cesz przes\u0142a\u0107 ca\u0142kowicie anonimowo.\t\t\t\t\t\t\t<\/label>\n\t\t\t\t\t\t<div class=\"elementor-field-subgroup  elementor-subgroup-inline\"><span class=\"elementor-field-option\"><input type=\"checkbox\" value=\"Kliknij tutaj, je\u015bli chcesz wys\u0142a\u0107 to zg\u0142oszenie anonimowo.\" id=\"form-field-field_72e438b-0\" name=\"form_fields[field_72e438b]\"> <label for=\"form-field-field_72e438b-0\">Kliknij tutaj, je\u015bli chcesz wys\u0142a\u0107 to zg\u0142oszenie anonimowo.<\/label><\/span><\/div>\t\t\t\t<\/div>\n\t\t\t\t\t\t\t\t<div class=\"elementor-field-type-text elementor-field-group elementor-column elementor-field-group-field_3f608aa elementor-col-100\">\n\t\t\t\t\t\t\t\t\t\t\t\t<label for=\"form-field-field_3f608aa\" class=\"elementor-field-label\">\n\t\t\t\t\t\t\t\tImi\u0119 i nazwisko\t\t\t\t\t\t\t<\/label>\n\t\t\t\t\t\t\t\t\t\t\t\t\t\t<input size=\"1\" type=\"text\" name=\"form_fields[field_3f608aa]\" id=\"form-field-field_3f608aa\" class=\"elementor-field elementor-size-lg  elementor-field-textual\" placeholder=\"Imi\u0119 i nazwisko\">\n\t\t\t\t\t\t\t\t\t\t\t<\/div>\n\t\t\t\t\t\t\t\t<div class=\"elementor-field-type-email elementor-field-group elementor-column elementor-field-group-email elementor-col-100\">\n\t\t\t\t\t\t\t\t\t\t\t\t<label for=\"form-field-email\" class=\"elementor-field-label\">\n\t\t\t\t\t\t\t\tE-mail\t\t\t\t\t\t\t<\/label>\n\t\t\t\t\t\t\t\t\t\t\t\t\t\t<input size=\"1\" type=\"email\" name=\"form_fields[email]\" id=\"form-field-email\" class=\"elementor-field elementor-size-lg  elementor-field-textual\" placeholder=\"E-mail\">\n\t\t\t\t\t\t\t\t\t\t\t<\/div>\n\t\t\t\t\t\t\t\t<div class=\"elementor-field-type-tel elementor-field-group elementor-column elementor-field-group-field_c06ebad elementor-col-100\">\n\t\t\t\t\t\t\t\t\t\t\t\t<label for=\"form-field-field_c06ebad\" class=\"elementor-field-label\">\n\t\t\t\t\t\t\t\tNumer telefonu\t\t\t\t\t\t\t<\/label>\n\t\t\t\t\t\t\t\t<input size=\"1\" type=\"tel\" name=\"form_fields[field_c06ebad]\" id=\"form-field-field_c06ebad\" class=\"elementor-field elementor-size-lg  elementor-field-textual\" placeholder=\"Numer telefonu\" pattern=\"[0-9()#&amp;+*-=.]+\" title=\"Only numbers and phone characters (#, -, *, etc) are accepted.\">\n\n\t\t\t\t\t\t<\/div>\n\t\t\t\t\t\t\t\t<div class=\"elementor-field-type-text elementor-field-group elementor-column elementor-field-group-field_b844046 elementor-col-100 elementor-field-required elementor-mark-required\">\n\t\t\t\t\t\t\t\t\t\t\t\t<label for=\"form-field-field_b844046\" class=\"elementor-field-label\">\n\t\t\t\t\t\t\t\tTemat\t\t\t\t\t\t\t<\/label>\n\t\t\t\t\t\t\t\t\t\t\t\t\t\t<input size=\"1\" type=\"text\" name=\"form_fields[field_b844046]\" id=\"form-field-field_b844046\" class=\"elementor-field elementor-size-lg  elementor-field-textual\" placeholder=\"Tw\u00f3j temat zg\u0142oszenia\" required=\"required\">\n\t\t\t\t\t\t\t\t\t\t\t<\/div>\n\t\t\t\t\t\t\t\t<div class=\"elementor-field-type-textarea elementor-field-group elementor-column elementor-field-group-message elementor-col-100 elementor-field-required elementor-mark-required\">\n\t\t\t\t\t\t\t\t\t\t\t\t<label for=\"form-field-message\" class=\"elementor-field-label\">\n\t\t\t\t\t\t\t\tCo chcesz zg\u0142osi\u0107?\t\t\t\t\t\t\t<\/label>\n\t\t\t\t\t\t<textarea class=\"elementor-field-textual elementor-field  elementor-size-lg\" name=\"form_fields[message]\" id=\"form-field-message\" rows=\"20\" placeholder=\"Opisz to mo\u017cliwie jak najdok\u0142adniej i postaraj si\u0119 odpowiedzie\u0107 na pytania: kto, co, gdzie, kiedy i jak. Spr\u00f3buj odr\u00f3\u017cni\u0107, co wiesz, od tego, co przypuszczasz.\" required=\"required\"><\/textarea>\t\t\t\t<\/div>\n\t\t\t\t\t\t\t\t<div class=\"elementor-field-type-upload elementor-field-group elementor-column elementor-field-group-field_6170cdf elementor-col-100\">\n\t\t\t\t\t\t\t\t\t\t\t\t<label for=\"form-field-field_6170cdf\" class=\"elementor-field-label\">\n\t\t\t\t\t\t\t\tDodaj plik\t\t\t\t\t\t\t<\/label>\n\t\t\t\t\t\t\t\t<input type=\"file\" name=\"form_fields[field_6170cdf][]\" id=\"form-field-field_6170cdf\" class=\"elementor-field elementor-size-lg  elementor-upload-field\" multiple=\"multiple\" data-maxsize=\"8\" data-maxsize-message=\"This file exceeds the maximum allowed size.\">\n\n\t\t\t\t\t\t<\/div>\n\t\t\t\t\t\t\t\t<div class=\"elementor-field-type-text\">\n\t\t\t\t\t<input size=\"1\" type=\"text\" name=\"form_fields[field_596ae44]\" id=\"form-field-field_596ae44\" class=\"elementor-field elementor-size-lg \" style=\"display:none !important;\">\t\t\t\t<\/div>\n\t\t\t\t\t\t\t\t<div class=\"elementor-field-type-recaptcha_v3 elementor-field-group elementor-column elementor-field-group-field_6e089f1 elementor-col-100 recaptcha_v3-bottomright\">\n\t\t\t\t\t<div class=\"elementor-field\" id=\"form-field-field_6e089f1\"><div class=\"elementor-g-recaptcha\" data-sitekey=\"6LcJSf4gAAAAAI5anZHmpRi58skKEidlMv2p3Jga\" data-type=\"v3\" data-action=\"Form\" data-badge=\"bottomright\" data-size=\"invisible\"><\/div><\/div>\t\t\t\t<\/div>\n\t\t\t\t\t\t\t\t<div class=\"elementor-field-group elementor-column elementor-field-type-submit elementor-col-70 e-form__buttons\">\n\t\t\t\t\t<button class=\"elementor-button elementor-size-md\" type=\"submit\">\n\t\t\t\t\t\t<span class=\"elementor-button-content-wrapper\">\n\t\t\t\t\t\t\t\t\t\t\t\t\t\t\t<span class=\"elementor-button-icon\">\n\t\t\t\t\t\t\t\t\t<svg aria-hidden=\"true\" class=\"e-font-icon-svg e-fas-arrow-alt-circle-right\" viewBox=\"0 0 512 512\" xmlns=\"http:\/\/www.w3.org\/2000\/svg\"><path d=\"M256 8c137 0 248 111 248 248S393 504 256 504 8 393 8 256 119 8 256 8zM140 300h116v70.9c0 10.7 13 16.1 20.5 8.5l114.3-114.9c4.7-4.7 4.7-12.2 0-16.9l-114.3-115c-7.6-7.6-20.5-2.2-20.5 8.5V212H140c-6.6 0-12 5.4-12 12v64c0 6.6 5.4 12 12 12z\"><\/path><\/svg>\t\t\t\t\t\t\t\t\t\t\t\t\t\t\t\t\t<\/span>\n\t\t\t\t\t\t\t\t\t\t\t\t\t\t\t\t\t\t\t\t\t\t<span class=\"elementor-button-text\">Wy\u015blij formularz<\/span>\n\t\t\t\t\t\t\t\t\t\t\t\t\t<\/span>\n\t\t\t\t\t<\/button>\n\t\t\t\t<\/div>\n\t\t\t<\/div>\n\t\t<\/form>\n\t\t\t\t\t\t<\/div>\n\t\t\t\t<\/div>\n\t\t\t\t<div class=\"elementor-element elementor-element-5083bb6 elementor-widget elementor-widget-spacer\" data-id=\"5083bb6\" data-element_type=\"widget\" data-e-type=\"widget\" data-widget_type=\"spacer.default\">\n\t\t\t\t<div class=\"elementor-widget-container\">\n\t\t\t\t\t\t\t<div class=\"elementor-spacer\">\n\t\t\t<div class=\"elementor-spacer-inner\"><\/div>\n\t\t<\/div>\n\t\t\t\t\t\t<\/div>\n\t\t\t\t<\/div>\n\t\t\t\t<\/div>\n\t\t\t\t\t<\/div>\n\t\t\t\t<\/div>\n\t\t\t\t<\/div>\n\t\t","protected":false},"excerpt":{"rendered":"<p>Report unethical behavior safely and anonymously. KTV Working Drone provides a secure whistleblower channel to protect integrity and transparency.<\/p>\n","protected":false},"author":9,"featured_media":1316,"parent":0,"menu_order":0,"comment_status":"closed","ping_status":"closed","template":"","meta":{"_seopress_robots_primary_cat":"","_seopress_titles_title":"Whistleblower reporting channel | KTV Working Drone","_seopress_titles_desc":"Report unethical behavior safely and anonymously. KTV Working Drone provides a secure whistleblower channel to protect integrity and transparency.","_seopress_robots_index":"","footnotes":""},"class_list":["post-285","page","type-page","status-publish","has-post-thumbnail","hentry"],"_links":{"self":[{"href":"https:\/\/ktvworkingdrone.com\/pl\/wp-json\/wp\/v2\/pages\/285","targetHints":{"allow":["GET"]}}],"collection":[{"href":"https:\/\/ktvworkingdrone.com\/pl\/wp-json\/wp\/v2\/pages"}],"about":[{"href":"https:\/\/ktvworkingdrone.com\/pl\/wp-json\/wp\/v2\/types\/page"}],"author":[{"embeddable":true,"href":"https:\/\/ktvworkingdrone.com\/pl\/wp-json\/wp\/v2\/users\/9"}],"replies":[{"embeddable":true,"href":"https:\/\/ktvworkingdrone.com\/pl\/wp-json\/wp\/v2\/comments?post=285"}],"version-history":[{"count":32,"href":"https:\/\/ktvworkingdrone.com\/pl\/wp-json\/wp\/v2\/pages\/285\/revisions"}],"predecessor-version":[{"id":8921,"href":"https:\/\/ktvworkingdrone.com\/pl\/wp-json\/wp\/v2\/pages\/285\/revisions\/8921"}],"wp:featuredmedia":[{"embeddable":true,"href":"https:\/\/ktvworkingdrone.com\/pl\/wp-json\/wp\/v2\/media\/1316"}],"wp:attachment":[{"href":"https:\/\/ktvworkingdrone.com\/pl\/wp-json\/wp\/v2\/media?parent=285"}],"curies":[{"name":"wp","href":"https:\/\/api.w.org\/{rel}","templated":true}]}}