{"id":113,"date":"2025-06-23T10:56:16","date_gmt":"2025-06-23T10:56:16","guid":{"rendered":"https:\/\/ktvwd.com\/au\/?page_id=113"},"modified":"2025-09-05T02:35:16","modified_gmt":"2025-09-05T02:35:16","slug":"safety","status":"publish","type":"page","link":"https:\/\/ktvworkingdrone.com\/pl\/safety\/","title":{"rendered":"Safety"},"content":{"rendered":"\t\t<div data-elementor-type=\"wp-page\" data-elementor-id=\"113\" class=\"elementor elementor-113\" data-elementor-post-type=\"page\">\n\t\t\t\t<div class=\"elementor-element elementor-element-7cb154c e-flex e-con-boxed e-con e-parent\" data-id=\"7cb154c\" data-element_type=\"container\" data-e-type=\"container\" data-settings=\"{&quot;background_background&quot;:&quot;classic&quot;,&quot;background_motion_fx_motion_fx_scrolling&quot;:&quot;yes&quot;,&quot;background_motion_fx_translateY_effect&quot;:&quot;yes&quot;,&quot;background_motion_fx_translateY_direction&quot;:&quot;negative&quot;,&quot;background_motion_fx_translateY_speed&quot;:{&quot;unit&quot;:&quot;px&quot;,&quot;size&quot;:7.5,&quot;sizes&quot;:[]},&quot;background_motion_fx_translateY_affectedRange&quot;:{&quot;unit&quot;:&quot;%&quot;,&quot;size&quot;:&quot;&quot;,&quot;sizes&quot;:{&quot;start&quot;:0,&quot;end&quot;:100}},&quot;background_motion_fx_devices&quot;:[&quot;desktop&quot;,&quot;tablet&quot;,&quot;mobile&quot;]}\">\n\t\t\t\t\t<div class=\"e-con-inner\">\n\t\t<div class=\"elementor-element elementor-element-eb84d2c e-con-full e-flex e-con e-child\" data-id=\"eb84d2c\" data-element_type=\"container\" data-e-type=\"container\">\n\t\t\t\t<div class=\"elementor-element elementor-element-8aa4843 elementor-widget elementor-widget-heading\" data-id=\"8aa4843\" data-element_type=\"widget\" data-e-type=\"widget\" data-widget_type=\"heading.default\">\n\t\t\t\t<div class=\"elementor-widget-container\">\n\t\t\t\t\t<h1 class=\"elementor-heading-title elementor-size-default\">Bezpiecze\u0144stwo zawsze na pierwszym miejscu\n<\/h1>\t\t\t\t<\/div>\n\t\t\t\t<\/div>\n\t\t\t\t<div class=\"elementor-element elementor-element-dab0597 elementor-widget__width-inherit elementor-widget elementor-widget-text-editor\" data-id=\"dab0597\" data-element_type=\"widget\" data-e-type=\"widget\" data-widget_type=\"text-editor.default\">\n\t\t\t\t<div class=\"elementor-widget-container\">\n\t\t\t\t\t\t\t\t\t<p>W KTV Working Drone bezpiecze\u0144stwo jest naszym najwy\u017cszym priorytetem. Jeste\u015bmy w pe\u0142ni zaanga\u017cowani w utrzymanie bezpiecznego i pewnego \u015brodowiska dla wszystkich cz\u0142onk\u00f3w naszego zespo\u0142u, partner\u00f3w, franczyzobiorc\u00f3w i klient\u00f3w.<\/p>\t\t\t\t\t\t\t\t<\/div>\n\t\t\t\t<\/div>\n\t\t\t\t<\/div>\n\t\t\t\t\t<\/div>\n\t\t\t\t<\/div>\n\t\t<div class=\"elementor-element elementor-element-6814491 e-flex e-con-boxed e-con e-parent\" data-id=\"6814491\" data-element_type=\"container\" data-e-type=\"container\" data-settings=\"{&quot;background_background&quot;:&quot;classic&quot;}\">\n\t\t\t\t\t<div class=\"e-con-inner\">\n\t\t<div class=\"elementor-element elementor-element-044dab1 e-con-full e-flex e-con e-child\" data-id=\"044dab1\" data-element_type=\"container\" data-e-type=\"container\">\n\t\t\t\t<div class=\"elementor-element elementor-element-5cb7ec6 elementor-widget elementor-widget-image\" data-id=\"5cb7ec6\" data-element_type=\"widget\" data-e-type=\"widget\" data-widget_type=\"image.default\">\n\t\t\t\t<div class=\"elementor-widget-container\">\n\t\t\t\t\t\t\t\t\t\t\t\t\t\t\t<img fetchpriority=\"high\" decoding=\"async\" width=\"1920\" height=\"1440\" src=\"https:\/\/ktvworkingdrone.com\/pl\/wp-content\/uploads\/sites\/395\/2025\/06\/P1005965.jpg\" class=\"attachment-full size-full wp-image-1200\" alt=\"Image of KTV Working Drone and operator\" srcset=\"https:\/\/ktvworkingdrone.com\/pl\/wp-content\/uploads\/sites\/395\/2025\/06\/P1005965.jpg 1920w, https:\/\/ktvworkingdrone.com\/pl\/wp-content\/uploads\/sites\/395\/2025\/06\/P1005965-300x225.jpg 300w, https:\/\/ktvworkingdrone.com\/pl\/wp-content\/uploads\/sites\/395\/2025\/06\/P1005965-1024x768.jpg 1024w, https:\/\/ktvworkingdrone.com\/pl\/wp-content\/uploads\/sites\/395\/2025\/06\/P1005965-768x576.jpg 768w, https:\/\/ktvworkingdrone.com\/pl\/wp-content\/uploads\/sites\/395\/2025\/06\/P1005965-1536x1152.jpg 1536w\" sizes=\"(max-width: 1920px) 100vw, 1920px\" \/>\t\t\t\t\t\t\t\t\t\t\t\t\t\t\t<\/div>\n\t\t\t\t<\/div>\n\t\t\t\t<\/div>\n\t\t<div class=\"elementor-element elementor-element-f376895 e-con-full e-flex e-con e-child\" data-id=\"f376895\" data-element_type=\"container\" data-e-type=\"container\">\n\t\t\t\t<div class=\"elementor-element elementor-element-dc156b1 elementor-widget__width-inherit elementor-widget elementor-widget-heading\" data-id=\"dc156b1\" data-element_type=\"widget\" data-e-type=\"widget\" data-widget_type=\"heading.default\">\n\t\t\t\t<div class=\"elementor-widget-container\">\n\t\t\t\t\t<div class=\"elementor-heading-title elementor-size-default\">KTV Working Drone<\/div>\t\t\t\t<\/div>\n\t\t\t\t<\/div>\n\t\t\t\t<div class=\"elementor-element elementor-element-8098b6d elementor-widget elementor-widget-heading\" data-id=\"8098b6d\" data-element_type=\"widget\" data-e-type=\"widget\" data-widget_type=\"heading.default\">\n\t\t\t\t<div class=\"elementor-widget-container\">\n\t\t\t\t\t<h1 class=\"elementor-heading-title elementor-size-default\">O\u015bwiadczenie dotycz\u0105ce bezpiecze\u0144stwa\n<\/h1>\t\t\t\t<\/div>\n\t\t\t\t<\/div>\n\t\t\t\t<div class=\"elementor-element elementor-element-3cf6c94 elementor-widget elementor-widget-text-editor\" data-id=\"3cf6c94\" data-element_type=\"widget\" data-e-type=\"widget\" data-widget_type=\"text-editor.default\">\n\t\t\t\t<div class=\"elementor-widget-container\">\n\t\t\t\t\t\t\t\t\t<p><strong>W KTV Working Drone bezpiecze\u0144stwo jest naszym najwy\u017cszym priorytetem. Jeste\u015bmy w pe\u0142ni zaanga\u017cowani w utrzymanie bezpiecznego i pewnego \u015brodowiska dla wszystkich cz\u0142onk\u00f3w naszego zespo\u0142u, partner\u00f3w, franczyzobiorc\u00f3w i klient\u00f3w.<\/strong><\/p><p><strong>Opracowali\u015bmy szczeg\u00f3\u0142ow\u0105 polityk\u0119 bezpiecze\u0144stwa, kt\u00f3ra musi by\u0107 rygorystycznie przestrzegana, aby zapewni\u0107 bezpiecze\u0144stwo wszystkim uczestnikom naszych operacji. B\u0119dziemy nadal nieustannie pracowa\u0107, aby to bezpiecze\u0144stwo zagwarantowa\u0107.<\/strong><\/p>\t\t\t\t\t\t\t\t<\/div>\n\t\t\t\t<\/div>\n\t\t\t\t<div class=\"elementor-element elementor-element-f8eba88 elementor-widget elementor-widget-text-editor\" data-id=\"f8eba88\" data-element_type=\"widget\" data-e-type=\"widget\" data-widget_type=\"text-editor.default\">\n\t\t\t\t<div class=\"elementor-widget-container\">\n\t\t\t\t\t\t\t\t\t<p>KTV Working Drone wdra\u017ca niezb\u0119dne procedury i \u015brodki ostro\u017cno\u015bci zgodnie z globaln\u0105 polityk\u0105 bezpiecze\u0144stwa firmy, obejmuj\u0105c\u0105 mi\u0119dzy innymi:<\/p><ul><li aria-level=\"1\">Minimalizowanie naszego wp\u0142ywu na \u015brodowisko,<\/li><li aria-level=\"1\">Niepowodowanie szk\u00f3d ani zak\u0142\u00f3ce\u0144 dla os\u00f3b postronnych,<\/li><li aria-level=\"1\">Unikanie uszkodze\u0144 mienia, budynk\u00f3w, pojazd\u00f3w i innych zasob\u00f3w,<\/li><li aria-level=\"1\">Zawsze dzia\u0142anie zgodnie z globalnymi wytycznymi dotycz\u0105cymi ochrony prywatno\u015bci.<\/li><\/ul><p>KTV Working Drone dzia\u0142a zgodnie z dobrze ugruntowan\u0105 kultur\u0105 lotnicz\u0105. Dzi\u0119ki nauce, rozwojowi i dostosowywaniu naszych us\u0142ug b\u0119dziemy d\u0105\u017cy\u0107 do pozytywnego rozwoju zar\u00f3wno marki, jak i ca\u0142ej bran\u017cy.<\/p>\t\t\t\t\t\t\t\t<\/div>\n\t\t\t\t<\/div>\n\t\t\t\t<\/div>\n\t\t\t\t\t<\/div>\n\t\t\t\t<\/div>\n\t\t\t\t<\/div>\n\t\t","protected":false},"excerpt":{"rendered":"<p>KTV Working Drone removes the need for risky work at height. Our drone technology improves safety, reduces accidents and protects workers and property.<\/p>\n","protected":false},"author":9,"featured_media":1316,"parent":0,"menu_order":0,"comment_status":"closed","ping_status":"closed","template":"","meta":{"_seopress_robots_primary_cat":"","_seopress_titles_title":"Drone cleaning safety | KTV Working Drone","_seopress_titles_desc":"KTV Working Drone removes the need for risky work at height. Our drone technology improves safety, reduces accidents and protects workers and property.","_seopress_robots_index":"","footnotes":""},"class_list":["post-113","page","type-page","status-publish","has-post-thumbnail","hentry"],"_links":{"self":[{"href":"https:\/\/ktvworkingdrone.com\/pl\/wp-json\/wp\/v2\/pages\/113","targetHints":{"allow":["GET"]}}],"collection":[{"href":"https:\/\/ktvworkingdrone.com\/pl\/wp-json\/wp\/v2\/pages"}],"about":[{"href":"https:\/\/ktvworkingdrone.com\/pl\/wp-json\/wp\/v2\/types\/page"}],"author":[{"embeddable":true,"href":"https:\/\/ktvworkingdrone.com\/pl\/wp-json\/wp\/v2\/users\/9"}],"replies":[{"embeddable":true,"href":"https:\/\/ktvworkingdrone.com\/pl\/wp-json\/wp\/v2\/comments?post=113"}],"version-history":[{"count":8,"href":"https:\/\/ktvworkingdrone.com\/pl\/wp-json\/wp\/v2\/pages\/113\/revisions"}],"predecessor-version":[{"id":8677,"href":"https:\/\/ktvworkingdrone.com\/pl\/wp-json\/wp\/v2\/pages\/113\/revisions\/8677"}],"wp:featuredmedia":[{"embeddable":true,"href":"https:\/\/ktvworkingdrone.com\/pl\/wp-json\/wp\/v2\/media\/1316"}],"wp:attachment":[{"href":"https:\/\/ktvworkingdrone.com\/pl\/wp-json\/wp\/v2\/media?parent=113"}],"curies":[{"name":"wp","href":"https:\/\/api.w.org\/{rel}","templated":true}]}}