{"id":113,"date":"2025-06-23T10:56:16","date_gmt":"2025-06-23T10:56:16","guid":{"rendered":"https:\/\/ktvwd.com\/au\/?page_id=113"},"modified":"2025-08-29T08:42:29","modified_gmt":"2025-08-29T08:42:29","slug":"safety","status":"publish","type":"page","link":"https:\/\/ktvworkingdrone.com\/no\/safety\/","title":{"rendered":"Safety"},"content":{"rendered":"\t\t<div data-elementor-type=\"wp-page\" data-elementor-id=\"113\" class=\"elementor elementor-113\" data-elementor-post-type=\"page\">\n\t\t\t\t<div class=\"elementor-element elementor-element-7cb154c e-flex e-con-boxed e-con e-parent\" data-id=\"7cb154c\" data-element_type=\"container\" data-e-type=\"container\" data-settings=\"{&quot;background_background&quot;:&quot;classic&quot;,&quot;background_motion_fx_motion_fx_scrolling&quot;:&quot;yes&quot;,&quot;background_motion_fx_translateY_effect&quot;:&quot;yes&quot;,&quot;background_motion_fx_translateY_direction&quot;:&quot;negative&quot;,&quot;background_motion_fx_translateY_speed&quot;:{&quot;unit&quot;:&quot;px&quot;,&quot;size&quot;:7.5,&quot;sizes&quot;:[]},&quot;background_motion_fx_translateY_affectedRange&quot;:{&quot;unit&quot;:&quot;%&quot;,&quot;size&quot;:&quot;&quot;,&quot;sizes&quot;:{&quot;start&quot;:0,&quot;end&quot;:100}},&quot;background_motion_fx_devices&quot;:[&quot;desktop&quot;,&quot;tablet&quot;,&quot;mobile&quot;]}\">\n\t\t\t\t\t<div class=\"e-con-inner\">\n\t\t<div class=\"elementor-element elementor-element-eb84d2c e-con-full e-flex e-con e-child\" data-id=\"eb84d2c\" data-element_type=\"container\" data-e-type=\"container\">\n\t\t\t\t<div class=\"elementor-element elementor-element-8aa4843 elementor-widget elementor-widget-heading\" data-id=\"8aa4843\" data-element_type=\"widget\" data-e-type=\"widget\" data-widget_type=\"heading.default\">\n\t\t\t\t<div class=\"elementor-widget-container\">\n\t\t\t\t\t<h1 class=\"elementor-heading-title elementor-size-default\">Sikkerhet f\u00f8rst \u2013 alltid<\/h1>\t\t\t\t<\/div>\n\t\t\t\t<\/div>\n\t\t\t\t<div class=\"elementor-element elementor-element-dab0597 elementor-widget__width-inherit elementor-widget elementor-widget-text-editor\" data-id=\"dab0597\" data-element_type=\"widget\" data-e-type=\"widget\" data-widget_type=\"text-editor.default\">\n\t\t\t\t<div class=\"elementor-widget-container\">\n\t\t\t\t\t\t\t\t\t<p>Hos KTV Working Drone er sikkerhet v\u00e5r h\u00f8yeste prioritet.<br data-start=\"167\" data-end=\"170\" \/>Vi er fullt forpliktet til \u00e5 opprettholde et trygt og sikkert milj\u00f8 for alle medlemmer av v\u00e5rt team, v\u00e5re partnere, v\u00e5re franchisetakere og v\u00e5re kunder.<\/p>\t\t\t\t\t\t\t\t<\/div>\n\t\t\t\t<\/div>\n\t\t\t\t<\/div>\n\t\t\t\t\t<\/div>\n\t\t\t\t<\/div>\n\t\t<div class=\"elementor-element elementor-element-6814491 e-flex e-con-boxed e-con e-parent\" data-id=\"6814491\" data-element_type=\"container\" data-e-type=\"container\" data-settings=\"{&quot;background_background&quot;:&quot;classic&quot;}\">\n\t\t\t\t\t<div class=\"e-con-inner\">\n\t\t<div class=\"elementor-element elementor-element-044dab1 e-con-full e-flex e-con e-child\" data-id=\"044dab1\" data-element_type=\"container\" data-e-type=\"container\">\n\t\t\t\t<div class=\"elementor-element elementor-element-5cb7ec6 elementor-widget elementor-widget-image\" data-id=\"5cb7ec6\" data-element_type=\"widget\" data-e-type=\"widget\" data-widget_type=\"image.default\">\n\t\t\t\t<div class=\"elementor-widget-container\">\n\t\t\t\t\t\t\t\t\t\t\t\t\t\t\t<img fetchpriority=\"high\" decoding=\"async\" width=\"1920\" height=\"1440\" src=\"https:\/\/ktvworkingdrone.com\/no\/wp-content\/uploads\/sites\/387\/2025\/06\/P1005965.jpg\" class=\"attachment-full size-full wp-image-1200\" alt=\"Image of KTV Working Drone and operator\" srcset=\"https:\/\/ktvworkingdrone.com\/no\/wp-content\/uploads\/sites\/387\/2025\/06\/P1005965.jpg 1920w, https:\/\/ktvworkingdrone.com\/no\/wp-content\/uploads\/sites\/387\/2025\/06\/P1005965-300x225.jpg 300w, https:\/\/ktvworkingdrone.com\/no\/wp-content\/uploads\/sites\/387\/2025\/06\/P1005965-1024x768.jpg 1024w, https:\/\/ktvworkingdrone.com\/no\/wp-content\/uploads\/sites\/387\/2025\/06\/P1005965-768x576.jpg 768w, https:\/\/ktvworkingdrone.com\/no\/wp-content\/uploads\/sites\/387\/2025\/06\/P1005965-1536x1152.jpg 1536w\" sizes=\"(max-width: 1920px) 100vw, 1920px\" \/>\t\t\t\t\t\t\t\t\t\t\t\t\t\t\t<\/div>\n\t\t\t\t<\/div>\n\t\t\t\t<\/div>\n\t\t<div class=\"elementor-element elementor-element-f376895 e-con-full e-flex e-con e-child\" data-id=\"f376895\" data-element_type=\"container\" data-e-type=\"container\">\n\t\t\t\t<div class=\"elementor-element elementor-element-dc156b1 elementor-widget__width-inherit elementor-widget elementor-widget-heading\" data-id=\"dc156b1\" data-element_type=\"widget\" data-e-type=\"widget\" data-widget_type=\"heading.default\">\n\t\t\t\t<div class=\"elementor-widget-container\">\n\t\t\t\t\t<div class=\"elementor-heading-title elementor-size-default\">KTV Working Drone<\/div>\t\t\t\t<\/div>\n\t\t\t\t<\/div>\n\t\t\t\t<div class=\"elementor-element elementor-element-8098b6d elementor-widget elementor-widget-heading\" data-id=\"8098b6d\" data-element_type=\"widget\" data-e-type=\"widget\" data-widget_type=\"heading.default\">\n\t\t\t\t<div class=\"elementor-widget-container\">\n\t\t\t\t\t<h1 class=\"elementor-heading-title elementor-size-default\">Sikkerhetserkl\u00e6ring<\/h1>\t\t\t\t<\/div>\n\t\t\t\t<\/div>\n\t\t\t\t<div class=\"elementor-element elementor-element-3cf6c94 elementor-widget elementor-widget-text-editor\" data-id=\"3cf6c94\" data-element_type=\"widget\" data-e-type=\"widget\" data-widget_type=\"text-editor.default\">\n\t\t\t\t<div class=\"elementor-widget-container\">\n\t\t\t\t\t\t\t\t\t<p data-start=\"117\" data-end=\"314\"><strong data-start=\"117\" data-end=\"314\">Hos KTV Working Drone er sikkerhet v\u00e5r h\u00f8yeste prioritet.<br data-start=\"176\" data-end=\"179\" \/>Vi er fullt forpliktet til \u00e5 opprettholde et trygt og sikkert milj\u00f8 for alle v\u00e5re teammedlemmer, partnere, franchisetakere og kunder.<\/strong><\/p><p data-start=\"316\" data-end=\"523\"><strong data-start=\"316\" data-end=\"523\">Vi har utviklet en detaljert sikkerhetspolicy som m\u00e5 f\u00f8lges n\u00f8ye for \u00e5 sikre at alle involverte i v\u00e5re operasjoner forblir trygge.<br data-start=\"448\" data-end=\"451\" \/>Vi vil fortsette \u00e5 jobbe utrettelig for \u00e5 garantere denne sikkerheten.<\/strong><\/p>\t\t\t\t\t\t\t\t<\/div>\n\t\t\t\t<\/div>\n\t\t\t\t<div class=\"elementor-element elementor-element-f8eba88 elementor-widget elementor-widget-text-editor\" data-id=\"f8eba88\" data-element_type=\"widget\" data-e-type=\"widget\" data-widget_type=\"text-editor.default\">\n\t\t\t\t<div class=\"elementor-widget-container\">\n\t\t\t\t\t\t\t\t\t<p data-start=\"525\" data-end=\"687\">KTV Working Drone gjennomf\u00f8rer n\u00f8dvendige sikkerhetsprosedyrer og tiltak i henhold til selskapets globale sikkerhetsstandarder, inkludert, men ikke begrenset til:<\/p><ul data-start=\"689\" data-end=\"931\"><li data-start=\"689\" data-end=\"729\"><p data-start=\"691\" data-end=\"729\">\u00c5 minimere v\u00e5r p\u00e5virkning p\u00e5 milj\u00f8et<\/p><\/li><li data-start=\"730\" data-end=\"784\"><p data-start=\"732\" data-end=\"784\">\u00c5 ikke skade eller forstyrre uvedkommende personer<\/p><\/li><li data-start=\"785\" data-end=\"863\"><p data-start=\"787\" data-end=\"863\">\u00c5 ikke for\u00e5rsake skade p\u00e5 eiendom, bygninger, kj\u00f8ret\u00f8y eller andre verdier<\/p><\/li><li data-start=\"864\" data-end=\"931\"><p data-start=\"866\" data-end=\"931\">\u00c5 alltid operere i tr\u00e5d med globale retningslinjer for personvern<\/p><\/li><\/ul><p data-start=\"933\" data-end=\"1138\">KTV Working Drone vil operere i samsvar med den veletablerte kulturen innen luftfart.<br data-start=\"1018\" data-end=\"1021\" \/>Gjennom l\u00e6ring, utvikling og tilpasning av v\u00e5re tjenester, vil vi bidra til positiv vekst for merkevaren og bransjen.<\/p>\t\t\t\t\t\t\t\t<\/div>\n\t\t\t\t<\/div>\n\t\t\t\t<\/div>\n\t\t\t\t\t<\/div>\n\t\t\t\t<\/div>\n\t\t\t\t<\/div>\n\t\t","protected":false},"excerpt":{"rendered":"<p>KTV Working Drone removes the need for risky work at height. Our drone technology improves safety, reduces accidents and protects workers and property.<\/p>\n","protected":false},"author":9,"featured_media":1316,"parent":0,"menu_order":0,"comment_status":"closed","ping_status":"closed","template":"","meta":{"_seopress_robots_primary_cat":"","_seopress_titles_title":"Drone cleaning safety | KTV Working Drone","_seopress_titles_desc":"KTV Working Drone removes the need for risky work at height. Our drone technology improves safety, reduces accidents and protects workers and property.","_seopress_robots_index":"","footnotes":""},"class_list":["post-113","page","type-page","status-publish","has-post-thumbnail","hentry"],"_links":{"self":[{"href":"https:\/\/ktvworkingdrone.com\/no\/wp-json\/wp\/v2\/pages\/113","targetHints":{"allow":["GET"]}}],"collection":[{"href":"https:\/\/ktvworkingdrone.com\/no\/wp-json\/wp\/v2\/pages"}],"about":[{"href":"https:\/\/ktvworkingdrone.com\/no\/wp-json\/wp\/v2\/types\/page"}],"author":[{"embeddable":true,"href":"https:\/\/ktvworkingdrone.com\/no\/wp-json\/wp\/v2\/users\/9"}],"replies":[{"embeddable":true,"href":"https:\/\/ktvworkingdrone.com\/no\/wp-json\/wp\/v2\/comments?post=113"}],"version-history":[{"count":8,"href":"https:\/\/ktvworkingdrone.com\/no\/wp-json\/wp\/v2\/pages\/113\/revisions"}],"predecessor-version":[{"id":8651,"href":"https:\/\/ktvworkingdrone.com\/no\/wp-json\/wp\/v2\/pages\/113\/revisions\/8651"}],"wp:featuredmedia":[{"embeddable":true,"href":"https:\/\/ktvworkingdrone.com\/no\/wp-json\/wp\/v2\/media\/1316"}],"wp:attachment":[{"href":"https:\/\/ktvworkingdrone.com\/no\/wp-json\/wp\/v2\/media?parent=113"}],"curies":[{"name":"wp","href":"https:\/\/api.w.org\/{rel}","templated":true}]}}