{"id":119,"date":"2025-06-23T10:56:01","date_gmt":"2025-06-23T10:56:01","guid":{"rendered":"https:\/\/ktvwd.com\/au\/?page_id=119"},"modified":"2025-08-29T08:57:03","modified_gmt":"2025-08-29T08:57:03","slug":"about","status":"publish","type":"page","link":"https:\/\/ktvworkingdrone.com\/it\/about\/","title":{"rendered":"About"},"content":{"rendered":"\t\t<div data-elementor-type=\"wp-page\" data-elementor-id=\"119\" class=\"elementor elementor-119\" data-elementor-post-type=\"page\">\n\t\t\t\t<div class=\"elementor-element elementor-element-3ccbcb40 e-flex e-con-boxed e-con e-parent\" data-id=\"3ccbcb40\" data-element_type=\"container\" data-e-type=\"container\" data-settings=\"{&quot;background_background&quot;:&quot;classic&quot;,&quot;background_motion_fx_motion_fx_scrolling&quot;:&quot;yes&quot;,&quot;background_motion_fx_translateY_effect&quot;:&quot;yes&quot;,&quot;background_motion_fx_translateY_direction&quot;:&quot;negative&quot;,&quot;background_motion_fx_translateY_speed&quot;:{&quot;unit&quot;:&quot;px&quot;,&quot;size&quot;:7.5,&quot;sizes&quot;:[]},&quot;background_motion_fx_translateY_affectedRange&quot;:{&quot;unit&quot;:&quot;%&quot;,&quot;size&quot;:&quot;&quot;,&quot;sizes&quot;:{&quot;start&quot;:0,&quot;end&quot;:100}},&quot;background_motion_fx_devices&quot;:[&quot;desktop&quot;,&quot;tablet&quot;,&quot;mobile&quot;]}\">\n\t\t\t\t\t<div class=\"e-con-inner\">\n\t\t<div class=\"elementor-element elementor-element-324d77be e-con-full e-flex e-con e-child\" data-id=\"324d77be\" data-element_type=\"container\" data-e-type=\"container\">\n\t\t\t\t<div class=\"elementor-element elementor-element-0e8aa88 elementor-widget elementor-widget-heading\" data-id=\"0e8aa88\" data-element_type=\"widget\" data-e-type=\"widget\" data-widget_type=\"heading.default\">\n\t\t\t\t<div class=\"elementor-widget-container\">\n\t\t\t\t\t<h1 class=\"elementor-heading-title elementor-size-default\">Chi siamo\n<\/h1>\t\t\t\t<\/div>\n\t\t\t\t<\/div>\n\t\t\t\t<div class=\"elementor-element elementor-element-6a3ee961 elementor-widget elementor-widget-heading\" data-id=\"6a3ee961\" data-element_type=\"widget\" data-e-type=\"widget\" data-widget_type=\"heading.default\">\n\t\t\t\t<div class=\"elementor-widget-container\">\n\t\t\t\t\t<h1 class=\"elementor-heading-title elementor-size-default\">In KTV Working Drone, il nostro obiettivo principale \u00e8 avere un impatto positivo e migliorare l'esperienza lavorativa quotidiana delle persone.\n<\/h1>\t\t\t\t<\/div>\n\t\t\t\t<\/div>\n\t\t\t\t<div class=\"elementor-element elementor-element-62ccd76 elementor-widget__width-inherit elementor-widget elementor-widget-text-editor\" data-id=\"62ccd76\" data-element_type=\"widget\" data-e-type=\"widget\" data-widget_type=\"text-editor.default\">\n\t\t\t\t<div class=\"elementor-widget-container\">\n\t\t\t\t\t\t\t\t\t<p>Ci impegniamo a promuovere la sicurezza e il benessere di coloro che lavorano in quota, inclusi ascensoristi, ponteggiatori e addetti alle facciate. Questi lavori fisicamente impegnativi spesso provocano infortuni da stress e presentano rischi significativi ogni giorno. Ci impegniamo a supportare questo gruppo e a migliorare le loro condizioni di lavoro attraverso soluzioni innovative basate sui droni.<\/p>\t\t\t\t\t\t\t\t<\/div>\n\t\t\t\t<\/div>\n\t\t\t\t<\/div>\n\t\t\t\t\t<\/div>\n\t\t\t\t<\/div>\n\t\t<div class=\"elementor-element elementor-element-713adac e-flex e-con-boxed e-con e-child\" data-id=\"713adac\" data-element_type=\"container\" data-e-type=\"container\" data-settings=\"{&quot;background_background&quot;:&quot;classic&quot;}\">\n\t\t\t\t\t<div class=\"e-con-inner\">\n\t\t<div class=\"elementor-element elementor-element-5306d65 e-con-full e-flex e-con e-child\" data-id=\"5306d65\" data-element_type=\"container\" data-e-type=\"container\" data-settings=\"{&quot;background_background&quot;:&quot;classic&quot;,&quot;background_motion_fx_motion_fx_scrolling&quot;:&quot;yes&quot;,&quot;background_motion_fx_translateY_effect&quot;:&quot;yes&quot;,&quot;background_motion_fx_translateY_speed&quot;:{&quot;unit&quot;:&quot;px&quot;,&quot;size&quot;:2,&quot;sizes&quot;:[]},&quot;background_motion_fx_translateY_affectedRange&quot;:{&quot;unit&quot;:&quot;%&quot;,&quot;size&quot;:&quot;&quot;,&quot;sizes&quot;:{&quot;start&quot;:0,&quot;end&quot;:100}},&quot;background_motion_fx_devices&quot;:[&quot;desktop&quot;,&quot;tablet&quot;,&quot;mobile&quot;]}\">\n\t\t\t\t<\/div>\n\t\t<div class=\"elementor-element elementor-element-a7f12c1 e-con-full e-flex e-con e-child\" data-id=\"a7f12c1\" data-element_type=\"container\" data-e-type=\"container\">\n\t\t\t\t<div class=\"elementor-element elementor-element-9300e28 elementor-widget__width-inherit elementor-widget elementor-widget-heading\" data-id=\"9300e28\" data-element_type=\"widget\" data-e-type=\"widget\" data-widget_type=\"heading.default\">\n\t\t\t\t<div class=\"elementor-widget-container\">\n\t\t\t\t\t<div class=\"elementor-heading-title elementor-size-default\">KTV Working Drone<\/div>\t\t\t\t<\/div>\n\t\t\t\t<\/div>\n\t\t\t\t<div class=\"elementor-element elementor-element-d367c3c elementor-widget elementor-widget-heading\" data-id=\"d367c3c\" data-element_type=\"widget\" data-e-type=\"widget\" data-widget_type=\"heading.default\">\n\t\t\t\t<div class=\"elementor-widget-container\">\n\t\t\t\t\t<h1 class=\"elementor-heading-title elementor-size-default\">La nostra storia\n<\/h1>\t\t\t\t<\/div>\n\t\t\t\t<\/div>\n\t\t\t\t<div class=\"elementor-element elementor-element-f39802b elementor-widget elementor-widget-heading\" data-id=\"f39802b\" data-element_type=\"widget\" data-e-type=\"widget\" data-widget_type=\"heading.default\">\n\t\t\t\t<div class=\"elementor-widget-container\">\n\t\t\t\t\t<h2 class=\"elementor-heading-title elementor-size-default\">Il fondatore e l'evoluzione del settore delle pulizie<\/h2>\t\t\t\t<\/div>\n\t\t\t\t<\/div>\n\t\t\t\t<div class=\"elementor-element elementor-element-aa3ec1d elementor-widget elementor-widget-text-editor\" data-id=\"aa3ec1d\" data-element_type=\"widget\" data-e-type=\"widget\" data-widget_type=\"text-editor.default\">\n\t\t\t\t<div class=\"elementor-widget-container\">\n\t\t\t\t\t\t\t\t\t<h5>Kennet Nilsen ha fondato KTV nel 1992 e da allora l&#8217;azienda \u00e8 diventata un fornitore leader di servizi di pulizia di facciate e vetri, con oltre trent&#8217;anni di esperienza.<\/h5><p>Con l&#8217;espansione dell&#8217;azienda, ha diversificato la sua offerta per soddisfare le esigenze dei settori offshore e terrestre, con particolare attenzione alla pulizia professionale e al trattamento delle superfici. Ci\u00f2 ha portato allo sviluppo di KTV Working Drone, una soluzione all&#8217;avanguardia basata su droni progettata per servire un&#8217;ampia gamma di settori.<\/p><p>Nel 2022, KTV Working Drone si \u00e8 affermata come pioniere nel settore della pulizia di facciate e vetri. Il team ha dedicato diversi anni alla creazione di attrezzature avanzate, sistemi all&#8217;avanguardia e procedure semplificate, per servire clienti in tutto il mondo con un approccio pi\u00f9 sicuro e unificato. L&#8217;azienda si \u00e8 impegnata a garantire che i clienti di diversi paesi ricevano un servizio di prim&#8217;ordine e continua a impegnarsi per l&#8217;eccellenza nelle proprie attivit\u00e0.<\/p><p>Ricerca e sviluppo sono al centro delle attivit\u00e0 di KTV Working Drone. Ci impegniamo a far progredire la nostra tecnologia e a collaborare strettamente con i nostri partner per raggiungere questo obiettivo. Riconosciamo il ruolo cruciale che i nostri partner svolgono nel nostro sviluppo e crediamo che condividere le nostre esperienze sia essenziale per la crescita reciproca. Mentre continuiamo ad espandere la nostra presenza in tutto il mondo, continuiamo a impegnarci a sfruttare le competenze dei nostri partner per migliorare le nostre capacit\u00e0.&#8221;<\/p>\t\t\t\t\t\t\t\t<\/div>\n\t\t\t\t<\/div>\n\t\t\t\t<\/div>\n\t\t\t\t\t<\/div>\n\t\t\t\t<\/div>\n\t\t<div class=\"elementor-element elementor-element-35deff6a e-flex e-con-boxed e-con e-child\" data-id=\"35deff6a\" data-element_type=\"container\" data-e-type=\"container\" data-settings=\"{&quot;background_background&quot;:&quot;classic&quot;}\">\n\t\t\t\t\t<div class=\"e-con-inner\">\n\t\t<div class=\"elementor-element elementor-element-7af4db00 e-con-full e-flex e-con e-child\" data-id=\"7af4db00\" data-element_type=\"container\" data-e-type=\"container\">\n\t\t\t\t<div class=\"elementor-element elementor-element-769d2840 elementor-widget__width-inherit elementor-widget elementor-widget-heading\" data-id=\"769d2840\" data-element_type=\"widget\" data-e-type=\"widget\" data-widget_type=\"heading.default\">\n\t\t\t\t<div class=\"elementor-widget-container\">\n\t\t\t\t\t<div class=\"elementor-heading-title elementor-size-default\">Il primo drone da lavoro al mondo<\/div>\t\t\t\t<\/div>\n\t\t\t\t<\/div>\n\t\t\t\t<div class=\"elementor-element elementor-element-60fdaf22 elementor-widget elementor-widget-heading\" data-id=\"60fdaf22\" data-element_type=\"widget\" data-e-type=\"widget\" data-widget_type=\"heading.default\">\n\t\t\t\t<div class=\"elementor-widget-container\">\n\t\t\t\t\t<h2 class=\"elementor-heading-title elementor-size-default\">Definire lo standard per i droni da lavoro<\/h2>\t\t\t\t<\/div>\n\t\t\t\t<\/div>\n\t\t\t\t<div class=\"elementor-element elementor-element-2234112 elementor-widget elementor-widget-text-editor\" data-id=\"2234112\" data-element_type=\"widget\" data-e-type=\"widget\" data-widget_type=\"text-editor.default\">\n\t\t\t\t<div class=\"elementor-widget-container\">\n\t\t\t\t\t\t\t\t\t<p><span data-sheets-root=\"1\"><strong>KTV Working Drone \u00e8 nato dal Gruppo KTV, fondato nel 1992 da Kennet Nilsen. Il Gruppo KTV vanta oltre 30 anni di esperienza nella pulizia di facciate e finestre ed \u00e8 un esperto nel suo settore.<\/strong><br \/><br \/>KTV Working Drone \u00e8 nato dall&#8217;idea di trovare un modo innovativo ed efficiente per pulire facciate e finestre. Questo accadeva nel 2015. Erano necessarie numerose modifiche per rendere il drone idoneo alle pulizie, anche commerciali. Il risultato \u00e8 un drone unico, con attrezzature di montaggio su misura e adattate in modo esclusivo, e attrezzature di pulizia appositamente progettate. \u00c8 stata inoltre sviluppata una soluzione di sicurezza in attesa di brevetto per impedire la caduta del drone durante il funzionamento.<br \/><br \/>Il drone \u00e8 stato ampiamente testato e commercializzato per la pulizia di finestre e facciate, ed \u00e8 utilizzato operativamente dal Gruppo KTV in Norvegia dal 2020.<br \/><br \/>Nel 2022, KTV Working Drone era pronto e il processo di commercializzazione \u00e8 iniziato. Oggi KTV Working Drone \u00e8 presente in quasi tutto il mondo e La rete di partner \u00e8 in rapida crescita.<br \/><br \/>Il futuro riserva molte opportunit\u00e0 di sviluppo per KTV Working Drone. Crediamo che i nostri droni saranno presto in grado di effettuare piccole riparazioni, ispezioni speciali e persino trattamenti superficiali.<\/span><\/p>\t\t\t\t\t\t\t\t<\/div>\n\t\t\t\t<\/div>\n\t\t\t\t<\/div>\n\t\t\t\t<div class=\"elementor-element elementor-element-72f4a6b6 elementor-widget__width-inherit elementor-widget elementor-widget-image\" data-id=\"72f4a6b6\" data-element_type=\"widget\" data-e-type=\"widget\" data-widget_type=\"image.default\">\n\t\t\t\t<div class=\"elementor-widget-container\">\n\t\t\t\t\t\t\t\t\t\t\t\t\t\t\t<img fetchpriority=\"high\" decoding=\"async\" width=\"1080\" height=\"1080\" src=\"https:\/\/ktvworkingdrone.com\/it\/wp-content\/uploads\/sites\/386\/2025\/07\/lovaasen_400_8_2.jpg\" class=\"attachment-full size-full wp-image-2586\" alt=\"Image of KTV Working Drone\" srcset=\"https:\/\/ktvworkingdrone.com\/it\/wp-content\/uploads\/sites\/386\/2025\/07\/lovaasen_400_8_2.jpg 1080w, https:\/\/ktvworkingdrone.com\/it\/wp-content\/uploads\/sites\/386\/2025\/07\/lovaasen_400_8_2-300x300.jpg 300w, https:\/\/ktvworkingdrone.com\/it\/wp-content\/uploads\/sites\/386\/2025\/07\/lovaasen_400_8_2-1024x1024.jpg 1024w, https:\/\/ktvworkingdrone.com\/it\/wp-content\/uploads\/sites\/386\/2025\/07\/lovaasen_400_8_2-150x150.jpg 150w, https:\/\/ktvworkingdrone.com\/it\/wp-content\/uploads\/sites\/386\/2025\/07\/lovaasen_400_8_2-768x768.jpg 768w\" sizes=\"(max-width: 1080px) 100vw, 1080px\" \/>\t\t\t\t\t\t\t\t\t\t\t\t\t\t\t<\/div>\n\t\t\t\t<\/div>\n\t\t\t\t\t<\/div>\n\t\t\t\t<\/div>\n\t\t<div class=\"elementor-element elementor-element-2c50860 e-flex e-con-boxed e-con e-child\" data-id=\"2c50860\" data-element_type=\"container\" data-e-type=\"container\" data-settings=\"{&quot;background_background&quot;:&quot;classic&quot;}\">\n\t\t\t\t\t<div class=\"e-con-inner\">\n\t\t<div class=\"elementor-element elementor-element-a8142db e-con-full e-flex e-con e-child\" data-id=\"a8142db\" data-element_type=\"container\" data-e-type=\"container\">\n\t\t\t\t<div class=\"elementor-element elementor-element-d578baa elementor-widget elementor-widget-heading\" data-id=\"d578baa\" data-element_type=\"widget\" data-e-type=\"widget\" data-widget_type=\"heading.default\">\n\t\t\t\t<div class=\"elementor-widget-container\">\n\t\t\t\t\t<div class=\"elementor-heading-title elementor-size-default\">Molti vantaggi con il drone KTV Working\n<\/div>\t\t\t\t<\/div>\n\t\t\t\t<\/div>\n\t\t\t\t<div class=\"elementor-element elementor-element-8ba04fe elementor-widget elementor-widget-heading\" data-id=\"8ba04fe\" data-element_type=\"widget\" data-e-type=\"widget\" data-widget_type=\"heading.default\">\n\t\t\t\t<div class=\"elementor-widget-container\">\n\t\t\t\t\t<h2 class=\"elementor-heading-title elementor-size-default\">Sostenibilit\u00e0<\/h2>\t\t\t\t<\/div>\n\t\t\t\t<\/div>\n\t\t\t\t<div class=\"elementor-element elementor-element-3f37e6c elementor-widget elementor-widget-text-editor\" data-id=\"3f37e6c\" data-element_type=\"widget\" data-e-type=\"widget\" data-widget_type=\"text-editor.default\">\n\t\t\t\t<div class=\"elementor-widget-container\">\n\t\t\t\t\t\t\t\t\t<p><span data-sheets-root=\"1\"><strong>La nostra tecnologia \u00e8 progettata per allontanare il personale dagli ambienti di lavoro pericolosi, eliminando la necessit\u00e0 di ponteggi e piattaforme aeree. Nella maggior parte dei casi, il tempo totale necessario per le operazioni \u00e8 significativamente ridotto.<\/strong><br \/><br \/>Abbiamo anche sviluppato il KTV PowerCleaner, un&#8217;idropulitrice ad alta pressione alimentata interamente a batteria, rendendola 100% elettrica. Questa macchina \u00e8 unica nella sua categoria e dispone di un sistema ad acqua pura che riduce al minimo la necessit\u00e0 di prodotti chimici, riducendo l&#8217;impatto ambientale.<\/span><\/p>\t\t\t\t\t\t\t\t<\/div>\n\t\t\t\t<\/div>\n\t\t\t\t<\/div>\n\t\t<div class=\"elementor-element elementor-element-7eb44f9 e-con-full e-flex e-con e-child\" data-id=\"7eb44f9\" data-element_type=\"container\" data-e-type=\"container\">\n\t\t<div class=\"elementor-element elementor-element-5c62223 e-con-full e-flex e-con e-child\" data-id=\"5c62223\" data-element_type=\"container\" data-e-type=\"container\">\n\t\t\t\t<div class=\"elementor-element elementor-element-bae15b3 elementor-widget elementor-widget-text-editor\" data-id=\"bae15b3\" data-element_type=\"widget\" data-e-type=\"widget\" data-widget_type=\"text-editor.default\">\n\t\t\t\t<div class=\"elementor-widget-container\">\n\t\t\t\t\t\t\t\t\t<h3>Metodi di pulizia sostenibili<\/h3><p><strong>I nostri metodi di pulizia sono stati sviluppati gi\u00e0 nel 2015, con una chiara attenzione alla sostenibilit\u00e0 e alla protezione delle superfici. Puntiamo a ridurre la pressione dell&#8217;acqua durante la pulizia ed evitare qualsiasi contatto meccanico con le superfici.<\/strong><\/p><p>I sistemi KTV SelfCleaner e KTV WindowCleaner sono progettati per preservare facciate e finestre nel tempo, prevenendo danni superficiali e mantenendone la pulizia.<\/p><p>Gli edifici e le infrastrutture nei settori immobiliare, petrolifero e del gas, energetico e dei lavori pubblici hanno spesso cicli di vita superiori a 100 anni. Questo rende la scelta del metodo di manutenzione fondamentale per la sostenibilit\u00e0.<\/p><p>Comprendiamo la manutenzione a lungo termine e le nostre soluzioni sono tra i metodi pi\u00f9 sostenibili disponibili oggi.<\/p>\t\t\t\t\t\t\t\t<\/div>\n\t\t\t\t<\/div>\n\t\t\t\t<\/div>\n\t\t<div class=\"elementor-element elementor-element-dd3df47 e-con-full e-flex e-con e-child\" data-id=\"dd3df47\" data-element_type=\"container\" data-e-type=\"container\">\n\t\t\t\t<div class=\"elementor-element elementor-element-55e29c6 elementor-widget elementor-widget-text-editor\" data-id=\"55e29c6\" data-element_type=\"widget\" data-e-type=\"widget\" data-widget_type=\"text-editor.default\">\n\t\t\t\t<div class=\"elementor-widget-container\">\n\t\t\t\t\t\t\t\t\t<h3><strong>Conformit\u00e0 digitale e documentazione<br \/><\/strong><\/h3><p>Il nostro sistema CRM Bluetag \u00e8 pienamente conforme agli standard ISO 14001, ISO 45001 e ISO 9001.<\/p><p>Tutti i lavori e i progetti sono documentati con checklist, valutazioni dei rischi, report e immagini.<\/p><p>Questa documentazione \u00e8 disponibile online per i clienti fin dall&#8217;inizio del progetto, garantendo trasparenza, tracciabilit\u00e0 e controllo qualit\u00e0 in ogni fase.<\/p>\t\t\t\t\t\t\t\t<\/div>\n\t\t\t\t<\/div>\n\t\t\t\t<\/div>\n\t\t\t\t<\/div>\n\t\t\t\t\t<\/div>\n\t\t\t\t<\/div>\n\t\t<div class=\"elementor-element elementor-element-1b3d2a2 e-flex e-con-boxed e-con e-parent\" data-id=\"1b3d2a2\" data-element_type=\"container\" data-e-type=\"container\" data-settings=\"{&quot;background_background&quot;:&quot;classic&quot;}\">\n\t\t\t\t\t<div class=\"e-con-inner\">\n\t\t<div class=\"elementor-element elementor-element-9116d19 e-con-full e-flex e-con e-child\" data-id=\"9116d19\" data-element_type=\"container\" data-e-type=\"container\" data-settings=\"{&quot;background_background&quot;:&quot;classic&quot;,&quot;background_motion_fx_motion_fx_scrolling&quot;:&quot;yes&quot;,&quot;background_motion_fx_translateX_effect&quot;:&quot;yes&quot;,&quot;background_motion_fx_translateX_speed&quot;:{&quot;unit&quot;:&quot;px&quot;,&quot;size&quot;:2.5,&quot;sizes&quot;:[]},&quot;background_motion_fx_translateX_affectedRange&quot;:{&quot;unit&quot;:&quot;%&quot;,&quot;size&quot;:&quot;&quot;,&quot;sizes&quot;:{&quot;start&quot;:0,&quot;end&quot;:100}},&quot;background_motion_fx_devices&quot;:[&quot;desktop&quot;,&quot;tablet&quot;,&quot;mobile&quot;]}\">\n\t\t\t\t<div class=\"elementor-element elementor-element-837f121 elementor-widget elementor-widget-heading\" data-id=\"837f121\" data-element_type=\"widget\" data-e-type=\"widget\" data-widget_type=\"heading.default\">\n\t\t\t\t<div class=\"elementor-widget-container\">\n\t\t\t\t\t<h2 class=\"elementor-heading-title elementor-size-default\">Sviluppo futuro\n<\/h2>\t\t\t\t<\/div>\n\t\t\t\t<\/div>\n\t\t\t\t<div class=\"elementor-element elementor-element-3b58751 elementor-widget elementor-widget-heading\" data-id=\"3b58751\" data-element_type=\"widget\" data-e-type=\"widget\" data-widget_type=\"heading.default\">\n\t\t\t\t<div class=\"elementor-widget-container\">\n\t\t\t\t\t<h2 class=\"elementor-heading-title elementor-size-default\">Cosa c'\u00e8 dopo<\/h2>\t\t\t\t<\/div>\n\t\t\t\t<\/div>\n\t\t\t\t<\/div>\n\t\t<div class=\"elementor-element elementor-element-fb151a5 e-con-full e-flex e-con e-child\" data-id=\"fb151a5\" data-element_type=\"container\" data-e-type=\"container\" data-settings=\"{&quot;background_background&quot;:&quot;classic&quot;}\">\n\t\t\t\t<div class=\"elementor-element elementor-element-c8bc14c elementor-widget elementor-widget-text-editor\" data-id=\"c8bc14c\" data-element_type=\"widget\" data-e-type=\"widget\" data-widget_type=\"text-editor.default\">\n\t\t\t\t<div class=\"elementor-widget-container\">\n\t\t\t\t\t\t\t\t\t<ul><li><strong>Verniciatura a spruzzo<\/strong><br \/>Grazie al continuo sviluppo, ai test approfonditi e alle nuove partnership con i produttori di vernici, ci stiamo avvicinando alla fase di collaudo finale.<\/li><li><strong>Altitudini pi\u00f9 elevate<\/strong><br \/>In KTV Working Drone, siamo orgogliosi di offrire una tecnologia innovativa che consente ai nostri droni di svolgere compiti in sicurezza ad altitudini di 600 metri e oltre. Il nostro sistema di sicurezza sul tetto all&#8217;avanguardia garantisce la sicurezza sia del drone che di chi si trova a terra. Crediamo che le possibilit\u00e0 per i nostri droni siano infinite e ci impegniamo a superare i limiti del possibile.<br \/><br \/><\/li><li><strong>Drone autonomo<\/strong><br \/>Stiamo lavorando al 100% per consentire al drone di svolgere compiti in modo autonomo. Abbiamo gi\u00e0 raggiunto questo obiettivo per facciate semplici, dove il drone opera senza pilota. Il nostro obiettivo \u00e8 risolvere questo problema anche per edifici e strutture complesse.<br \/><br \/><\/li><li><strong>Sale di controllo remoto<\/strong><br \/>Nei nostri piani, intendiamo istituire sale di controllo per i piloti di droni, consentendo loro di operare i droni a livello globale tramite Internet. Questo progresso consentir\u00e0 ai piloti di droni di offrire supporto remoto, eseguire compiti specializzati, operare in modo pi\u00f9 sicuro e fornire servizi eccezionali da qualsiasi luogo il mondo.&#8221;<\/li><\/ul>\t\t\t\t\t\t\t\t<\/div>\n\t\t\t\t<\/div>\n\t\t\t\t<div class=\"elementor-element elementor-element-87473ee elementor-widget elementor-widget-spacer\" data-id=\"87473ee\" data-element_type=\"widget\" data-e-type=\"widget\" data-widget_type=\"spacer.default\">\n\t\t\t\t<div class=\"elementor-widget-container\">\n\t\t\t\t\t\t\t<div class=\"elementor-spacer\">\n\t\t\t<div class=\"elementor-spacer-inner\"><\/div>\n\t\t<\/div>\n\t\t\t\t\t\t<\/div>\n\t\t\t\t<\/div>\n\t\t\t\t<\/div>\n\t\t\t\t\t<\/div>\n\t\t\t\t<\/div>\n\t\t\t\t<\/div>\n\t\t","protected":false},"excerpt":{"rendered":"<p>Learn about KTV Working Drone, the company behind innovative drone cleaning solutions for buildings, infrastructure and industrial projects.<\/p>\n","protected":false},"author":9,"featured_media":1316,"parent":0,"menu_order":0,"comment_status":"closed","ping_status":"closed","template":"","meta":{"_seopress_robots_primary_cat":"","_seopress_titles_title":"About us | KTV Working Drone","_seopress_titles_desc":"Learn about KTV Working Drone, the company behind innovative drone cleaning solutions for buildings, infrastructure and industrial projects.","_seopress_robots_index":"","footnotes":""},"class_list":["post-119","page","type-page","status-publish","has-post-thumbnail","hentry"],"_links":{"self":[{"href":"https:\/\/ktvworkingdrone.com\/it\/wp-json\/wp\/v2\/pages\/119","targetHints":{"allow":["GET"]}}],"collection":[{"href":"https:\/\/ktvworkingdrone.com\/it\/wp-json\/wp\/v2\/pages"}],"about":[{"href":"https:\/\/ktvworkingdrone.com\/it\/wp-json\/wp\/v2\/types\/page"}],"author":[{"embeddable":true,"href":"https:\/\/ktvworkingdrone.com\/it\/wp-json\/wp\/v2\/users\/9"}],"replies":[{"embeddable":true,"href":"https:\/\/ktvworkingdrone.com\/it\/wp-json\/wp\/v2\/comments?post=119"}],"version-history":[{"count":26,"href":"https:\/\/ktvworkingdrone.com\/it\/wp-json\/wp\/v2\/pages\/119\/revisions"}],"predecessor-version":[{"id":8664,"href":"https:\/\/ktvworkingdrone.com\/it\/wp-json\/wp\/v2\/pages\/119\/revisions\/8664"}],"wp:featuredmedia":[{"embeddable":true,"href":"https:\/\/ktvworkingdrone.com\/it\/wp-json\/wp\/v2\/media\/1316"}],"wp:attachment":[{"href":"https:\/\/ktvworkingdrone.com\/it\/wp-json\/wp\/v2\/media?parent=119"}],"curies":[{"name":"wp","href":"https:\/\/api.w.org\/{rel}","templated":true}]}}