{"id":113,"date":"2025-06-23T10:56:16","date_gmt":"2025-06-23T10:56:16","guid":{"rendered":"https:\/\/ktvwd.com\/au\/?page_id=113"},"modified":"2025-08-28T07:51:14","modified_gmt":"2025-08-28T07:51:14","slug":"safety","status":"publish","type":"page","link":"https:\/\/ktvworkingdrone.com\/hr\/safety\/","title":{"rendered":"Safety"},"content":{"rendered":"\t\t<div data-elementor-type=\"wp-page\" data-elementor-id=\"113\" class=\"elementor elementor-113\" data-elementor-post-type=\"page\">\n\t\t\t\t<div class=\"elementor-element elementor-element-7cb154c e-flex e-con-boxed e-con e-parent\" data-id=\"7cb154c\" data-element_type=\"container\" data-e-type=\"container\" data-settings=\"{&quot;background_background&quot;:&quot;classic&quot;,&quot;background_motion_fx_motion_fx_scrolling&quot;:&quot;yes&quot;,&quot;background_motion_fx_translateY_effect&quot;:&quot;yes&quot;,&quot;background_motion_fx_translateY_direction&quot;:&quot;negative&quot;,&quot;background_motion_fx_translateY_speed&quot;:{&quot;unit&quot;:&quot;px&quot;,&quot;size&quot;:7.5,&quot;sizes&quot;:[]},&quot;background_motion_fx_translateY_affectedRange&quot;:{&quot;unit&quot;:&quot;%&quot;,&quot;size&quot;:&quot;&quot;,&quot;sizes&quot;:{&quot;start&quot;:0,&quot;end&quot;:100}},&quot;background_motion_fx_devices&quot;:[&quot;desktop&quot;,&quot;tablet&quot;,&quot;mobile&quot;]}\">\n\t\t\t\t\t<div class=\"e-con-inner\">\n\t\t<div class=\"elementor-element elementor-element-eb84d2c e-con-full e-flex e-con e-child\" data-id=\"eb84d2c\" data-element_type=\"container\" data-e-type=\"container\">\n\t\t\t\t<div class=\"elementor-element elementor-element-8aa4843 elementor-widget elementor-widget-heading\" data-id=\"8aa4843\" data-element_type=\"widget\" data-e-type=\"widget\" data-widget_type=\"heading.default\">\n\t\t\t\t<div class=\"elementor-widget-container\">\n\t\t\t\t\t<h1 class=\"elementor-heading-title elementor-size-default\">Sigurnost uvijek na prvom mjestu<\/h1>\t\t\t\t<\/div>\n\t\t\t\t<\/div>\n\t\t\t\t<div class=\"elementor-element elementor-element-dab0597 elementor-widget__width-inherit elementor-widget elementor-widget-text-editor\" data-id=\"dab0597\" data-element_type=\"widget\" data-e-type=\"widget\" data-widget_type=\"text-editor.default\">\n\t\t\t\t<div class=\"elementor-widget-container\">\n\t\t\t\t\t\t\t\t\t<p>U KTV Working Droneu sigurnost je na\u0161 najve\u0107i prioritet. Potpuno smo predani odr\u017eavanju sigurnog i za\u0161ti\u0107enog okru\u017eenja za sve \u010dlanove na\u0161eg tima, na\u0161e partnere, fran\u0161izne partnere i na\u0161e klijente.<\/p>\t\t\t\t\t\t\t\t<\/div>\n\t\t\t\t<\/div>\n\t\t\t\t<\/div>\n\t\t\t\t\t<\/div>\n\t\t\t\t<\/div>\n\t\t<div class=\"elementor-element elementor-element-6814491 e-flex e-con-boxed e-con e-parent\" data-id=\"6814491\" data-element_type=\"container\" data-e-type=\"container\" data-settings=\"{&quot;background_background&quot;:&quot;classic&quot;}\">\n\t\t\t\t\t<div class=\"e-con-inner\">\n\t\t<div class=\"elementor-element elementor-element-044dab1 e-con-full e-flex e-con e-child\" data-id=\"044dab1\" data-element_type=\"container\" data-e-type=\"container\">\n\t\t\t\t<div class=\"elementor-element elementor-element-5cb7ec6 elementor-widget elementor-widget-image\" data-id=\"5cb7ec6\" data-element_type=\"widget\" data-e-type=\"widget\" data-widget_type=\"image.default\">\n\t\t\t\t<div class=\"elementor-widget-container\">\n\t\t\t\t\t\t\t\t\t\t\t\t\t\t\t<img fetchpriority=\"high\" decoding=\"async\" width=\"1920\" height=\"1440\" src=\"https:\/\/ktvworkingdrone.com\/hr\/wp-content\/uploads\/sites\/345\/2025\/06\/P1005965.jpg\" class=\"attachment-full size-full wp-image-1200\" alt=\"Image of KTV Working Drone and operator\" srcset=\"https:\/\/ktvworkingdrone.com\/hr\/wp-content\/uploads\/sites\/345\/2025\/06\/P1005965.jpg 1920w, https:\/\/ktvworkingdrone.com\/hr\/wp-content\/uploads\/sites\/345\/2025\/06\/P1005965-300x225.jpg 300w, https:\/\/ktvworkingdrone.com\/hr\/wp-content\/uploads\/sites\/345\/2025\/06\/P1005965-1024x768.jpg 1024w, https:\/\/ktvworkingdrone.com\/hr\/wp-content\/uploads\/sites\/345\/2025\/06\/P1005965-768x576.jpg 768w, https:\/\/ktvworkingdrone.com\/hr\/wp-content\/uploads\/sites\/345\/2025\/06\/P1005965-1536x1152.jpg 1536w\" sizes=\"(max-width: 1920px) 100vw, 1920px\" \/>\t\t\t\t\t\t\t\t\t\t\t\t\t\t\t<\/div>\n\t\t\t\t<\/div>\n\t\t\t\t<\/div>\n\t\t<div class=\"elementor-element elementor-element-f376895 e-con-full e-flex e-con e-child\" data-id=\"f376895\" data-element_type=\"container\" data-e-type=\"container\">\n\t\t\t\t<div class=\"elementor-element elementor-element-dc156b1 elementor-widget__width-inherit elementor-widget elementor-widget-heading\" data-id=\"dc156b1\" data-element_type=\"widget\" data-e-type=\"widget\" data-widget_type=\"heading.default\">\n\t\t\t\t<div class=\"elementor-widget-container\">\n\t\t\t\t\t<div class=\"elementor-heading-title elementor-size-default\">KTV Working Drone<\/div>\t\t\t\t<\/div>\n\t\t\t\t<\/div>\n\t\t\t\t<div class=\"elementor-element elementor-element-8098b6d elementor-widget elementor-widget-heading\" data-id=\"8098b6d\" data-element_type=\"widget\" data-e-type=\"widget\" data-widget_type=\"heading.default\">\n\t\t\t\t<div class=\"elementor-widget-container\">\n\t\t\t\t\t<h1 class=\"elementor-heading-title elementor-size-default\">Izjava o sigurnosti<\/h1>\t\t\t\t<\/div>\n\t\t\t\t<\/div>\n\t\t\t\t<div class=\"elementor-element elementor-element-3cf6c94 elementor-widget elementor-widget-text-editor\" data-id=\"3cf6c94\" data-element_type=\"widget\" data-e-type=\"widget\" data-widget_type=\"text-editor.default\">\n\t\t\t\t<div class=\"elementor-widget-container\">\n\t\t\t\t\t\t\t\t\t<p data-start=\"149\" data-end=\"352\"><strong>U KTV Working Droneu sigurnost je na\u0161 najve\u0107i prioritet. Potpuno smo predani odr\u017eavanju sigurnog i za\u0161ti\u0107enog okru\u017eenja za sve \u010dlanove na\u0161eg tima, na\u0161e partnere, fran\u0161izne partnere i na\u0161e klijente.<\/strong><\/p><p data-start=\"354\" data-end=\"551\"><strong>Razvili smo detaljnu politiku sigurnosti koju je potrebno strogo po\u0161tovati kako bi svi uklju\u010deni u na\u0161e operacije ostali sigurni. Nastavit \u0107emo neumorno raditi kako bismo zajam\u010dili ovu sigurnost.<\/strong><\/p>\t\t\t\t\t\t\t\t<\/div>\n\t\t\t\t<\/div>\n\t\t\t\t<div class=\"elementor-element elementor-element-f8eba88 elementor-widget elementor-widget-text-editor\" data-id=\"f8eba88\" data-element_type=\"widget\" data-e-type=\"widget\" data-widget_type=\"text-editor.default\">\n\t\t\t\t<div class=\"elementor-widget-container\">\n\t\t\t\t\t\t\t\t\t<p data-start=\"553\" data-end=\"760\"><strong data-start=\"553\" data-end=\"574\">KTV Working Drone<\/strong> provodi sve potrebne sigurnosne postupke i mjere opreza u skladu sa sigurnosnim standardima navedenim u globalnoj politici sigurnosti tvrtke, uklju\u010duju\u0107i, ali ne ograni\u010davaju\u0107i se na:<\/p><ul data-start=\"762\" data-end=\"1005\"><li data-start=\"762\" data-end=\"802\"><p data-start=\"764\" data-end=\"802\">Smanjivanje na\u0161eg utjecaja na okoli\u0161<\/p><\/li><li data-start=\"803\" data-end=\"857\"><p data-start=\"805\" data-end=\"857\">Ne nano\u0161enje \u0161tete i neometanje neuklju\u010denih osoba<\/p><\/li><li data-start=\"858\" data-end=\"929\"><p data-start=\"860\" data-end=\"929\">Ne uzrokovanje o\u0161te\u0107enja imovine, zgrada, vozila i drugih sredstava<\/p><\/li><li data-start=\"930\" data-end=\"1005\"><p data-start=\"932\" data-end=\"1005\">Uvijek djelovati u skladu sa smjernicama globalnog zakona o privatnosti<\/p><\/li><\/ul><p data-start=\"1007\" data-end=\"1195\"><strong data-start=\"1007\" data-end=\"1028\">KTV Working Drone<\/strong> posluje u skladu s dobro uspostavljenom kulturom zrakoplovstva. U\u010denjem, razvojem i prilagodbom na\u0161ih usluga nastojimo osigurati pozitivan rast brenda i industrije.<\/p>\t\t\t\t\t\t\t\t<\/div>\n\t\t\t\t<\/div>\n\t\t\t\t<\/div>\n\t\t\t\t\t<\/div>\n\t\t\t\t<\/div>\n\t\t\t\t<\/div>\n\t\t","protected":false},"excerpt":{"rendered":"<p>KTV Working Drone removes the need for risky work at height. Our drone technology improves safety, reduces accidents and protects workers and property.<\/p>\n","protected":false},"author":9,"featured_media":1316,"parent":0,"menu_order":0,"comment_status":"closed","ping_status":"closed","template":"","meta":{"_seopress_robots_primary_cat":"","_seopress_titles_title":"Drone cleaning safety | KTV Working Drone","_seopress_titles_desc":"KTV Working Drone removes the need for risky work at height. Our drone technology improves safety, reduces accidents and protects workers and property.","_seopress_robots_index":"","_seopress_analysis_target_kw":"drone cleaning safety,safe building maintenance with drones,ktv working drone safety standards,reducing risk with drone cleaning,safety in drone operations,building cleaning without scaffolding","footnotes":""},"class_list":["post-113","page","type-page","status-publish","has-post-thumbnail","hentry"],"_links":{"self":[{"href":"https:\/\/ktvworkingdrone.com\/hr\/wp-json\/wp\/v2\/pages\/113","targetHints":{"allow":["GET"]}}],"collection":[{"href":"https:\/\/ktvworkingdrone.com\/hr\/wp-json\/wp\/v2\/pages"}],"about":[{"href":"https:\/\/ktvworkingdrone.com\/hr\/wp-json\/wp\/v2\/types\/page"}],"author":[{"embeddable":true,"href":"https:\/\/ktvworkingdrone.com\/hr\/wp-json\/wp\/v2\/users\/9"}],"replies":[{"embeddable":true,"href":"https:\/\/ktvworkingdrone.com\/hr\/wp-json\/wp\/v2\/comments?post=113"}],"version-history":[{"count":12,"href":"https:\/\/ktvworkingdrone.com\/hr\/wp-json\/wp\/v2\/pages\/113\/revisions"}],"predecessor-version":[{"id":8785,"href":"https:\/\/ktvworkingdrone.com\/hr\/wp-json\/wp\/v2\/pages\/113\/revisions\/8785"}],"wp:featuredmedia":[{"embeddable":true,"href":"https:\/\/ktvworkingdrone.com\/hr\/wp-json\/wp\/v2\/media\/1316"}],"wp:attachment":[{"href":"https:\/\/ktvworkingdrone.com\/hr\/wp-json\/wp\/v2\/media?parent=113"}],"curies":[{"name":"wp","href":"https:\/\/api.w.org\/{rel}","templated":true}]}}