{"id":9117,"date":"2025-06-23T08:54:57","date_gmt":"2025-06-23T08:54:57","guid":{"rendered":"https:\/\/ktvworkingdrone.com\/gt-staging\/ubicacion\/"},"modified":"2025-09-05T03:15:09","modified_gmt":"2025-09-05T03:15:09","slug":"ubicacion","status":"publish","type":"page","link":"https:\/\/ktvworkingdrone.com\/gt\/ubicacion\/","title":{"rendered":"Ubicaci\u00f3n"},"content":{"rendered":"\t\t<div data-elementor-type=\"wp-page\" data-elementor-id=\"9117\" class=\"elementor elementor-9117 elementor-44\" data-elementor-post-type=\"page\">\n\t\t\t\t<div class=\"elementor-element elementor-element-2445dcf9 e-transform elementor-hidden-tablet elementor-hidden-mobile e-flex e-con-boxed e-con e-parent\" data-id=\"2445dcf9\" data-element_type=\"container\" data-e-type=\"container\" data-settings=\"{&quot;background_background&quot;:&quot;classic&quot;,&quot;sticky&quot;:&quot;top&quot;,&quot;sticky_on&quot;:[&quot;desktop&quot;,&quot;tablet&quot;,&quot;mobile&quot;],&quot;sticky_offset&quot;:0,&quot;sticky_effects_offset&quot;:0,&quot;sticky_anchor_link_offset&quot;:0,&quot;_transform_translateX_effect&quot;:{&quot;unit&quot;:&quot;px&quot;,&quot;size&quot;:&quot;&quot;,&quot;sizes&quot;:[]},&quot;_transform_translateX_effect_tablet&quot;:{&quot;unit&quot;:&quot;px&quot;,&quot;size&quot;:&quot;&quot;,&quot;sizes&quot;:[]},&quot;_transform_translateX_effect_mobile&quot;:{&quot;unit&quot;:&quot;px&quot;,&quot;size&quot;:&quot;&quot;,&quot;sizes&quot;:[]},&quot;_transform_translateY_effect&quot;:{&quot;unit&quot;:&quot;px&quot;,&quot;size&quot;:&quot;&quot;,&quot;sizes&quot;:[]},&quot;_transform_translateY_effect_tablet&quot;:{&quot;unit&quot;:&quot;px&quot;,&quot;size&quot;:&quot;&quot;,&quot;sizes&quot;:[]},&quot;_transform_translateY_effect_mobile&quot;:{&quot;unit&quot;:&quot;px&quot;,&quot;size&quot;:&quot;&quot;,&quot;sizes&quot;:[]}}\">\n\t\t\t\t\t<div class=\"e-con-inner\">\n\t\t<div class=\"elementor-element elementor-element-75dc1008 e-con-full elementor-hidden-desktop e-flex e-con e-child\" data-id=\"75dc1008\" data-element_type=\"container\" data-e-type=\"container\">\n\t\t\t\t<div class=\"elementor-element elementor-element-14694bc4 elementor-widget__width-initial e-grid-align-left elementor-hidden-desktop elementor-shape-rounded elementor-grid-0 elementor-widget elementor-widget-social-icons\" data-id=\"14694bc4\" data-element_type=\"widget\" data-e-type=\"widget\" data-widget_type=\"social-icons.default\">\n\t\t\t\t<div class=\"elementor-widget-container\">\n\t\t\t\t\t\t\t<div class=\"elementor-social-icons-wrapper elementor-grid\" role=\"list\">\n\t\t\t\t\t\t\t<span class=\"elementor-grid-item\" role=\"listitem\">\n\t\t\t\t\t<a class=\"elementor-icon elementor-social-icon elementor-social-icon-facebook elementor-animation-grow elementor-repeater-item-98faf48\" href=\"https:\/\/www.facebook.com\/ktvworkingdrone\" target=\"_blank\">\n\t\t\t\t\t\t<span class=\"elementor-screen-only\">Facebook<\/span>\n\t\t\t\t\t\t<svg aria-hidden=\"true\" class=\"e-font-icon-svg e-fab-facebook\" viewBox=\"0 0 512 512\" xmlns=\"http:\/\/www.w3.org\/2000\/svg\"><path d=\"M504 256C504 119 393 8 256 8S8 119 8 256c0 123.78 90.69 226.38 209.25 245V327.69h-63V256h63v-54.64c0-62.15 37-96.48 93.67-96.48 27.14 0 55.52 4.84 55.52 4.84v61h-31.28c-30.8 0-40.41 19.12-40.41 38.73V256h68.78l-11 71.69h-57.78V501C413.31 482.38 504 379.78 504 256z\"><\/path><\/svg>\t\t\t\t\t<\/a>\n\t\t\t\t<\/span>\n\t\t\t\t\t\t\t<span class=\"elementor-grid-item\" role=\"listitem\">\n\t\t\t\t\t<a class=\"elementor-icon elementor-social-icon elementor-social-icon-instagram elementor-animation-grow elementor-repeater-item-0720f6a\" href=\"https:\/\/www.instagram.com\/ktvworkingdrone\" target=\"_blank\">\n\t\t\t\t\t\t<span class=\"elementor-screen-only\">Instagram<\/span>\n\t\t\t\t\t\t<svg aria-hidden=\"true\" class=\"e-font-icon-svg e-fab-instagram\" viewBox=\"0 0 448 512\" xmlns=\"http:\/\/www.w3.org\/2000\/svg\"><path d=\"M224.1 141c-63.6 0-114.9 51.3-114.9 114.9s51.3 114.9 114.9 114.9S339 319.5 339 255.9 287.7 141 224.1 141zm0 189.6c-41.1 0-74.7-33.5-74.7-74.7s33.5-74.7 74.7-74.7 74.7 33.5 74.7 74.7-33.6 74.7-74.7 74.7zm146.4-194.3c0 14.9-12 26.8-26.8 26.8-14.9 0-26.8-12-26.8-26.8s12-26.8 26.8-26.8 26.8 12 26.8 26.8zm76.1 27.2c-1.7-35.9-9.9-67.7-36.2-93.9-26.2-26.2-58-34.4-93.9-36.2-37-2.1-147.9-2.1-184.9 0-35.8 1.7-67.6 9.9-93.9 36.1s-34.4 58-36.2 93.9c-2.1 37-2.1 147.9 0 184.9 1.7 35.9 9.9 67.7 36.2 93.9s58 34.4 93.9 36.2c37 2.1 147.9 2.1 184.9 0 35.9-1.7 67.7-9.9 93.9-36.2 26.2-26.2 34.4-58 36.2-93.9 2.1-37 2.1-147.8 0-184.8zM398.8 388c-7.8 19.6-22.9 34.7-42.6 42.6-29.5 11.7-99.5 9-132.1 9s-102.7 2.6-132.1-9c-19.6-7.8-34.7-22.9-42.6-42.6-11.7-29.5-9-99.5-9-132.1s-2.6-102.7 9-132.1c7.8-19.6 22.9-34.7 42.6-42.6 29.5-11.7 99.5-9 132.1-9s102.7-2.6 132.1 9c19.6 7.8 34.7 22.9 42.6 42.6 11.7 29.5 9 99.5 9 132.1s2.7 102.7-9 132.1z\"><\/path><\/svg>\t\t\t\t\t<\/a>\n\t\t\t\t<\/span>\n\t\t\t\t\t\t\t<span class=\"elementor-grid-item\" role=\"listitem\">\n\t\t\t\t\t<a class=\"elementor-icon elementor-social-icon elementor-social-icon-youtube elementor-animation-grow elementor-repeater-item-75c8d7d\" href=\"https:\/\/www.youtube.com\/@ktvworkingdrone\" target=\"_blank\">\n\t\t\t\t\t\t<span class=\"elementor-screen-only\">Youtube<\/span>\n\t\t\t\t\t\t<svg aria-hidden=\"true\" class=\"e-font-icon-svg e-fab-youtube\" viewBox=\"0 0 576 512\" xmlns=\"http:\/\/www.w3.org\/2000\/svg\"><path d=\"M549.655 124.083c-6.281-23.65-24.787-42.276-48.284-48.597C458.781 64 288 64 288 64S117.22 64 74.629 75.486c-23.497 6.322-42.003 24.947-48.284 48.597-11.412 42.867-11.412 132.305-11.412 132.305s0 89.438 11.412 132.305c6.281 23.65 24.787 41.5 48.284 47.821C117.22 448 288 448 288 448s170.78 0 213.371-11.486c23.497-6.321 42.003-24.171 48.284-47.821 11.412-42.867 11.412-132.305 11.412-132.305s0-89.438-11.412-132.305zm-317.51 213.508V175.185l142.739 81.205-142.739 81.201z\"><\/path><\/svg>\t\t\t\t\t<\/a>\n\t\t\t\t<\/span>\n\t\t\t\t\t\t\t<span class=\"elementor-grid-item\" role=\"listitem\">\n\t\t\t\t\t<a class=\"elementor-icon elementor-social-icon elementor-social-icon-tiktok elementor-animation-grow elementor-repeater-item-6cc85db\" href=\"https:\/\/www.tiktok.com\/@ktvworkingdrone\" target=\"_blank\">\n\t\t\t\t\t\t<span class=\"elementor-screen-only\">Tiktok<\/span>\n\t\t\t\t\t\t<svg aria-hidden=\"true\" class=\"e-font-icon-svg e-fab-tiktok\" viewBox=\"0 0 448 512\" xmlns=\"http:\/\/www.w3.org\/2000\/svg\"><path d=\"M448,209.91a210.06,210.06,0,0,1-122.77-39.25V349.38A162.55,162.55,0,1,1,185,188.31V278.2a74.62,74.62,0,1,0,52.23,71.18V0l88,0a121.18,121.18,0,0,0,1.86,22.17h0A122.18,122.18,0,0,0,381,102.39a121.43,121.43,0,0,0,67,20.14Z\"><\/path><\/svg>\t\t\t\t\t<\/a>\n\t\t\t\t<\/span>\n\t\t\t\t\t<\/div>\n\t\t\t\t\t\t<\/div>\n\t\t\t\t<\/div>\n\t\t\t\t<\/div>\n\t\t<div class=\"elementor-element elementor-element-693cf6ad e-con-full e-flex e-con e-child\" data-id=\"693cf6ad\" data-element_type=\"container\" data-e-type=\"container\">\n\t\t\t\t<div class=\"elementor-element elementor-element-1726904e elementor-hidden-desktop elementor-widget elementor-widget-button\" data-id=\"1726904e\" data-element_type=\"widget\" data-e-type=\"widget\" data-widget_type=\"button.default\">\n\t\t\t\t<div class=\"elementor-widget-container\">\n\t\t\t\t\t\t\t\t\t<div class=\"elementor-button-wrapper\">\n\t\t\t\t\t<a class=\"elementor-button elementor-button-link elementor-size-sm\" href=\"https:\/\/ktvwd.com\/kw\/index.php\/whistleblower\/\">\n\t\t\t\t\t\t<span class=\"elementor-button-content-wrapper\">\n\t\t\t\t\t\t<span class=\"elementor-button-icon\">\n\t\t\t\t<svg aria-hidden=\"true\" class=\"e-font-icon-svg e-far-arrow-alt-circle-right\" viewBox=\"0 0 512 512\" xmlns=\"http:\/\/www.w3.org\/2000\/svg\"><path d=\"M504 256C504 119 393 8 256 8S8 119 8 256s111 248 248 248 248-111 248-248zm-448 0c0-110.5 89.5-200 200-200s200 89.5 200 200-89.5 200-200 200S56 366.5 56 256zm72 20v-40c0-6.6 5.4-12 12-12h116v-67c0-10.7 12.9-16 20.5-8.5l99 99c4.7 4.7 4.7 12.3 0 17l-99 99c-7.6 7.6-20.5 2.2-20.5-8.5v-67H140c-6.6 0-12-5.4-12-12z\"><\/path><\/svg>\t\t\t<\/span>\n\t\t\t\t\t\t\t\t\t<span class=\"elementor-button-text\">Whistleblower<\/span>\n\t\t\t\t\t<\/span>\n\t\t\t\t\t<\/a>\n\t\t\t\t<\/div>\n\t\t\t\t\t\t\t\t<\/div>\n\t\t\t\t<\/div>\n\t\t\t\t<div class=\"elementor-element elementor-element-150b20b8 elementor-widget elementor-widget-button\" data-id=\"150b20b8\" data-element_type=\"widget\" data-e-type=\"widget\" data-widget_type=\"button.default\">\n\t\t\t\t<div class=\"elementor-widget-container\">\n\t\t\t\t\t\t\t\t\t<div class=\"elementor-button-wrapper\">\n\t\t\t\t\t<a class=\"elementor-button elementor-button-link elementor-size-sm\" href=\"\/kw\/franchise\/\">\n\t\t\t\t\t\t<span class=\"elementor-button-content-wrapper\">\n\t\t\t\t\t\t<span class=\"elementor-button-icon\">\n\t\t\t\t<svg aria-hidden=\"true\" class=\"e-font-icon-svg e-far-arrow-alt-circle-right\" viewBox=\"0 0 512 512\" xmlns=\"http:\/\/www.w3.org\/2000\/svg\"><path d=\"M504 256C504 119 393 8 256 8S8 119 8 256s111 248 248 248 248-111 248-248zm-448 0c0-110.5 89.5-200 200-200s200 89.5 200 200-89.5 200-200 200S56 366.5 56 256zm72 20v-40c0-6.6 5.4-12 12-12h116v-67c0-10.7 12.9-16 20.5-8.5l99 99c4.7 4.7 4.7 12.3 0 17l-99 99c-7.6 7.6-20.5 2.2-20.5-8.5v-67H140c-6.6 0-12-5.4-12-12z\"><\/path><\/svg>\t\t\t<\/span>\n\t\t\t\t\t\t\t\t\t<span class=\"elementor-button-text\">Become a franchise partner<\/span>\n\t\t\t\t\t<\/span>\n\t\t\t\t\t<\/a>\n\t\t\t\t<\/div>\n\t\t\t\t\t\t\t\t<\/div>\n\t\t\t\t<\/div>\n\t\t\t\t<\/div>\n\t\t\t\t\t<\/div>\n\t\t\t\t<\/div>\n\t\t<div class=\"elementor-element elementor-element-bdf7123 e-flex e-con-boxed e-con e-parent\" data-id=\"bdf7123\" data-element_type=\"container\" data-e-type=\"container\" data-settings=\"{&quot;background_background&quot;:&quot;classic&quot;}\">\n\t\t\t\t\t<div class=\"e-con-inner\">\n\t\t<div class=\"elementor-element elementor-element-ee4631f e-con-full e-flex e-con e-child\" data-id=\"ee4631f\" data-element_type=\"container\" data-e-type=\"container\" data-settings=\"{&quot;background_background&quot;:&quot;classic&quot;}\">\n\t\t\t\t<div class=\"elementor-element elementor-element-134758d elementor-widget elementor-widget-heading\" data-id=\"134758d\" data-element_type=\"widget\" data-e-type=\"widget\" data-widget_type=\"heading.default\">\n\t\t\t\t<div class=\"elementor-widget-container\">\n\t\t\t\t\t<h2 class=\"elementor-heading-title elementor-size-default\">Ubicaciones actuales de KTV Working Drone\n<\/h2>\t\t\t\t<\/div>\n\t\t\t\t<\/div>\n\t\t\t\t<div class=\"elementor-element elementor-element-d6a33ff elementor-widget elementor-widget-heading\" data-id=\"d6a33ff\" data-element_type=\"widget\" data-e-type=\"widget\" data-widget_type=\"heading.default\">\n\t\t\t\t<div class=\"elementor-widget-container\">\n\t\t\t\t\t<h2 class=\"elementor-heading-title elementor-size-default\"><a href=\"#locationlisting\">Consulte el listado manual de pa\u00edses a continuaci\u00f3n.<\/a><\/h2>\t\t\t\t<\/div>\n\t\t\t\t<\/div>\n\t\t\t\t<\/div>\n\t\t\t\t\t<\/div>\n\t\t\t\t<\/div>\n\t\t<div class=\"elementor-element elementor-element-e9692cf e-con-full e-flex e-con e-parent\" data-id=\"e9692cf\" data-element_type=\"container\" data-e-type=\"container\">\n\t\t\t\t<div class=\"elementor-element elementor-element-4df16c5 elementor-widget elementor-widget-html\" data-id=\"4df16c5\" data-element_type=\"widget\" data-e-type=\"widget\" data-widget_type=\"html.default\">\n\t\t\t\t<div class=\"elementor-widget-container\">\n\t\t\t\t\t<iframe src=\"https:\/\/my.atlist.com\/map\/a936216d-e49b-407a-b8bb-672cec502a60?share=true\" allow=\"geolocation 'self' https:\/\/my.atlist.com\" width=\"100%\" height=\"1000px\" loading=\"lazy\" frameborder=\"0\" scrolling=\"no\" allowfullscreen=\"\" id=\"atlist-embed\"><\/iframe>\n\n\t\t\t\t<\/div>\n\t\t\t\t<\/div>\n\t\t\t\t<\/div>\n\t\t<div class=\"elementor-element elementor-element-9f4d1f1 e-flex e-con-boxed e-con e-parent\" data-id=\"9f4d1f1\" data-element_type=\"container\" data-e-type=\"container\" id=\"locationlisting\" data-settings=\"{&quot;background_background&quot;:&quot;classic&quot;}\">\n\t\t\t\t\t<div class=\"e-con-inner\">\n\t\t<div class=\"elementor-element elementor-element-1b3234c e-con-full e-flex e-con e-child\" data-id=\"1b3234c\" data-element_type=\"container\" data-e-type=\"container\">\n\t\t\t\t<div class=\"elementor-element elementor-element-102bcb2 elementor-widget elementor-widget-heading\" data-id=\"102bcb2\" data-element_type=\"widget\" data-e-type=\"widget\" data-widget_type=\"heading.default\">\n\t\t\t\t<div class=\"elementor-widget-container\">\n\t\t\t\t\t<h2 class=\"elementor-heading-title elementor-size-default\">Ubicaciones actuales de KTV Working Drone<\/h2>\t\t\t\t<\/div>\n\t\t\t\t<\/div>\n\t\t\t\t<div class=\"elementor-element elementor-element-db6601a elementor-widget elementor-widget-text-editor\" data-id=\"db6601a\" data-element_type=\"widget\" data-e-type=\"widget\" data-widget_type=\"text-editor.default\">\n\t\t\t\t<div class=\"elementor-widget-container\">\n\t\t\t\t\t\t\t\t\t<p><strong>KTV Working Drone cuenta con sucursales en numerosos pa\u00edses alrededor del mundo, y cada mes se suman nuevos. Todas comparten la misma filosof\u00eda, pol\u00edticas de seguridad y estrictos controles y procedimientos, cumpliendo con los est\u00e1ndares internacionales de calidad ISO 9001, ISO 14001 e ISO 45001.<\/strong><\/p>\n<p>Mantenemos una filosof\u00eda constante de seguridad y cumplimos con los m\u00e1s altos est\u00e1ndares internacionales de calidad. Nuestras sucursales en todo el mundo aplican los mismos controles y procedimientos estrictos, con un compromiso inquebrantable con la seguridad y la calidad en todas nuestras operaciones. <\/p>\n\t\t\t\t\t\t\t\t<\/div>\n\t\t\t\t<\/div>\n\t\t\t\t<div class=\"elementor-element elementor-element-d274703 elementor-widget-divider--view-line elementor-widget elementor-widget-divider\" data-id=\"d274703\" data-element_type=\"widget\" data-e-type=\"widget\" data-widget_type=\"divider.default\">\n\t\t\t\t<div class=\"elementor-widget-container\">\n\t\t\t\t\t\t\t<div class=\"elementor-divider\">\n\t\t\t<span class=\"elementor-divider-separator\">\n\t\t\t\t\t\t<\/span>\n\t\t<\/div>\n\t\t\t\t\t\t<\/div>\n\t\t\t\t<\/div>\n\t\t\t\t<div class=\"elementor-element elementor-element-0c1f140 elementor-widget elementor-widget-text-editor\" data-id=\"0c1f140\" data-element_type=\"widget\" data-e-type=\"widget\" data-widget_type=\"text-editor.default\">\n\t\t\t\t<div class=\"elementor-widget-container\">\n\t\t\t\t\t\t\t\t\t<p><span style=\"color: #003366;\"><strong><a style=\"color: #003366;\" href=\"http:\/\/www.ktvworkingdrone.com\">Sede<\/a><\/strong><\/span><\/p>\n<p><span style=\"color: #003366;\"><strong><a style=\"color: #003366;\" href=\"https:\/\/ktvworkingdrone.com\/ar\/\">Argentina<\/a><\/strong><\/span><\/p>\n<p><span style=\"color: #003366;\"><strong><a style=\"color: #003366;\" href=\"http:\/\/www.ktvworkingdrone.com\/au\">Australia<\/a><\/strong><\/span><\/p>\n<p><span style=\"color: #003366;\"><strong><a style=\"color: #003366;\" href=\"http:\/\/www.ktvworkingdrone.com\/at\">Austria<\/a><\/strong><\/span><\/p>\n<p><span style=\"color: #003366;\"><strong><a style=\"color: #003366;\" href=\"http:\/\/ktvworkingdrone.com\/be\">Belgium<\/a><\/strong><\/span><\/p>\n<p><span style=\"color: #003366;\"><strong><a style=\"color: #003366;\" href=\"https:\/\/ktvworkingdrone.com\/bo\/\">Bolivia<\/a><\/strong><\/span><\/p>\n<p><span style=\"color: #003366;\"><strong><a style=\"color: #003366;\" href=\"http:\/\/ktvworkingdrone.com\/br\">Brazil<\/a><\/strong><\/span><\/p>\n<p><span style=\"color: #003366;\"><strong><a style=\"color: #003366;\" href=\"http:\/\/ktvworkingdrone.com\/ca\">Canada<\/a><\/strong><\/span><\/p>\n<p><span style=\"color: #003366;\"><strong><a style=\"color: #003366;\" href=\"http:\/\/www.ktvworkingdrone.com\/ky\">Cayman Islands<\/a><\/strong><\/span><\/p>\n<p><span style=\"color: #003366;\"><strong><a style=\"color: #003366;\" href=\"http:\/\/ktvworkingdrone.com\/cl\">Chile<\/a><\/strong><\/span><\/p>\n<p><span style=\"color: #003366;\"><strong><a style=\"color: #003366;\" href=\"http:\/\/www.ktvworkingdrone.com\/cn\">China<\/a><\/strong><\/span><\/p>\n<p><span style=\"color: #003366;\"><strong><a style=\"color: #003366;\" href=\"https:\/\/ktvworkingdrone.com\/co\/\">Colombia<\/a><\/strong><\/span><\/p>\n<p><span style=\"color: #003366;\"><strong><a style=\"color: #003366;\" href=\"https:\/\/ktvworkingdrone.com\/cr\/es\/\">Costa Rica<\/a><\/strong><\/span><\/p>\n<p><span style=\"color: #003366;\"><strong><a style=\"color: #003366;\" href=\"http:\/\/ktvworkingdrone.com\/hr\">Croatia<\/a><\/strong><\/span><\/p>\n<p><span style=\"color: #003366;\"><strong><a style=\"color: #003366;\" href=\"http:\/\/www.ktvworkingdrone.com\/cy\">Cyprus<\/a><\/strong><\/span><\/p>\n<p><span style=\"color: #003366;\"><strong><a style=\"color: #003366;\" href=\"http:\/\/www.ktvworkingdrone.com\/cz\">Czech Republic<\/a><\/strong><\/span><\/p>\n<p><span style=\"color: #003366;\"><strong><a style=\"color: #003366;\" href=\"https:\/\/ktvworkingdrone.com\/do\">Dominican Republic<\/a><\/strong><\/span><\/p>\n<p><span style=\"color: #003366;\"><strong><a style=\"color: #003366;\" href=\"https:\/\/ktvworkingdrone.com\/sv\/\">El Salvador<\/a><\/strong><\/span><\/p>\n<p><span style=\"color: #003366;\"><strong><a style=\"color: #003366;\" href=\"https:\/\/ktvworkingdrone.com\/ec\">Ecuador<\/a><\/strong><\/span><\/p>\n<p><span style=\"color: #003366;\"><strong><a style=\"color: #003366;\" href=\"https:\/\/ktvworkingdrone.com\/fj\">Fiji<\/a><\/strong><\/span><\/p>\n<p><span style=\"color: #003366;\"><strong><a style=\"color: #003366;\" href=\"http:\/\/ktvworkingdrone.com\/fi\">Finland<\/a><\/strong><\/span><\/p>\n<p><span style=\"color: #003366;\"><strong><a style=\"color: #003366;\" href=\"http:\/\/www.ktvworkingdrone.com\/fr\">France<\/a><\/strong><\/span><\/p>\n<p><span style=\"color: #003366;\"><strong><a style=\"color: #003366;\" href=\"http:\/\/www.ktvworkingdrone.com\/de\">Germany<\/a><\/strong><\/span><\/p>\n<p><span style=\"color: #003366;\"><strong><a style=\"color: #003366;\" href=\"http:\/\/www.ktvworkingdrone.com\/gr\">Greece<\/a><\/strong><\/span><\/p>\n<p><span style=\"color: #003366;\"><strong><a style=\"color: #003366;\" href=\"https:\/\/ktvworkingdrone.com\/gt\">Guatemala<\/a><\/strong><\/span><\/p>\n<p><span style=\"color: #003366;\"><strong><a style=\"color: #003366;\" href=\"http:\/\/www.ktvworkingdrone.com\/hu\">Hungary<\/a><\/strong><\/span><\/p>\n<p><span style=\"color: #003366;\"><strong><a style=\"color: #003366;\" href=\"https:\/\/ktvworkingdrone.com\/in\">India<\/a><\/strong><\/span><\/p>\n<p><span style=\"color: #003366;\"><strong><a style=\"color: #003366;\" href=\"http:\/\/www.ktvworkingdrone.com\/il\">Israel<\/a><\/strong><\/span><\/p>\n<p><span style=\"color: #003366;\"><strong><a style=\"color: #003366;\" href=\"http:\/\/ktvworkingdrone.com\/it\">Italy<\/a><\/strong><\/span><\/p>\n<p><span style=\"color: #003366;\"><strong><a style=\"color: #003366;\" href=\"https:\/\/ktvworkingdrone.com\/jp\">Japan<\/a><\/strong><\/span><\/p>\n<p><span style=\"color: #003366;\"><strong><a style=\"color: #003366;\" href=\"http:\/\/ktvworkingdrone.com\/kw\">Kuwait<\/a><\/strong><\/span><\/p>\n<p><span style=\"color: #003366;\"><strong><a style=\"color: #003366;\" href=\"https:\/\/ktvworkingdrone.com\/lb\">Lebanon<\/a><\/strong><\/span><\/p>\n<div>\n<p><span style=\"color: #003366;\"><strong><a style=\"color: #003366;\" href=\"http:\/\/ktvworkingdrone.com\/lu\">Luxembourg<\/a><\/strong><\/span><\/p>\n<p><span style=\"color: #003366;\"><strong><a style=\"color: #003366;\" href=\"http:\/\/www.ktvworkingdrone.com\/my\">Malaysia<\/a><\/strong><\/span><\/p>\n<p><span style=\"color: #003366;\"><strong><a style=\"color: #003366;\" href=\"https:\/\/ktvworkingdrone.com\/mu\/\" target=\"_blank\" rel=\"noopener\">Mauritius<\/a><\/strong><\/span><\/p>\n<p><span style=\"color: #003366;\"><strong><a style=\"color: #003366;\" href=\"https:\/\/ktvworkingdrone.com\/mx\">Mexico<\/a><\/strong><\/span><\/p>\n<p><span style=\"color: #003366;\"><strong><a style=\"color: #003366;\" href=\"http:\/\/ktvworkingdrone.com\/nl\">Netherlands<\/a><\/strong><\/span><\/p>\n<p><span style=\"color: #003366;\"><strong><a style=\"color: #003366;\" href=\"http:\/\/ktvworkingdrone.com\/nz\">New Zealand<\/a><\/strong><\/span><\/p>\n<p><span style=\"color: #003366;\"><strong><a style=\"color: #003366;\" href=\"http:\/\/www.ktvworkingdrone.com\/no\">Norway<\/a><\/strong><\/span><\/p>\n<p><span style=\"color: #003366;\"><strong><a style=\"color: #003366;\" href=\"https:\/\/ktvworkingdrone.com\/om\">Oman<\/a><\/strong><\/span><\/p>\n<p><span style=\"color: #003366;\"><strong><a style=\"color: #003366;\" href=\"http:\/\/www.ktvworkingdrone.com\/pa\">Panama<\/a><\/strong><\/span><\/p>\n<p><span style=\"color: #003366;\"><strong><a style=\"color: #003366;\" href=\"https:\/\/ktvworkingdrone.com\/py\">Paraguay<\/a><\/strong><\/span><\/p>\n<p><span style=\"color: #003366;\"><strong><a style=\"color: #003366;\" href=\"https:\/\/ktvworkingdrone.com\/pe\">Peru<\/a><\/strong><\/span><\/p>\n<p><span style=\"color: #003366;\"><strong><a style=\"color: #003366;\" href=\"http:\/\/www.ktvworkingdrone.com\/ph\">Philippines<\/a><\/strong><\/span><\/p>\n<p><span style=\"color: #003366;\"><strong><a style=\"color: #003366;\" href=\"http:\/\/www.ktvworkingdrone.com\/pt\">Portugal<\/a><\/strong><\/span><\/p>\n<p><span style=\"color: #003366;\"><strong><a style=\"color: #003366;\" href=\"https:\/\/ktvworkingdrone.com\/pr\">Puerto Rico<\/a><\/strong><\/span><\/p>\n<p><span style=\"color: #003366;\"><strong><a style=\"color: #003366;\" href=\"http:\/\/www.ktvworkingdrone.com\/qa\">Qatar<\/a><\/strong><\/span><\/p>\n<p><span style=\"color: #003366;\"><strong><a style=\"color: #003366;\" href=\"https:\/\/ktvworkingdrone.com\/ro\">Romania<\/a><\/strong><\/span><\/p>\n<p><span style=\"color: #003366;\"><strong><a style=\"color: #003366;\" href=\"http:\/\/www.ktvworkingdrone.com\/ksa\">Saudi-Arabia<\/a><\/strong><\/span><\/p>\n<p><span style=\"color: #003366;\"><strong><a style=\"color: #003366;\" href=\"http:\/\/ktvworkingdrone.com\/scot\">Scotland<\/a><\/strong><\/span><\/p>\n<p><span style=\"color: #003366;\"><strong><a style=\"color: #003366;\" href=\"https:\/\/ktvworkingdrone.com\/rs\/\" target=\"_blank\" rel=\"noopener\">Serbia<\/a><\/strong><\/span><\/p>\n<p><span style=\"color: #003366;\"><strong><a style=\"color: #003366;\" href=\"http:\/\/www.ktvworkingdrone.com\/sg\">Singapore<\/a><\/strong><\/span><\/p>\n<p><span style=\"color: #003366;\"><strong><a style=\"color: #003366;\" href=\"https:\/\/ktvworkingdrone.com\/sk\/\">Slovakia<\/a><\/strong><\/span><\/p>\n<p><span style=\"color: #003366;\"><strong><a style=\"color: #003366;\" href=\"http:\/\/www.ktvworkingdrone.com\/se\">Sweden<\/a><\/strong><\/span><\/p>\n<p><span style=\"color: #003366;\"><strong><a style=\"color: #003366;\" href=\"http:\/\/www.ktvworkingdrone.com\/ch\">Switzerland<\/a><\/strong><\/span><\/p>\n<p><span style=\"color: #003366;\"><strong><a style=\"color: #003366;\" href=\"http:\/\/www.ktvworkingdrone.com\/es\">Spain &#8211; incl Gibraltar<\/a><\/strong><\/span><\/p>\n<p><span style=\"color: #003366;\"><strong><a style=\"color: #003366;\" href=\"http:\/\/www.ktvworkingdrone.com\/za\">South Africa <\/a><\/strong><\/span><\/p>\n<p><span style=\"color: #003366;\"><strong><a style=\"color: #003366;\" href=\"http:\/\/www.ktvworkingdrone.com\/kr\">South Korea<\/a><\/strong><\/span><\/p>\n<p><span style=\"color: #003366;\"><strong><a style=\"color: #003366;\" href=\"http:\/\/www.ktvworkingdrone.com\/tw\">Taiwan<\/a><\/strong><\/span><\/p>\n<p><span style=\"color: #003366;\"><strong><a style=\"color: #003366;\" href=\"https:\/\/ktvworkingdrone.com\/th\">Thailand<\/a><\/strong><\/span><\/p>\n<p><span style=\"color: #003366;\"><strong><a style=\"color: #003366;\" href=\"http:\/\/ktvworkingdrone.com\/tr\">T\u00fcrkiye<\/a><\/strong><\/span><\/p>\n<p><span style=\"color: #003366;\"><strong><a style=\"color: #003366;\" href=\"http:\/\/ktvworkingdrone.com\/ae\">United Arab Emirates<\/a><\/strong><\/span><\/p>\n<p><span style=\"color: #003366;\"><strong><a style=\"color: #003366;\" href=\"http:\/\/www.ktvworkingdrone.com\/uk\">United Kingdom<\/a><\/strong><\/span><\/p>\n<p><span style=\"color: #003366;\"><strong><a style=\"color: #003366;\" href=\"http:\/\/www.ktvworkingdrone.com\/uy\">Uruguay<\/a><\/strong><\/span><\/p>\n<p><span style=\"color: #003366;\"><strong><a style=\"color: #003366;\" href=\"https:\/\/ktvworkingdrone.com\/ve\">Venezuela<\/a><\/strong><\/span><\/p>\n<p><span style=\"color: #003366;\"><strong><a style=\"color: #003366;\" href=\"http:\/\/ktvworkingdrone.com\/us\">USA<\/a><\/strong><\/span><\/p>\n<p><span style=\"color: #003366;\"><strong><a style=\"color: #003366;\" href=\"https:\/\/ktvworkingdrone.com\/zm\">Zambia<\/a><\/strong><\/span><\/p>\n<\/div>\n\t\t\t\t\t\t\t\t<\/div>\n\t\t\t\t<\/div>\n\t\t\t\t<\/div>\n\t\t\t\t\t<\/div>\n\t\t\t\t<\/div>\n\t\t\t\t<\/div>\n\t\t","protected":false},"excerpt":{"rendered":"<p>KTV Working Drone Opera en M\u00e1s de 60 Pa\u00edses. Encuentre Socios de Servicio Y Soluciones Cerca de Usted Para Proyectos de Limpieza, Inspecci\u00f3n y Mantenimiento. <\/p>\n","protected":false},"author":9,"featured_media":8700,"parent":0,"menu_order":0,"comment_status":"closed","ping_status":"closed","template":"","meta":{"_seopress_robots_primary_cat":"","_seopress_titles_title":"Global drone service locations | KTV Working Drone","_seopress_titles_desc":"KTV Working Drone operates in over 60 countries. Find service partners and solutions near you for cleaning, inspection and maintenance projects.","_seopress_robots_index":"","footnotes":""},"class_list":["post-9117","page","type-page","status-publish","has-post-thumbnail","hentry"],"_links":{"self":[{"href":"https:\/\/ktvworkingdrone.com\/gt\/wp-json\/wp\/v2\/pages\/9117","targetHints":{"allow":["GET"]}}],"collection":[{"href":"https:\/\/ktvworkingdrone.com\/gt\/wp-json\/wp\/v2\/pages"}],"about":[{"href":"https:\/\/ktvworkingdrone.com\/gt\/wp-json\/wp\/v2\/types\/page"}],"author":[{"embeddable":true,"href":"https:\/\/ktvworkingdrone.com\/gt\/wp-json\/wp\/v2\/users\/9"}],"replies":[{"embeddable":true,"href":"https:\/\/ktvworkingdrone.com\/gt\/wp-json\/wp\/v2\/comments?post=9117"}],"version-history":[{"count":9,"href":"https:\/\/ktvworkingdrone.com\/gt\/wp-json\/wp\/v2\/pages\/9117\/revisions"}],"predecessor-version":[{"id":9635,"href":"https:\/\/ktvworkingdrone.com\/gt\/wp-json\/wp\/v2\/pages\/9117\/revisions\/9635"}],"wp:featuredmedia":[{"embeddable":true,"href":"https:\/\/ktvworkingdrone.com\/gt\/wp-json\/wp\/v2\/media\/8700"}],"wp:attachment":[{"href":"https:\/\/ktvworkingdrone.com\/gt\/wp-json\/wp\/v2\/media?parent=9117"}],"curies":[{"name":"wp","href":"https:\/\/api.w.org\/{rel}","templated":true}]}}