{"id":44,"date":"2025-06-23T08:54:57","date_gmt":"2025-06-23T08:54:57","guid":{"rendered":"https:\/\/ktvwd.com\/au\/index.php\/energy\/"},"modified":"2025-08-29T03:21:53","modified_gmt":"2025-08-29T03:21:53","slug":"locations","status":"publish","type":"page","link":"https:\/\/ktvworkingdrone.com\/fi\/locations\/","title":{"rendered":"Locations"},"content":{"rendered":"\t\t<div data-elementor-type=\"wp-page\" data-elementor-id=\"44\" class=\"elementor elementor-44\" data-elementor-post-type=\"page\">\n\t\t\t\t<div class=\"elementor-element elementor-element-bdf7123 e-flex e-con-boxed e-con e-parent\" data-id=\"bdf7123\" data-element_type=\"container\" data-e-type=\"container\" data-settings=\"{&quot;background_background&quot;:&quot;classic&quot;}\">\n\t\t\t\t\t<div class=\"e-con-inner\">\n\t\t<div class=\"elementor-element elementor-element-ee4631f e-con-full e-flex e-con e-child\" data-id=\"ee4631f\" data-element_type=\"container\" data-e-type=\"container\" data-settings=\"{&quot;background_background&quot;:&quot;classic&quot;}\">\n\t\t\t\t<div class=\"elementor-element elementor-element-134758d elementor-widget elementor-widget-heading\" data-id=\"134758d\" data-element_type=\"widget\" data-e-type=\"widget\" data-widget_type=\"heading.default\">\n\t\t\t\t<div class=\"elementor-widget-container\">\n\t\t\t\t\t<h2 class=\"elementor-heading-title elementor-size-default\">KTV Working Drone \u2013 Nykyiset sijainnit\n<\/h2>\t\t\t\t<\/div>\n\t\t\t\t<\/div>\n\t\t\t\t<div class=\"elementor-element elementor-element-d6a33ff elementor-widget elementor-widget-heading\" data-id=\"d6a33ff\" data-element_type=\"widget\" data-e-type=\"widget\" data-widget_type=\"heading.default\">\n\t\t\t\t<div class=\"elementor-widget-container\">\n\t\t\t\t\t<h2 class=\"elementor-heading-title elementor-size-default\"><a href=\"#locationlisting\">Siirry alla olevaan manuaaliseen maaluetteloon<\/a><\/h2>\t\t\t\t<\/div>\n\t\t\t\t<\/div>\n\t\t\t\t<\/div>\n\t\t\t\t\t<\/div>\n\t\t\t\t<\/div>\n\t\t<div class=\"elementor-element elementor-element-e9692cf e-con-full e-flex e-con e-parent\" data-id=\"e9692cf\" data-element_type=\"container\" data-e-type=\"container\">\n\t\t\t\t<div class=\"elementor-element elementor-element-4df16c5 elementor-widget elementor-widget-html\" data-id=\"4df16c5\" data-element_type=\"widget\" data-e-type=\"widget\" data-widget_type=\"html.default\">\n\t\t\t\t<div class=\"elementor-widget-container\">\n\t\t\t\t\t<iframe src=\"https:\/\/my.atlist.com\/map\/a936216d-e49b-407a-b8bb-672cec502a60?share=true\" allow=\"geolocation 'self' https:\/\/my.atlist.com\" width=\"100%\" height=\"1000px\" loading=\"lazy\" frameborder=\"0\" scrolling=\"no\" allowfullscreen id=\"atlist-embed\"><\/iframe>\n\n\t\t\t\t<\/div>\n\t\t\t\t<\/div>\n\t\t\t\t<\/div>\n\t\t<div class=\"elementor-element elementor-element-9f4d1f1 e-flex e-con-boxed e-con e-parent\" data-id=\"9f4d1f1\" data-element_type=\"container\" data-e-type=\"container\" id=\"locationlisting\" data-settings=\"{&quot;background_background&quot;:&quot;classic&quot;}\">\n\t\t\t\t\t<div class=\"e-con-inner\">\n\t\t<div class=\"elementor-element elementor-element-1b3234c e-con-full e-flex e-con e-child\" data-id=\"1b3234c\" data-element_type=\"container\" data-e-type=\"container\">\n\t\t\t\t<div class=\"elementor-element elementor-element-102bcb2 elementor-widget elementor-widget-heading\" data-id=\"102bcb2\" data-element_type=\"widget\" data-e-type=\"widget\" data-widget_type=\"heading.default\">\n\t\t\t\t<div class=\"elementor-widget-container\">\n\t\t\t\t\t<h2 class=\"elementor-heading-title elementor-size-default\">KTV Working Drone \u2013 Nykyiset sijainnit<\/h2>\t\t\t\t<\/div>\n\t\t\t\t<\/div>\n\t\t\t\t<div class=\"elementor-element elementor-element-db6601a elementor-widget elementor-widget-text-editor\" data-id=\"db6601a\" data-element_type=\"widget\" data-e-type=\"widget\" data-widget_type=\"text-editor.default\">\n\t\t\t\t<div class=\"elementor-widget-container\">\n\t\t\t\t\t\t\t\t\t<p><strong>KTV Working Dronella on toimintaa useissa maissa ymp\u00e4ri maailmaa, ja uusia maita lis\u00e4t\u00e4\u00e4n kuukausittain. Kaikki toimipisteet noudattavat samaa filosofiaa, turvallisuuspolitiikkaa sek\u00e4 tiukkoja valvonta- ja toimintaprosesseja kansainv\u00e4listen laatuj\u00e4rjestelmien ISO 9001, ISO 14001 ja ISO 45001 mukaisesti.<\/strong><\/p><p><span data-sheets-root=\"1\">Me noudatamme johdonmukaista turvallisuusfilosofiaa ja kansainv\u00e4lisen huipputason laatuvaatimuksia. Maailmanlaajuiset toimipisteemme toteuttavat samat tiukat valvonta- ja toimintaprosessit, ja turvallisuus sek\u00e4 laatu ovat keskeisi\u00e4 arvoja kaikessa toiminnassamme.<\/span><\/p>\t\t\t\t\t\t\t\t<\/div>\n\t\t\t\t<\/div>\n\t\t\t\t<div class=\"elementor-element elementor-element-d274703 elementor-widget-divider--view-line elementor-widget elementor-widget-divider\" data-id=\"d274703\" data-element_type=\"widget\" data-e-type=\"widget\" data-widget_type=\"divider.default\">\n\t\t\t\t<div class=\"elementor-widget-container\">\n\t\t\t\t\t\t\t<div class=\"elementor-divider\">\n\t\t\t<span class=\"elementor-divider-separator\">\n\t\t\t\t\t\t<\/span>\n\t\t<\/div>\n\t\t\t\t\t\t<\/div>\n\t\t\t\t<\/div>\n\t\t\t\t<div class=\"elementor-element elementor-element-0c1f140 elementor-widget elementor-widget-text-editor\" data-id=\"0c1f140\" data-element_type=\"widget\" data-e-type=\"widget\" data-widget_type=\"text-editor.default\">\n\t\t\t\t<div class=\"elementor-widget-container\">\n\t\t\t\t\t\t\t\t\t<p><span style=\"color: #003366;\"><strong><a style=\"color: #003366;\" href=\"https:\/\/ktvworkingdrone.com\">Headquarter<\/a><\/strong><\/span><\/p><p><span style=\"color: #003366;\"><strong><a style=\"color: #003366;\" href=\"https:\/\/ktvworkingdrone.com\/ar\/\">Argentina<\/a><\/strong><\/span><\/p><p><span style=\"color: #003366;\"><strong><a style=\"color: #003366;\" href=\"https:\/\/ktvworkingdrone.com\/fi-staging\">Australia<\/a><\/strong><\/span><\/p><p><span style=\"color: #003366;\"><strong><a style=\"color: #003366;\" href=\"https:\/\/ktvworkingdrone.com\/at\">Austria<\/a><\/strong><\/span><\/p><p><span style=\"color: #003366;\"><strong><a style=\"color: #003366;\" href=\"https:\/\/ktvworkingdrone.com\/be\">Belgium<\/a><\/strong><\/span><\/p><p><span style=\"color: #003366;\"><strong><a style=\"color: #003366;\" href=\"https:\/\/ktvworkingdrone.com\/bo\/\">Bolivia<\/a><\/strong><\/span><\/p><p><span style=\"color: #003366;\"><strong><a style=\"color: #003366;\" href=\"https:\/\/ktvworkingdrone.com\/br\">Brazil<\/a><\/strong><\/span><\/p><p><span style=\"color: #003366;\"><strong><a style=\"color: #003366;\" href=\"https:\/\/ktvworkingdrone.com\/ca\">Canada<\/a><\/strong><\/span><\/p><p><span style=\"color: #003366;\"><strong><a style=\"color: #003366;\" href=\"https:\/\/ktvworkingdrone.com\/ky\">Cayman Islands<\/a><\/strong><\/span><\/p><p><span style=\"color: #003366;\"><strong><a style=\"color: #003366;\" href=\"https:\/\/ktvworkingdrone.com\/cl\">Chile<\/a><\/strong><\/span><\/p><p><span style=\"color: #003366;\"><strong><a style=\"color: #003366;\" href=\"https:\/\/ktvworkingdrone.com\/cn\">China<\/a><\/strong><\/span><\/p><p><span style=\"color: #003366;\"><strong><a style=\"color: #003366;\" href=\"https:\/\/ktvworkingdrone.com\/co\/\">Colombia<\/a><\/strong><\/span><\/p><p><span style=\"color: #003366;\"><strong><a style=\"color: #003366;\" href=\"https:\/\/ktvworkingdrone.com\/cr\">Costa Rica<\/a><\/strong><\/span><\/p><p><span style=\"color: #003366;\"><strong><a style=\"color: #003366;\" href=\"https:\/\/ktvworkingdrone.com\/hr\">Croatia<\/a><\/strong><\/span><\/p><p><span style=\"color: #003366;\"><strong><a style=\"color: #003366;\" href=\"https:\/\/ktvworkingdrone.com\/cy\">Cyprus<\/a><\/strong><\/span><\/p><p><span style=\"color: #003366;\"><strong><a style=\"color: #003366;\" href=\"https:\/\/ktvworkingdrone.com\/cz\">Czech Republic<\/a><\/strong><\/span><\/p><p><span style=\"color: #003366;\"><strong><a style=\"color: #003366;\" href=\"https:\/\/ktvworkingdrone.com\/do\">Dominican Republic<\/a><\/strong><\/span><\/p><p><span style=\"color: #003366;\"><strong><a style=\"color: #003366;\" href=\"https:\/\/ktvworkingdrone.com\/sv\/\">El Salvador<\/a><\/strong><\/span><\/p><p><span style=\"color: #003366;\"><strong><a style=\"color: #003366;\" href=\"https:\/\/ktvworkingdrone.com\/ec\">Ecuador<\/a><\/strong><\/span><\/p><p><span style=\"color: #003366;\"><strong><a style=\"color: #003366;\" href=\"https:\/\/ktvworkingdrone.com\/fj\">Fiji<\/a><\/strong><\/span><\/p><p><span style=\"color: #003366;\"><strong><a style=\"color: #003366;\" href=\"https:\/\/ktvworkingdrone.com\/fi\">Finland<\/a><\/strong><\/span><\/p><p><span style=\"color: #003366;\"><strong><a style=\"color: #003366;\" href=\"https:\/\/ktvworkingdrone.com\/fr\">France<\/a><\/strong><\/span><\/p><p><span style=\"color: #003366;\"><strong><a style=\"color: #003366;\" href=\"https:\/\/ktvworkingdrone.com\/de\">Germany<\/a><\/strong><\/span><\/p><p><span style=\"color: #003366;\"><strong><a style=\"color: #003366;\" href=\"https:\/\/ktvworkingdrone.com\/gr\">Greece<\/a><\/strong><\/span><\/p><p><span style=\"color: #003366;\"><strong><a style=\"color: #003366;\" href=\"https:\/\/ktvworkingdrone.com\/gt\">Guatemala<\/a><\/strong><\/span><\/p><p><span style=\"color: #003366;\"><strong><a style=\"color: #003366;\" href=\"https:\/\/ktvworkingdrone.com\/hu\">Hungary<\/a><\/strong><\/span><\/p><p><span style=\"color: #003366;\"><strong><a style=\"color: #003366;\" href=\"https:\/\/ktvworkingdrone.com\/in\">India<\/a><\/strong><\/span><\/p><p><span style=\"color: #003366;\"><strong><a style=\"color: #003366;\" href=\"https:\/\/ktvworkingdrone.com\/il\">Israel<\/a><\/strong><\/span><\/p><p><span style=\"color: #003366;\"><strong><a style=\"color: #003366;\" href=\"https:\/\/ktvworkingdrone.com\/it\">Italy<\/a><\/strong><\/span><\/p><p><span style=\"color: #003366;\"><strong><a style=\"color: #003366;\" href=\"https:\/\/ktvworkingdrone.com\/jp\">Japan<\/a><\/strong><\/span><\/p><p><span style=\"color: #003366;\"><strong><a style=\"color: #003366;\" href=\"https:\/\/ktvworkingdrone.com\/kw\">Kuwait<\/a><\/strong><\/span><\/p><p><span style=\"color: #003366;\"><strong><a style=\"color: #003366;\" href=\"https:\/\/ktvworkingdrone.com\/lb\">Lebanon<\/a><\/strong><\/span><\/p><div><p><span style=\"color: #003366;\"><strong><a style=\"color: #003366;\" href=\"https:\/\/ktvworkingdrone.com\/lu\">Luxembourg<\/a><\/strong><\/span><\/p><p><span style=\"color: #003366;\"><strong><a style=\"color: #003366;\" href=\"https:\/\/ktvworkingdrone.com\/my\">Malaysia<\/a><\/strong><\/span><\/p><p><span style=\"color: #003366;\"><strong><a style=\"color: #003366;\" href=\"https:\/\/ktvworkingdrone.com\/mu\/\" target=\"_blank\" rel=\"noopener\">Mauritius<\/a><\/strong><\/span><\/p><p><span style=\"color: #003366;\"><strong><a style=\"color: #003366;\" href=\"https:\/\/ktvworkingdrone.com\/mx\">Mexico<\/a><\/strong><\/span><\/p><p><span style=\"color: #003366;\"><strong><a style=\"color: #003366;\" href=\"https:\/\/ktvworkingdrone.com\/nl\">Netherlands<\/a><\/strong><\/span><\/p><p><span style=\"color: #003366;\"><strong><a style=\"color: #003366;\" href=\"https:\/\/ktvworkingdrone.com\/nz\">New Zealand<\/a><\/strong><\/span><\/p><p><span style=\"color: #003366;\"><strong><a style=\"color: #003366;\" href=\"https:\/\/ktvworkingdrone.com\/no\">Norway<\/a><\/strong><\/span><\/p><p><span style=\"color: #003366;\"><strong><a style=\"color: #003366;\" href=\"https:\/\/ktvworkingdrone.com\/om\">Oman<\/a><\/strong><\/span><\/p><p><span style=\"color: #003366;\"><strong><a style=\"color: #003366;\" href=\"https:\/\/ktvworkingdrone.com\/pa\">Panama<\/a><\/strong><\/span><\/p><p><span style=\"color: #003366;\"><strong><a style=\"color: #003366;\" href=\"https:\/\/ktvworkingdrone.com\/py\">Paraguay<\/a><\/strong><\/span><\/p><p><span style=\"color: #003366;\"><strong><a style=\"color: #003366;\" href=\"https:\/\/ktvworkingdrone.com\/pe\">Peru<\/a><\/strong><\/span><\/p><p><span style=\"color: #003366;\"><strong><a style=\"color: #003366;\" href=\"https:\/\/ktvworkingdrone.com\/ph\">Philippines<\/a><\/strong><\/span><\/p><p><span style=\"color: #003366;\"><strong><a style=\"color: #003366;\" href=\"https:\/\/ktvworkingdrone.com\/pt\">Portugal<\/a><\/strong><\/span><\/p><p><span style=\"color: #003366;\"><strong><a style=\"color: #003366;\" href=\"https:\/\/ktvworkingdrone.com\/pr\">Puerto Rico<\/a><\/strong><\/span><\/p><p><span style=\"color: #003366;\"><strong><a style=\"color: #003366;\" href=\"https:\/\/ktvworkingdrone.com\/qa\">Qatar<\/a><\/strong><\/span><\/p><p><span style=\"color: #003366;\"><strong><a style=\"color: #003366;\" href=\"https:\/\/ktvworkingdrone.com\/ro\">Romania<\/a><\/strong><\/span><\/p><p><span style=\"color: #003366;\"><strong><a style=\"color: #003366;\" href=\"https:\/\/ktvworkingdrone.com\/ksa\">Saudi-Arabia<\/a><\/strong><\/span><\/p><p><span style=\"color: #003366;\"><strong><a style=\"color: #003366;\" href=\"https:\/\/ktvworkingdrone.com\/scot\">Scotland<\/a><\/strong><\/span><\/p><p><span style=\"color: #003366;\"><strong><a style=\"color: #003366;\" href=\"https:\/\/ktvworkingdrone.com\/rs\/\" target=\"_blank\" rel=\"noopener\">Serbia<\/a><\/strong><\/span><\/p><p><span style=\"color: #003366;\"><strong><a style=\"color: #003366;\" href=\"https:\/\/ktvworkingdrone.com\/sg\">Singapore<\/a><\/strong><\/span><\/p><p><span style=\"color: #003366;\"><strong><a style=\"color: #003366;\" href=\"https:\/\/ktvworkingdrone.com\/sk\/\">Slovakia<\/a><\/strong><\/span><\/p><p><span style=\"color: #003366;\"><strong><a style=\"color: #003366;\" href=\"https:\/\/ktvworkingdrone.com\/se\">Sweden<\/a><\/strong><\/span><\/p><p><span style=\"color: #003366;\"><strong><a style=\"color: #003366;\" href=\"https:\/\/ktvworkingdrone.com\/ch\">Switzerland<\/a><\/strong><\/span><\/p><p><span style=\"color: #003366;\"><strong><a style=\"color: #003366;\" href=\"https:\/\/ktvworkingdrone.com\/es\">Spain &#8211; incl Gibraltar<\/a><\/strong><\/span><\/p><p><span style=\"color: #003366;\"><strong><a style=\"color: #003366;\" href=\"https:\/\/ktvworkingdrone.com\/za\">South Africa\u00a0<\/a><\/strong><\/span><\/p><p><span style=\"color: #003366;\"><strong><a style=\"color: #003366;\" href=\"https:\/\/ktvworkingdrone.com\/kr\">South Korea<\/a><\/strong><\/span><\/p><p><span style=\"color: #003366;\"><strong><a style=\"color: #003366;\" href=\"https:\/\/ktvworkingdrone.com\/tw\">Taiwan<\/a><\/strong><\/span><\/p><p><span style=\"color: #003366;\"><strong><a style=\"color: #003366;\" href=\"https:\/\/ktvworkingdrone.com\/th\">Thailand<\/a><\/strong><\/span><\/p><p><span style=\"color: #003366;\"><strong><a style=\"color: #003366;\" href=\"https:\/\/ktvworkingdrone.com\/tr\">T\u00fcrkiye<\/a><\/strong><\/span><\/p><p><span style=\"color: #003366;\"><strong><a style=\"color: #003366;\" href=\"https:\/\/ktvworkingdrone.com\/ae\">United Arab Emirates<\/a><\/strong><\/span><\/p><p><span style=\"color: #003366;\"><strong><a style=\"color: #003366;\" href=\"https:\/\/ktvworkingdrone.com\/uk\">United Kingdom<\/a><\/strong><\/span><\/p><p><span style=\"color: #003366;\"><strong><a style=\"color: #003366;\" href=\"https:\/\/ktvworkingdrone.com\/uy\">Uruguay<\/a><\/strong><\/span><\/p><p><span style=\"color: #003366;\"><strong><a style=\"color: #003366;\" href=\"https:\/\/ktvworkingdrone.com\/ve\">Venezuela<\/a><\/strong><\/span><\/p><p><span style=\"color: #003366;\"><strong><a style=\"color: #003366;\" href=\"https:\/\/ktvworkingdrone.com\/us\">USA<\/a><\/strong><\/span><\/p><p><span style=\"color: #003366;\"><strong><a style=\"color: #003366;\" href=\"https:\/\/ktvworkingdrone.com\/zm\">Zambia<\/a><\/strong><\/span><\/p><\/div>\t\t\t\t\t\t\t\t<\/div>\n\t\t\t\t<\/div>\n\t\t\t\t<\/div>\n\t\t\t\t\t<\/div>\n\t\t\t\t<\/div>\n\t\t\t\t<\/div>\n\t\t","protected":false},"excerpt":{"rendered":"<p>KTV Working Drone operates in over 60 countries. Find service partners and solutions near you for cleaning, inspection and maintenance projects.<\/p>\n","protected":false},"author":9,"featured_media":1316,"parent":0,"menu_order":0,"comment_status":"closed","ping_status":"closed","template":"","meta":{"_seopress_robots_primary_cat":"","_seopress_titles_title":"Global drone service locations | KTV Working Drone","_seopress_titles_desc":"KTV Working Drone operates in over 60 countries. Find service partners and solutions near you for cleaning, inspection and maintenance projects.","_seopress_robots_index":"","footnotes":""},"class_list":["post-44","page","type-page","status-publish","has-post-thumbnail","hentry"],"_links":{"self":[{"href":"https:\/\/ktvworkingdrone.com\/fi\/wp-json\/wp\/v2\/pages\/44","targetHints":{"allow":["GET"]}}],"collection":[{"href":"https:\/\/ktvworkingdrone.com\/fi\/wp-json\/wp\/v2\/pages"}],"about":[{"href":"https:\/\/ktvworkingdrone.com\/fi\/wp-json\/wp\/v2\/types\/page"}],"author":[{"embeddable":true,"href":"https:\/\/ktvworkingdrone.com\/fi\/wp-json\/wp\/v2\/users\/9"}],"replies":[{"embeddable":true,"href":"https:\/\/ktvworkingdrone.com\/fi\/wp-json\/wp\/v2\/comments?post=44"}],"version-history":[{"count":8,"href":"https:\/\/ktvworkingdrone.com\/fi\/wp-json\/wp\/v2\/pages\/44\/revisions"}],"predecessor-version":[{"id":8620,"href":"https:\/\/ktvworkingdrone.com\/fi\/wp-json\/wp\/v2\/pages\/44\/revisions\/8620"}],"wp:featuredmedia":[{"embeddable":true,"href":"https:\/\/ktvworkingdrone.com\/fi\/wp-json\/wp\/v2\/media\/1316"}],"wp:attachment":[{"href":"https:\/\/ktvworkingdrone.com\/fi\/wp-json\/wp\/v2\/media?parent=44"}],"curies":[{"name":"wp","href":"https:\/\/api.w.org\/{rel}","templated":true}]}}