{"id":119,"date":"2025-06-23T10:56:01","date_gmt":"2025-06-23T10:56:01","guid":{"rendered":"https:\/\/ktvwd.com\/au\/?page_id=119"},"modified":"2025-08-29T04:15:52","modified_gmt":"2025-08-29T04:15:52","slug":"about","status":"publish","type":"page","link":"https:\/\/ktvworkingdrone.com\/fi\/about\/","title":{"rendered":"About"},"content":{"rendered":"\t\t<div data-elementor-type=\"wp-page\" data-elementor-id=\"119\" class=\"elementor elementor-119\" data-elementor-post-type=\"page\">\n\t\t\t\t<div class=\"elementor-element elementor-element-3ccbcb40 e-flex e-con-boxed e-con e-parent\" data-id=\"3ccbcb40\" data-element_type=\"container\" data-e-type=\"container\" data-settings=\"{&quot;background_background&quot;:&quot;classic&quot;,&quot;background_motion_fx_motion_fx_scrolling&quot;:&quot;yes&quot;,&quot;background_motion_fx_translateY_effect&quot;:&quot;yes&quot;,&quot;background_motion_fx_translateY_direction&quot;:&quot;negative&quot;,&quot;background_motion_fx_translateY_speed&quot;:{&quot;unit&quot;:&quot;px&quot;,&quot;size&quot;:7.5,&quot;sizes&quot;:[]},&quot;background_motion_fx_translateY_affectedRange&quot;:{&quot;unit&quot;:&quot;%&quot;,&quot;size&quot;:&quot;&quot;,&quot;sizes&quot;:{&quot;start&quot;:0,&quot;end&quot;:100}},&quot;background_motion_fx_devices&quot;:[&quot;desktop&quot;,&quot;tablet&quot;,&quot;mobile&quot;]}\">\n\t\t\t\t\t<div class=\"e-con-inner\">\n\t\t<div class=\"elementor-element elementor-element-324d77be e-con-full e-flex e-con e-child\" data-id=\"324d77be\" data-element_type=\"container\" data-e-type=\"container\">\n\t\t\t\t<div class=\"elementor-element elementor-element-0e8aa88 elementor-widget elementor-widget-heading\" data-id=\"0e8aa88\" data-element_type=\"widget\" data-e-type=\"widget\" data-widget_type=\"heading.default\">\n\t\t\t\t<div class=\"elementor-widget-container\">\n\t\t\t\t\t<h1 class=\"elementor-heading-title elementor-size-default\">Meist\u00e4<\/h1>\t\t\t\t<\/div>\n\t\t\t\t<\/div>\n\t\t\t\t<div class=\"elementor-element elementor-element-6a3ee961 elementor-widget elementor-widget-heading\" data-id=\"6a3ee961\" data-element_type=\"widget\" data-e-type=\"widget\" data-widget_type=\"heading.default\">\n\t\t\t\t<div class=\"elementor-widget-container\">\n\t\t\t\t\t<h1 class=\"elementor-heading-title elementor-size-default\">KTV Working Drone -yrityksen ensisijainen tavoite on tehd\u00e4 my\u00f6nteinen vaikutus ja parantaa ihmisten p\u00e4ivitt\u00e4ist\u00e4 ty\u00f6skentelykokemusta.\n<\/h1>\t\t\t\t<\/div>\n\t\t\t\t<\/div>\n\t\t\t\t<div class=\"elementor-element elementor-element-62ccd76 elementor-widget__width-inherit elementor-widget elementor-widget-text-editor\" data-id=\"62ccd76\" data-element_type=\"widget\" data-e-type=\"widget\" data-widget_type=\"text-editor.default\">\n\t\t\t\t<div class=\"elementor-widget-container\">\n\t\t\t\t\t\t\t\t\t<p>Olemme sitoutuneet edist\u00e4m\u00e4\u00e4n turvallisuutta ja hyvinvointia niille, jotka ty\u00f6skentelev\u00e4t korkeissa paikoissa, kuten nostolavalaitteiden k\u00e4ytt\u00e4jille, telineasentajille ja julkisivukiipeilij\u00f6ille. N\u00e4m\u00e4 fyysisesti vaativat ty\u00f6t johtavat usein rasitusvammoihin ja aiheuttavat p\u00e4ivitt\u00e4in merkitt\u00e4vi\u00e4 riskej\u00e4. Meid\u00e4n teht\u00e4v\u00e4mme on tukea t\u00e4t\u00e4 ryhm\u00e4\u00e4 ja parantaa heid\u00e4n ty\u00f6olosuhteitaan innovatiivisten, dronipohjaisten ratkaisujen avulla.<\/p>\t\t\t\t\t\t\t\t<\/div>\n\t\t\t\t<\/div>\n\t\t\t\t<\/div>\n\t\t\t\t\t<\/div>\n\t\t\t\t<\/div>\n\t\t<div class=\"elementor-element elementor-element-713adac e-flex e-con-boxed e-con e-child\" data-id=\"713adac\" data-element_type=\"container\" data-e-type=\"container\" data-settings=\"{&quot;background_background&quot;:&quot;classic&quot;}\">\n\t\t\t\t\t<div class=\"e-con-inner\">\n\t\t<div class=\"elementor-element elementor-element-5306d65 e-con-full e-flex e-con e-child\" data-id=\"5306d65\" data-element_type=\"container\" data-e-type=\"container\" data-settings=\"{&quot;background_background&quot;:&quot;classic&quot;,&quot;background_motion_fx_motion_fx_scrolling&quot;:&quot;yes&quot;,&quot;background_motion_fx_translateY_effect&quot;:&quot;yes&quot;,&quot;background_motion_fx_translateY_speed&quot;:{&quot;unit&quot;:&quot;px&quot;,&quot;size&quot;:2,&quot;sizes&quot;:[]},&quot;background_motion_fx_translateY_affectedRange&quot;:{&quot;unit&quot;:&quot;%&quot;,&quot;size&quot;:&quot;&quot;,&quot;sizes&quot;:{&quot;start&quot;:0,&quot;end&quot;:100}},&quot;background_motion_fx_devices&quot;:[&quot;desktop&quot;,&quot;tablet&quot;,&quot;mobile&quot;]}\">\n\t\t\t\t<\/div>\n\t\t<div class=\"elementor-element elementor-element-a7f12c1 e-con-full e-flex e-con e-child\" data-id=\"a7f12c1\" data-element_type=\"container\" data-e-type=\"container\">\n\t\t\t\t<div class=\"elementor-element elementor-element-9300e28 elementor-widget__width-inherit elementor-widget elementor-widget-heading\" data-id=\"9300e28\" data-element_type=\"widget\" data-e-type=\"widget\" data-widget_type=\"heading.default\">\n\t\t\t\t<div class=\"elementor-widget-container\">\n\t\t\t\t\t<div class=\"elementor-heading-title elementor-size-default\">KTV Working Drone<\/div>\t\t\t\t<\/div>\n\t\t\t\t<\/div>\n\t\t\t\t<div class=\"elementor-element elementor-element-d367c3c elementor-widget elementor-widget-heading\" data-id=\"d367c3c\" data-element_type=\"widget\" data-e-type=\"widget\" data-widget_type=\"heading.default\">\n\t\t\t\t<div class=\"elementor-widget-container\">\n\t\t\t\t\t<h1 class=\"elementor-heading-title elementor-size-default\">Historiamme\n<\/h1>\t\t\t\t<\/div>\n\t\t\t\t<\/div>\n\t\t\t\t<div class=\"elementor-element elementor-element-f39802b elementor-widget elementor-widget-heading\" data-id=\"f39802b\" data-element_type=\"widget\" data-e-type=\"widget\" data-widget_type=\"heading.default\">\n\t\t\t\t<div class=\"elementor-widget-container\">\n\t\t\t\t\t<h2 class=\"elementor-heading-title elementor-size-default\">Tietoa perustajasta ja siivoustoiminnan kehityksest\u00e4<\/h2>\t\t\t\t<\/div>\n\t\t\t\t<\/div>\n\t\t\t\t<div class=\"elementor-element elementor-element-aa3ec1d elementor-widget elementor-widget-text-editor\" data-id=\"aa3ec1d\" data-element_type=\"widget\" data-e-type=\"widget\" data-widget_type=\"text-editor.default\">\n\t\t\t\t<div class=\"elementor-widget-container\">\n\t\t\t\t\t\t\t\t\t<h5>Kennet Nilsen perusti KTV:n vuonna 1992, ja siit\u00e4 l\u00e4htien yrityksest\u00e4 on tullut johtava julkisivujen ja ikkunoiden puhdistuspalveluiden tarjoaja yli kolmen vuosikymmenen kokemuksella.<\/h5><p>As the company expanded, it diversified its offerings to cater to offshore and land-based industries, with a focus on professional cleaning and surface treatment. This led to the development of KTV Working Drone, a cutting-edge drone-based solution designed to serve a wide range of industries.<\/p><p>In 2022, KTV Working Drone emerged as a pioneer in the fa\u00e7ade and window cleaning industry. The team has dedicated several years to creating advanced equipment, cutting-edge systems, and streamlined procedures, to serve customers across the globe with a safer and more unified approach. The company has taken great care to ensure that clients from different countries receive top-notch service, and they continue to strive for excellence in their operations.<\/p><p>Research and development are at the core of KTV Working Drone\u2019s operations. We are dedicated to advancing our technology and collaborating closely with our partners to achieve this goal. We recognize the crucial role that our partners play in our development, and we believe that sharing our experiences is essential for mutual growth. As we continue to expand our presence all over the world, we remain committed to leveraging our partners\u2019 expertise to enhance our capabilities.<\/p>\t\t\t\t\t\t\t\t<\/div>\n\t\t\t\t<\/div>\n\t\t\t\t<\/div>\n\t\t\t\t\t<\/div>\n\t\t\t\t<\/div>\n\t\t<div class=\"elementor-element elementor-element-35deff6a e-flex e-con-boxed e-con e-child\" data-id=\"35deff6a\" data-element_type=\"container\" data-e-type=\"container\" data-settings=\"{&quot;background_background&quot;:&quot;classic&quot;}\">\n\t\t\t\t\t<div class=\"e-con-inner\">\n\t\t<div class=\"elementor-element elementor-element-7af4db00 e-con-full e-flex e-con e-child\" data-id=\"7af4db00\" data-element_type=\"container\" data-e-type=\"container\">\n\t\t\t\t<div class=\"elementor-element elementor-element-769d2840 elementor-widget__width-inherit elementor-widget elementor-widget-heading\" data-id=\"769d2840\" data-element_type=\"widget\" data-e-type=\"widget\" data-widget_type=\"heading.default\">\n\t\t\t\t<div class=\"elementor-widget-container\">\n\t\t\t\t\t<div class=\"elementor-heading-title elementor-size-default\">Maailman ensimm\u00e4inen ty\u00f6drone<\/div>\t\t\t\t<\/div>\n\t\t\t\t<\/div>\n\t\t\t\t<div class=\"elementor-element elementor-element-60fdaf22 elementor-widget elementor-widget-heading\" data-id=\"60fdaf22\" data-element_type=\"widget\" data-e-type=\"widget\" data-widget_type=\"heading.default\">\n\t\t\t\t<div class=\"elementor-widget-container\">\n\t\t\t\t\t<h2 class=\"elementor-heading-title elementor-size-default\">Ty\u00f6drooneille asetetaan uusi standardi<\/h2>\t\t\t\t<\/div>\n\t\t\t\t<\/div>\n\t\t\t\t<div class=\"elementor-element elementor-element-2234112 elementor-widget elementor-widget-text-editor\" data-id=\"2234112\" data-element_type=\"widget\" data-e-type=\"widget\" data-widget_type=\"text-editor.default\">\n\t\t\t\t<div class=\"elementor-widget-container\">\n\t\t\t\t\t\t\t\t\t<p><span data-sheets-root=\"1\"><strong>KTV Working Drone on kasvanut KTV Groupista, jonka Kennet Nilsen perusti vuonna 1992. KTV Groupilla on yli 30 vuoden kokemus julkisivujen ja ikkunoiden puhdistuksesta, ja se on alansa todellinen asiantuntija.<\/strong><br \/><br \/>Ajatus KTV Working Drone -ratkaisusta syntyi vuonna 2015 tarpeesta l\u00f6yt\u00e4\u00e4 innovatiivinen ja tehokas tapa puhdistaa julkisivuja ja ikkunoita. Dr\u00f3niin tarvittiin useita muutoksia, jotta se toimisi kaupallisesti ja olisi t\u00e4ysin soveltuva puhdistusty\u00f6h\u00f6n. Kehitettiin r\u00e4\u00e4t\u00e4l\u00f6ity kiinnitysj\u00e4rjestelm\u00e4 ja erityisesti suunnitellut puhdistuslaitteet. Lis\u00e4ksi luotiin patentoitavana oleva turvaratkaisu, joka est\u00e4\u00e4 dr\u00f3nia putoamasta k\u00e4yt\u00f6n aikana.<br \/><br \/>Dr\u00f3ni on testattu laajasti ja otettu kaupalliseen k\u00e4ytt\u00f6\u00f6n Norjassa jo vuodesta 2020 l\u00e4htien julkisivujen ja ikkunoiden puhdistuksessa.<br \/><br \/>Vuonna 2022 KTV Working Drone oli valmis maailmanvalloitukseen ja kaupallistamisprosessi k\u00e4ynnistyi. T\u00e4n\u00e4\u00e4n KTV Working Drone toimii jo l\u00e4hes kaikkialla maailmassa, ja kumppaniverkosto kasvaa nopeasti.<br \/><br \/>Tulevaisuus tarjoaa lukuisia mahdollisuuksia kehitykselle. Uskomme, ett\u00e4 dr\u00f3nimme kykenev\u00e4t pian suorittamaan my\u00f6s pienimuotoisia korjauksia, erikoistarkastuksia ja jopa pintak\u00e4sittely\u00e4.<\/span><\/p>\t\t\t\t\t\t\t\t<\/div>\n\t\t\t\t<\/div>\n\t\t\t\t<\/div>\n\t\t\t\t<div class=\"elementor-element elementor-element-72f4a6b6 elementor-widget__width-inherit elementor-widget elementor-widget-image\" data-id=\"72f4a6b6\" data-element_type=\"widget\" data-e-type=\"widget\" data-widget_type=\"image.default\">\n\t\t\t\t<div class=\"elementor-widget-container\">\n\t\t\t\t\t\t\t\t\t\t\t\t\t\t\t<img fetchpriority=\"high\" decoding=\"async\" width=\"1080\" height=\"1080\" src=\"https:\/\/ktvworkingdrone.com\/fi\/wp-content\/uploads\/sites\/344\/2025\/07\/lovaasen_400_8_2.jpg\" class=\"attachment-full size-full wp-image-2586\" alt=\"Image of KTV Working Drone\" srcset=\"https:\/\/ktvworkingdrone.com\/fi\/wp-content\/uploads\/sites\/344\/2025\/07\/lovaasen_400_8_2.jpg 1080w, https:\/\/ktvworkingdrone.com\/fi\/wp-content\/uploads\/sites\/344\/2025\/07\/lovaasen_400_8_2-300x300.jpg 300w, https:\/\/ktvworkingdrone.com\/fi\/wp-content\/uploads\/sites\/344\/2025\/07\/lovaasen_400_8_2-1024x1024.jpg 1024w, https:\/\/ktvworkingdrone.com\/fi\/wp-content\/uploads\/sites\/344\/2025\/07\/lovaasen_400_8_2-150x150.jpg 150w, https:\/\/ktvworkingdrone.com\/fi\/wp-content\/uploads\/sites\/344\/2025\/07\/lovaasen_400_8_2-768x768.jpg 768w\" sizes=\"(max-width: 1080px) 100vw, 1080px\" \/>\t\t\t\t\t\t\t\t\t\t\t\t\t\t\t<\/div>\n\t\t\t\t<\/div>\n\t\t\t\t\t<\/div>\n\t\t\t\t<\/div>\n\t\t<div class=\"elementor-element elementor-element-2c50860 e-flex e-con-boxed e-con e-child\" data-id=\"2c50860\" data-element_type=\"container\" data-e-type=\"container\" data-settings=\"{&quot;background_background&quot;:&quot;classic&quot;}\">\n\t\t\t\t\t<div class=\"e-con-inner\">\n\t\t<div class=\"elementor-element elementor-element-a8142db e-con-full e-flex e-con e-child\" data-id=\"a8142db\" data-element_type=\"container\" data-e-type=\"container\">\n\t\t\t\t<div class=\"elementor-element elementor-element-d578baa elementor-widget elementor-widget-heading\" data-id=\"d578baa\" data-element_type=\"widget\" data-e-type=\"widget\" data-widget_type=\"heading.default\">\n\t\t\t\t<div class=\"elementor-widget-container\">\n\t\t\t\t\t<div class=\"elementor-heading-title elementor-size-default\">Monia etuja KTV Working Dronen k\u00e4yt\u00f6st\u00e4\n<\/div>\t\t\t\t<\/div>\n\t\t\t\t<\/div>\n\t\t\t\t<div class=\"elementor-element elementor-element-8ba04fe elementor-widget elementor-widget-heading\" data-id=\"8ba04fe\" data-element_type=\"widget\" data-e-type=\"widget\" data-widget_type=\"heading.default\">\n\t\t\t\t<div class=\"elementor-widget-container\">\n\t\t\t\t\t<h2 class=\"elementor-heading-title elementor-size-default\">Kest\u00e4v\u00e4 kehitys<\/h2>\t\t\t\t<\/div>\n\t\t\t\t<\/div>\n\t\t\t\t<div class=\"elementor-element elementor-element-3f37e6c elementor-widget elementor-widget-text-editor\" data-id=\"3f37e6c\" data-element_type=\"widget\" data-e-type=\"widget\" data-widget_type=\"text-editor.default\">\n\t\t\t\t<div class=\"elementor-widget-container\">\n\t\t\t\t\t\t\t\t\t<p><span data-sheets-root=\"1\"><strong>Teknologiamme on suunniteltu poistamaan henkil\u00f6st\u00f6 vaarallisista ty\u00f6ymp\u00e4rist\u00f6ist\u00e4, mik\u00e4 eliminoi tarpeen telineille ja henkil\u00f6nostimille. Useimmissa tapauksissa ty\u00f6n kokonaisaika lyhenee merkitt\u00e4v\u00e4sti.<\/strong><br \/><br \/>Olemme my\u00f6s kehitt\u00e4neet KTV PowerCleanerin, t\u00e4ysin akkuk\u00e4ytt\u00f6isen korkeapaineruiskun, joka on 100 % s\u00e4hk\u00f6inen. T\u00e4m\u00e4 kone on luokkansa ainutlaatuinen ja sis\u00e4lt\u00e4\u00e4 puhtaan veden j\u00e4rjestelm\u00e4n, joka minimoi kemikaalien k\u00e4yt\u00f6n ja v\u00e4hent\u00e4\u00e4 ymp\u00e4rist\u00f6vaikutuksia.<\/span><\/p>\t\t\t\t\t\t\t\t<\/div>\n\t\t\t\t<\/div>\n\t\t\t\t<\/div>\n\t\t<div class=\"elementor-element elementor-element-7eb44f9 e-con-full e-flex e-con e-child\" data-id=\"7eb44f9\" data-element_type=\"container\" data-e-type=\"container\">\n\t\t<div class=\"elementor-element elementor-element-5c62223 e-con-full e-flex e-con e-child\" data-id=\"5c62223\" data-element_type=\"container\" data-e-type=\"container\">\n\t\t\t\t<div class=\"elementor-element elementor-element-bae15b3 elementor-widget elementor-widget-text-editor\" data-id=\"bae15b3\" data-element_type=\"widget\" data-e-type=\"widget\" data-widget_type=\"text-editor.default\">\n\t\t\t\t<div class=\"elementor-widget-container\">\n\t\t\t\t\t\t\t\t\t<h3>Kest\u00e4v\u00e4t puhdistusmenetelm\u00e4t<\/h3><p><strong>Puhdistusmenetelm\u00e4mme kehitettiin jo vuonna 2015, ja niiden keski\u00f6ss\u00e4 on aina kest\u00e4vyys ja pintojen suojaaminen. Tavoitteemme on v\u00e4hent\u00e4\u00e4 vedenpainetta puhdistuksen aikana ja v\u00e4ltt\u00e4\u00e4 kaikenlainen mekaaninen kosketus pintoihin.<\/strong><\/p><p>KTV SelfCleaner ja KTV WindowCleaner -j\u00e4rjestelm\u00e4t on suunniteltu s\u00e4ilytt\u00e4m\u00e4\u00e4n julkisivut ja ikkunat ajan kuluessa, est\u00e4en pintojen vaurioitumisen samalla kun puhtaus s\u00e4ilyy.<\/p><p>Kiinteist\u00f6jen ja infrastruktuurin, \u00f6ljy- ja kaasualan, energia-alan sek\u00e4 julkisten rakennusten elinkaaret ovat usein yli 100 vuotta. T\u00e4m\u00e4n vuoksi yll\u00e4pitomenetelmien valinta on ratkaisevan t\u00e4rke\u00e4\u00e4 kest\u00e4v\u00e4n kehityksen kannalta.<\/p><p>Me ymm\u00e4rr\u00e4mme pitk\u00e4aikaisen yll\u00e4pidon merkityksen, ja ratkaisumme kuuluvat nyky\u00e4\u00e4n markkinoiden kest\u00e4vimpien menetelmien joukkoon.<\/p>\t\t\t\t\t\t\t\t<\/div>\n\t\t\t\t<\/div>\n\t\t\t\t<\/div>\n\t\t<div class=\"elementor-element elementor-element-dd3df47 e-con-full e-flex e-con e-child\" data-id=\"dd3df47\" data-element_type=\"container\" data-e-type=\"container\">\n\t\t\t\t<div class=\"elementor-element elementor-element-55e29c6 elementor-widget elementor-widget-text-editor\" data-id=\"55e29c6\" data-element_type=\"widget\" data-e-type=\"widget\" data-widget_type=\"text-editor.default\">\n\t\t\t\t<div class=\"elementor-widget-container\">\n\t\t\t\t\t\t\t\t\t<h3><strong>Digitaalinen vaatimustenmukaisuus ja dokumentointi<br \/><\/strong><\/h3><p>Bluetag CRM -j\u00e4rjestelm\u00e4mme on t\u00e4ysin yhteensopiva standardien ISO 14001, ISO 45001 ja ISO 9001 kanssa.<\/p><p>Kaikki ty\u00f6t ja projektit dokumentoidaan tarkistuslistojen, riskinarviointien, raporttien ja kuvien avulla.<\/p><p>T\u00e4m\u00e4 dokumentaatio on asiakkaiden k\u00e4ytett\u00e4viss\u00e4 verkossa heti projektin alusta alkaen, varmistaen l\u00e4pin\u00e4kyvyyden, j\u00e4ljitett\u00e4vyyden ja laadunvalvonnan jokaisessa vaiheessa.<\/p>\t\t\t\t\t\t\t\t<\/div>\n\t\t\t\t<\/div>\n\t\t\t\t<\/div>\n\t\t\t\t<\/div>\n\t\t\t\t\t<\/div>\n\t\t\t\t<\/div>\n\t\t<div class=\"elementor-element elementor-element-1b3d2a2 e-flex e-con-boxed e-con e-parent\" data-id=\"1b3d2a2\" data-element_type=\"container\" data-e-type=\"container\" data-settings=\"{&quot;background_background&quot;:&quot;classic&quot;}\">\n\t\t\t\t\t<div class=\"e-con-inner\">\n\t\t<div class=\"elementor-element elementor-element-9116d19 e-con-full e-flex e-con e-child\" data-id=\"9116d19\" data-element_type=\"container\" data-e-type=\"container\" data-settings=\"{&quot;background_background&quot;:&quot;classic&quot;,&quot;background_motion_fx_motion_fx_scrolling&quot;:&quot;yes&quot;,&quot;background_motion_fx_translateX_effect&quot;:&quot;yes&quot;,&quot;background_motion_fx_translateX_speed&quot;:{&quot;unit&quot;:&quot;px&quot;,&quot;size&quot;:2.5,&quot;sizes&quot;:[]},&quot;background_motion_fx_translateX_affectedRange&quot;:{&quot;unit&quot;:&quot;%&quot;,&quot;size&quot;:&quot;&quot;,&quot;sizes&quot;:{&quot;start&quot;:0,&quot;end&quot;:100}},&quot;background_motion_fx_devices&quot;:[&quot;desktop&quot;,&quot;tablet&quot;,&quot;mobile&quot;]}\">\n\t\t\t\t<div class=\"elementor-element elementor-element-837f121 elementor-widget elementor-widget-heading\" data-id=\"837f121\" data-element_type=\"widget\" data-e-type=\"widget\" data-widget_type=\"heading.default\">\n\t\t\t\t<div class=\"elementor-widget-container\">\n\t\t\t\t\t<h2 class=\"elementor-heading-title elementor-size-default\">Tuleva kehitys\n<\/h2>\t\t\t\t<\/div>\n\t\t\t\t<\/div>\n\t\t\t\t<div class=\"elementor-element elementor-element-3b58751 elementor-widget elementor-widget-heading\" data-id=\"3b58751\" data-element_type=\"widget\" data-e-type=\"widget\" data-widget_type=\"heading.default\">\n\t\t\t\t<div class=\"elementor-widget-container\">\n\t\t\t\t\t<h2 class=\"elementor-heading-title elementor-size-default\">Mit\u00e4 seuraavaksi<\/h2>\t\t\t\t<\/div>\n\t\t\t\t<\/div>\n\t\t\t\t<\/div>\n\t\t<div class=\"elementor-element elementor-element-fb151a5 e-con-full e-flex e-con e-child\" data-id=\"fb151a5\" data-element_type=\"container\" data-e-type=\"container\" data-settings=\"{&quot;background_background&quot;:&quot;classic&quot;}\">\n\t\t\t\t<div class=\"elementor-element elementor-element-c8bc14c elementor-widget elementor-widget-text-editor\" data-id=\"c8bc14c\" data-element_type=\"widget\" data-e-type=\"widget\" data-widget_type=\"text-editor.default\">\n\t\t\t\t<div class=\"elementor-widget-container\">\n\t\t\t\t\t\t\t\t\t<ul><li><strong>Ruiskumaalaus<\/strong><br \/>Jatkuvan kehityksen, laajennettujen testien ja uusien yhteisty\u00f6kumppanuuksien ansiosta maalivalmistajien kanssa olemme yh\u00e4 l\u00e4hemp\u00e4n\u00e4 lopullista testausvaihetta.<br \/><br \/><\/li><li><strong>Korkeammat korkeudet<\/strong><br \/>KTV Working Drone on ylpe\u00e4 voidessaan tarjota innovatiivista teknologiaa, joka mahdollistaa teht\u00e4vien turvallisen suorittamisen jopa 2000 jalan korkeudessa ja sen yl\u00e4puolella. Huippuluokan kattoturvaj\u00e4rjestelm\u00e4mme takaa turvallisuuden sek\u00e4 dr\u00f3nille ett\u00e4 maassa oleville. Uskomme, ett\u00e4 mahdollisuudet ovat rajattomat, ja olemme sitoutuneet laajentamaan dr\u00f3niemme k\u00e4ytt\u00f6mahdollisuuksia entisest\u00e4\u00e4n.<br \/><br \/><\/li><li><strong>Autonominen drone<\/strong><br \/>Tavoitteemme on, ett\u00e4 dr\u00f3ni pystyy suorittamaan teht\u00e4vi\u00e4 t\u00e4ysin itsen\u00e4isesti. Olemme jo saavuttaneet t\u00e4m\u00e4n yksinkertaisten julkisivujen kohdalla, joissa dr\u00f3ni toimii ilman pilottia. Seuraava tavoitteemme on ratkaista t\u00e4m\u00e4 my\u00f6s monimutkaisempien rakennusten ja rakenteiden osalta.<br \/><br \/><\/li><li><strong>Et\u00e4ohjaushuoneet<\/strong><br \/>Suunnitelmiimme kuuluu ohjaushuoneiden perustaminen dr\u00f3nipiloteille, jolloin he voivat k\u00e4ytt\u00e4\u00e4 dr\u00f3neja globaalisti internetin kautta. T\u00e4m\u00e4 kehitys mahdollistaa et\u00e4tuen tarjoamisen, erikoisteht\u00e4vien suorittamisen, turvallisemman toiminnan ja poikkeuksellisen palvelun tuottamisen mist\u00e4 p\u00e4in maailmaa tahansa.<\/li><\/ul>\t\t\t\t\t\t\t\t<\/div>\n\t\t\t\t<\/div>\n\t\t\t\t<div class=\"elementor-element elementor-element-87473ee elementor-widget elementor-widget-spacer\" data-id=\"87473ee\" data-element_type=\"widget\" data-e-type=\"widget\" data-widget_type=\"spacer.default\">\n\t\t\t\t<div class=\"elementor-widget-container\">\n\t\t\t\t\t\t\t<div class=\"elementor-spacer\">\n\t\t\t<div class=\"elementor-spacer-inner\"><\/div>\n\t\t<\/div>\n\t\t\t\t\t\t<\/div>\n\t\t\t\t<\/div>\n\t\t\t\t<\/div>\n\t\t\t\t\t<\/div>\n\t\t\t\t<\/div>\n\t\t\t\t<\/div>\n\t\t","protected":false},"excerpt":{"rendered":"<p>Learn about KTV Working Drone, the company behind innovative drone cleaning solutions for buildings, infrastructure and industrial projects.<\/p>\n","protected":false},"author":9,"featured_media":1316,"parent":0,"menu_order":0,"comment_status":"closed","ping_status":"closed","template":"","meta":{"_seopress_robots_primary_cat":"","_seopress_titles_title":"About us | KTV Working Drone","_seopress_titles_desc":"Learn about KTV Working Drone, the company behind innovative drone cleaning solutions for buildings, infrastructure and industrial projects.","_seopress_robots_index":"","footnotes":""},"class_list":["post-119","page","type-page","status-publish","has-post-thumbnail","hentry"],"_links":{"self":[{"href":"https:\/\/ktvworkingdrone.com\/fi\/wp-json\/wp\/v2\/pages\/119","targetHints":{"allow":["GET"]}}],"collection":[{"href":"https:\/\/ktvworkingdrone.com\/fi\/wp-json\/wp\/v2\/pages"}],"about":[{"href":"https:\/\/ktvworkingdrone.com\/fi\/wp-json\/wp\/v2\/types\/page"}],"author":[{"embeddable":true,"href":"https:\/\/ktvworkingdrone.com\/fi\/wp-json\/wp\/v2\/users\/9"}],"replies":[{"embeddable":true,"href":"https:\/\/ktvworkingdrone.com\/fi\/wp-json\/wp\/v2\/comments?post=119"}],"version-history":[{"count":22,"href":"https:\/\/ktvworkingdrone.com\/fi\/wp-json\/wp\/v2\/pages\/119\/revisions"}],"predecessor-version":[{"id":8716,"href":"https:\/\/ktvworkingdrone.com\/fi\/wp-json\/wp\/v2\/pages\/119\/revisions\/8716"}],"wp:featuredmedia":[{"embeddable":true,"href":"https:\/\/ktvworkingdrone.com\/fi\/wp-json\/wp\/v2\/media\/1316"}],"wp:attachment":[{"href":"https:\/\/ktvworkingdrone.com\/fi\/wp-json\/wp\/v2\/media?parent=119"}],"curies":[{"name":"wp","href":"https:\/\/api.w.org\/{rel}","templated":true}]}}