{"id":113,"date":"2025-06-23T10:56:16","date_gmt":"2025-06-23T10:56:16","guid":{"rendered":"https:\/\/ktvwd.com\/au\/?page_id=113"},"modified":"2025-08-29T03:23:12","modified_gmt":"2025-08-29T03:23:12","slug":"safety","status":"publish","type":"page","link":"https:\/\/ktvworkingdrone.com\/fi\/safety\/","title":{"rendered":"Safety"},"content":{"rendered":"\t\t<div data-elementor-type=\"wp-page\" data-elementor-id=\"113\" class=\"elementor elementor-113\" data-elementor-post-type=\"page\">\n\t\t\t\t<div class=\"elementor-element elementor-element-7cb154c e-flex e-con-boxed e-con e-parent\" data-id=\"7cb154c\" data-element_type=\"container\" data-e-type=\"container\" data-settings=\"{&quot;background_background&quot;:&quot;classic&quot;,&quot;background_motion_fx_motion_fx_scrolling&quot;:&quot;yes&quot;,&quot;background_motion_fx_translateY_effect&quot;:&quot;yes&quot;,&quot;background_motion_fx_translateY_direction&quot;:&quot;negative&quot;,&quot;background_motion_fx_translateY_speed&quot;:{&quot;unit&quot;:&quot;px&quot;,&quot;size&quot;:7.5,&quot;sizes&quot;:[]},&quot;background_motion_fx_translateY_affectedRange&quot;:{&quot;unit&quot;:&quot;%&quot;,&quot;size&quot;:&quot;&quot;,&quot;sizes&quot;:{&quot;start&quot;:0,&quot;end&quot;:100}},&quot;background_motion_fx_devices&quot;:[&quot;desktop&quot;,&quot;tablet&quot;,&quot;mobile&quot;]}\">\n\t\t\t\t\t<div class=\"e-con-inner\">\n\t\t<div class=\"elementor-element elementor-element-eb84d2c e-con-full e-flex e-con e-child\" data-id=\"eb84d2c\" data-element_type=\"container\" data-e-type=\"container\">\n\t\t\t\t<div class=\"elementor-element elementor-element-8aa4843 elementor-widget elementor-widget-heading\" data-id=\"8aa4843\" data-element_type=\"widget\" data-e-type=\"widget\" data-widget_type=\"heading.default\">\n\t\t\t\t<div class=\"elementor-widget-container\">\n\t\t\t\t\t<h1 class=\"elementor-heading-title elementor-size-default\">Turvallisuus ennen kaikkea<\/h1>\t\t\t\t<\/div>\n\t\t\t\t<\/div>\n\t\t\t\t<div class=\"elementor-element elementor-element-dab0597 elementor-widget__width-inherit elementor-widget elementor-widget-text-editor\" data-id=\"dab0597\" data-element_type=\"widget\" data-e-type=\"widget\" data-widget_type=\"text-editor.default\">\n\t\t\t\t<div class=\"elementor-widget-container\">\n\t\t\t\t\t\t\t\t\t<p>KTV Working Drone -yrityksess\u00e4 turvallisuus on t\u00e4rkein prioriteettimme. Olemme t\u00e4ysin sitoutuneet varmistamaan turvallisen ja suojatun ymp\u00e4rist\u00f6n kaikille tiimimme j\u00e4senille, yhteisty\u00f6kumppaneillemme, franchising-kumppaneillemme ja asiakkaillemme.<\/p>\t\t\t\t\t\t\t\t<\/div>\n\t\t\t\t<\/div>\n\t\t\t\t<\/div>\n\t\t\t\t\t<\/div>\n\t\t\t\t<\/div>\n\t\t<div class=\"elementor-element elementor-element-6814491 e-flex e-con-boxed e-con e-parent\" data-id=\"6814491\" data-element_type=\"container\" data-e-type=\"container\" data-settings=\"{&quot;background_background&quot;:&quot;classic&quot;}\">\n\t\t\t\t\t<div class=\"e-con-inner\">\n\t\t<div class=\"elementor-element elementor-element-044dab1 e-con-full e-flex e-con e-child\" data-id=\"044dab1\" data-element_type=\"container\" data-e-type=\"container\">\n\t\t\t\t<div class=\"elementor-element elementor-element-5cb7ec6 elementor-widget elementor-widget-image\" data-id=\"5cb7ec6\" data-element_type=\"widget\" data-e-type=\"widget\" data-widget_type=\"image.default\">\n\t\t\t\t<div class=\"elementor-widget-container\">\n\t\t\t\t\t\t\t\t\t\t\t\t\t\t\t<img fetchpriority=\"high\" decoding=\"async\" width=\"1920\" height=\"1440\" src=\"https:\/\/ktvworkingdrone.com\/fi\/wp-content\/uploads\/sites\/344\/2025\/06\/P1005965.jpg\" class=\"attachment-full size-full wp-image-1200\" alt=\"Image of KTV Working Drone and operator\" srcset=\"https:\/\/ktvworkingdrone.com\/fi\/wp-content\/uploads\/sites\/344\/2025\/06\/P1005965.jpg 1920w, https:\/\/ktvworkingdrone.com\/fi\/wp-content\/uploads\/sites\/344\/2025\/06\/P1005965-300x225.jpg 300w, https:\/\/ktvworkingdrone.com\/fi\/wp-content\/uploads\/sites\/344\/2025\/06\/P1005965-1024x768.jpg 1024w, https:\/\/ktvworkingdrone.com\/fi\/wp-content\/uploads\/sites\/344\/2025\/06\/P1005965-768x576.jpg 768w, https:\/\/ktvworkingdrone.com\/fi\/wp-content\/uploads\/sites\/344\/2025\/06\/P1005965-1536x1152.jpg 1536w\" sizes=\"(max-width: 1920px) 100vw, 1920px\" \/>\t\t\t\t\t\t\t\t\t\t\t\t\t\t\t<\/div>\n\t\t\t\t<\/div>\n\t\t\t\t<\/div>\n\t\t<div class=\"elementor-element elementor-element-f376895 e-con-full e-flex e-con e-child\" data-id=\"f376895\" data-element_type=\"container\" data-e-type=\"container\">\n\t\t\t\t<div class=\"elementor-element elementor-element-dc156b1 elementor-widget__width-inherit elementor-widget elementor-widget-heading\" data-id=\"dc156b1\" data-element_type=\"widget\" data-e-type=\"widget\" data-widget_type=\"heading.default\">\n\t\t\t\t<div class=\"elementor-widget-container\">\n\t\t\t\t\t<div class=\"elementor-heading-title elementor-size-default\">KTV Working Drone<\/div>\t\t\t\t<\/div>\n\t\t\t\t<\/div>\n\t\t\t\t<div class=\"elementor-element elementor-element-8098b6d elementor-widget elementor-widget-heading\" data-id=\"8098b6d\" data-element_type=\"widget\" data-e-type=\"widget\" data-widget_type=\"heading.default\">\n\t\t\t\t<div class=\"elementor-widget-container\">\n\t\t\t\t\t<h1 class=\"elementor-heading-title elementor-size-default\">Turvallisuuslausunto<\/h1>\t\t\t\t<\/div>\n\t\t\t\t<\/div>\n\t\t\t\t<div class=\"elementor-element elementor-element-3cf6c94 elementor-widget elementor-widget-text-editor\" data-id=\"3cf6c94\" data-element_type=\"widget\" data-e-type=\"widget\" data-widget_type=\"text-editor.default\">\n\t\t\t\t<div class=\"elementor-widget-container\">\n\t\t\t\t\t\t\t\t\t<p data-start=\"111\" data-end=\"367\"><strong data-start=\"111\" data-end=\"367\">KTV Working Drone -yrityksess\u00e4 turvallisuus on ensisijainen prioriteettimme. Olemme t\u00e4ysin sitoutuneet yll\u00e4pit\u00e4m\u00e4\u00e4n turvallista ja suojattua ymp\u00e4rist\u00f6\u00e4 kaikille tiimimme j\u00e4senille, yhteisty\u00f6kumppaneillemme, franchising-yritt\u00e4jillemme ja asiakkaillemme.<\/strong><\/p><p data-start=\"369\" data-end=\"592\"><strong data-start=\"369\" data-end=\"592\">Olemme kehitt\u00e4neet yksityiskohtaisen turvallisuuspolitiikan, jota on noudatettava tiukasti varmistaaksemme, ett\u00e4 kaikki toimintamme osapuolet pysyv\u00e4t turvassa. Jatkamme v\u00e4sym\u00e4tt\u00e4 ty\u00f6t\u00e4 t\u00e4m\u00e4n turvallisuuden takaamiseksi.<\/strong><\/p>\t\t\t\t\t\t\t\t<\/div>\n\t\t\t\t<\/div>\n\t\t\t\t<div class=\"elementor-element elementor-element-f8eba88 elementor-widget elementor-widget-text-editor\" data-id=\"f8eba88\" data-element_type=\"widget\" data-e-type=\"widget\" data-widget_type=\"text-editor.default\">\n\t\t\t\t<div class=\"elementor-widget-container\">\n\t\t\t\t\t\t\t\t\t<p data-start=\"594\" data-end=\"808\">KTV Working Drone toteuttaa tarvittavat turvallisuusmenettelyt ja -varotoimet yrityksen maailmanlaajuisessa turvallisuuspolitiikassa esitettyjen standardien mukaisesti, mukaan lukien mutta ei rajoittuen seuraaviin:<\/p><ul data-start=\"810\" data-end=\"1083\"><li data-start=\"810\" data-end=\"845\"><p data-start=\"812\" data-end=\"845\">Ymp\u00e4rist\u00f6vaikutusten minimointi<\/p><\/li><li data-start=\"846\" data-end=\"919\"><p data-start=\"848\" data-end=\"919\">Sivullisten henkil\u00f6iden vahingoittamatta tai h\u00e4iritsem\u00e4tt\u00e4 j\u00e4tt\u00e4minen<\/p><\/li><li data-start=\"920\" data-end=\"1008\"><p data-start=\"922\" data-end=\"1008\">Omaisuuden, rakennusten, ajoneuvojen ja muiden kohteiden vahingoittamatta j\u00e4tt\u00e4minen<\/p><\/li><li data-start=\"1009\" data-end=\"1083\"><p data-start=\"1011\" data-end=\"1083\">Toiminta aina globaalin yksityisyydensuojalain ohjeistusten mukaisesti<\/p><\/li><\/ul><p data-start=\"1085\" data-end=\"1279\">KTV Working Drone toimii ilmailualan vakiintuneen kulttuurin mukaisesti. Oppimisen, kehityksen ja palvelujemme mukauttamisen kautta pyrimme edist\u00e4m\u00e4\u00e4n my\u00f6nteist\u00e4 kasvua br\u00e4ndille ja toimialalle.<\/p>\t\t\t\t\t\t\t\t<\/div>\n\t\t\t\t<\/div>\n\t\t\t\t<\/div>\n\t\t\t\t\t<\/div>\n\t\t\t\t<\/div>\n\t\t\t\t<\/div>\n\t\t","protected":false},"excerpt":{"rendered":"<p>KTV Working Drone removes the need for risky work at height. Our drone technology improves safety, reduces accidents and protects workers and property.<\/p>\n","protected":false},"author":9,"featured_media":1316,"parent":0,"menu_order":0,"comment_status":"closed","ping_status":"closed","template":"","meta":{"_seopress_robots_primary_cat":"","_seopress_titles_title":"Drone cleaning safety | KTV Working Drone","_seopress_titles_desc":"KTV Working Drone removes the need for risky work at height. Our drone technology improves safety, reduces accidents and protects workers and property.","_seopress_robots_index":"","footnotes":""},"class_list":["post-113","page","type-page","status-publish","has-post-thumbnail","hentry"],"_links":{"self":[{"href":"https:\/\/ktvworkingdrone.com\/fi\/wp-json\/wp\/v2\/pages\/113","targetHints":{"allow":["GET"]}}],"collection":[{"href":"https:\/\/ktvworkingdrone.com\/fi\/wp-json\/wp\/v2\/pages"}],"about":[{"href":"https:\/\/ktvworkingdrone.com\/fi\/wp-json\/wp\/v2\/types\/page"}],"author":[{"embeddable":true,"href":"https:\/\/ktvworkingdrone.com\/fi\/wp-json\/wp\/v2\/users\/9"}],"replies":[{"embeddable":true,"href":"https:\/\/ktvworkingdrone.com\/fi\/wp-json\/wp\/v2\/comments?post=113"}],"version-history":[{"count":12,"href":"https:\/\/ktvworkingdrone.com\/fi\/wp-json\/wp\/v2\/pages\/113\/revisions"}],"predecessor-version":[{"id":8628,"href":"https:\/\/ktvworkingdrone.com\/fi\/wp-json\/wp\/v2\/pages\/113\/revisions\/8628"}],"wp:featuredmedia":[{"embeddable":true,"href":"https:\/\/ktvworkingdrone.com\/fi\/wp-json\/wp\/v2\/media\/1316"}],"wp:attachment":[{"href":"https:\/\/ktvworkingdrone.com\/fi\/wp-json\/wp\/v2\/media?parent=113"}],"curies":[{"name":"wp","href":"https:\/\/api.w.org\/{rel}","templated":true}]}}