{"id":5053,"date":"2024-09-24T00:40:10","date_gmt":"2024-09-24T00:40:10","guid":{"rendered":"https:\/\/workingdrone.com\/fi-stage\/tietoa\/"},"modified":"2024-11-01T07:37:23","modified_gmt":"2024-11-01T07:37:23","slug":"tietoa","status":"publish","type":"page","link":"https:\/\/ktvworkingdrone.com\/fi-staging\/tietoa\/","title":{"rendered":"Tietoa"},"content":{"rendered":"\t\t<div data-elementor-type=\"wp-page\" data-elementor-id=\"5053\" class=\"elementor elementor-5053 elementor-3777\" data-elementor-post-type=\"page\">\n\t\t\t\t\t\t<section class=\"elementor-section elementor-top-section elementor-element elementor-element-598a6e1e elementor-section-full_width elementor-section-height-min-height elementor-section-content-middle elementor-hidden-tablet elementor-hidden-mobile elementor-section-height-default elementor-section-items-middle\" data-id=\"598a6e1e\" data-element_type=\"section\" data-e-type=\"section\">\n\t\t\t\t\t\t<div class=\"elementor-container elementor-column-gap-default\">\n\t\t\t\t\t<div class=\"elementor-column elementor-col-100 elementor-top-column elementor-element elementor-element-1cb6f395\" data-id=\"1cb6f395\" data-element_type=\"column\" data-e-type=\"column\">\n\t\t\t<div class=\"elementor-widget-wrap elementor-element-populated\">\n\t\t\t\t\t\t<div class=\"elementor-element elementor-element-7675da7f elementor--h-position-left elementor--v-position-bottom elementor-arrows-position-inside elementor-pagination-position-inside elementor-widget elementor-widget-slides\" data-id=\"7675da7f\" data-element_type=\"widget\" data-e-type=\"widget\" data-settings=\"{&quot;navigation&quot;:&quot;both&quot;,&quot;autoplay&quot;:&quot;yes&quot;,&quot;pause_on_hover&quot;:&quot;yes&quot;,&quot;pause_on_interaction&quot;:&quot;yes&quot;,&quot;autoplay_speed&quot;:5000,&quot;infinite&quot;:&quot;yes&quot;,&quot;transition&quot;:&quot;slide&quot;,&quot;transition_speed&quot;:500}\" data-widget_type=\"slides.default\">\n\t\t\t\t<div class=\"elementor-widget-container\">\n\t\t\t\t\t\t\t\t\t<div class=\"elementor-swiper\">\n\t\t\t\t\t<div class=\"elementor-slides-wrapper elementor-main-swiper swiper\" role=\"region\" aria-roledescription=\"carousel\" aria-label=\"Slides\" dir=\"ltr\" data-animation=\"fadeInUp\">\n\t\t\t\t<div class=\"swiper-wrapper elementor-slides\">\n\t\t\t\t\t\t\t\t\t\t<div class=\"elementor-repeater-item-d5f3bf9 swiper-slide\" role=\"group\" aria-roledescription=\"slide\"><div class=\"swiper-slide-bg elementor-ken-burns elementor-ken-burns--in\" role=\"img\" aria-label=\"ktvdroneflag.jpg\"><\/div><div class=\"elementor-background-overlay\"><\/div><div class=\"swiper-slide-inner\" ><div class=\"swiper-slide-contents\"><\/div><\/div><\/div>\t\t\t\t<\/div>\n\t\t\t\t\t\t\t<\/div>\n\t\t\t\t<\/div>\n\t\t\t\t\t\t\t\t<\/div>\n\t\t\t\t<\/div>\n\t\t\t\t\t<\/div>\n\t\t<\/div>\n\t\t\t\t\t<\/div>\n\t\t<\/section>\n\t\t\t\t<section class=\"elementor-section elementor-top-section elementor-element elementor-element-22717ac2 elementor-section-boxed elementor-section-height-default elementor-section-height-default\" data-id=\"22717ac2\" data-element_type=\"section\" data-e-type=\"section\" data-settings=\"{&quot;background_background&quot;:&quot;classic&quot;}\">\n\t\t\t\t\t\t<div class=\"elementor-container elementor-column-gap-default\">\n\t\t\t\t\t<div class=\"elementor-column elementor-col-50 elementor-top-column elementor-element elementor-element-333b1ecd\" data-id=\"333b1ecd\" data-element_type=\"column\" data-e-type=\"column\" data-settings=\"{&quot;background_background&quot;:&quot;classic&quot;,&quot;background_motion_fx_motion_fx_scrolling&quot;:&quot;yes&quot;,&quot;background_motion_fx_scale_effect&quot;:&quot;yes&quot;,&quot;background_motion_fx_scale_direction&quot;:&quot;in-out&quot;,&quot;background_motion_fx_scale_speed&quot;:{&quot;unit&quot;:&quot;px&quot;,&quot;size&quot;:4,&quot;sizes&quot;:[]},&quot;background_motion_fx_scale_range&quot;:{&quot;unit&quot;:&quot;%&quot;,&quot;size&quot;:&quot;&quot;,&quot;sizes&quot;:{&quot;start&quot;:20,&quot;end&quot;:80}},&quot;background_motion_fx_devices&quot;:[&quot;desktop&quot;,&quot;tablet&quot;,&quot;mobile&quot;]}\">\n\t\t\t<div class=\"elementor-widget-wrap elementor-element-populated\">\n\t\t\t\t\t<div class=\"elementor-background-overlay\"><\/div>\n\t\t\t\t\t\t<div class=\"elementor-element elementor-element-5a3ae7f9 elementor-widget elementor-widget-image\" data-id=\"5a3ae7f9\" data-element_type=\"widget\" data-e-type=\"widget\" data-widget_type=\"image.default\">\n\t\t\t\t<div class=\"elementor-widget-container\">\n\t\t\t\t\t\t\t\t\t\t\t\t\t\t\t<img fetchpriority=\"high\" decoding=\"async\" width=\"1080\" height=\"1080\" src=\"https:\/\/ktvworkingdrone.com\/fi-staging\/wp-content\/uploads\/sites\/294\/2024\/09\/kennet-1080.jpg\" class=\"attachment-full size-full wp-image-3778\" alt=\"\" srcset=\"https:\/\/ktvworkingdrone.com\/fi-staging\/wp-content\/uploads\/sites\/294\/2024\/09\/kennet-1080.jpg 1080w, https:\/\/ktvworkingdrone.com\/fi-staging\/wp-content\/uploads\/sites\/294\/2024\/09\/kennet-1080-300x300.jpg 300w, https:\/\/ktvworkingdrone.com\/fi-staging\/wp-content\/uploads\/sites\/294\/2024\/09\/kennet-1080-1024x1024.jpg 1024w, https:\/\/ktvworkingdrone.com\/fi-staging\/wp-content\/uploads\/sites\/294\/2024\/09\/kennet-1080-150x150.jpg 150w, https:\/\/ktvworkingdrone.com\/fi-staging\/wp-content\/uploads\/sites\/294\/2024\/09\/kennet-1080-768x768.jpg 768w\" sizes=\"(max-width: 1080px) 100vw, 1080px\" \/>\t\t\t\t\t\t\t\t\t\t\t\t\t\t\t<\/div>\n\t\t\t\t<\/div>\n\t\t\t\t\t<\/div>\n\t\t<\/div>\n\t\t\t\t<div class=\"elementor-column elementor-col-50 elementor-top-column elementor-element elementor-element-2a39506c\" data-id=\"2a39506c\" data-element_type=\"column\" data-e-type=\"column\" data-settings=\"{&quot;background_background&quot;:&quot;classic&quot;}\">\n\t\t\t<div class=\"elementor-widget-wrap elementor-element-populated\">\n\t\t\t\t\t\t<div class=\"elementor-element elementor-element-7fa48ff2 elementor-widget elementor-widget-heading\" data-id=\"7fa48ff2\" data-element_type=\"widget\" data-e-type=\"widget\" data-widget_type=\"heading.default\">\n\t\t\t\t<div class=\"elementor-widget-container\">\n\t\t\t\t\t<h2 class=\"elementor-heading-title elementor-size-default\">Tietoa meist\u00e4 <\/h2>\t\t\t\t<\/div>\n\t\t\t\t<\/div>\n\t\t\t\t<div class=\"elementor-element elementor-element-3fcd284 elementor-widget elementor-widget-heading\" data-id=\"3fcd284\" data-element_type=\"widget\" data-e-type=\"widget\" data-widget_type=\"heading.default\">\n\t\t\t\t<div class=\"elementor-widget-container\">\n\t\t\t\t\t<h2 class=\"elementor-heading-title elementor-size-default\">Historiamme ja yrityksen kehitys<\/h2>\t\t\t\t<\/div>\n\t\t\t\t<\/div>\n\t\t\t\t<div class=\"elementor-element elementor-element-36fff1d0 elementor-widget elementor-widget-text-editor\" data-id=\"36fff1d0\" data-element_type=\"widget\" data-e-type=\"widget\" data-widget_type=\"text-editor.default\">\n\t\t\t\t<div class=\"elementor-widget-container\">\n\t\t\t\t\t\t\t\t\t<p><strong>Kennet Nilsen perusti KTV Groupin vuonna 1992, ja ajan kuluessa yrityksest\u00e4 on tullut johtava julkisivu- ja ikkunanpuhdistuspalvelujen tarjoaja, jolla on yli kolmen vuosikymmenen kokemus.<\/strong><\/p><p>Yrityksen laajentuessa se monipuolisti tarjontaansa palvelemaan merell\u00e4 ja maalla toimivia teollisuudenaloja keskittyen ammattimaiseen puhdistukseen ja pintak\u00e4sittelyyn. T\u00e4m\u00e4 johti KTV Working Dronen kehitt\u00e4miseen. KTV Working Drone on huippuluokan drone-pohjainen ratkaisu, joka on suunniteltu palvelemaan monenlaisia teollisuudenaloja.\u00a0<\/p><p>Vuonna 2022 KTV Working Drone nousi edell\u00e4k\u00e4vij\u00e4ksi julkisivujen ja ikkunoiden puhdistuksessa. Yritys on omistautunut useita vuosia kehittyneiden laitteiden, huippuluokan j\u00e4rjestelmien ja virtaviivaistettujen toimintatapojen luomiseen palvellakseen asiakkaita kaikkialla maailmassa turvallisemmalla ja yhten\u00e4isemm\u00e4ll\u00e4 l\u00e4hestymistavalla. Yritys on pit\u00e4nyt huolta siit\u00e4, ett\u00e4 eri maista olevat asiakkaat saavat ensiluokkaista palvelua, ja se pyrkii edelleen huippuosaamiseen toiminnassaan.\u00a0<\/p><p>Tutkimus ja kehitys ovat KTV Working Dronen toiminnan ytimess\u00e4. Olemme sitoutuneet kehitt\u00e4m\u00e4\u00e4n teknologiaamme ja tekem\u00e4\u00e4n tiivist\u00e4 yhteisty\u00f6t\u00e4 kumppaneidemme kanssa t\u00e4m\u00e4n tavoitteen saavuttamiseksi. Tunnustamme kumppaniemme ratkaisevan t\u00e4rke\u00e4n roolin kehityksess\u00e4mme ja uskomme, ett\u00e4 kokemustemme jakaminen on t\u00e4rke\u00e4\u00e4 molemminpuolisen kasvun kannalta. Jatkamme toimintamme laajentamista kaikkialla maailmassa, ja olemme edelleen sitoutuneet hy\u00f6dynt\u00e4m\u00e4\u00e4n kumppaneidemme asiantuntemusta valmiuksiemme parantamiseksi.<\/p>\t\t\t\t\t\t\t\t<\/div>\n\t\t\t\t<\/div>\n\t\t\t\t\t<\/div>\n\t\t<\/div>\n\t\t\t\t\t<\/div>\n\t\t<\/section>\n\t\t\t\t<section class=\"elementor-section elementor-top-section elementor-element elementor-element-1181f339 elementor-section-boxed elementor-section-height-default elementor-section-height-default\" data-id=\"1181f339\" data-element_type=\"section\" data-e-type=\"section\" data-settings=\"{&quot;background_background&quot;:&quot;classic&quot;}\">\n\t\t\t\t\t\t<div class=\"elementor-container elementor-column-gap-default\">\n\t\t\t\t\t<div class=\"elementor-column elementor-col-50 elementor-top-column elementor-element elementor-element-40c89fe3\" data-id=\"40c89fe3\" data-element_type=\"column\" data-e-type=\"column\">\n\t\t\t<div class=\"elementor-widget-wrap elementor-element-populated\">\n\t\t\t\t\t\t<div class=\"elementor-element elementor-element-2a1e4265 elementor-widget elementor-widget-heading\" data-id=\"2a1e4265\" data-element_type=\"widget\" data-e-type=\"widget\" data-widget_type=\"heading.default\">\n\t\t\t\t<div class=\"elementor-widget-container\">\n\t\t\t\t\t<h2 class=\"elementor-heading-title elementor-size-default\">Aikomuksemme<\/h2>\t\t\t\t<\/div>\n\t\t\t\t<\/div>\n\t\t\t\t\t<\/div>\n\t\t<\/div>\n\t\t\t\t<div class=\"elementor-column elementor-col-50 elementor-top-column elementor-element elementor-element-dfbe87b\" data-id=\"dfbe87b\" data-element_type=\"column\" data-e-type=\"column\">\n\t\t\t<div class=\"elementor-widget-wrap elementor-element-populated\">\n\t\t\t\t\t\t<div class=\"elementor-element elementor-element-52a6c4b8 elementor-widget elementor-widget-text-editor\" data-id=\"52a6c4b8\" data-element_type=\"widget\" data-e-type=\"widget\" data-widget_type=\"text-editor.default\">\n\t\t\t\t<div class=\"elementor-widget-container\">\n\t\t\t\t\t\t\t\t\t<p><strong>KTV Working Drone -yrityksess\u00e4 ensisijainen tavoitteemme on vaikuttaa my\u00f6nteisesti ja parantaa ihmisten p\u00e4ivitt\u00e4ist\u00e4 ty\u00f6kokemusta.<\/strong><\/p><p>\u00a0<\/p><p>Olemme sitoutuneet edist\u00e4m\u00e4\u00e4n korkealla ty\u00f6skentelevien, kuten hissinkuljettajien, rakennustelineiden pystytt\u00e4jien ja julkisivukiipeilij\u00f6iden turvallisuutta ja hyvinvointia. N\u00e4m\u00e4 fyysisesti vaativat ty\u00f6t johtavat usein rasitusvammoihin ja aiheuttavat merkitt\u00e4vi\u00e4 riskej\u00e4 joka p\u00e4iv\u00e4. Olemme sitoutuneet tukemaan t\u00e4t\u00e4 ryhm\u00e4\u00e4 ja parantamaan heid\u00e4n ty\u00f6olojaan innovatiivisten drone-pohjaisten ratkaisujen avulla.<\/p><p>\u00a0<\/p>\t\t\t\t\t\t\t\t<\/div>\n\t\t\t\t<\/div>\n\t\t\t\t\t<\/div>\n\t\t<\/div>\n\t\t\t\t\t<\/div>\n\t\t<\/section>\n\t\t\t\t<section class=\"elementor-section elementor-top-section elementor-element elementor-element-4eaa55aa elementor-section-boxed elementor-section-height-default elementor-section-height-default\" data-id=\"4eaa55aa\" data-element_type=\"section\" data-e-type=\"section\" data-settings=\"{&quot;background_background&quot;:&quot;classic&quot;}\">\n\t\t\t\t\t\t\t<div class=\"elementor-background-overlay\"><\/div>\n\t\t\t\t\t\t\t<div class=\"elementor-container elementor-column-gap-default\">\n\t\t\t\t\t<div class=\"elementor-column elementor-col-50 elementor-top-column elementor-element elementor-element-1b0d3798\" data-id=\"1b0d3798\" data-element_type=\"column\" data-e-type=\"column\">\n\t\t\t<div class=\"elementor-widget-wrap elementor-element-populated\">\n\t\t\t\t\t\t<div class=\"elementor-element elementor-element-22c201c6 elementor-widget elementor-widget-heading\" data-id=\"22c201c6\" data-element_type=\"widget\" data-e-type=\"widget\" data-widget_type=\"heading.default\">\n\t\t\t\t<div class=\"elementor-widget-container\">\n\t\t\t\t\t<h2 class=\"elementor-heading-title elementor-size-default\">Dronien standardit<\/h2>\t\t\t\t<\/div>\n\t\t\t\t<\/div>\n\t\t\t\t\t<\/div>\n\t\t<\/div>\n\t\t\t\t<div class=\"elementor-column elementor-col-50 elementor-top-column elementor-element elementor-element-7341acea\" data-id=\"7341acea\" data-element_type=\"column\" data-e-type=\"column\">\n\t\t\t<div class=\"elementor-widget-wrap elementor-element-populated\">\n\t\t\t\t\t\t<div class=\"elementor-element elementor-element-13a64851 elementor-widget elementor-widget-text-editor\" data-id=\"13a64851\" data-element_type=\"widget\" data-e-type=\"widget\" data-widget_type=\"text-editor.default\">\n\t\t\t\t<div class=\"elementor-widget-container\">\n\t\t\t\t\t\t\t\t\t<p>KTV Working Drone kehittyi Kennet Nilsenin vuonna 1992 perustamasta KTV Groupista. KTV Groupilla on yli 30 vuoden kokemus julkisivujen ja ikkunoiden puhdistuksesta, ja se on alansa asiantuntija.<\/p><p>KTV Working Drone sai alkunsa ideasta l\u00f6yt\u00e4\u00e4 innovatiivinen ja tehokas tapa puhdistaa julkisivuja ja ikkunoita. T\u00e4m\u00e4 tapahtui jo vuonna 2015. Tarvittiin paljon kehitysty\u00f6t\u00e4, jotta drone saatiin toimimaan kunnolla kaupallisessa siivouksessa. Lyhyk\u00e4isyydess\u00e4\u00e4n, tuloksena on ainutlaatuinen drone, jossa on r\u00e4\u00e4t\u00e4l\u00f6ityj\u00e4 ja ainutlaatuisesti mukautettuja kiinnityslaitteita, joissa on erityisesti suunnitellut puhdistuslaitteet. Lis\u00e4ksi on kehitetty patenttia odottava turvaratkaisu, joka est\u00e4\u00e4 dronea putoamasta alas k\u00e4yt\u00f6n aikana.<\/p><p>Dronea on testattu laajasti ja kaupallistettu ikkunoiden ja julkisivujen puhdistukseen, ja se on ollut operatiivisessa k\u00e4yt\u00f6ss\u00e4 vuodesta 2020 l\u00e4htien KTV Groupilla Norjassa.<\/p><p>Vuonna 2022 KTV Working Drone oli valmis ja kaupallistamisprosessi alkoi. Nyky\u00e4\u00e4n KTV Working Drone on perustettu l\u00e4hes kaikkialle maailmaan, ja kumppaniverkosto kasvaa nopeasti.<\/p><p>Tulevaisuus tarjoaa KTV Working Drone -yhti\u00f6lle monia kehitysmahdollisuuksia. Uskomme, ett\u00e4 droneillamme voidaan pian tehd\u00e4 pieni\u00e4 korjauksia, erikoistarkastuksia ja jopa pintak\u00e4sittelyj\u00e4.<\/p>\t\t\t\t\t\t\t\t<\/div>\n\t\t\t\t<\/div>\n\t\t\t\t\t<\/div>\n\t\t<\/div>\n\t\t\t\t\t<\/div>\n\t\t<\/section>\n\t\t\t\t<section class=\"elementor-section elementor-top-section elementor-element elementor-element-12afa804 elementor-section-height-min-height elementor-section-items-stretch elementor-section-boxed elementor-section-height-default\" data-id=\"12afa804\" data-element_type=\"section\" data-e-type=\"section\" data-settings=\"{&quot;background_background&quot;:&quot;classic&quot;}\">\n\t\t\t\t\t\t<div class=\"elementor-container elementor-column-gap-default\">\n\t\t\t\t\t<div class=\"elementor-column elementor-col-50 elementor-top-column elementor-element elementor-element-16434143\" data-id=\"16434143\" data-element_type=\"column\" data-e-type=\"column\" data-settings=\"{&quot;background_background&quot;:&quot;classic&quot;,&quot;background_motion_fx_motion_fx_scrolling&quot;:&quot;yes&quot;,&quot;background_motion_fx_translateX_effect&quot;:&quot;yes&quot;,&quot;background_motion_fx_translateX_speed&quot;:{&quot;unit&quot;:&quot;px&quot;,&quot;size&quot;:2.5,&quot;sizes&quot;:[]},&quot;background_motion_fx_translateX_affectedRange&quot;:{&quot;unit&quot;:&quot;%&quot;,&quot;size&quot;:&quot;&quot;,&quot;sizes&quot;:{&quot;start&quot;:0,&quot;end&quot;:100}},&quot;background_motion_fx_devices&quot;:[&quot;desktop&quot;,&quot;tablet&quot;,&quot;mobile&quot;]}\">\n\t\t\t<div class=\"elementor-widget-wrap elementor-element-populated\">\n\t\t\t\t\t<div class=\"elementor-background-overlay\"><\/div>\n\t\t\t\t\t\t<div class=\"elementor-element elementor-element-e2359b7 elementor-widget elementor-widget-heading\" data-id=\"e2359b7\" data-element_type=\"widget\" data-e-type=\"widget\" data-widget_type=\"heading.default\">\n\t\t\t\t<div class=\"elementor-widget-container\">\n\t\t\t\t\t<h2 class=\"elementor-heading-title elementor-size-default\">Tulevaisuuden kehitys<\/h2>\t\t\t\t<\/div>\n\t\t\t\t<\/div>\n\t\t\t\t<div class=\"elementor-element elementor-element-396f5904 elementor-widget elementor-widget-heading\" data-id=\"396f5904\" data-element_type=\"widget\" data-e-type=\"widget\" data-widget_type=\"heading.default\">\n\t\t\t\t<div class=\"elementor-widget-container\">\n\t\t\t\t\t<h2 class=\"elementor-heading-title elementor-size-default\">Mit\u00e4 seuraavaksi<\/h2>\t\t\t\t<\/div>\n\t\t\t\t<\/div>\n\t\t\t\t\t<\/div>\n\t\t<\/div>\n\t\t\t\t<div class=\"elementor-column elementor-col-50 elementor-top-column elementor-element elementor-element-6ceb5193\" data-id=\"6ceb5193\" data-element_type=\"column\" data-e-type=\"column\" data-settings=\"{&quot;background_background&quot;:&quot;classic&quot;}\">\n\t\t\t<div class=\"elementor-widget-wrap elementor-element-populated\">\n\t\t\t\t\t\t<div class=\"elementor-element elementor-element-5febb4d3 elementor-widget elementor-widget-text-editor\" data-id=\"5febb4d3\" data-element_type=\"widget\" data-e-type=\"widget\" data-widget_type=\"text-editor.default\">\n\t\t\t\t<div class=\"elementor-widget-container\">\n\t\t\t\t\t\t\t\t\t<ul>\n<li><b>Ruiskumaalaus<\/b><br \/>Jatkuvan kehityksen, laajennetun testauksen ja uusien kumppanuuksien avulla maalivalmistajien kanssa olemme siirtym\u00e4ss\u00e4 l\u00e4hemm\u00e4s lopullista testausvaihetta.\n<\/li>\n<li><b>Suuremmat korkeudet<\/b><br \/>KTV Working Drone -yhti\u00f6ss\u00e4 olemme ylpeit\u00e4 voidessamme tarjota innovatiivista teknologiaa, jonka ansiosta lennokkimme voivat suorittaa teht\u00e4vi\u00e4 turvallisesti 600 metrin\/2000 jalan ja sit\u00e4 korkeammilla korkeuksilla. Huippuluokan kattoturvaj\u00e4rjestelm\u00e4mme takaa turvallisuuden sek\u00e4 lennokille ett\u00e4 maassa oleville. Uskomme, ett\u00e4 droneidemme mahdollisuudet ovat rajattomat, ja olemme omistautuneet laajentamaan mahdollisuuksien rajoja.\n<\/li>\n<li><b>Goggles<\/b><br \/>Korkeammissa korkeuksissa toimimisen vuoksi harkitaan ja testataan erityisten lentolaseja.\n<\/li>\n<li><b>Kauko-ohjaushuoneet<\/b><br \/>Osana suunnitelmiamme aiomme perustaa lennokkien ohjaushuoneita lennokkilent\u00e4jille, jotta he voivat ohjata lennokkeja maailmanlaajuisesti internetin v\u00e4lityksell\u00e4. T\u00e4m\u00e4n edistysaskeleen ansiosta lennokkilent\u00e4j\u00e4t voivat tarjota et\u00e4tukea, suorittaa erikoisteht\u00e4vi\u00e4, toimia turvallisemmin ja tarjota poikkeuksellisia palveluja mist\u00e4 tahansa p\u00e4in maailmaa tahansa. <\/li>\n<\/ul>\n\t\t\t\t\t\t\t\t<\/div>\n\t\t\t\t<\/div>\n\t\t\t\t\t<\/div>\n\t\t<\/div>\n\t\t\t\t\t<\/div>\n\t\t<\/section>\n\t\t\t\t<\/div>\n\t\t","protected":false},"excerpt":{"rendered":"<p>Tietoa meist\u00e4 Historiamme ja yrityksen kehitys Kennet Nilsen perusti KTV Groupin vuonna 1992, ja ajan kuluessa yrityksest\u00e4 on tullut johtava julkisivu- ja ikkunanpuhdistuspalvelujen tarjoaja, jolla on yli kolmen vuosikymmenen kokemus. Yrityksen laajentuessa se monipuolisti tarjontaansa palvelemaan merell\u00e4 ja maalla toimivia teollisuudenaloja keskittyen ammattimaiseen puhdistukseen ja pintak\u00e4sittelyyn. T\u00e4m\u00e4 johti KTV Working Dronen kehitt\u00e4miseen. KTV Working Drone [&hellip;]<\/p>\n","protected":false},"author":2,"featured_media":0,"parent":0,"menu_order":0,"comment_status":"closed","ping_status":"closed","template":"","meta":{"_seopress_robots_primary_cat":"","_seopress_titles_title":"","_seopress_titles_desc":"","_seopress_robots_index":"","footnotes":""},"class_list":["post-5053","page","type-page","status-publish","hentry"],"_links":{"self":[{"href":"https:\/\/ktvworkingdrone.com\/fi-staging\/wp-json\/wp\/v2\/pages\/5053","targetHints":{"allow":["GET"]}}],"collection":[{"href":"https:\/\/ktvworkingdrone.com\/fi-staging\/wp-json\/wp\/v2\/pages"}],"about":[{"href":"https:\/\/ktvworkingdrone.com\/fi-staging\/wp-json\/wp\/v2\/types\/page"}],"author":[{"embeddable":true,"href":"https:\/\/ktvworkingdrone.com\/fi-staging\/wp-json\/wp\/v2\/users\/2"}],"replies":[{"embeddable":true,"href":"https:\/\/ktvworkingdrone.com\/fi-staging\/wp-json\/wp\/v2\/comments?post=5053"}],"version-history":[{"count":29,"href":"https:\/\/ktvworkingdrone.com\/fi-staging\/wp-json\/wp\/v2\/pages\/5053\/revisions"}],"predecessor-version":[{"id":5397,"href":"https:\/\/ktvworkingdrone.com\/fi-staging\/wp-json\/wp\/v2\/pages\/5053\/revisions\/5397"}],"wp:attachment":[{"href":"https:\/\/ktvworkingdrone.com\/fi-staging\/wp-json\/wp\/v2\/media?parent=5053"}],"curies":[{"name":"wp","href":"https:\/\/api.w.org\/{rel}","templated":true}]}}