{"id":5051,"date":"2024-09-24T00:40:03","date_gmt":"2024-09-24T00:40:03","guid":{"rendered":"https:\/\/workingdrone.com\/fi-stage\/toimipaikat\/"},"modified":"2024-11-11T10:40:36","modified_gmt":"2024-11-11T10:40:36","slug":"toimipaikat","status":"publish","type":"page","link":"https:\/\/ktvworkingdrone.com\/fi-staging\/toimipaikat\/","title":{"rendered":"Toimipaikat"},"content":{"rendered":"\t\t<div data-elementor-type=\"wp-page\" data-elementor-id=\"5051\" class=\"elementor elementor-5051 elementor-3758\" data-elementor-post-type=\"page\">\n\t\t\t\t\t\t<section class=\"elementor-section elementor-top-section elementor-element elementor-element-19ecdcde elementor-section-full_width elementor-section-height-min-height elementor-section-content-middle elementor-section-height-default elementor-section-items-middle\" data-id=\"19ecdcde\" data-element_type=\"section\" data-e-type=\"section\">\n\t\t\t\t\t\t<div class=\"elementor-container elementor-column-gap-default\">\n\t\t\t\t\t<div class=\"elementor-column elementor-col-100 elementor-top-column elementor-element elementor-element-1e7710bb elementor-hidden-tablet elementor-hidden-mobile\" data-id=\"1e7710bb\" data-element_type=\"column\" data-e-type=\"column\">\n\t\t\t<div class=\"elementor-widget-wrap elementor-element-populated\">\n\t\t\t\t\t\t<div class=\"elementor-element elementor-element-6029c311 elementor--h-position-left elementor--v-position-bottom elementor-arrows-position-inside elementor-pagination-position-inside elementor-widget elementor-widget-slides\" data-id=\"6029c311\" data-element_type=\"widget\" data-e-type=\"widget\" data-settings=\"{&quot;navigation&quot;:&quot;both&quot;,&quot;autoplay&quot;:&quot;yes&quot;,&quot;pause_on_hover&quot;:&quot;yes&quot;,&quot;pause_on_interaction&quot;:&quot;yes&quot;,&quot;autoplay_speed&quot;:5000,&quot;infinite&quot;:&quot;yes&quot;,&quot;transition&quot;:&quot;slide&quot;,&quot;transition_speed&quot;:500}\" data-widget_type=\"slides.default\">\n\t\t\t\t<div class=\"elementor-widget-container\">\n\t\t\t\t\t\t\t\t\t<div class=\"elementor-swiper\">\n\t\t\t\t\t<div class=\"elementor-slides-wrapper elementor-main-swiper swiper\" role=\"region\" aria-roledescription=\"carousel\" aria-label=\"Slides\" dir=\"ltr\" data-animation=\"fadeInUp\">\n\t\t\t\t<div class=\"swiper-wrapper elementor-slides\">\n\t\t\t\t\t\t\t\t\t\t<div class=\"elementor-repeater-item-d5f3bf9 swiper-slide\" role=\"group\" aria-roledescription=\"slide\"><div class=\"swiper-slide-bg elementor-ken-burns elementor-ken-burns--in\" role=\"img\" aria-label=\"ktvdroneflag.jpg\"><\/div><div class=\"elementor-background-overlay\"><\/div><div class=\"swiper-slide-inner\" ><div class=\"swiper-slide-contents\"><\/div><\/div><\/div>\t\t\t\t<\/div>\n\t\t\t\t\t\t\t<\/div>\n\t\t\t\t<\/div>\n\t\t\t\t\t\t\t\t<\/div>\n\t\t\t\t<\/div>\n\t\t\t\t\t<\/div>\n\t\t<\/div>\n\t\t\t\t\t<\/div>\n\t\t<\/section>\n\t\t\t\t<section class=\"elementor-section elementor-top-section elementor-element elementor-element-437dc6a7 elementor-section-boxed elementor-section-height-default elementor-section-height-default\" data-id=\"437dc6a7\" data-element_type=\"section\" data-e-type=\"section\">\n\t\t\t\t\t\t<div class=\"elementor-container elementor-column-gap-default\">\n\t\t\t\t\t<div class=\"elementor-column elementor-col-100 elementor-top-column elementor-element elementor-element-4d85afd7\" data-id=\"4d85afd7\" data-element_type=\"column\" data-e-type=\"column\">\n\t\t\t<div class=\"elementor-widget-wrap elementor-element-populated\">\n\t\t\t\t\t\t<div class=\"elementor-element elementor-element-4e705487 elementor-widget elementor-widget-heading\" data-id=\"4e705487\" data-element_type=\"widget\" data-e-type=\"widget\" data-widget_type=\"heading.default\">\n\t\t\t\t<div class=\"elementor-widget-container\">\n\t\t\t\t\t<h2 class=\"elementor-heading-title elementor-size-default\">KTV Working Drone -yrityksen nykyiset sijainnit <\/h2>\t\t\t\t<\/div>\n\t\t\t\t<\/div>\n\t\t\t\t<div class=\"elementor-element elementor-element-59e8dabc elementor-widget elementor-widget-text-editor\" data-id=\"59e8dabc\" data-element_type=\"widget\" data-e-type=\"widget\" data-widget_type=\"text-editor.default\">\n\t\t\t\t<div class=\"elementor-widget-container\">\n\t\t\t\t\t\t\t\t\t<p><strong>KTV Working Drone toimii koko maailmassa ja lis\u00e4\u00e4 maita liittyy jatkuvasti. Kaikilla on sama filosofia, ty\u00f6turvallisuusk\u00e4yt\u00e4nt\u00f6, sama tiukka valvonta ja toimintatavat kansainv\u00e4listen laatustandardien ISO 9001, ISO 14001 ja OHSAS 18001 mukaisesti.<\/strong><\/p><p>Asutpa miss\u00e4 p\u00e4in maailmaa tahansa, KTV Working Dronella on siviili- ja ilmailuviranomaisten vaatimat toimiluvat dronen k\u00e4ytt\u00e4miseen rakennusten puhdistamiseen. Kaikki franchise-droneoperaattorimme ovat t\u00e4ysin koulutettuja ja noudattavat paikallisia siviili- ja ilmailulakeja.<\/p><p>\u00a0<\/p>\t\t\t\t\t\t\t\t<\/div>\n\t\t\t\t<\/div>\n\t\t\t\t<div class=\"elementor-element elementor-element-6b9b3def elementor-widget-divider--view-line elementor-widget elementor-widget-divider\" data-id=\"6b9b3def\" data-element_type=\"widget\" data-e-type=\"widget\" data-widget_type=\"divider.default\">\n\t\t\t\t<div class=\"elementor-widget-container\">\n\t\t\t\t\t\t\t<div class=\"elementor-divider\">\n\t\t\t<span class=\"elementor-divider-separator\">\n\t\t\t\t\t\t<\/span>\n\t\t<\/div>\n\t\t\t\t\t\t<\/div>\n\t\t\t\t<\/div>\n\t\t\t\t<div class=\"elementor-element elementor-element-51c6986e elementor-widget elementor-widget-text-editor\" data-id=\"51c6986e\" data-element_type=\"widget\" data-e-type=\"widget\" data-widget_type=\"text-editor.default\">\n\t\t\t\t<div class=\"elementor-widget-container\">\n\t\t\t\t\t\t\t\t\t<p><span style=\"color: #ff6600;\"><a style=\"color: #ff6600;\" href=\"http:\/\/www.ktvworkingdrone.com\"><strong>P\u00e4\u00e4konttori<\/strong><\/a><\/span><\/p><p><span style=\"color: #003366;\"><strong><a style=\"color: #003366;\" href=\"https:\/\/ktvworkingdrone.com\/ar\/\">Argentiina<\/a><\/strong><\/span><\/p><p><span style=\"color: #003366;\"><a style=\"color: #003366;\" href=\"http:\/\/www.ktvworkingdrone.com\/au\"><strong>Australia<\/strong><\/a><\/span><\/p><p>It\u00e4valta<\/p><p><strong>Azerbaid\u017ean<\/strong><\/p><p><span style=\"color: #003366;\"><a style=\"color: #003366;\" href=\"http:\/\/ktvworkingdrone.com\/be\"><strong>Belgia<\/strong><\/a><\/span><\/p><p><span style=\"color: #003366;\">Bolivia<\/span><\/p><p><span style=\"color: #003366;\"><a style=\"color: #003366;\" href=\"http:\/\/ktvworkingdrone.com\/br\"><strong>Brasilia<\/strong><\/a><\/span><\/p><p><span style=\"color: #003366;\"><a style=\"color: #003366;\" href=\"http:\/\/ktvworkingdrone.com\/ca\"><strong>Kanada<\/strong><\/a><\/span><\/p><p><span style=\"color: #003366;\"><a style=\"color: #003366;\" href=\"http:\/\/www.ktvworkingdrone.com\/ky\"><strong>Caymansaaret<\/strong><\/a><\/span><\/p><p><span style=\"color: #003366;\"><a style=\"color: #003366;\" href=\"http:\/\/ktvworkingdrone.com\/cl\"><strong>Chile<\/strong><\/a><\/span><\/p><p><span style=\"color: #003366;\"><a style=\"color: #003366;\" href=\"http:\/\/www.ktvworkingdrone.com\/cn\"><strong>Kiina<\/strong><\/a><\/span><\/p><p>Kolumbia<\/p><p>Costa Rica<\/p><p><span style=\"color: #003366;\"><a style=\"color: #003366;\" href=\"http:\/\/ktvworkingdrone.com\/hr\"><strong>Kroatia<\/strong><\/a><\/span><\/p><p><span style=\"color: #003366;\"><a style=\"color: #003366;\" href=\"http:\/\/www.ktvworkingdrone.com\/cy\"><strong>Kypros<\/strong><\/a><\/span><\/p><p><strong>T\u0161ekki<\/strong><\/p><p>Tanska<\/p><p>Dominikaaninen tasavalta<\/p><p><span style=\"color: #003366;\">El Salvador\u00a0<\/span><\/p><p><span style=\"color: #003366;\">Ecuador\u00a0<\/span><\/p><p><span style=\"color: #003366;\">Fiji\u00a0<\/span><\/p><p><span style=\"color: #003366;\"><a style=\"color: #003366;\" href=\"https:\/\/workingdrone.com\/fi\"><strong>Suomi<\/strong><\/a><\/span><\/p><p><span style=\"color: #003366;\"><a style=\"color: #003366;\" href=\"http:\/\/www.ktvworkingdrone.com\/fr\"><strong>Ranska<\/strong><\/a><\/span><\/p><p><span style=\"color: #003366;\"><a style=\"color: #003366;\" href=\"http:\/\/www.ktvworkingdrone.com\/de\"><strong>Saksa<\/strong><\/a><\/span><\/p><p><span style=\"color: #003366;\"><a style=\"color: #003366;\" href=\"http:\/\/www.ktvworkingdrone.com\/gr\"><strong>Kreikka<\/strong><\/a><\/span><\/p><p><span style=\"color: #003366;\">Guatemala\u00a0<\/span><\/p><p><strong><a href=\"http:\/\/www.ktvworkingdrone.com\/hu\"><span style=\"color: #003366;\">Unkari<\/span><\/a><\/strong><\/p><p><span style=\"color: #003366;\">Intia\u00a0<\/span><\/p><p><span style=\"color: #003366;\"><a style=\"background-color: #ffffff; color: #003366;\" href=\"http:\/\/www.ktvworkingdrone.com\/il\"><strong>Israel<\/strong><\/a><\/span><\/p><p><span style=\"color: #003366;\"><a style=\"color: #003366;\" href=\"http:\/\/ktvworkingdrone.com\/it\"><b>Italia<\/b><\/a><\/span><\/p><p><span style=\"color: #003366;\">Japani\u00a0<\/span><\/p><p><span style=\"color: #003366;\"><strong><a style=\"color: #003366;\" href=\"http:\/\/ktvworkingdrone.com\/kw\">Kuwait<\/a><\/strong><\/span><\/p><p><span style=\"color: #003366;\">Libanon\u00a0<\/span><\/p><p><a style=\"color: #003366;\" href=\"http:\/\/ktvworkingdrone.com\/lu\"><strong>Luxemburg<\/strong><\/a><\/p><div><p><strong><a href=\"http:\/\/www.ktvworkingdrone.com\/my\"><span style=\"color: #003366;\">Malesia<\/span><\/a><\/strong><\/p><p><span style=\"color: #003366;\">Meksiko\u00a0<\/span><\/p><p><span style=\"color: #003366;\"><a style=\"color: #003366;\" href=\"http:\/\/ktvworkingdrone.com\/nl\"><strong>Alankomaat<\/strong><\/a><\/span><\/p><p><span style=\"color: #003366;\"><a style=\"color: #003366;\" href=\"http:\/\/ktvworkingdrone.com\/nz\">Uusi-Seelanti<\/a>\u00a0<\/span><\/p><p><strong>Norja<\/strong><\/p><p><span style=\"color: #003366;\">Oman<\/span><\/p><p><strong><a href=\"http:\/\/www.ktvworkingdrone.com\/pa\"><span style=\"color: #003366;\">Panama<\/span><\/a><\/strong><\/p><p><span style=\"color: #003366;\">Paraguay\u00a0<\/span><\/p><p><span style=\"color: #003366;\">Peru\u00a0<\/span><\/p><p><strong>Filippiinit<\/strong><\/p><p>Puola<\/p><p><strong><a href=\"http:\/\/www.ktvworkingdrone.com\/pt\"><span style=\"color: #003366;\">Portugali<\/span><\/a><\/strong><\/p><p><span style=\"color: #003366;\">Puerto Rico\u00a0<\/span><\/p><p><span style=\"color: #003366;\"><a style=\"color: #003366;\" href=\"http:\/\/www.ktvworkingdrone.com\/qa\"><strong>Qatar<\/strong><\/a><\/span><\/p><p><span style=\"color: #003366;\">Romania\u00a0<\/span><\/p><p><span style=\"color: #003366;\"><a style=\"color: #003366;\" href=\"http:\/\/www.ktvworkingdrone.com\/ksa\"><b>Saudi-Arabia<\/b><\/a><\/span><\/p><p><span style=\"color: #003366;\"><a style=\"color: #003366;\" href=\"http:\/\/ktvworkingdrone.com\/scot\"><strong>Skotlanti<\/strong><\/a><\/span><\/p><p><span style=\"color: #003366;\"><a style=\"color: #003366;\" href=\"http:\/\/www.ktvworkingdrone.com\/sg\"><strong>Singapore<\/strong><\/a><\/span><\/p><p><span style=\"color: #003366;\"><a style=\"color: #003366;\" href=\"http:\/\/www.ktvworkingdrone.com\/se\"><b>Ruotsi<\/b><\/a><\/span><\/p><p><strong><a href=\"http:\/\/www.ktvworkingdrone.com\/ch\"><span style=\"color: #003366;\">Sveitsi<\/span><\/a><\/strong><\/p><p><span style=\"color: #003366;\"><a style=\"color: #003366;\" href=\"http:\/\/www.ktvworkingdrone.com\/es\"><b>Espanja &#8211; sis.<\/b>\u00a0Gibraltar<\/a><\/span><\/p><p><span style=\"color: #003366;\"><a style=\"color: #003366;\" href=\"http:\/\/www.ktvworkingdrone.com\/za\"><strong>Etel\u00e4 -Afrikka<\/strong> <\/a><\/span><\/p><p><span style=\"color: #003366;\"><a style=\"color: #003366;\" href=\"http:\/\/www.ktvworkingdrone.com\/kr\"><b>Etel\u00e4 -Korea<\/b><\/a><\/span><\/p><p><span style=\"color: #003366;\"><a style=\"color: #003366;\" href=\"http:\/\/www.ktvworkingdrone.com\/tw\"><strong>Taiwan<\/strong><\/a><\/span><\/p><p><span style=\"color: #003366;\"><a style=\"color: #003366;\" href=\"http:\/\/ktvworkingdrone.com\/tr\"><strong>Turkki<\/strong><\/a><\/span><\/p><p><span style=\"color: #003366;\"><a style=\"color: #003366;\" href=\"http:\/\/ktvworkingdrone.com\/ae\"><strong>Yhdistyneet arabiemiraatit<\/strong><\/a><\/span><\/p><p><span style=\"color: #003366;\"><a style=\"color: #003366;\" href=\"http:\/\/www.ktvworkingdrone.com\/uk\"><strong>Iso-Britannia<\/strong><\/a><\/span><\/p><p><span style=\"color: #003366;\"><strong><a style=\"color: #003366;\" href=\"http:\/\/www.ktvworkingdrone.com\/uy\">Uruquay<\/a><\/strong><\/span><\/p><p><span style=\"color: #003366;\">Venezuela\u00a0<\/span><\/p><p><span style=\"color: #003366;\"><a style=\"color: #003366;\" href=\"http:\/\/ktvworkingdrone.com\/us\"><strong>USA<\/strong><\/a><\/span><\/p><p><strong>Sambia<\/strong><\/p><\/div>\t\t\t\t\t\t\t\t<\/div>\n\t\t\t\t<\/div>\n\t\t\t\t\t<\/div>\n\t\t<\/div>\n\t\t\t\t\t<\/div>\n\t\t<\/section>\n\t\t\t\t<\/div>\n\t\t","protected":false},"excerpt":{"rendered":"<p>KTV Working Drone -yrityksen nykyiset sijainnit KTV Working Drone toimii koko maailmassa ja lis\u00e4\u00e4 maita liittyy jatkuvasti. Kaikilla on sama filosofia, ty\u00f6turvallisuusk\u00e4yt\u00e4nt\u00f6, sama tiukka valvonta ja toimintatavat kansainv\u00e4listen laatustandardien ISO 9001, ISO 14001 ja OHSAS 18001 mukaisesti. Asutpa miss\u00e4 p\u00e4in maailmaa tahansa, KTV Working Dronella on siviili- ja ilmailuviranomaisten vaatimat toimiluvat dronen k\u00e4ytt\u00e4miseen rakennusten puhdistamiseen. [&hellip;]<\/p>\n","protected":false},"author":2,"featured_media":0,"parent":0,"menu_order":0,"comment_status":"closed","ping_status":"closed","template":"","meta":{"_seopress_robots_primary_cat":"","_seopress_titles_title":"","_seopress_titles_desc":"","_seopress_robots_index":"","footnotes":""},"class_list":["post-5051","page","type-page","status-publish","hentry"],"_links":{"self":[{"href":"https:\/\/ktvworkingdrone.com\/fi-staging\/wp-json\/wp\/v2\/pages\/5051","targetHints":{"allow":["GET"]}}],"collection":[{"href":"https:\/\/ktvworkingdrone.com\/fi-staging\/wp-json\/wp\/v2\/pages"}],"about":[{"href":"https:\/\/ktvworkingdrone.com\/fi-staging\/wp-json\/wp\/v2\/types\/page"}],"author":[{"embeddable":true,"href":"https:\/\/ktvworkingdrone.com\/fi-staging\/wp-json\/wp\/v2\/users\/2"}],"replies":[{"embeddable":true,"href":"https:\/\/ktvworkingdrone.com\/fi-staging\/wp-json\/wp\/v2\/comments?post=5051"}],"version-history":[{"count":40,"href":"https:\/\/ktvworkingdrone.com\/fi-staging\/wp-json\/wp\/v2\/pages\/5051\/revisions"}],"predecessor-version":[{"id":5513,"href":"https:\/\/ktvworkingdrone.com\/fi-staging\/wp-json\/wp\/v2\/pages\/5051\/revisions\/5513"}],"wp:attachment":[{"href":"https:\/\/ktvworkingdrone.com\/fi-staging\/wp-json\/wp\/v2\/media?parent=5051"}],"curies":[{"name":"wp","href":"https:\/\/api.w.org\/{rel}","templated":true}]}}