{"id":8964,"date":"2025-09-20T08:28:21","date_gmt":"2025-09-20T08:28:21","guid":{"rendered":"https:\/\/ktvworkingdrone.com\/de\/?page_id=8964"},"modified":"2025-09-20T08:31:51","modified_gmt":"2025-09-20T08:31:51","slug":"impressum","status":"publish","type":"page","link":"https:\/\/ktvworkingdrone.com\/de\/impressum\/","title":{"rendered":"impressum"},"content":{"rendered":"\t\t<div data-elementor-type=\"wp-page\" data-elementor-id=\"8964\" class=\"elementor elementor-8964\" data-elementor-post-type=\"page\">\n\t\t\t\t\t\t<section class=\"elementor-section elementor-top-section elementor-element elementor-element-78bccd53 elementor-section-full_width elementor-section-height-min-height elementor-section-content-middle elementor-hidden-tablet elementor-hidden-mobile elementor-section-height-default elementor-section-items-middle\" data-id=\"78bccd53\" data-element_type=\"section\" data-e-type=\"section\">\n\t\t\t\t\t\t<div class=\"elementor-container elementor-column-gap-default\">\n\t\t\t\t\t<div class=\"elementor-column elementor-col-100 elementor-top-column elementor-element elementor-element-516ee933\" data-id=\"516ee933\" data-element_type=\"column\" data-e-type=\"column\">\n\t\t\t<div class=\"elementor-widget-wrap elementor-element-populated\">\n\t\t\t\t\t\t<div class=\"elementor-element elementor-element-16db2f9 elementor--h-position-left elementor--v-position-bottom elementor-arrows-position-inside elementor-pagination-position-inside elementor-widget elementor-widget-slides\" data-id=\"16db2f9\" data-element_type=\"widget\" data-e-type=\"widget\" data-settings=\"{&quot;navigation&quot;:&quot;both&quot;,&quot;autoplay&quot;:&quot;yes&quot;,&quot;pause_on_hover&quot;:&quot;yes&quot;,&quot;pause_on_interaction&quot;:&quot;yes&quot;,&quot;autoplay_speed&quot;:5000,&quot;infinite&quot;:&quot;yes&quot;,&quot;transition&quot;:&quot;slide&quot;,&quot;transition_speed&quot;:500}\" data-widget_type=\"slides.default\">\n\t\t\t\t<div class=\"elementor-widget-container\">\n\t\t\t\t\t\t\t\t\t<div class=\"elementor-swiper\">\n\t\t\t\t\t<div class=\"elementor-slides-wrapper elementor-main-swiper swiper\" role=\"region\" aria-roledescription=\"carousel\" aria-label=\"Slides\" dir=\"ltr\" data-animation=\"fadeInUp\">\n\t\t\t\t<div class=\"swiper-wrapper elementor-slides\">\n\t\t\t\t\t\t\t\t\t\t<div class=\"elementor-repeater-item-d5f3bf9 swiper-slide\" role=\"group\" aria-roledescription=\"slide\"><div class=\"swiper-slide-bg elementor-ken-burns elementor-ken-burns--in\" role=\"img\" aria-label=\"ktvdroneflag.jpg\"><\/div><div class=\"elementor-background-overlay\"><\/div><div class=\"swiper-slide-inner\" ><div class=\"swiper-slide-contents\"><\/div><\/div><\/div>\t\t\t\t<\/div>\n\t\t\t\t\t\t\t<\/div>\n\t\t\t\t<\/div>\n\t\t\t\t\t\t\t\t<\/div>\n\t\t\t\t<\/div>\n\t\t\t\t\t<\/div>\n\t\t<\/div>\n\t\t\t\t\t<\/div>\n\t\t<\/section>\n\t\t\t\t<section class=\"elementor-section elementor-top-section elementor-element elementor-element-33f36875 elementor-section-boxed elementor-section-height-default elementor-section-height-default\" data-id=\"33f36875\" data-element_type=\"section\" data-e-type=\"section\" data-settings=\"{&quot;background_background&quot;:&quot;classic&quot;}\">\n\t\t\t\t\t\t<div class=\"elementor-container elementor-column-gap-default\">\n\t\t\t\t\t<div class=\"elementor-column elementor-col-50 elementor-top-column elementor-element elementor-element-4a35661c\" data-id=\"4a35661c\" data-element_type=\"column\" data-e-type=\"column\" data-settings=\"{&quot;background_background&quot;:&quot;classic&quot;}\">\n\t\t\t<div class=\"elementor-widget-wrap elementor-element-populated\">\n\t\t\t\t\t\t<div class=\"elementor-element elementor-element-55871f0a elementor-widget elementor-widget-heading\" data-id=\"55871f0a\" data-element_type=\"widget\" data-e-type=\"widget\" data-widget_type=\"heading.default\">\n\t\t\t\t<div class=\"elementor-widget-container\">\n\t\t\t\t\t<h2 class=\"elementor-heading-title elementor-size-default\">Impressum<\/h2>\t\t\t\t<\/div>\n\t\t\t\t<\/div>\n\t\t\t\t<div class=\"elementor-element elementor-element-2c83d235 elementor-widget elementor-widget-text-editor\" data-id=\"2c83d235\" data-element_type=\"widget\" data-e-type=\"widget\" data-widget_type=\"text-editor.default\">\n\t\t\t\t<div class=\"elementor-widget-container\">\n\t\t\t\t\t\t\t\t\t<p><strong>Anbieter dieser Website:<\/strong><\/p><p>Name:<br \/><strong>KTV Working Drone Germany GmbH<\/strong><\/p><p>Rechtsform, Sitz: Die KTV Working Drone Germany GmbH ist eine Gesellschaft mit beschr\u00e4nkter Haftung mit Sitz in Heidelberg.<\/p><p>Umsatzsteuer-Identifikationsnummer ( <span style=\"color: #000080;\"><a style=\"color: #000080;\" href=\"https:\/\/www.gesetze-im-internet.de\/ustg_1980\/__27a.html\" target=\"_blank\" rel=\"noopener\">\u00a7 27a des UStG<\/a><\/span>): DE361996251<\/p><p><strong>Vertretungsberechtigte:<br \/><\/strong>vertreten durch die Gesch\u00e4ftsf\u00fchrer: Odd Grodas und Gro Kathrin Grodas<\/p><p>Registergericht der KG: Amtsgericht Mannheim<br \/>Registernummer der KG: HRB 747792<\/p><p><strong>Postanschrift:<\/strong><br \/>Am Gutleuthofhang 54, 69118 Heidelberg<\/p><p><strong>Kontaktdaten:<br \/><\/strong>E-Mail: \u00a0<span style=\"color: #000080;\"><a style=\"color: #000080;\" href=\"mailto:info.de@ktvworkingdrone.com\">info.de@ktvworkingdrone.com<\/a><\/span><\/p><p>Telefon: +49 (0) 151 70282929<\/p><p>Internetseite: <span style=\"color: #000080;\"><a style=\"color: #000080;\" href=\"https:\/\/ktvworkingdrone.com\/de\/\">https:\/\/ktvworkingdrone.com\/de\/<\/a><\/span><\/p><p>Zust\u00e4ndige Kammer: Handwerkskammer Mannheim Rhein-Neckar-Odenwald, B1 1-2, 68159 Mannheim, <span style=\"color: #000080;\"><a style=\"color: #000080;\" href=\"https:\/\/www.hwk-mannheim.de\" target=\"_blank\" rel=\"noopener\">https:\/\/www.hwk-mannheim.de<\/a><\/span><\/p><p><strong><br \/>Angaben zur Berufshaftpflichtversicherung<br \/><br \/><\/strong>Name und Sitz des Versicherers:<br \/>R+V Allgemeine Versicherung AG Mittlerer Pfad 24<br \/>70499 Stuttgart<\/p><p>Geltungsraum der Versicherung:<br \/>Deutschland<\/p><p><strong><br \/>EU-Streitschlichtung<br \/><\/strong>Die Europ\u00e4ische Kommission stellt eine Plattform zur Online-Streitbeilegung (OS) bereit: <span style=\"color: #000080;\"><a style=\"color: #000080;\" href=\"https:\/\/ec.europa.eu\/consumers\/odr\" target=\"_blank\" rel=\"noopener\">https:\/\/ec.europa.eu\/consumers\/odr<\/a><\/span>.<\/p><p><strong>Information zur au\u00dfergerichtlichen Streitbeilegung:<br \/><\/strong>Wir sind nicht bereit oder verpflichtet, an Streitbeilegungsverfahren vor einer Verbraucherschlichtungsstelle im Sinne des <span style=\"color: #000080;\"><a style=\"color: #000080;\" href=\"https:\/\/www.gesetze-im-internet.de\/vsbg\/__36.html\" target=\"_blank\" rel=\"noopener\">\u00a7 36 VSBG<\/a> <\/span>teilzunehmen.<\/p><p><strong>Haftung<br \/><\/strong>Wir sind f\u00fcr die Inhalte unserer Internetseiten nach den Ma\u00dfgaben der allgemeinen Gesetzen, verantwortlich. Alle Inhalte werden mit der gebotenen Sorgfalt und nach bestem Wissen erstellt. Soweit wir auf unseren Internetseiten mittels Hyperlink auf Internetseiten Dritter verweisen, k\u00f6nnen wir keine Gew\u00e4hr f\u00fcr die fortw\u00e4hrende Aktualit\u00e4t, Richtigkeit und Vollst\u00e4ndigkeit der verlinkten Inhalte \u00fcbernehmen, da diese Inhalte au\u00dferhalb unseres Verantwortungsbereichs liegen und wir auf die zuk\u00fcnftige Gestaltung keinen Einfluss haben. Sollten aus Ihrer Sicht Inhalte gegen geltendes Recht versto\u00dfen oder unangemessen sein, teilen Sie uns dies bitte mit.<\/p><p>Die rechtlichen Hinweise auf dieser Seite sowie alle Fragen und Streitigkeiten im Zusammenhang mit der Gestaltung dieser Internetseite unterliegen dem Recht der Bundesrepublik Deutschland.<\/p><p><strong>Datenschutz<br \/><\/strong>Unsere <span style=\"color: #000080;\"><a style=\"color: #000080;\" href=\"https:\/\/ktvworkingdrone.com\/de\/datenschutzhinweis\/\" target=\"_blank\" rel=\"noopener\">Datenschutzhinweise<\/a><\/span> finden Sie unter (<span style=\"color: #000080;\"><a style=\"color: #000080;\" href=\"https:\/\/ktvworkingdrone.com\/de\/datenschutzhinweis\/\" target=\"_blank\" rel=\"noopener\">https:\/\/ktvworkingdrone.com\/de\/datenschutzhinweis\/)<\/a><\/span>.<\/p><p><strong>Urheberrechtshinweis<br \/><\/strong>Die auf unserer Internetseite vorhandenen Texte, Bilder, Fotos, Videos oder Grafiken unterliegen in der Regel dem Schutz des Urheberrechts. Jede unberechtigte Verwendung (insbesondere die Vervielf\u00e4ltigung, Bearbeitung oder Verbreitung) dieser urheberrechtsgesch\u00fctzten Inhalte ist daher untersagt. Wenn Sie beabsichtigen, diese Inhalte oder Teile davon zu verwenden, kontaktieren Sie uns bitte im Voraus unter den oben stehenden Angaben. Soweit wir nicht selbst Inhaber der ben\u00f6tigten urheberrechtlichen Nutzungsrechte sein sollten, bem\u00fchen wir uns, einen Kontakt zum Berechtigten zu vermitteln.<\/p>\t\t\t\t\t\t\t\t<\/div>\n\t\t\t\t<\/div>\n\t\t\t\t\t<\/div>\n\t\t<\/div>\n\t\t\t\t<div class=\"elementor-column elementor-col-50 elementor-top-column elementor-element elementor-element-f6bc411\" data-id=\"f6bc411\" data-element_type=\"column\" data-e-type=\"column\" data-settings=\"{&quot;background_background&quot;:&quot;classic&quot;,&quot;background_motion_fx_motion_fx_scrolling&quot;:&quot;yes&quot;,&quot;background_motion_fx_scale_effect&quot;:&quot;yes&quot;,&quot;background_motion_fx_scale_direction&quot;:&quot;in-out&quot;,&quot;background_motion_fx_scale_speed&quot;:{&quot;unit&quot;:&quot;px&quot;,&quot;size&quot;:4,&quot;sizes&quot;:[]},&quot;background_motion_fx_scale_range&quot;:{&quot;unit&quot;:&quot;%&quot;,&quot;size&quot;:&quot;&quot;,&quot;sizes&quot;:{&quot;start&quot;:20,&quot;end&quot;:80}},&quot;background_motion_fx_devices&quot;:[&quot;desktop&quot;,&quot;tablet&quot;,&quot;mobile&quot;]}\">\n\t\t\t<div class=\"elementor-widget-wrap\">\n\t\t\t\t\t<div class=\"elementor-background-overlay\"><\/div>\n\t\t\t\t\t\t\t<\/div>\n\t\t<\/div>\n\t\t\t\t\t<\/div>\n\t\t<\/section>\n\t\t\t\t<\/div>\n\t\t","protected":false},"excerpt":{"rendered":"<p>Impressum Anbieter dieser Website: Name:KTV Working Drone Germany GmbH Rechtsform, Sitz: Die KTV Working Drone Germany GmbH ist eine Gesellschaft mit beschr\u00e4nkter Haftung mit Sitz in Heidelberg. Umsatzsteuer-Identifikationsnummer ( \u00a7 27a des UStG): DE361996251 Vertretungsberechtigte:vertreten durch die Gesch\u00e4ftsf\u00fchrer: Odd Grodas und Gro Kathrin Grodas Registergericht der KG: Amtsgericht MannheimRegisternummer der KG: HRB 747792 Postanschrift:Am Gutleuthofhang [&hellip;]<\/p>\n","protected":false},"author":5,"featured_media":0,"parent":0,"menu_order":0,"comment_status":"closed","ping_status":"closed","template":"","meta":{"_seopress_robots_primary_cat":"","_seopress_titles_title":"","_seopress_titles_desc":"","_seopress_robots_index":"","footnotes":""},"class_list":["post-8964","page","type-page","status-publish","hentry"],"_links":{"self":[{"href":"https:\/\/ktvworkingdrone.com\/de\/wp-json\/wp\/v2\/pages\/8964","targetHints":{"allow":["GET"]}}],"collection":[{"href":"https:\/\/ktvworkingdrone.com\/de\/wp-json\/wp\/v2\/pages"}],"about":[{"href":"https:\/\/ktvworkingdrone.com\/de\/wp-json\/wp\/v2\/types\/page"}],"author":[{"embeddable":true,"href":"https:\/\/ktvworkingdrone.com\/de\/wp-json\/wp\/v2\/users\/5"}],"replies":[{"embeddable":true,"href":"https:\/\/ktvworkingdrone.com\/de\/wp-json\/wp\/v2\/comments?post=8964"}],"version-history":[{"count":9,"href":"https:\/\/ktvworkingdrone.com\/de\/wp-json\/wp\/v2\/pages\/8964\/revisions"}],"predecessor-version":[{"id":8987,"href":"https:\/\/ktvworkingdrone.com\/de\/wp-json\/wp\/v2\/pages\/8964\/revisions\/8987"}],"wp:attachment":[{"href":"https:\/\/ktvworkingdrone.com\/de\/wp-json\/wp\/v2\/media?parent=8964"}],"curies":[{"name":"wp","href":"https:\/\/api.w.org\/{rel}","templated":true}]}}