{"id":119,"date":"2025-06-23T10:56:01","date_gmt":"2025-06-23T10:56:01","guid":{"rendered":"https:\/\/ktvwd.com\/au\/?page_id=119"},"modified":"2025-08-28T08:35:46","modified_gmt":"2025-08-28T08:35:46","slug":"about","status":"publish","type":"page","link":"https:\/\/ktvworkingdrone.com\/de\/about\/","title":{"rendered":"About"},"content":{"rendered":"\t\t<div data-elementor-type=\"wp-page\" data-elementor-id=\"119\" class=\"elementor elementor-119\" data-elementor-post-type=\"page\">\n\t\t\t\t<div class=\"elementor-element elementor-element-3ccbcb40 e-flex e-con-boxed e-con e-parent\" data-id=\"3ccbcb40\" data-element_type=\"container\" data-e-type=\"container\" data-settings=\"{&quot;background_background&quot;:&quot;classic&quot;,&quot;background_motion_fx_motion_fx_scrolling&quot;:&quot;yes&quot;,&quot;background_motion_fx_translateY_effect&quot;:&quot;yes&quot;,&quot;background_motion_fx_translateY_direction&quot;:&quot;negative&quot;,&quot;background_motion_fx_translateY_speed&quot;:{&quot;unit&quot;:&quot;px&quot;,&quot;size&quot;:7.5,&quot;sizes&quot;:[]},&quot;background_motion_fx_translateY_affectedRange&quot;:{&quot;unit&quot;:&quot;%&quot;,&quot;size&quot;:&quot;&quot;,&quot;sizes&quot;:{&quot;start&quot;:0,&quot;end&quot;:100}},&quot;background_motion_fx_devices&quot;:[&quot;desktop&quot;,&quot;tablet&quot;,&quot;mobile&quot;]}\">\n\t\t\t\t\t<div class=\"e-con-inner\">\n\t\t<div class=\"elementor-element elementor-element-324d77be e-con-full e-flex e-con e-child\" data-id=\"324d77be\" data-element_type=\"container\" data-e-type=\"container\">\n\t\t\t\t<div class=\"elementor-element elementor-element-0e8aa88 elementor-widget elementor-widget-heading\" data-id=\"0e8aa88\" data-element_type=\"widget\" data-e-type=\"widget\" data-widget_type=\"heading.default\">\n\t\t\t\t<div class=\"elementor-widget-container\">\n\t\t\t\t\t<h1 class=\"elementor-heading-title elementor-size-default\">\u00dcber uns\n<\/h1>\t\t\t\t<\/div>\n\t\t\t\t<\/div>\n\t\t\t\t<div class=\"elementor-element elementor-element-6a3ee961 elementor-widget elementor-widget-heading\" data-id=\"6a3ee961\" data-element_type=\"widget\" data-e-type=\"widget\" data-widget_type=\"heading.default\">\n\t\t\t\t<div class=\"elementor-widget-container\">\n\t\t\t\t\t<h1 class=\"elementor-heading-title elementor-size-default\">Bei KTV Working Drone ist es unser zentrales Ziel, einen positiven Beitrag zu leisten und den Arbeitsalltag der Menschen zu verbessern.\n<\/h1>\t\t\t\t<\/div>\n\t\t\t\t<\/div>\n\t\t\t\t<div class=\"elementor-element elementor-element-62ccd76 elementor-widget__width-inherit elementor-widget elementor-widget-text-editor\" data-id=\"62ccd76\" data-element_type=\"widget\" data-e-type=\"widget\" data-widget_type=\"text-editor.default\">\n\t\t\t\t<div class=\"elementor-widget-container\">\n\t\t\t\t\t\t\t\t\t<p>Wir setzen uns daf\u00fcr ein, die Sicherheit und das Wohlbefinden derjenigen zu f\u00f6rdern, die in gro\u00dfer H\u00f6he arbeiten \u2013 darunter Bediener von Hebeb\u00fchnen, Ger\u00fcstbauer und Fassadenkletterer. Diese k\u00f6rperlich anspruchsvollen T\u00e4tigkeiten f\u00fchren h\u00e4ufig zu Belastungsverletzungen und bergen t\u00e4glich erhebliche Risiken.<br \/>Mit unseren innovativen, drohnengest\u00fctzten L\u00f6sungen engagieren wir uns daf\u00fcr, diese Berufsgruppen zu unterst\u00fctzen und ihre Arbeitsbedingungen nachhaltig zu verbessern.<\/p>\t\t\t\t\t\t\t\t<\/div>\n\t\t\t\t<\/div>\n\t\t\t\t<\/div>\n\t\t\t\t\t<\/div>\n\t\t\t\t<\/div>\n\t\t<div class=\"elementor-element elementor-element-713adac e-flex e-con-boxed e-con e-child\" data-id=\"713adac\" data-element_type=\"container\" data-e-type=\"container\" data-settings=\"{&quot;background_background&quot;:&quot;classic&quot;}\">\n\t\t\t\t\t<div class=\"e-con-inner\">\n\t\t<div class=\"elementor-element elementor-element-5306d65 e-con-full e-flex e-con e-child\" data-id=\"5306d65\" data-element_type=\"container\" data-e-type=\"container\" data-settings=\"{&quot;background_background&quot;:&quot;classic&quot;,&quot;background_motion_fx_motion_fx_scrolling&quot;:&quot;yes&quot;,&quot;background_motion_fx_translateY_effect&quot;:&quot;yes&quot;,&quot;background_motion_fx_translateY_speed&quot;:{&quot;unit&quot;:&quot;px&quot;,&quot;size&quot;:2,&quot;sizes&quot;:[]},&quot;background_motion_fx_translateY_affectedRange&quot;:{&quot;unit&quot;:&quot;%&quot;,&quot;size&quot;:&quot;&quot;,&quot;sizes&quot;:{&quot;start&quot;:0,&quot;end&quot;:100}},&quot;background_motion_fx_devices&quot;:[&quot;desktop&quot;,&quot;tablet&quot;,&quot;mobile&quot;]}\">\n\t\t\t\t<\/div>\n\t\t<div class=\"elementor-element elementor-element-a7f12c1 e-con-full e-flex e-con e-child\" data-id=\"a7f12c1\" data-element_type=\"container\" data-e-type=\"container\">\n\t\t\t\t<div class=\"elementor-element elementor-element-9300e28 elementor-widget__width-inherit elementor-widget elementor-widget-heading\" data-id=\"9300e28\" data-element_type=\"widget\" data-e-type=\"widget\" data-widget_type=\"heading.default\">\n\t\t\t\t<div class=\"elementor-widget-container\">\n\t\t\t\t\t<div class=\"elementor-heading-title elementor-size-default\">KTV Working Drone<\/div>\t\t\t\t<\/div>\n\t\t\t\t<\/div>\n\t\t\t\t<div class=\"elementor-element elementor-element-d367c3c elementor-widget elementor-widget-heading\" data-id=\"d367c3c\" data-element_type=\"widget\" data-e-type=\"widget\" data-widget_type=\"heading.default\">\n\t\t\t\t<div class=\"elementor-widget-container\">\n\t\t\t\t\t<h1 class=\"elementor-heading-title elementor-size-default\">Unsere Geschichte\n<\/h1>\t\t\t\t<\/div>\n\t\t\t\t<\/div>\n\t\t\t\t<div class=\"elementor-element elementor-element-f39802b elementor-widget elementor-widget-heading\" data-id=\"f39802b\" data-element_type=\"widget\" data-e-type=\"widget\" data-widget_type=\"heading.default\">\n\t\t\t\t<div class=\"elementor-widget-container\">\n\t\t\t\t\t<h2 class=\"elementor-heading-title elementor-size-default\">\u00dcber den Gr\u00fcnder und die Entwicklung der Reinigung<\/h2>\t\t\t\t<\/div>\n\t\t\t\t<\/div>\n\t\t\t\t<div class=\"elementor-element elementor-element-aa3ec1d elementor-widget elementor-widget-text-editor\" data-id=\"aa3ec1d\" data-element_type=\"widget\" data-e-type=\"widget\" data-widget_type=\"text-editor.default\">\n\t\t\t\t<div class=\"elementor-widget-container\">\n\t\t\t\t\t\t\t\t\t<h5>Kennet Nilsen gr\u00fcndete KTV im Jahr 1992. Seitdem hat sich das Unternehmen zu einem f\u00fchrenden Anbieter von Fassaden- und Fensterreinigungsdiensten entwickelt \u2013 mit \u00fcber drei Jahrzehnten Erfahrung.<\/h5><p>Mit dem Wachstum des Unternehmens wurde das Leistungsspektrum erweitert, um sowohl Offshore- als auch landbasierte Industrien mit professioneller Reinigung und Oberfl\u00e4chenbehandlung zu bedienen. Dies f\u00fchrte zur Entwicklung der KTV Working Drone \u2013 einer hochmodernen, drohnengest\u00fctzten L\u00f6sung f\u00fcr eine Vielzahl von Branchen.<\/p><p>Im Jahr 2022 etablierte sich die KTV Working Drone als Pionier in der Fassaden- und Fensterreinigung. Das Team widmete mehrere Jahre der Entwicklung modernster Ausr\u00fcstung, innovativer Systeme und effizienter Verfahren, um Kunden weltweit eine sicherere und einheitlichere L\u00f6sung zu bieten. Besonderer Wert wird dabei auf h\u00f6chste Servicequalit\u00e4t gelegt \u2013 unabh\u00e4ngig davon, in welchem Land die Kunden t\u00e4tig sind.<\/p><p>Forschung und Entwicklung stehen im Zentrum der Aktivit\u00e4ten von KTV Working Drone. Wir investieren kontinuierlich in die Weiterentwicklung unserer Technologie und arbeiten eng mit unseren Partnern zusammen, um gemeinsame Fortschritte zu erzielen. Unsere Partner spielen eine entscheidende Rolle in unserem Innovationsprozess, und wir sind \u00fcberzeugt, dass der Austausch von Erfahrungen die Grundlage f\u00fcr nachhaltiges Wachstum bildet. W\u00e4hrend wir unsere weltweite Pr\u00e4senz stetig ausbauen, bleiben wir unserem Ziel treu: unsere Kompetenzen gemeinsam mit unseren Partnern weiterzuentwickeln und zu st\u00e4rken.<\/p>\t\t\t\t\t\t\t\t<\/div>\n\t\t\t\t<\/div>\n\t\t\t\t<\/div>\n\t\t\t\t\t<\/div>\n\t\t\t\t<\/div>\n\t\t<div class=\"elementor-element elementor-element-35deff6a e-flex e-con-boxed e-con e-child\" data-id=\"35deff6a\" data-element_type=\"container\" data-e-type=\"container\" data-settings=\"{&quot;background_background&quot;:&quot;classic&quot;}\">\n\t\t\t\t\t<div class=\"e-con-inner\">\n\t\t<div class=\"elementor-element elementor-element-7af4db00 e-con-full e-flex e-con e-child\" data-id=\"7af4db00\" data-element_type=\"container\" data-e-type=\"container\">\n\t\t\t\t<div class=\"elementor-element elementor-element-769d2840 elementor-widget__width-inherit elementor-widget elementor-widget-heading\" data-id=\"769d2840\" data-element_type=\"widget\" data-e-type=\"widget\" data-widget_type=\"heading.default\">\n\t\t\t\t<div class=\"elementor-widget-container\">\n\t\t\t\t\t<div class=\"elementor-heading-title elementor-size-default\">Die weltweit erste Arbeitsdrohne\n<\/div>\t\t\t\t<\/div>\n\t\t\t\t<\/div>\n\t\t\t\t<div class=\"elementor-element elementor-element-60fdaf22 elementor-widget elementor-widget-heading\" data-id=\"60fdaf22\" data-element_type=\"widget\" data-e-type=\"widget\" data-widget_type=\"heading.default\">\n\t\t\t\t<div class=\"elementor-widget-container\">\n\t\t\t\t\t<h2 class=\"elementor-heading-title elementor-size-default\">Wir setzen den Standard f\u00fcr Arbeitsdrohnen<\/h2>\t\t\t\t<\/div>\n\t\t\t\t<\/div>\n\t\t\t\t<div class=\"elementor-element elementor-element-2234112 elementor-widget elementor-widget-text-editor\" data-id=\"2234112\" data-element_type=\"widget\" data-e-type=\"widget\" data-widget_type=\"text-editor.default\">\n\t\t\t\t<div class=\"elementor-widget-container\">\n\t\t\t\t\t\t\t\t\t<p><span data-sheets-root=\"1\"><strong>KTV Working Drone entstand aus der KTV Group, die 1992 von Kennet Nilsen gegr\u00fcndet wurde. Die KTV Group verf\u00fcgt \u00fcber mehr als 30 Jahre Erfahrung in der Fassaden- und Glasreinigung und gilt als ausgewiesener Experte auf diesem Gebiet.<\/strong><br \/><br \/>Die Idee f\u00fcr KTV Working Drone entstand 2015 \u2013 mit dem Ziel, eine innovative und effiziente Methode zur Reinigung von Fassaden und Fenstern zu entwickeln. Um die Drohne f\u00fcr diesen Zweck nutzbar zu machen, waren zahlreiche Anpassungen notwendig. Das Ergebnis ist eine einzigartige Drohne mit ma\u00dfgeschneiderten Halterungen und speziell entwickeltem Reinigungsequipment. Zudem wurde eine zum Patent angemeldete Sicherheitsl\u00f6sung entwickelt, die ein Herabfallen der Drohne w\u00e4hrend des Betriebs verhindert.<br \/><br \/>Die Drohne wurde intensiv getestet und seit 2020 von der KTV Group in Norwegen erfolgreich im operativen Einsatz f\u00fcr Fassaden- und Glasreinigungen genutzt.<br \/><br \/>Im Jahr 2022 war KTV Working Drone marktreif und die Internationalisierung begann. Heute ist KTV Working Drone bereits in vielen L\u00e4ndern der Welt etabliert, und das Partnernetzwerk w\u00e4chst kontinuierlich.<br \/><br \/>Die Zukunft bietet vielf\u00e4ltige Entwicklungsm\u00f6glichkeiten: Schon bald werden unsere Drohnen in der Lage sein, kleine Reparaturen, Spezialinspektionen und sogar Oberfl\u00e4chenbehandlungen durchzuf\u00fchren.<\/span><\/p>\t\t\t\t\t\t\t\t<\/div>\n\t\t\t\t<\/div>\n\t\t\t\t<\/div>\n\t\t\t\t<div class=\"elementor-element elementor-element-72f4a6b6 elementor-widget__width-inherit elementor-widget elementor-widget-image\" data-id=\"72f4a6b6\" data-element_type=\"widget\" data-e-type=\"widget\" data-widget_type=\"image.default\">\n\t\t\t\t<div class=\"elementor-widget-container\">\n\t\t\t\t\t\t\t\t\t\t\t\t\t\t\t<img fetchpriority=\"high\" decoding=\"async\" width=\"1080\" height=\"1080\" src=\"https:\/\/ktvworkingdrone.com\/de\/wp-content\/uploads\/sites\/339\/2025\/07\/lovaasen_400_8_2.jpg\" class=\"attachment-full size-full wp-image-2586\" alt=\"Image of KTV Working Drone\" srcset=\"https:\/\/ktvworkingdrone.com\/de\/wp-content\/uploads\/sites\/339\/2025\/07\/lovaasen_400_8_2.jpg 1080w, https:\/\/ktvworkingdrone.com\/de\/wp-content\/uploads\/sites\/339\/2025\/07\/lovaasen_400_8_2-300x300.jpg 300w, https:\/\/ktvworkingdrone.com\/de\/wp-content\/uploads\/sites\/339\/2025\/07\/lovaasen_400_8_2-1024x1024.jpg 1024w, https:\/\/ktvworkingdrone.com\/de\/wp-content\/uploads\/sites\/339\/2025\/07\/lovaasen_400_8_2-150x150.jpg 150w, https:\/\/ktvworkingdrone.com\/de\/wp-content\/uploads\/sites\/339\/2025\/07\/lovaasen_400_8_2-768x768.jpg 768w\" sizes=\"(max-width: 1080px) 100vw, 1080px\" \/>\t\t\t\t\t\t\t\t\t\t\t\t\t\t\t<\/div>\n\t\t\t\t<\/div>\n\t\t\t\t\t<\/div>\n\t\t\t\t<\/div>\n\t\t<div class=\"elementor-element elementor-element-2c50860 e-flex e-con-boxed e-con e-child\" data-id=\"2c50860\" data-element_type=\"container\" data-e-type=\"container\" data-settings=\"{&quot;background_background&quot;:&quot;classic&quot;}\">\n\t\t\t\t\t<div class=\"e-con-inner\">\n\t\t<div class=\"elementor-element elementor-element-a8142db e-con-full e-flex e-con e-child\" data-id=\"a8142db\" data-element_type=\"container\" data-e-type=\"container\">\n\t\t\t\t<div class=\"elementor-element elementor-element-d578baa elementor-widget elementor-widget-heading\" data-id=\"d578baa\" data-element_type=\"widget\" data-e-type=\"widget\" data-widget_type=\"heading.default\">\n\t\t\t\t<div class=\"elementor-widget-container\">\n\t\t\t\t\t<div class=\"elementor-heading-title elementor-size-default\">Viele Vorteile mit KTV Working Drone\n<\/div>\t\t\t\t<\/div>\n\t\t\t\t<\/div>\n\t\t\t\t<div class=\"elementor-element elementor-element-8ba04fe elementor-widget elementor-widget-heading\" data-id=\"8ba04fe\" data-element_type=\"widget\" data-e-type=\"widget\" data-widget_type=\"heading.default\">\n\t\t\t\t<div class=\"elementor-widget-container\">\n\t\t\t\t\t<h2 class=\"elementor-heading-title elementor-size-default\">Nachhaltigkeit<\/h2>\t\t\t\t<\/div>\n\t\t\t\t<\/div>\n\t\t\t\t<div class=\"elementor-element elementor-element-3f37e6c elementor-widget elementor-widget-text-editor\" data-id=\"3f37e6c\" data-element_type=\"widget\" data-e-type=\"widget\" data-widget_type=\"text-editor.default\">\n\t\t\t\t<div class=\"elementor-widget-container\">\n\t\t\t\t\t\t\t\t\t<p><span data-sheets-root=\"1\"><strong>Unsere Technologie ist darauf ausgelegt, Personal aus gef\u00e4hrlichen Arbeitsumgebungen zu entfernen \u2013 Ger\u00fcste und Hebeb\u00fchnen werden \u00fcberfl\u00fcssig. In den meisten F\u00e4llen wird die Gesamtdauer der Arbeiten erheblich verk\u00fcrzt.<\/strong><\/span><\/p><p>Dar\u00fcber hinaus haben wir den KTV PowerCleaner entwickelt \u2013 einen vollst\u00e4ndig batteriebetriebenen Hochdruckreiniger, der zu 100 % elektrisch ist. Diese Maschine ist einzigartig in ihrer Klasse und verf\u00fcgt \u00fcber ein Reinwassersystem, das den Einsatz von Chemikalien auf ein Minimum reduziert und so die Umweltbelastung verringert.<\/p>\t\t\t\t\t\t\t\t<\/div>\n\t\t\t\t<\/div>\n\t\t\t\t<\/div>\n\t\t<div class=\"elementor-element elementor-element-7eb44f9 e-con-full e-flex e-con e-child\" data-id=\"7eb44f9\" data-element_type=\"container\" data-e-type=\"container\">\n\t\t<div class=\"elementor-element elementor-element-5c62223 e-con-full e-flex e-con e-child\" data-id=\"5c62223\" data-element_type=\"container\" data-e-type=\"container\">\n\t\t\t\t<div class=\"elementor-element elementor-element-bae15b3 elementor-widget elementor-widget-text-editor\" data-id=\"bae15b3\" data-element_type=\"widget\" data-e-type=\"widget\" data-widget_type=\"text-editor.default\">\n\t\t\t\t<div class=\"elementor-widget-container\">\n\t\t\t\t\t\t\t\t\t<h3>Nachhaltige Reinigungsmethoden<\/h3><p><strong>Unsere Reinigungsmethoden wurden bereits 2015 mit einem klaren Fokus auf Nachhaltigkeit und Oberfl\u00e4chenschutz entwickelt. Ziel ist es, den Wasserdruck bei der Reinigung zu reduzieren und jeglichen mechanischen Kontakt mit den Oberfl\u00e4chen zu vermeiden.<\/strong><\/p><p>Die Systeme KTV SelfCleaner und KTV WindowCleaner sind darauf ausgelegt, Fassaden und Fenster langfristig zu sch\u00fctzen, Oberfl\u00e4chensch\u00e4den zu verhindern und gleichzeitig f\u00fcr dauerhafte Sauberkeit zu sorgen.<\/p><p>Geb\u00e4ude und Infrastrukturen in den Bereichen Immobilien, \u00d6l &amp; Gas, Energie und \u00f6ffentliche Einrichtungen haben h\u00e4ufig eine Lebensdauer von \u00fcber 100 Jahren. Deshalb ist die Wahl der richtigen Wartungsmethode entscheidend f\u00fcr Nachhaltigkeit.<\/p><p>Wir verstehen uns auf langfristige Instandhaltung, und unsere L\u00f6sungen geh\u00f6ren zu den nachhaltigsten Methoden, die heute verf\u00fcgbar sind.<\/p>\t\t\t\t\t\t\t\t<\/div>\n\t\t\t\t<\/div>\n\t\t\t\t<\/div>\n\t\t<div class=\"elementor-element elementor-element-dd3df47 e-con-full e-flex e-con e-child\" data-id=\"dd3df47\" data-element_type=\"container\" data-e-type=\"container\">\n\t\t\t\t<div class=\"elementor-element elementor-element-55e29c6 elementor-widget elementor-widget-text-editor\" data-id=\"55e29c6\" data-element_type=\"widget\" data-e-type=\"widget\" data-widget_type=\"text-editor.default\">\n\t\t\t\t<div class=\"elementor-widget-container\">\n\t\t\t\t\t\t\t\t\t<h3><strong>Digitale Compliance &amp; Dokumentation<br \/><\/strong><\/h3><p>Unser Bluetag-CRM-System ist vollst\u00e4ndig konform mit den Standards ISO 14001, ISO 45001 und ISO 9001.<\/p><p>Alle Auftr\u00e4ge und Projekte werden mit Checklisten, Risikobewertungen, Berichten und Bildern dokumentiert.<\/p><p>Diese Dokumentation ist f\u00fcr unsere Kunden ab Projektbeginn online verf\u00fcgbar \u2013 und gew\u00e4hrleistet so Transparenz, Nachverfolgbarkeit und Qualit\u00e4tskontrolle in jeder Phase.<\/p>\t\t\t\t\t\t\t\t<\/div>\n\t\t\t\t<\/div>\n\t\t\t\t<\/div>\n\t\t\t\t<\/div>\n\t\t\t\t\t<\/div>\n\t\t\t\t<\/div>\n\t\t<div class=\"elementor-element elementor-element-1b3d2a2 e-flex e-con-boxed e-con e-parent\" data-id=\"1b3d2a2\" data-element_type=\"container\" data-e-type=\"container\" data-settings=\"{&quot;background_background&quot;:&quot;classic&quot;}\">\n\t\t\t\t\t<div class=\"e-con-inner\">\n\t\t<div class=\"elementor-element elementor-element-9116d19 e-con-full e-flex e-con e-child\" data-id=\"9116d19\" data-element_type=\"container\" data-e-type=\"container\" data-settings=\"{&quot;background_background&quot;:&quot;classic&quot;,&quot;background_motion_fx_motion_fx_scrolling&quot;:&quot;yes&quot;,&quot;background_motion_fx_translateX_effect&quot;:&quot;yes&quot;,&quot;background_motion_fx_translateX_speed&quot;:{&quot;unit&quot;:&quot;px&quot;,&quot;size&quot;:2.5,&quot;sizes&quot;:[]},&quot;background_motion_fx_translateX_affectedRange&quot;:{&quot;unit&quot;:&quot;%&quot;,&quot;size&quot;:&quot;&quot;,&quot;sizes&quot;:{&quot;start&quot;:0,&quot;end&quot;:100}},&quot;background_motion_fx_devices&quot;:[&quot;desktop&quot;,&quot;tablet&quot;,&quot;mobile&quot;]}\">\n\t\t\t\t<div class=\"elementor-element elementor-element-837f121 elementor-widget elementor-widget-heading\" data-id=\"837f121\" data-element_type=\"widget\" data-e-type=\"widget\" data-widget_type=\"heading.default\">\n\t\t\t\t<div class=\"elementor-widget-container\">\n\t\t\t\t\t<h2 class=\"elementor-heading-title elementor-size-default\">Zuk\u00fcnftige Entwicklungen\n<\/h2>\t\t\t\t<\/div>\n\t\t\t\t<\/div>\n\t\t\t\t<div class=\"elementor-element elementor-element-3b58751 elementor-widget elementor-widget-heading\" data-id=\"3b58751\" data-element_type=\"widget\" data-e-type=\"widget\" data-widget_type=\"heading.default\">\n\t\t\t\t<div class=\"elementor-widget-container\">\n\t\t\t\t\t<h2 class=\"elementor-heading-title elementor-size-default\">Wie geht es weiter?<\/h2>\t\t\t\t<\/div>\n\t\t\t\t<\/div>\n\t\t\t\t<\/div>\n\t\t<div class=\"elementor-element elementor-element-fb151a5 e-con-full e-flex e-con e-child\" data-id=\"fb151a5\" data-element_type=\"container\" data-e-type=\"container\" data-settings=\"{&quot;background_background&quot;:&quot;classic&quot;}\">\n\t\t\t\t<div class=\"elementor-element elementor-element-c8bc14c elementor-widget elementor-widget-text-editor\" data-id=\"c8bc14c\" data-element_type=\"widget\" data-e-type=\"widget\" data-widget_type=\"text-editor.default\">\n\t\t\t\t<div class=\"elementor-widget-container\">\n\t\t\t\t\t\t\t\t\t<ul><li><strong>Spritzlackierung<\/strong><br \/>Mit kontinuierlicher Entwicklung, erweiterten Tests und neuen Partnerschaften mit Lackherstellern n\u00e4hern wir uns der finalen Testphase.<br \/><br \/><\/li><li><strong>H\u00f6here Einsatzh\u00f6hen<\/strong><br \/>Bei KTV Working Drone sind wir stolz darauf, innovative Technologie anbieten zu k\u00f6nnen, die es unseren Drohnen erm\u00f6glicht, sicher in H\u00f6hen von 600 Metern und mehr zu arbeiten. Unser hochmodernes Dach-Sicherheitssystem gew\u00e4hrleistet Sicherheit f\u00fcr die Drohne und f\u00fcr Personen am Boden. Wir sind \u00fcberzeugt, dass die M\u00f6glichkeiten f\u00fcr unsere Drohnen grenzenlos sind, und setzen uns daf\u00fcr ein, die Grenzen des Machbaren stetig zu erweitern.<br \/><br \/><\/li><li><strong>Autonome Drohne<\/strong><br \/>Wir arbeiten mit voller Kraft daran, unsere Drohnen vollst\u00e4ndig autonom Aufgaben erledigen zu lassen. F\u00fcr einfache Fassaden ist uns dies bereits gelungen \u2013 die Drohne arbeitet hier v\u00f6llig ohne Pilot. Unser Ziel ist es, diese F\u00e4higkeit auch f\u00fcr komplexe Geb\u00e4ude und Strukturen zu realisieren.<br \/><br \/><\/li><li><strong>Fernsteuerungszentren<\/strong><br \/>Als Teil unserer Zukunftspl\u00e4ne wollen wir Kontrollr\u00e4ume f\u00fcr Drohnenpiloten einrichten, die es erm\u00f6glichen, Drohnen weltweit \u00fcber das Internet zu steuern. Diese Entwicklung erlaubt es Piloten, aus der Ferne Unterst\u00fctzung zu leisten, Spezialaufgaben auszuf\u00fchren, sicherer zu arbeiten und erstklassige Dienstleistungen von \u00fcberall auf der Welt zu erbringen.<\/li><\/ul>\t\t\t\t\t\t\t\t<\/div>\n\t\t\t\t<\/div>\n\t\t\t\t<div class=\"elementor-element elementor-element-87473ee elementor-widget elementor-widget-spacer\" data-id=\"87473ee\" data-element_type=\"widget\" data-e-type=\"widget\" data-widget_type=\"spacer.default\">\n\t\t\t\t<div class=\"elementor-widget-container\">\n\t\t\t\t\t\t\t<div class=\"elementor-spacer\">\n\t\t\t<div class=\"elementor-spacer-inner\"><\/div>\n\t\t<\/div>\n\t\t\t\t\t\t<\/div>\n\t\t\t\t<\/div>\n\t\t\t\t<\/div>\n\t\t\t\t\t<\/div>\n\t\t\t\t<\/div>\n\t\t\t\t<\/div>\n\t\t","protected":false},"excerpt":{"rendered":"<p>Learn about KTV Working Drone, the company behind innovative drone cleaning solutions for buildings, infrastructure and industrial projects.<\/p>\n","protected":false},"author":9,"featured_media":1316,"parent":0,"menu_order":0,"comment_status":"closed","ping_status":"closed","template":"","meta":{"_seopress_robots_primary_cat":"","_seopress_titles_title":"About us | KTV Working Drone","_seopress_titles_desc":"Learn about KTV Working Drone, the company behind innovative drone cleaning solutions for buildings, infrastructure and industrial projects.","_seopress_robots_index":"","footnotes":""},"class_list":["post-119","page","type-page","status-publish","has-post-thumbnail","hentry"],"_links":{"self":[{"href":"https:\/\/ktvworkingdrone.com\/de\/wp-json\/wp\/v2\/pages\/119","targetHints":{"allow":["GET"]}}],"collection":[{"href":"https:\/\/ktvworkingdrone.com\/de\/wp-json\/wp\/v2\/pages"}],"about":[{"href":"https:\/\/ktvworkingdrone.com\/de\/wp-json\/wp\/v2\/types\/page"}],"author":[{"embeddable":true,"href":"https:\/\/ktvworkingdrone.com\/de\/wp-json\/wp\/v2\/users\/9"}],"replies":[{"embeddable":true,"href":"https:\/\/ktvworkingdrone.com\/de\/wp-json\/wp\/v2\/comments?post=119"}],"version-history":[{"count":26,"href":"https:\/\/ktvworkingdrone.com\/de\/wp-json\/wp\/v2\/pages\/119\/revisions"}],"predecessor-version":[{"id":8657,"href":"https:\/\/ktvworkingdrone.com\/de\/wp-json\/wp\/v2\/pages\/119\/revisions\/8657"}],"wp:featuredmedia":[{"embeddable":true,"href":"https:\/\/ktvworkingdrone.com\/de\/wp-json\/wp\/v2\/media\/1316"}],"wp:attachment":[{"href":"https:\/\/ktvworkingdrone.com\/de\/wp-json\/wp\/v2\/media?parent=119"}],"curies":[{"name":"wp","href":"https:\/\/api.w.org\/{rel}","templated":true}]}}